{"id":3911,"date":"2026-04-22T10:15:22","date_gmt":"2026-04-22T15:15:22","guid":{"rendered":"https:\/\/intenalco.edu.co\/nuevo-portal\/?page_id=3911"},"modified":"2026-04-30T15:48:32","modified_gmt":"2026-04-30T20:48:32","slug":"quienes-somos","status":"publish","type":"page","link":"https:\/\/intenalco.edu.co\/nuevo-portal\/quienes-somos\/","title":{"rendered":"\u00bfQui\u00e9nes somos?"},"content":{"rendered":"<style>.kb-row-layout-id3911_63b333-87 > .kt-row-column-wrap{align-content:start;}:where(.kb-row-layout-id3911_63b333-87 > .kt-row-column-wrap) > .wp-block-kadence-column{justify-content:start;}.kb-row-layout-id3911_63b333-87 > .kt-row-column-wrap{column-gap:var(--global-kb-gap-md, 2rem);row-gap:var(--global-kb-gap-md, 2rem);max-width:1140%;margin-left:auto;margin-right:auto;padding-top:var(--global-kb-spacing-md, 2rem);padding-bottom:var(--global-kb-spacing-3xl, 6.5rem);grid-template-columns:minmax(0, 1fr);}.kb-row-layout-id3911_63b333-87{background-image:url('https:\/\/intenalco.edu.co\/nuevo-portal\/wp-content\/uploads\/2026\/04\/imginfra1-scaled.webp');background-size:cover;background-position:73% 33%;background-attachment:scroll;background-repeat:no-repeat;}.kb-row-layout-id3911_63b333-87 > .kt-row-layout-overlay{opacity:0.80;background-color:var(--global-palette8, #F7FAFC);}@media all and (max-width: 1024px){.kb-row-layout-id3911_63b333-87 > .kt-row-column-wrap{grid-template-columns:minmax(0, 1fr);}}@media all and (max-width: 767px){.kb-row-layout-id3911_63b333-87 > .kt-row-column-wrap{padding-bottom:var(--global-kb-spacing-xl, 4rem);grid-template-columns:minmax(0, 1fr);}}<\/style><div class=\"kb-row-layout-wrap kb-row-layout-id3911_63b333-87 alignfull kt-row-has-bg wp-block-kadence-rowlayout\"><div class=\"kt-row-layout-overlay kt-row-overlay-normal\"><\/div><div class=\"kt-row-column-wrap kt-has-2-columns kt-row-layout-row kt-tab-layout-inherit kt-mobile-layout-row kt-row-valign-top\">\n<style>.kadence-column3911_11665b-d5 > .kt-inside-inner-col,.kadence-column3911_11665b-d5 > .kt-inside-inner-col:before{border-top-left-radius:0px;border-top-right-radius:0px;border-bottom-right-radius:0px;border-bottom-left-radius:0px;}.kadence-column3911_11665b-d5 > .kt-inside-inner-col{column-gap:var(--global-kb-gap-sm, 1rem);}.kadence-column3911_11665b-d5 > .kt-inside-inner-col{flex-direction:column;}.kadence-column3911_11665b-d5 > .kt-inside-inner-col > .aligncenter{width:100%;}.kadence-column3911_11665b-d5 > .kt-inside-inner-col:before{opacity:0.3;}.kadence-column3911_11665b-d5{position:relative;}@media all and (max-width: 1024px){.kadence-column3911_11665b-d5 > .kt-inside-inner-col{flex-direction:column;justify-content:center;}}@media all and (max-width: 767px){.kadence-column3911_11665b-d5 > .kt-inside-inner-col{flex-direction:column;justify-content:center;}}<\/style>\n<div class=\"wp-block-kadence-column kadence-column3911_11665b-d5\"><div class=\"kt-inside-inner-col\"><div class=\"breadcrumbs align wp-elements-509a5c14646158ba4c1176f49101eb9f wp-block-bcn-breadcrumb-trail has-text-color has-theme-palette-3-color has-background has-small-font-size\" vocab=\"https:\/\/schema.org\/\" typeof=\"BreadcrumbList\">\n\t<span><\/span>\n\t<span property=\"itemListElement\" typeof=\"ListItem\"><a property=\"item\" style=\"text-decoration: none\" typeof=\"WebPage\" title=\"Ir a Intenalco.\" href=\"https:\/\/intenalco.edu.co\/nuevo-portal\" class=\"home\" ><span style=\"color: #6c955c\" property=\"name\">Inicio<\/span><\/a><meta property=\"position\" content=\"1\"><\/span> &gt; <span property=\"itemListElement\" typeof=\"ListItem\"><a property=\"item\" typeof=\"WebPage\" title=\"Ir a Blog.\" href=\"https:\/\/intenalco.edu.co\/nuevo-portal\/blog\/\" class=\"post-root post post-post\" aria-current=\"page\"><span property=\"name\">Blog<\/span><\/a><meta property=\"position\" content=\"2\"><\/span><\/div>\n<\/div><\/div>\n\n\n<style>.kadence-column3911_3341df-55 > .kt-inside-inner-col{padding-top:var(--global-kb-spacing-xs, 1rem);padding-right:var(--global-kb-spacing-3xl, 6.5rem);padding-bottom:var(--global-kb-spacing-xs, 1rem);padding-left:var(--global-kb-spacing-3xl, 6.5rem);}.kadence-column3911_3341df-55 > .kt-inside-inner-col,.kadence-column3911_3341df-55 > .kt-inside-inner-col:before{border-top-left-radius:0px;border-top-right-radius:0px;border-bottom-right-radius:0px;border-bottom-left-radius:0px;}.kadence-column3911_3341df-55 > .kt-inside-inner-col{column-gap:var(--global-kb-gap-sm, 1rem);}.kadence-column3911_3341df-55 > .kt-inside-inner-col{flex-direction:column;}.kadence-column3911_3341df-55 > .kt-inside-inner-col > .aligncenter{width:100%;}.kadence-column3911_3341df-55 > .kt-inside-inner-col:before{opacity:0.3;}.kadence-column3911_3341df-55{position:relative;}@media all and (max-width: 1024px){.kadence-column3911_3341df-55 > .kt-inside-inner-col{padding-top:0px;padding-right:0px;padding-bottom:0px;padding-left:0px;flex-direction:column;justify-content:center;}}@media all and (max-width: 767px){.kadence-column3911_3341df-55 > .kt-inside-inner-col{flex-direction:column;justify-content:center;}}<\/style>\n<div class=\"wp-block-kadence-column kadence-column3911_3341df-55 inner-column-1\"><div class=\"kt-inside-inner-col\"><style>.wp-block-kadence-advancedheading.kt-adv-heading3911_a25c84-36, .wp-block-kadence-advancedheading.kt-adv-heading3911_a25c84-36[data-kb-block=\"kb-adv-heading3911_a25c84-36\"]{margin-top:0px;margin-bottom:var(--global-kb-spacing-sm, 1.5rem);text-align:center;font-size:var(--global-kb-font-size-xl, 3rem);line-height:1;font-weight:700;font-style:normal;font-family:var( --global-heading-font-family, inherit );letter-spacing:-1px;}.wp-block-kadence-advancedheading.kt-adv-heading3911_a25c84-36 mark.kt-highlight, .wp-block-kadence-advancedheading.kt-adv-heading3911_a25c84-36[data-kb-block=\"kb-adv-heading3911_a25c84-36\"] mark.kt-highlight{font-style:normal;color:#f76a0c;-webkit-box-decoration-break:clone;box-decoration-break:clone;padding-top:0px;padding-right:0px;padding-bottom:0px;padding-left:0px;}.wp-block-kadence-advancedheading.kt-adv-heading3911_a25c84-36 img.kb-inline-image, .wp-block-kadence-advancedheading.kt-adv-heading3911_a25c84-36[data-kb-block=\"kb-adv-heading3911_a25c84-36\"] img.kb-inline-image{width:150px;vertical-align:baseline;}@media all and (max-width: 1024px){.wp-block-kadence-advancedheading.kt-adv-heading3911_a25c84-36, .wp-block-kadence-advancedheading.kt-adv-heading3911_a25c84-36[data-kb-block=\"kb-adv-heading3911_a25c84-36\"]{font-size:var(--global-kb-font-size-xl, 3rem);}}@media all and (max-width: 767px){.wp-block-kadence-advancedheading.kt-adv-heading3911_a25c84-36, .wp-block-kadence-advancedheading.kt-adv-heading3911_a25c84-36[data-kb-block=\"kb-adv-heading3911_a25c84-36\"]{font-size:var(--global-kb-font-size-lg, 2rem);}}<\/style>\n<h2 class=\"kt-adv-heading3911_a25c84-36 wp-block-kadence-advancedheading has-theme-palette-3-color has-text-color\" data-kb-block=\"kb-adv-heading3911_a25c84-36\">\u00bfQui\u00e9nes somos?<\/h2>\n<\/div><\/div>\n\n<\/div><\/div>\n\n<style>.kb-row-layout-id3911_5a8599-26 > .kt-row-column-wrap{align-content:start;}:where(.kb-row-layout-id3911_5a8599-26 > .kt-row-column-wrap) > .wp-block-kadence-column{justify-content:start;}.kb-row-layout-id3911_5a8599-26 > .kt-row-column-wrap{column-gap:var(--global-kb-gap-md, 2rem);row-gap:var(--global-kb-gap-md, 2rem);max-width:70%;margin-left:auto;margin-right:auto;padding-top:var(--global-kb-spacing-sm, 1.5rem);padding-right:var(--global-kb-spacing-md, 2rem);padding-bottom:var(--global-kb-spacing-sm, 1.5rem);padding-left:var(--global-kb-spacing-md, 2rem);grid-template-columns:minmax(0, calc(60% - ((var(--global-kb-gap-md, 2rem) * 1 )\/2)))minmax(0, calc(40% - ((var(--global-kb-gap-md, 2rem) * 1 )\/2)));}.kb-row-layout-id3911_5a8599-26 > .kt-row-layout-overlay{opacity:0.30;}@media all and (max-width: 1024px){.kb-row-layout-id3911_5a8599-26 > .kt-row-column-wrap{grid-template-columns:repeat(2, minmax(0, 1fr));}}@media all and (max-width: 767px){.kb-row-layout-id3911_5a8599-26 > .kt-row-column-wrap{max-width:100%;margin-left:auto;margin-right:auto;grid-template-columns:minmax(0, 1fr);}}<\/style><div class=\"kb-row-layout-wrap kb-row-layout-id3911_5a8599-26 alignnone wp-block-kadence-rowlayout\"><div class=\"kt-row-column-wrap kt-has-2-columns kt-row-layout-equal kt-tab-layout-inherit kt-mobile-layout-row kt-row-valign-top\">\n<style>.kadence-column3911_d61b4c-20 > .kt-inside-inner-col,.kadence-column3911_d61b4c-20 > .kt-inside-inner-col:before{border-top-left-radius:0px;border-top-right-radius:0px;border-bottom-right-radius:0px;border-bottom-left-radius:0px;}.kadence-column3911_d61b4c-20 > .kt-inside-inner-col{column-gap:var(--global-kb-gap-sm, 1rem);}.kadence-column3911_d61b4c-20 > .kt-inside-inner-col{flex-direction:column;}.kadence-column3911_d61b4c-20 > .kt-inside-inner-col > .aligncenter{width:100%;}.kadence-column3911_d61b4c-20 > .kt-inside-inner-col:before{opacity:0.3;}.kadence-column3911_d61b4c-20{position:relative;}.kadence-column3911_d61b4c-20, .kt-inside-inner-col > .kadence-column3911_d61b4c-20:not(.specificity){margin-right:0px;}@media all and (max-width: 1024px){.kadence-column3911_d61b4c-20 > .kt-inside-inner-col{flex-direction:column;justify-content:center;}}@media all and (max-width: 767px){.kadence-column3911_d61b4c-20 > .kt-inside-inner-col{flex-direction:column;justify-content:center;}}<\/style>\n<div class=\"wp-block-kadence-column kadence-column3911_d61b4c-20\"><div class=\"kt-inside-inner-col\"><style>.wp-block-kadence-advancedheading.kt-adv-heading3911_eb7cb9-b5, .wp-block-kadence-advancedheading.kt-adv-heading3911_eb7cb9-b5[data-kb-block=\"kb-adv-heading3911_eb7cb9-b5\"]{font-size:var(--global-kb-font-size-md, 1.25rem);font-style:normal;}.wp-block-kadence-advancedheading.kt-adv-heading3911_eb7cb9-b5 mark.kt-highlight, .wp-block-kadence-advancedheading.kt-adv-heading3911_eb7cb9-b5[data-kb-block=\"kb-adv-heading3911_eb7cb9-b5\"] mark.kt-highlight{font-style:normal;color:#f76a0c;-webkit-box-decoration-break:clone;box-decoration-break:clone;padding-top:0px;padding-right:0px;padding-bottom:0px;padding-left:0px;}.wp-block-kadence-advancedheading.kt-adv-heading3911_eb7cb9-b5 img.kb-inline-image, .wp-block-kadence-advancedheading.kt-adv-heading3911_eb7cb9-b5[data-kb-block=\"kb-adv-heading3911_eb7cb9-b5\"] img.kb-inline-image{width:150px;vertical-align:baseline;}@media all and (max-width: 767px){.wp-block-kadence-advancedheading.kt-adv-heading3911_eb7cb9-b5, .wp-block-kadence-advancedheading.kt-adv-heading3911_eb7cb9-b5[data-kb-block=\"kb-adv-heading3911_eb7cb9-b5\"]{font-size:var(--global-kb-font-size-sm, 0.9rem);}}<\/style>\n<p class=\"kt-adv-heading3911_eb7cb9-b5 wp-block-kadence-advancedheading\" data-kb-block=\"kb-adv-heading3911_eb7cb9-b5\">Una Instituci\u00f3n Educativa de car\u00e1cter oficial nacional, T\u00e9cnica Profesional aprobada por el ICFES y el Ministerio de Educaci\u00f3n Nacional (MEN) mediante Resoluci\u00f3n No. 2903 del 17 de Noviembre de 1992.<br><br>Orienta su filosof\u00eda al fortalecimiento de los Valores que conducen a la formaci\u00f3n del SER INTEGRAL, que ejerce un liderazgo, compromiso y desarrollo con la Regi\u00f3n del Valle del Cauca.<br><br>Intenalco Educaci\u00f3n Superior inicia sus labores educativas el 16 de Noviembre de 1979 con tres (3) programas T\u00e9cnicos Profesionales y hoy ofertamos, cinco (5) T\u00e9cnicos Profesionales, cuatro (4) Tecnolog\u00edas, nueve (9) de Extensi\u00f3n (Programas de Educaci\u00f3n para el Trabajo y el Desarrollo Humano), Adem\u00e1s de contar con convenios a nivel universitario.<br><br>Contamos con un proyecto de Ampliaci\u00f3n de Cobertura en la Educaci\u00f3n Superior (PACES) para los estratos 1 y 2 ofreciendo nuestros programas, con el fin de capacitar al talento humano de estos sectores y desarrollar los entornos sociales, culturales, econ\u00f3micos y pol\u00edticos de la Regi\u00f3n y el Pa\u00eds.<br><br>Intenalco desde 1979 generando Progreso desde el Sector Educativo, impactando y aportando a nuestra regi\u00f3n.<\/p>\n<\/div><\/div>\n\n\n<style>.kadence-column3911_664ebe-55 > .kt-inside-inner-col{display:flex;}.kadence-column3911_664ebe-55 > .kt-inside-inner-col,.kadence-column3911_664ebe-55 > .kt-inside-inner-col:before{border-top-left-radius:0px;border-top-right-radius:0px;border-bottom-right-radius:0px;border-bottom-left-radius:0px;}.kadence-column3911_664ebe-55 > .kt-inside-inner-col{column-gap:var(--global-kb-gap-sm, 1rem);}.kadence-column3911_664ebe-55 > .kt-inside-inner-col{flex-direction:column;justify-content:center;align-items:center;}.kadence-column3911_664ebe-55 > .kt-inside-inner-col > .kb-image-is-ratio-size{align-self:stretch;}.kadence-column3911_664ebe-55 > .kt-inside-inner-col > .wp-block-kadence-advancedgallery{align-self:stretch;}.kadence-column3911_664ebe-55 > .kt-inside-inner-col > .aligncenter{width:100%;}.kt-row-column-wrap > .kadence-column3911_664ebe-55{align-self:center;}.kt-inner-column-height-full:not(.kt-has-1-columns) > .wp-block-kadence-column.kadence-column3911_664ebe-55{align-self:auto;}.kt-inner-column-height-full:not(.kt-has-1-columns) > .wp-block-kadence-column.kadence-column3911_664ebe-55 > .kt-inside-inner-col{flex-direction:column;justify-content:center;}.kadence-column3911_664ebe-55 > .kt-inside-inner-col:before{opacity:0.3;}.kadence-column3911_664ebe-55{position:relative;}@media all and (max-width: 1024px){.kt-row-column-wrap > .kadence-column3911_664ebe-55{align-self:center;}}@media all and (max-width: 1024px){.kt-inner-column-height-full:not(.kt-has-1-columns) > .wp-block-kadence-column.kadence-column3911_664ebe-55{align-self:auto;}}@media all and (max-width: 1024px){.kt-inner-column-height-full:not(.kt-has-1-columns) > .wp-block-kadence-column.kadence-column3911_664ebe-55 > .kt-inside-inner-col{flex-direction:column;justify-content:center;}}@media all and (max-width: 1024px){.kadence-column3911_664ebe-55 > .kt-inside-inner-col{flex-direction:column;justify-content:center;align-items:center;}}@media all and (max-width: 767px){.kt-row-column-wrap > .kadence-column3911_664ebe-55{align-self:center;}.kt-inner-column-height-full:not(.kt-has-1-columns) > .wp-block-kadence-column.kadence-column3911_664ebe-55{align-self:auto;}.kt-inner-column-height-full:not(.kt-has-1-columns) > .wp-block-kadence-column.kadence-column3911_664ebe-55 > .kt-inside-inner-col{flex-direction:column;justify-content:center;}.kadence-column3911_664ebe-55 > .kt-inside-inner-col{flex-direction:column;justify-content:center;align-items:center;}}<\/style>\n<div class=\"wp-block-kadence-column kadence-column3911_664ebe-55\"><div class=\"kt-inside-inner-col\"><style>.wp-block-kadence-advancedheading.kt-adv-heading3911_c38244-ec, .wp-block-kadence-advancedheading.kt-adv-heading3911_c38244-ec[data-kb-block=\"kb-adv-heading3911_c38244-ec\"]{text-align:center;font-size:var(--global-kb-font-size-lg, 2rem);font-weight:700;font-style:normal;font-family:var( --global-heading-font-family, inherit );border-bottom:3px solid var(--global-palette1, #3182CE);}.wp-block-kadence-advancedheading.kt-adv-heading3911_c38244-ec mark.kt-highlight, .wp-block-kadence-advancedheading.kt-adv-heading3911_c38244-ec[data-kb-block=\"kb-adv-heading3911_c38244-ec\"] mark.kt-highlight{font-style:normal;color:#f76a0c;-webkit-box-decoration-break:clone;box-decoration-break:clone;padding-top:0px;padding-right:0px;padding-bottom:0px;padding-left:0px;}.wp-block-kadence-advancedheading.kt-adv-heading3911_c38244-ec img.kb-inline-image, .wp-block-kadence-advancedheading.kt-adv-heading3911_c38244-ec[data-kb-block=\"kb-adv-heading3911_c38244-ec\"] img.kb-inline-image{width:150px;vertical-align:baseline;}@media all and (max-width: 1024px){.wp-block-kadence-advancedheading.kt-adv-heading3911_c38244-ec, .wp-block-kadence-advancedheading.kt-adv-heading3911_c38244-ec[data-kb-block=\"kb-adv-heading3911_c38244-ec\"]{border-bottom:3px solid var(--global-palette1, #3182CE);}}@media all and (max-width: 767px){.wp-block-kadence-advancedheading.kt-adv-heading3911_c38244-ec, .wp-block-kadence-advancedheading.kt-adv-heading3911_c38244-ec[data-kb-block=\"kb-adv-heading3911_c38244-ec\"]{font-size:var(--global-kb-font-size-md, 1.25rem);border-bottom:3px solid var(--global-palette1, #3182CE);}}<\/style>\n<h3 class=\"kt-adv-heading3911_c38244-ec wp-block-kadence-advancedheading has-theme-palette-3-color has-text-color\" data-kb-block=\"kb-adv-heading3911_c38244-ec\">Conoce un poco m\u00e1s<\/h3>\n\n\n\n<figure class=\"wp-block-embed is-type-video is-provider-youtube wp-block-embed-youtube\"><div class=\"wp-block-embed__wrapper\">\n<iframe loading=\"lazy\" title=\"INTENALCO\" width=\"720\" height=\"405\" src=\"https:\/\/www.youtube.com\/embed\/c-wiRdf_t7o?feature=oembed\" frameborder=\"0\" allow=\"accelerometer; autoplay; clipboard-write; encrypted-media; gyroscope; picture-in-picture; web-share\" referrerpolicy=\"strict-origin-when-cross-origin\" allowfullscreen><\/iframe>\n<\/div><\/figure>\n\n\n<style>.wp-block-kadence-advancedbtn.kb-btns3911_643b60-7e{gap:var(--global-kb-gap-xs, 0.5rem );justify-content:center;align-items:center;}.kt-btns3911_643b60-7e .kt-button{font-weight:normal;font-style:normal;}.kt-btns3911_643b60-7e .kt-btn-wrap-0{margin-right:5px;}.wp-block-kadence-advancedbtn.kt-btns3911_643b60-7e .kt-btn-wrap-0 .kt-button{color:#555555;border-color:#555555;}.wp-block-kadence-advancedbtn.kt-btns3911_643b60-7e .kt-btn-wrap-0 .kt-button:hover, .wp-block-kadence-advancedbtn.kt-btns3911_643b60-7e .kt-btn-wrap-0 .kt-button:focus{color:#ffffff;border-color:#444444;}.wp-block-kadence-advancedbtn.kt-btns3911_643b60-7e .kt-btn-wrap-0 .kt-button::before{display:none;}.wp-block-kadence-advancedbtn.kt-btns3911_643b60-7e .kt-btn-wrap-0 .kt-button:hover, .wp-block-kadence-advancedbtn.kt-btns3911_643b60-7e .kt-btn-wrap-0 .kt-button:focus{background:#444444;}<\/style>\n<div class=\"wp-block-kadence-advancedbtn kb-buttons-wrap kb-btns3911_643b60-7e\"><style>ul.menu .wp-block-kadence-advancedbtn .kb-btn3911_5c9439-ff.kb-button{width:initial;}@media all and (max-width: 767px){.wp-block-kadence-advancedbtn .kb-btn3911_5c9439-ff.kb-button{font-size:var(--global-kb-font-size-md, 1.25rem);}}<\/style><a class=\"kb-button kt-button button kb-btn3911_5c9439-ff kt-btn-size-large kt-btn-width-type-auto kb-btn-global-outline  kt-btn-has-text-true kt-btn-has-svg-false  wp-block-kadence-singlebtn\" href=\"https:\/\/intenalco.edu.co\/nuevo-portal\/mision-y-vision\/\"><span class=\"kt-btn-inner-text\">Conoces acerca de nuestra misi\u00f3n y visi\u00f3n<\/span><\/a><\/div>\n<\/div><\/div>\n\n<\/div><\/div>","protected":false},"excerpt":{"rendered":"<p>\u00bfQui\u00e9nes somos? Una Instituci\u00f3n Educativa de car\u00e1cter oficial nacional, T\u00e9cnica Profesional aprobada por el ICFES y el Ministerio de Educaci\u00f3n Nacional (MEN) mediante Resoluci\u00f3n No. 2903 del 17 de Noviembre de 1992. Orienta su filosof\u00eda al fortalecimiento de los Valores que conducen a la formaci\u00f3n del SER INTEGRAL, que ejerce un liderazgo, compromiso y desarrollo&#8230;<\/p>\n","protected":false},"author":1,"featured_media":0,"parent":0,"menu_order":0,"comment_status":"closed","ping_status":"closed","template":"","meta":{"_uag_custom_page_level_css":"","_kadence_starter_templates_imported_post":false,"_kad_post_transparent":"","_kad_post_title":"","_kad_post_layout":"","_kad_post_sidebar_id":"","_kad_post_content_style":"","_kad_post_vertical_padding":"","_kad_post_feature":"","_kad_post_feature_position":"","_kad_post_header":false,"_kad_post_footer":false,"_kad_post_classname":"","footnotes":""},"class_list":["post-3911","page","type-page","status-publish","hentry"],"uagb_featured_image_src":{"full":false,"thumbnail":false,"medium":false,"medium_large":false,"large":false,"1536x1536":false,"2048x2048":false},"uagb_author_info":{"display_name":"auxsistemas05","author_link":"https:\/\/intenalco.edu.co\/nuevo-portal\/author\/auxsistemas05\/"},"uagb_comment_info":0,"uagb_excerpt":"\u00bfQui\u00e9nes somos? Una Instituci\u00f3n Educativa de car\u00e1cter oficial nacional, T\u00e9cnica Profesional aprobada por el ICFES y el Ministerio de Educaci\u00f3n Nacional (MEN) mediante Resoluci\u00f3n No. 2903 del 17 de Noviembre de 1992. Orienta su filosof\u00eda al fortalecimiento de los Valores que conducen a la formaci\u00f3n del SER INTEGRAL, que ejerce un liderazgo, compromiso y desarrollo...","_links":{"self":[{"href":"https:\/\/intenalco.edu.co\/nuevo-portal\/wp-json\/wp\/v2\/pages\/3911","targetHints":{"allow":["GET"]}}],"collection":[{"href":"https:\/\/intenalco.edu.co\/nuevo-portal\/wp-json\/wp\/v2\/pages"}],"about":[{"href":"https:\/\/intenalco.edu.co\/nuevo-portal\/wp-json\/wp\/v2\/types\/page"}],"author":[{"embeddable":true,"href":"https:\/\/intenalco.edu.co\/nuevo-portal\/wp-json\/wp\/v2\/users\/1"}],"replies":[{"embeddable":true,"href":"https:\/\/intenalco.edu.co\/nuevo-portal\/wp-json\/wp\/v2\/comments?post=3911"}],"version-history":[{"count":23,"href":"https:\/\/intenalco.edu.co\/nuevo-portal\/wp-json\/wp\/v2\/pages\/3911\/revisions"}],"predecessor-version":[{"id":4383,"href":"https:\/\/intenalco.edu.co\/nuevo-portal\/wp-json\/wp\/v2\/pages\/3911\/revisions\/4383"}],"wp:attachment":[{"href":"https:\/\/intenalco.edu.co\/nuevo-portal\/wp-json\/wp\/v2\/media?parent=3911"}],"curies":[{"name":"wp","href":"https:\/\/api.w.org\/{rel}","templated":true}]}}