{"id":4466,"date":"2026-05-04T14:59:23","date_gmt":"2026-05-04T19:59:23","guid":{"rendered":"https:\/\/intenalco.edu.co\/nuevo-portal\/?page_id=4466"},"modified":"2026-05-04T15:02:08","modified_gmt":"2026-05-04T20:02:08","slug":"codigo-de-integridad","status":"publish","type":"page","link":"https:\/\/intenalco.edu.co\/nuevo-portal\/codigo-de-integridad\/","title":{"rendered":"C\u00f3digo de integridad"},"content":{"rendered":"<style>.kb-row-layout-id4466_3d2403-38 > .kt-row-column-wrap{align-content:start;}:where(.kb-row-layout-id4466_3d2403-38 > .kt-row-column-wrap) > .wp-block-kadence-column{justify-content:start;}.kb-row-layout-id4466_3d2403-38 > .kt-row-column-wrap{column-gap:var(--global-kb-gap-md, 2rem);row-gap:var(--global-kb-gap-md, 2rem);max-width:1140%;margin-left:auto;margin-right:auto;padding-top:var(--global-kb-spacing-md, 2rem);padding-bottom:var(--global-kb-spacing-3xl, 6.5rem);grid-template-columns:minmax(0, 1fr);}.kb-row-layout-id4466_3d2403-38{background-image:url('https:\/\/intenalco.edu.co\/nuevo-portal\/wp-content\/uploads\/2026\/04\/imginfra1-scaled.webp');background-size:cover;background-position:73% 33%;background-attachment:scroll;background-repeat:no-repeat;}.kb-row-layout-id4466_3d2403-38 > .kt-row-layout-overlay{opacity:0.80;background-color:var(--global-palette8, #F7FAFC);}@media all and (max-width: 1024px){.kb-row-layout-id4466_3d2403-38 > .kt-row-column-wrap{grid-template-columns:minmax(0, 1fr);}}@media all and (max-width: 767px){.kb-row-layout-id4466_3d2403-38 > .kt-row-column-wrap{padding-bottom:var(--global-kb-spacing-xl, 4rem);grid-template-columns:minmax(0, 1fr);}}<\/style><div class=\"kb-row-layout-wrap kb-row-layout-id4466_3d2403-38 alignfull kt-row-has-bg wp-block-kadence-rowlayout\"><div class=\"kt-row-layout-overlay kt-row-overlay-normal\"><\/div><div class=\"kt-row-column-wrap kt-has-2-columns kt-row-layout-row kt-tab-layout-inherit kt-mobile-layout-row kt-row-valign-top\">\n<style>.kadence-column4466_a56279-bf > .kt-inside-inner-col,.kadence-column4466_a56279-bf > .kt-inside-inner-col:before{border-top-left-radius:0px;border-top-right-radius:0px;border-bottom-right-radius:0px;border-bottom-left-radius:0px;}.kadence-column4466_a56279-bf > .kt-inside-inner-col{column-gap:var(--global-kb-gap-sm, 1rem);}.kadence-column4466_a56279-bf > .kt-inside-inner-col{flex-direction:column;}.kadence-column4466_a56279-bf > .kt-inside-inner-col > .aligncenter{width:100%;}.kadence-column4466_a56279-bf > .kt-inside-inner-col:before{opacity:0.3;}.kadence-column4466_a56279-bf{position:relative;}@media all and (max-width: 1024px){.kadence-column4466_a56279-bf > .kt-inside-inner-col{flex-direction:column;justify-content:center;}}@media all and (max-width: 767px){.kadence-column4466_a56279-bf > .kt-inside-inner-col{flex-direction:column;justify-content:center;}}<\/style>\n<div class=\"wp-block-kadence-column kadence-column4466_a56279-bf\"><div class=\"kt-inside-inner-col\"><div class=\"breadcrumbs align wp-elements-509a5c14646158ba4c1176f49101eb9f wp-block-bcn-breadcrumb-trail has-text-color has-theme-palette-3-color has-background has-small-font-size\" vocab=\"https:\/\/schema.org\/\" typeof=\"BreadcrumbList\">\n\t<span><\/span>\n\t<span property=\"itemListElement\" typeof=\"ListItem\"><a property=\"item\" style=\"text-decoration: none\" typeof=\"WebPage\" title=\"Ir a Intenalco.\" href=\"https:\/\/intenalco.edu.co\/nuevo-portal\" class=\"home\" ><span style=\"color: #6c955c\" property=\"name\">Inicio<\/span><\/a><meta property=\"position\" content=\"1\"><\/span> &gt; <span property=\"itemListElement\" typeof=\"ListItem\"><a property=\"item\" typeof=\"WebPage\" title=\"Ir a Blog.\" href=\"https:\/\/intenalco.edu.co\/nuevo-portal\/blog\/\" class=\"post-root post post-post\" aria-current=\"page\"><span property=\"name\">Blog<\/span><\/a><meta property=\"position\" content=\"2\"><\/span><\/div>\n<\/div><\/div>\n\n\n<style>.kadence-column4466_4f76eb-48 > .kt-inside-inner-col{padding-top:var(--global-kb-spacing-xs, 1rem);padding-right:var(--global-kb-spacing-3xl, 6.5rem);padding-bottom:var(--global-kb-spacing-xs, 1rem);padding-left:var(--global-kb-spacing-3xl, 6.5rem);}.kadence-column4466_4f76eb-48 > .kt-inside-inner-col,.kadence-column4466_4f76eb-48 > .kt-inside-inner-col:before{border-top-left-radius:0px;border-top-right-radius:0px;border-bottom-right-radius:0px;border-bottom-left-radius:0px;}.kadence-column4466_4f76eb-48 > .kt-inside-inner-col{column-gap:var(--global-kb-gap-sm, 1rem);}.kadence-column4466_4f76eb-48 > .kt-inside-inner-col{flex-direction:column;}.kadence-column4466_4f76eb-48 > .kt-inside-inner-col > .aligncenter{width:100%;}.kadence-column4466_4f76eb-48 > .kt-inside-inner-col:before{opacity:0.3;}.kadence-column4466_4f76eb-48{position:relative;}@media all and (max-width: 1024px){.kadence-column4466_4f76eb-48 > .kt-inside-inner-col{padding-top:0px;padding-right:0px;padding-bottom:0px;padding-left:0px;flex-direction:column;justify-content:center;}}@media all and (max-width: 767px){.kadence-column4466_4f76eb-48 > .kt-inside-inner-col{flex-direction:column;justify-content:center;}}<\/style>\n<div class=\"wp-block-kadence-column kadence-column4466_4f76eb-48 inner-column-1\"><div class=\"kt-inside-inner-col\"><style>.wp-block-kadence-advancedheading.kt-adv-heading4466_7209d1-a4, .wp-block-kadence-advancedheading.kt-adv-heading4466_7209d1-a4[data-kb-block=\"kb-adv-heading4466_7209d1-a4\"]{margin-top:0px;margin-bottom:var(--global-kb-spacing-sm, 1.5rem);text-align:center;font-size:var(--global-kb-font-size-xl, 3rem);line-height:1;font-weight:700;font-style:normal;font-family:var( --global-heading-font-family, inherit );letter-spacing:-1px;}.wp-block-kadence-advancedheading.kt-adv-heading4466_7209d1-a4 mark.kt-highlight, .wp-block-kadence-advancedheading.kt-adv-heading4466_7209d1-a4[data-kb-block=\"kb-adv-heading4466_7209d1-a4\"] mark.kt-highlight{font-style:normal;color:#f76a0c;-webkit-box-decoration-break:clone;box-decoration-break:clone;padding-top:0px;padding-right:0px;padding-bottom:0px;padding-left:0px;}.wp-block-kadence-advancedheading.kt-adv-heading4466_7209d1-a4 img.kb-inline-image, .wp-block-kadence-advancedheading.kt-adv-heading4466_7209d1-a4[data-kb-block=\"kb-adv-heading4466_7209d1-a4\"] img.kb-inline-image{width:150px;vertical-align:baseline;}@media all and (max-width: 767px){.wp-block-kadence-advancedheading.kt-adv-heading4466_7209d1-a4, .wp-block-kadence-advancedheading.kt-adv-heading4466_7209d1-a4[data-kb-block=\"kb-adv-heading4466_7209d1-a4\"]{font-size:var(--global-kb-font-size-lg, 2rem);}}<\/style>\n<h2 class=\"kt-adv-heading4466_7209d1-a4 wp-block-kadence-advancedheading has-theme-palette-3-color has-text-color\" data-kb-block=\"kb-adv-heading4466_7209d1-a4\">C\u00f3digo de integridad<\/h2>\n\n\n<style>.wp-block-kadence-advancedheading.kt-adv-heading4466_729a9e-8e, .wp-block-kadence-advancedheading.kt-adv-heading4466_729a9e-8e[data-kb-block=\"kb-adv-heading4466_729a9e-8e\"]{max-width:1106px;margin-right:auto;margin-left:auto;margin-top:var(--global-kb-spacing-md, 2rem);margin-bottom:0px;text-align:center;font-size:var(--global-kb-font-size-md, 1.25rem);line-height:1;font-style:normal;letter-spacing:0px;}.wp-block-kadence-advancedheading.kt-adv-heading4466_729a9e-8e mark.kt-highlight, .wp-block-kadence-advancedheading.kt-adv-heading4466_729a9e-8e[data-kb-block=\"kb-adv-heading4466_729a9e-8e\"] mark.kt-highlight{font-style:normal;color:#f76a0c;-webkit-box-decoration-break:clone;box-decoration-break:clone;padding-top:0px;padding-right:0px;padding-bottom:0px;padding-left:0px;}.wp-block-kadence-advancedheading.kt-adv-heading4466_729a9e-8e img.kb-inline-image, .wp-block-kadence-advancedheading.kt-adv-heading4466_729a9e-8e[data-kb-block=\"kb-adv-heading4466_729a9e-8e\"] img.kb-inline-image{width:150px;vertical-align:baseline;}@media all and (max-width: 767px){.wp-block-kadence-advancedheading.kt-adv-heading4466_729a9e-8e, .wp-block-kadence-advancedheading.kt-adv-heading4466_729a9e-8e[data-kb-block=\"kb-adv-heading4466_729a9e-8e\"]{font-size:var(--global-kb-font-size-sm, 0.9rem);}}<\/style>\n<p class=\"kt-adv-heading4466_729a9e-8e wp-block-kadence-advancedheading has-theme-palette-3-color has-text-color\" data-kb-block=\"kb-adv-heading4466_729a9e-8e\">El modelo de integridad que asume la instituci\u00f3n se constituye en la filosof\u00eda para todo aquel que se encuentre vinculado o se vincule en el futuro a INTENALCO Educaci\u00f3n Superior, de tal forma que fomente una cultura de cooperaci\u00f3n, de solidaridad, de colaboraci\u00f3n y de transparencia en el manejo de los recursos p\u00fablicos.<\/p>\n<\/div><\/div>\n\n<\/div><\/div>\n\n<style>.kb-row-layout-wrap.wp-block-kadence-rowlayout.kb-row-layout-id4466_6d0b4d-f7{margin-top:var(--global-kb-spacing-md, 2rem);}.kb-row-layout-id4466_6d0b4d-f7 > .kt-row-column-wrap{align-content:start;}:where(.kb-row-layout-id4466_6d0b4d-f7 > .kt-row-column-wrap) > .wp-block-kadence-column{justify-content:start;}.kb-row-layout-id4466_6d0b4d-f7 > .kt-row-column-wrap{column-gap:var(--global-kb-gap-md, 2rem);row-gap:var(--global-kb-gap-md, 2rem);max-width:var( --global-content-width, 1290px );padding-left:var(--global-content-edge-padding);padding-right:var(--global-content-edge-padding);padding-top:var(--global-kb-spacing-sm, 1.5rem);padding-bottom:var(--global-kb-spacing-sm, 1.5rem);grid-template-columns:repeat(2, minmax(0, 1fr));}.kb-row-layout-id4466_6d0b4d-f7 > .kt-row-layout-overlay{opacity:0.30;}@media all and (max-width: 1024px){.kb-row-layout-id4466_6d0b4d-f7 > .kt-row-column-wrap{grid-template-columns:repeat(2, minmax(0, 1fr));}}@media all and (max-width: 767px){.kb-row-layout-id4466_6d0b4d-f7 > .kt-row-column-wrap{grid-template-columns:minmax(0, 1fr);}}<\/style><div class=\"kb-row-layout-wrap kb-row-layout-id4466_6d0b4d-f7 alignnone wp-block-kadence-rowlayout\"><div class=\"kt-row-column-wrap kt-has-2-columns kt-row-layout-equal kt-tab-layout-inherit kt-mobile-layout-row kt-row-valign-top kb-theme-content-width\">\n<style>.kadence-column4466_df4dc5-23 > .kt-inside-inner-col,.kadence-column4466_df4dc5-23 > .kt-inside-inner-col:before{border-top-left-radius:0px;border-top-right-radius:0px;border-bottom-right-radius:0px;border-bottom-left-radius:0px;}.kadence-column4466_df4dc5-23 > .kt-inside-inner-col{column-gap:var(--global-kb-gap-sm, 1rem);}.kadence-column4466_df4dc5-23 > .kt-inside-inner-col{flex-direction:column;}.kadence-column4466_df4dc5-23 > .kt-inside-inner-col > .aligncenter{width:100%;}.kadence-column4466_df4dc5-23 > .kt-inside-inner-col:before{opacity:0.3;}.kadence-column4466_df4dc5-23{position:relative;}@media all and (max-width: 1024px){.kadence-column4466_df4dc5-23 > .kt-inside-inner-col{flex-direction:column;justify-content:center;}}@media all and (max-width: 767px){.kadence-column4466_df4dc5-23 > .kt-inside-inner-col{flex-direction:column;justify-content:center;}}<\/style>\n<div class=\"wp-block-kadence-column kadence-column4466_df4dc5-23\"><div class=\"kt-inside-inner-col\"><style>.wp-block-kadence-advancedheading.kt-adv-heading4466_2be258-29, .wp-block-kadence-advancedheading.kt-adv-heading4466_2be258-29[data-kb-block=\"kb-adv-heading4466_2be258-29\"]{font-size:var(--global-kb-font-size-md, 1.25rem);font-style:normal;font-family:var( --global-body-font-family, inherit );}.wp-block-kadence-advancedheading.kt-adv-heading4466_2be258-29 mark.kt-highlight, .wp-block-kadence-advancedheading.kt-adv-heading4466_2be258-29[data-kb-block=\"kb-adv-heading4466_2be258-29\"] mark.kt-highlight{font-style:normal;color:#f76a0c;-webkit-box-decoration-break:clone;box-decoration-break:clone;padding-top:0px;padding-right:0px;padding-bottom:0px;padding-left:0px;}.wp-block-kadence-advancedheading.kt-adv-heading4466_2be258-29 img.kb-inline-image, .wp-block-kadence-advancedheading.kt-adv-heading4466_2be258-29[data-kb-block=\"kb-adv-heading4466_2be258-29\"] img.kb-inline-image{width:150px;vertical-align:baseline;}@media all and (max-width: 767px){.wp-block-kadence-advancedheading.kt-adv-heading4466_2be258-29, .wp-block-kadence-advancedheading.kt-adv-heading4466_2be258-29[data-kb-block=\"kb-adv-heading4466_2be258-29\"]{font-size:var(--global-kb-font-size-sm, 0.9rem);}}<\/style>\n<p class=\"kt-adv-heading4466_2be258-29 wp-block-kadence-advancedheading\" data-kb-block=\"kb-adv-heading4466_2be258-29\">A trav\u00e9s del C\u00d3DIGO DE INTEGRIDAD se generar\u00e1 un compromiso de parte de los funcionarios para obrar con transparencia, eficiencia y equidad en cada uno de los procesos y actividades propias del cumplimiento de sus funciones y de aquellas complementarias, necesarias en la implementaci\u00f3n del proceso integral.<\/p>\n<\/div><\/div>\n\n\n<style>.kadence-column4466_7f97d8-b7 > .kt-inside-inner-col,.kadence-column4466_7f97d8-b7 > .kt-inside-inner-col:before{border-top-left-radius:0px;border-top-right-radius:0px;border-bottom-right-radius:0px;border-bottom-left-radius:0px;}.kadence-column4466_7f97d8-b7 > .kt-inside-inner-col{column-gap:var(--global-kb-gap-sm, 1rem);}.kadence-column4466_7f97d8-b7 > .kt-inside-inner-col{flex-direction:column;}.kadence-column4466_7f97d8-b7 > .kt-inside-inner-col > .aligncenter{width:100%;}.kadence-column4466_7f97d8-b7 > .kt-inside-inner-col:before{opacity:0.3;}.kadence-column4466_7f97d8-b7{position:relative;}@media all and (max-width: 1024px){.kadence-column4466_7f97d8-b7 > .kt-inside-inner-col{flex-direction:column;justify-content:center;}}@media all and (max-width: 767px){.kadence-column4466_7f97d8-b7 > .kt-inside-inner-col{flex-direction:column;justify-content:center;}}<\/style>\n<div class=\"wp-block-kadence-column kadence-column4466_7f97d8-b7\"><div class=\"kt-inside-inner-col\">\n<div class=\"wp-block-uagb-image aligncenter uagb-block-fbc5db1c wp-block-uagb-image--layout-default wp-block-uagb-image--effect-zoomin wp-block-uagb-image--align-center\"><figure class=\"wp-block-uagb-image__figure\"><a class=\"\" href=\"https:\/\/www.intenalco.edu.co\/archivospublicos\/CODIGO%20DE%20INTEGRIDAD.pdf?_ga=2.69414868.598349557.1777900468-849494432.1772116896\" target=\"\" rel=\"noopener\"><img decoding=\"async\" srcset=\"https:\/\/intenalco.edu.co\/nuevo-portal\/wp-content\/uploads\/2026\/05\/pdfLogo.webp ,https:\/\/intenalco.edu.co\/nuevo-portal\/wp-content\/uploads\/2026\/05\/pdfLogo.webp 780w, https:\/\/intenalco.edu.co\/nuevo-portal\/wp-content\/uploads\/2026\/05\/pdfLogo.webp 360w\" sizes=\"auto, (max-width: 480px) 150px\" src=\"https:\/\/intenalco.edu.co\/nuevo-portal\/wp-content\/uploads\/2026\/05\/pdfLogo.webp\" alt=\"\" class=\"uag-image-4467\" width=\"129\" height=\"129\" title=\"\" loading=\"lazy\" role=\"presentation\"\/><\/a><figcaption class=\"uagb-image-caption\">Ver el c\u00f3digo de Integridad de INTENALCO<\/figcaption><\/figure><\/div>\n<\/div><\/div>\n\n<\/div><\/div>","protected":false},"excerpt":{"rendered":"<p>C\u00f3digo de integridad El modelo de integridad que asume la instituci\u00f3n se constituye en la filosof\u00eda para todo aquel que se encuentre vinculado o se vincule en el futuro a INTENALCO Educaci\u00f3n Superior, de tal forma que fomente una cultura de cooperaci\u00f3n, de solidaridad, de colaboraci\u00f3n y de transparencia en el manejo de los recursos&#8230;<\/p>\n","protected":false},"author":1,"featured_media":0,"parent":0,"menu_order":0,"comment_status":"closed","ping_status":"closed","template":"","meta":{"_uag_custom_page_level_css":"","_kadence_starter_templates_imported_post":false,"_kad_post_transparent":"","_kad_post_title":"","_kad_post_layout":"","_kad_post_sidebar_id":"","_kad_post_content_style":"","_kad_post_vertical_padding":"","_kad_post_feature":"","_kad_post_feature_position":"","_kad_post_header":false,"_kad_post_footer":false,"_kad_post_classname":"","footnotes":""},"class_list":["post-4466","page","type-page","status-publish","hentry"],"uagb_featured_image_src":{"full":false,"thumbnail":false,"medium":false,"medium_large":false,"large":false,"1536x1536":false,"2048x2048":false},"uagb_author_info":{"display_name":"auxsistemas05","author_link":"https:\/\/intenalco.edu.co\/nuevo-portal\/author\/auxsistemas05\/"},"uagb_comment_info":0,"uagb_excerpt":"C\u00f3digo de integridad El modelo de integridad que asume la instituci\u00f3n se constituye en la filosof\u00eda para todo aquel que se encuentre vinculado o se vincule en el futuro a INTENALCO Educaci\u00f3n Superior, de tal forma que fomente una cultura de cooperaci\u00f3n, de solidaridad, de colaboraci\u00f3n y de transparencia en el manejo de los recursos...","_links":{"self":[{"href":"https:\/\/intenalco.edu.co\/nuevo-portal\/wp-json\/wp\/v2\/pages\/4466","targetHints":{"allow":["GET"]}}],"collection":[{"href":"https:\/\/intenalco.edu.co\/nuevo-portal\/wp-json\/wp\/v2\/pages"}],"about":[{"href":"https:\/\/intenalco.edu.co\/nuevo-portal\/wp-json\/wp\/v2\/types\/page"}],"author":[{"embeddable":true,"href":"https:\/\/intenalco.edu.co\/nuevo-portal\/wp-json\/wp\/v2\/users\/1"}],"replies":[{"embeddable":true,"href":"https:\/\/intenalco.edu.co\/nuevo-portal\/wp-json\/wp\/v2\/comments?post=4466"}],"version-history":[{"count":4,"href":"https:\/\/intenalco.edu.co\/nuevo-portal\/wp-json\/wp\/v2\/pages\/4466\/revisions"}],"predecessor-version":[{"id":4472,"href":"https:\/\/intenalco.edu.co\/nuevo-portal\/wp-json\/wp\/v2\/pages\/4466\/revisions\/4472"}],"wp:attachment":[{"href":"https:\/\/intenalco.edu.co\/nuevo-portal\/wp-json\/wp\/v2\/media?parent=4466"}],"curies":[{"name":"wp","href":"https:\/\/api.w.org\/{rel}","templated":true}]}}