{"id":4484,"date":"2026-05-04T16:37:16","date_gmt":"2026-05-04T21:37:16","guid":{"rendered":"https:\/\/intenalco.edu.co\/nuevo-portal\/?page_id=4484"},"modified":"2026-05-04T16:37:16","modified_gmt":"2026-05-04T21:37:16","slug":"buzon-de-notificaciones-judiciales","status":"publish","type":"page","link":"https:\/\/intenalco.edu.co\/nuevo-portal\/buzon-de-notificaciones-judiciales\/","title":{"rendered":"Buz\u00f3n de notificaciones judiciales"},"content":{"rendered":"<style>.kb-row-layout-id4484_d2ebe7-12 > .kt-row-column-wrap{align-content:start;}:where(.kb-row-layout-id4484_d2ebe7-12 > .kt-row-column-wrap) > .wp-block-kadence-column{justify-content:start;}.kb-row-layout-id4484_d2ebe7-12 > .kt-row-column-wrap{column-gap:var(--global-kb-gap-md, 2rem);row-gap:var(--global-kb-gap-md, 2rem);max-width:1140%;margin-left:auto;margin-right:auto;padding-top:var(--global-kb-spacing-md, 2rem);padding-bottom:var(--global-kb-spacing-3xl, 6.5rem);grid-template-columns:minmax(0, 1fr);}.kb-row-layout-id4484_d2ebe7-12{background-image:url('https:\/\/intenalco.edu.co\/nuevo-portal\/wp-content\/uploads\/2026\/04\/imginfra1-scaled.webp');background-size:cover;background-position:73% 33%;background-attachment:scroll;background-repeat:no-repeat;}.kb-row-layout-id4484_d2ebe7-12 > .kt-row-layout-overlay{opacity:0.80;background-color:var(--global-palette8, #F7FAFC);}@media all and (max-width: 1024px){.kb-row-layout-id4484_d2ebe7-12 > .kt-row-column-wrap{grid-template-columns:minmax(0, 1fr);}}@media all and (max-width: 767px){.kb-row-layout-id4484_d2ebe7-12 > .kt-row-column-wrap{padding-bottom:var(--global-kb-spacing-xl, 4rem);grid-template-columns:minmax(0, 1fr);}}<\/style><div class=\"kb-row-layout-wrap kb-row-layout-id4484_d2ebe7-12 alignfull kt-row-has-bg wp-block-kadence-rowlayout\"><div class=\"kt-row-layout-overlay kt-row-overlay-normal\"><\/div><div class=\"kt-row-column-wrap kt-has-2-columns kt-row-layout-row kt-tab-layout-inherit kt-mobile-layout-row kt-row-valign-top\">\n<style>.kadence-column4484_39e16d-50 > .kt-inside-inner-col,.kadence-column4484_39e16d-50 > .kt-inside-inner-col:before{border-top-left-radius:0px;border-top-right-radius:0px;border-bottom-right-radius:0px;border-bottom-left-radius:0px;}.kadence-column4484_39e16d-50 > .kt-inside-inner-col{column-gap:var(--global-kb-gap-sm, 1rem);}.kadence-column4484_39e16d-50 > .kt-inside-inner-col{flex-direction:column;}.kadence-column4484_39e16d-50 > .kt-inside-inner-col > .aligncenter{width:100%;}.kadence-column4484_39e16d-50 > .kt-inside-inner-col:before{opacity:0.3;}.kadence-column4484_39e16d-50{position:relative;}@media all and (max-width: 1024px){.kadence-column4484_39e16d-50 > .kt-inside-inner-col{flex-direction:column;justify-content:center;}}@media all and (max-width: 767px){.kadence-column4484_39e16d-50 > .kt-inside-inner-col{flex-direction:column;justify-content:center;}}<\/style>\n<div class=\"wp-block-kadence-column kadence-column4484_39e16d-50\"><div class=\"kt-inside-inner-col\"><div class=\"breadcrumbs align wp-elements-509a5c14646158ba4c1176f49101eb9f wp-block-bcn-breadcrumb-trail has-text-color has-theme-palette-3-color has-background has-small-font-size\" vocab=\"https:\/\/schema.org\/\" typeof=\"BreadcrumbList\">\n\t<span><\/span>\n\t<span property=\"itemListElement\" typeof=\"ListItem\"><a property=\"item\" style=\"text-decoration: none\" typeof=\"WebPage\" title=\"Ir a Intenalco.\" href=\"https:\/\/intenalco.edu.co\/nuevo-portal\" class=\"home\" ><span style=\"color: #6c955c\" property=\"name\">Inicio<\/span><\/a><meta property=\"position\" content=\"1\"><\/span> &gt; <span property=\"itemListElement\" typeof=\"ListItem\"><a property=\"item\" typeof=\"WebPage\" title=\"Ir a Blog.\" href=\"https:\/\/intenalco.edu.co\/nuevo-portal\/blog\/\" class=\"post-root post post-post\" aria-current=\"page\"><span property=\"name\">Blog<\/span><\/a><meta property=\"position\" content=\"2\"><\/span><\/div>\n<\/div><\/div>\n\n\n<style>.kadence-column4484_07e02a-7c > .kt-inside-inner-col{padding-top:var(--global-kb-spacing-xs, 1rem);padding-right:var(--global-kb-spacing-3xl, 6.5rem);padding-bottom:var(--global-kb-spacing-xs, 1rem);padding-left:var(--global-kb-spacing-3xl, 6.5rem);}.kadence-column4484_07e02a-7c > .kt-inside-inner-col,.kadence-column4484_07e02a-7c > .kt-inside-inner-col:before{border-top-left-radius:0px;border-top-right-radius:0px;border-bottom-right-radius:0px;border-bottom-left-radius:0px;}.kadence-column4484_07e02a-7c > .kt-inside-inner-col{column-gap:var(--global-kb-gap-sm, 1rem);}.kadence-column4484_07e02a-7c > .kt-inside-inner-col{flex-direction:column;}.kadence-column4484_07e02a-7c > .kt-inside-inner-col > .aligncenter{width:100%;}.kadence-column4484_07e02a-7c > .kt-inside-inner-col:before{opacity:0.3;}.kadence-column4484_07e02a-7c{position:relative;}@media all and (max-width: 1024px){.kadence-column4484_07e02a-7c > .kt-inside-inner-col{padding-top:0px;padding-right:0px;padding-bottom:0px;padding-left:0px;flex-direction:column;justify-content:center;}}@media all and (max-width: 767px){.kadence-column4484_07e02a-7c > .kt-inside-inner-col{flex-direction:column;justify-content:center;}}<\/style>\n<div class=\"wp-block-kadence-column kadence-column4484_07e02a-7c inner-column-1\"><div class=\"kt-inside-inner-col\"><style>.wp-block-kadence-advancedheading.kt-adv-heading4484_d5e9b2-40, .wp-block-kadence-advancedheading.kt-adv-heading4484_d5e9b2-40[data-kb-block=\"kb-adv-heading4484_d5e9b2-40\"]{margin-top:0px;margin-bottom:var(--global-kb-spacing-sm, 1.5rem);text-align:center;font-size:var(--global-kb-font-size-xl, 3rem);line-height:1;font-weight:700;font-style:normal;font-family:var( --global-heading-font-family, inherit );letter-spacing:-1px;}.wp-block-kadence-advancedheading.kt-adv-heading4484_d5e9b2-40 mark.kt-highlight, .wp-block-kadence-advancedheading.kt-adv-heading4484_d5e9b2-40[data-kb-block=\"kb-adv-heading4484_d5e9b2-40\"] mark.kt-highlight{font-style:normal;color:#f76a0c;-webkit-box-decoration-break:clone;box-decoration-break:clone;padding-top:0px;padding-right:0px;padding-bottom:0px;padding-left:0px;}.wp-block-kadence-advancedheading.kt-adv-heading4484_d5e9b2-40 img.kb-inline-image, .wp-block-kadence-advancedheading.kt-adv-heading4484_d5e9b2-40[data-kb-block=\"kb-adv-heading4484_d5e9b2-40\"] img.kb-inline-image{width:150px;vertical-align:baseline;}@media all and (max-width: 767px){.wp-block-kadence-advancedheading.kt-adv-heading4484_d5e9b2-40, .wp-block-kadence-advancedheading.kt-adv-heading4484_d5e9b2-40[data-kb-block=\"kb-adv-heading4484_d5e9b2-40\"]{font-size:var(--global-kb-font-size-lg, 2rem);}}<\/style>\n<h2 class=\"kt-adv-heading4484_d5e9b2-40 wp-block-kadence-advancedheading has-theme-palette-3-color has-text-color\" data-kb-block=\"kb-adv-heading4484_d5e9b2-40\">Buz\u00f3n de notificaciones judiciales<\/h2>\n<\/div><\/div>\n\n<\/div><\/div>\n\n<style>.kb-row-layout-id4484_0b712d-44 > .kt-row-column-wrap{align-content:start;}:where(.kb-row-layout-id4484_0b712d-44 > .kt-row-column-wrap) > .wp-block-kadence-column{justify-content:start;}.kb-row-layout-id4484_0b712d-44 > .kt-row-column-wrap{column-gap:var(--global-kb-gap-md, 2rem);row-gap:var(--global-kb-gap-md, 2rem);max-width:var( --global-content-width, 1290px );padding-left:var(--global-content-edge-padding);padding-right:var(--global-content-edge-padding);padding-top:var(--global-kb-spacing-sm, 1.5rem);padding-bottom:var(--global-kb-spacing-sm, 1.5rem);grid-template-columns:minmax(0, 1fr);}.kb-row-layout-id4484_0b712d-44 > .kt-row-layout-overlay{opacity:0.30;}@media all and (max-width: 1024px){.kb-row-layout-id4484_0b712d-44 > .kt-row-column-wrap{grid-template-columns:minmax(0, 1fr);}}@media all and (max-width: 767px){.kb-row-layout-id4484_0b712d-44 > .kt-row-column-wrap{grid-template-columns:minmax(0, 1fr);}}<\/style><div class=\"kb-row-layout-wrap kb-row-layout-id4484_0b712d-44 alignnone wp-block-kadence-rowlayout\"><div class=\"kt-row-column-wrap kt-has-1-columns kt-row-layout-equal kt-tab-layout-inherit kt-mobile-layout-row kt-row-valign-top kb-theme-content-width\">\n<style>.kadence-column4484_acc699-83 > .kt-inside-inner-col,.kadence-column4484_acc699-83 > .kt-inside-inner-col:before{border-top-left-radius:0px;border-top-right-radius:0px;border-bottom-right-radius:0px;border-bottom-left-radius:0px;}.kadence-column4484_acc699-83 > .kt-inside-inner-col{column-gap:var(--global-kb-gap-sm, 1rem);}.kadence-column4484_acc699-83 > .kt-inside-inner-col{flex-direction:column;}.kadence-column4484_acc699-83 > .kt-inside-inner-col > .aligncenter{width:100%;}.kadence-column4484_acc699-83 > .kt-inside-inner-col:before{opacity:0.3;}.kadence-column4484_acc699-83{position:relative;}@media all and (max-width: 1024px){.kadence-column4484_acc699-83 > .kt-inside-inner-col{flex-direction:column;justify-content:center;}}@media all and (max-width: 767px){.kadence-column4484_acc699-83 > .kt-inside-inner-col{flex-direction:column;justify-content:center;}}<\/style>\n<div class=\"wp-block-kadence-column kadence-column4484_acc699-83\"><div class=\"kt-inside-inner-col\"><style>.wp-block-kadence-advancedheading.kt-adv-heading4484_7e0e9f-ae, .wp-block-kadence-advancedheading.kt-adv-heading4484_7e0e9f-ae[data-kb-block=\"kb-adv-heading4484_7e0e9f-ae\"]{text-align:center;font-size:var(--global-kb-font-size-md, 1.25rem);font-style:normal;}.wp-block-kadence-advancedheading.kt-adv-heading4484_7e0e9f-ae mark.kt-highlight, .wp-block-kadence-advancedheading.kt-adv-heading4484_7e0e9f-ae[data-kb-block=\"kb-adv-heading4484_7e0e9f-ae\"] mark.kt-highlight{font-style:normal;color:#f76a0c;-webkit-box-decoration-break:clone;box-decoration-break:clone;padding-top:0px;padding-right:0px;padding-bottom:0px;padding-left:0px;}.wp-block-kadence-advancedheading.kt-adv-heading4484_7e0e9f-ae img.kb-inline-image, .wp-block-kadence-advancedheading.kt-adv-heading4484_7e0e9f-ae[data-kb-block=\"kb-adv-heading4484_7e0e9f-ae\"] img.kb-inline-image{width:150px;vertical-align:baseline;}<\/style>\n<p class=\"kt-adv-heading4484_7e0e9f-ae wp-block-kadence-advancedheading\" data-kb-block=\"kb-adv-heading4484_7e0e9f-ae\">Si usted quiere presentar una notificaci\u00f3n judicial, lo puede hacer a trav\u00e9s del siguiente correo electr\u00f3nico:<br><strong>notificaciones.judiciales@intenalco.edu.co<\/strong><br>La persona encargada de gestionar estas notificaciones es el Abogado: Dr. Harold Montoya,<br>Departamento Jur\u00eddico Institucional, a quien puede ubicar en:<br>Avenida 4 Norte # 34 AN \u2013 18 Barrio: Prados del Norte \u2013 Cali<br>\u2013 Cuarto Piso \u2013<br><br>P.B.X: (602) 655 3333 ext. 121<br>Horario de atenci\u00f3n:<br>Lunes a viernes de 2:00 p. m. a 5:00 p. m.\u00a0<\/p>\n<\/div><\/div>\n\n<\/div><\/div>","protected":false},"excerpt":{"rendered":"<p>Buz\u00f3n de notificaciones judiciales Si usted quiere presentar una notificaci\u00f3n judicial, lo puede hacer a trav\u00e9s del siguiente correo electr\u00f3nico:notificaciones.judiciales@intenalco.edu.coLa persona encargada de gestionar estas notificaciones es el Abogado: Dr. Harold Montoya,Departamento Jur\u00eddico Institucional, a quien puede ubicar en:Avenida 4 Norte # 34 AN \u2013 18 Barrio: Prados del Norte \u2013 Cali\u2013 Cuarto Piso \u2013&#8230;<\/p>\n","protected":false},"author":1,"featured_media":0,"parent":0,"menu_order":0,"comment_status":"closed","ping_status":"closed","template":"","meta":{"_uag_custom_page_level_css":"","_kadence_starter_templates_imported_post":false,"_kad_post_transparent":"","_kad_post_title":"","_kad_post_layout":"","_kad_post_sidebar_id":"","_kad_post_content_style":"","_kad_post_vertical_padding":"","_kad_post_feature":"","_kad_post_feature_position":"","_kad_post_header":false,"_kad_post_footer":false,"_kad_post_classname":"","footnotes":""},"class_list":["post-4484","page","type-page","status-publish","hentry"],"uagb_featured_image_src":{"full":false,"thumbnail":false,"medium":false,"medium_large":false,"large":false,"1536x1536":false,"2048x2048":false},"uagb_author_info":{"display_name":"auxsistemas05","author_link":"https:\/\/intenalco.edu.co\/nuevo-portal\/author\/auxsistemas05\/"},"uagb_comment_info":0,"uagb_excerpt":"Buz\u00f3n de notificaciones judiciales Si usted quiere presentar una notificaci\u00f3n judicial, lo puede hacer a trav\u00e9s del siguiente correo electr\u00f3nico:notificaciones.judiciales@intenalco.edu.coLa persona encargada de gestionar estas notificaciones es el Abogado: Dr. Harold Montoya,Departamento Jur\u00eddico Institucional, a quien puede ubicar en:Avenida 4 Norte # 34 AN \u2013 18 Barrio: Prados del Norte \u2013 Cali\u2013 Cuarto Piso \u2013...","_links":{"self":[{"href":"https:\/\/intenalco.edu.co\/nuevo-portal\/wp-json\/wp\/v2\/pages\/4484","targetHints":{"allow":["GET"]}}],"collection":[{"href":"https:\/\/intenalco.edu.co\/nuevo-portal\/wp-json\/wp\/v2\/pages"}],"about":[{"href":"https:\/\/intenalco.edu.co\/nuevo-portal\/wp-json\/wp\/v2\/types\/page"}],"author":[{"embeddable":true,"href":"https:\/\/intenalco.edu.co\/nuevo-portal\/wp-json\/wp\/v2\/users\/1"}],"replies":[{"embeddable":true,"href":"https:\/\/intenalco.edu.co\/nuevo-portal\/wp-json\/wp\/v2\/comments?post=4484"}],"version-history":[{"count":1,"href":"https:\/\/intenalco.edu.co\/nuevo-portal\/wp-json\/wp\/v2\/pages\/4484\/revisions"}],"predecessor-version":[{"id":4485,"href":"https:\/\/intenalco.edu.co\/nuevo-portal\/wp-json\/wp\/v2\/pages\/4484\/revisions\/4485"}],"wp:attachment":[{"href":"https:\/\/intenalco.edu.co\/nuevo-portal\/wp-json\/wp\/v2\/media?parent=4484"}],"curies":[{"name":"wp","href":"https:\/\/api.w.org\/{rel}","templated":true}]}}