{"id":4590,"date":"2026-05-07T15:25:03","date_gmt":"2026-05-07T20:25:03","guid":{"rendered":"https:\/\/intenalco.edu.co\/nuevo-portal\/?page_id=4590"},"modified":"2026-05-07T16:56:16","modified_gmt":"2026-05-07T21:56:16","slug":"entidades-del-sector","status":"publish","type":"page","link":"https:\/\/intenalco.edu.co\/nuevo-portal\/entidades-del-sector\/","title":{"rendered":"Entidades del sector"},"content":{"rendered":"<style>.kb-row-layout-id4590_035d89-a5 > .kt-row-column-wrap{align-content:start;}:where(.kb-row-layout-id4590_035d89-a5 > .kt-row-column-wrap) > .wp-block-kadence-column{justify-content:start;}.kb-row-layout-id4590_035d89-a5 > .kt-row-column-wrap{column-gap:var(--global-kb-gap-md, 2rem);row-gap:var(--global-kb-gap-md, 2rem);max-width:1140%;margin-left:auto;margin-right:auto;padding-top:var(--global-kb-spacing-md, 2rem);padding-bottom:var(--global-kb-spacing-3xl, 6.5rem);grid-template-columns:minmax(0, 1fr);}.kb-row-layout-id4590_035d89-a5{background-image:url('https:\/\/intenalco.edu.co\/nuevo-portal\/wp-content\/uploads\/2026\/04\/imginfra1-scaled.webp');background-size:cover;background-position:73% 33%;background-attachment:scroll;background-repeat:no-repeat;}.kb-row-layout-id4590_035d89-a5 > .kt-row-layout-overlay{opacity:0.80;background-color:var(--global-palette8, #F7FAFC);}@media all and (max-width: 1024px){.kb-row-layout-id4590_035d89-a5 > .kt-row-column-wrap{grid-template-columns:minmax(0, 1fr);}}@media all and (max-width: 767px){.kb-row-layout-id4590_035d89-a5 > .kt-row-column-wrap{padding-bottom:var(--global-kb-spacing-xl, 4rem);grid-template-columns:minmax(0, 1fr);}}<\/style><div class=\"kb-row-layout-wrap kb-row-layout-id4590_035d89-a5 alignfull kt-row-has-bg wp-block-kadence-rowlayout\"><div class=\"kt-row-layout-overlay kt-row-overlay-normal\"><\/div><div class=\"kt-row-column-wrap kt-has-2-columns kt-row-layout-row kt-tab-layout-inherit kt-mobile-layout-row kt-row-valign-top\">\n<style>.kadence-column4590_ca93f2-13 > .kt-inside-inner-col,.kadence-column4590_ca93f2-13 > .kt-inside-inner-col:before{border-top-left-radius:0px;border-top-right-radius:0px;border-bottom-right-radius:0px;border-bottom-left-radius:0px;}.kadence-column4590_ca93f2-13 > .kt-inside-inner-col{column-gap:var(--global-kb-gap-sm, 1rem);}.kadence-column4590_ca93f2-13 > .kt-inside-inner-col{flex-direction:column;}.kadence-column4590_ca93f2-13 > .kt-inside-inner-col > .aligncenter{width:100%;}.kadence-column4590_ca93f2-13 > .kt-inside-inner-col:before{opacity:0.3;}.kadence-column4590_ca93f2-13{position:relative;}@media all and (max-width: 1024px){.kadence-column4590_ca93f2-13 > .kt-inside-inner-col{flex-direction:column;justify-content:center;}}@media all and (max-width: 767px){.kadence-column4590_ca93f2-13 > .kt-inside-inner-col{flex-direction:column;justify-content:center;}}<\/style>\n<div class=\"wp-block-kadence-column kadence-column4590_ca93f2-13\"><div class=\"kt-inside-inner-col\"><div class=\"breadcrumbs align wp-elements-509a5c14646158ba4c1176f49101eb9f wp-block-bcn-breadcrumb-trail has-text-color has-theme-palette-3-color has-background has-small-font-size\" vocab=\"https:\/\/schema.org\/\" typeof=\"BreadcrumbList\">\n\t<span><\/span>\n\t<span property=\"itemListElement\" typeof=\"ListItem\"><a property=\"item\" style=\"text-decoration: none\" typeof=\"WebPage\" title=\"Ir a Intenalco.\" href=\"https:\/\/intenalco.edu.co\/nuevo-portal\" class=\"home\" ><span style=\"color: #6c955c\" property=\"name\">Inicio<\/span><\/a><meta property=\"position\" content=\"1\"><\/span> &gt; <span property=\"itemListElement\" typeof=\"ListItem\"><a property=\"item\" typeof=\"WebPage\" title=\"Ir a Blog.\" href=\"https:\/\/intenalco.edu.co\/nuevo-portal\/blog\/\" class=\"post-root post post-post\" aria-current=\"page\"><span property=\"name\">Blog<\/span><\/a><meta property=\"position\" content=\"2\"><\/span><\/div>\n<\/div><\/div>\n\n\n<style>.kadence-column4590_63d360-c5 > .kt-inside-inner-col{padding-top:var(--global-kb-spacing-xs, 1rem);padding-right:var(--global-kb-spacing-3xl, 6.5rem);padding-bottom:var(--global-kb-spacing-xs, 1rem);padding-left:var(--global-kb-spacing-3xl, 6.5rem);}.kadence-column4590_63d360-c5 > .kt-inside-inner-col,.kadence-column4590_63d360-c5 > .kt-inside-inner-col:before{border-top-left-radius:0px;border-top-right-radius:0px;border-bottom-right-radius:0px;border-bottom-left-radius:0px;}.kadence-column4590_63d360-c5 > .kt-inside-inner-col{column-gap:var(--global-kb-gap-sm, 1rem);}.kadence-column4590_63d360-c5 > .kt-inside-inner-col{flex-direction:column;}.kadence-column4590_63d360-c5 > .kt-inside-inner-col > .aligncenter{width:100%;}.kadence-column4590_63d360-c5 > .kt-inside-inner-col:before{opacity:0.3;}.kadence-column4590_63d360-c5{position:relative;}@media all and (max-width: 1024px){.kadence-column4590_63d360-c5 > .kt-inside-inner-col{padding-top:0px;padding-right:0px;padding-bottom:0px;padding-left:0px;flex-direction:column;justify-content:center;}}@media all and (max-width: 767px){.kadence-column4590_63d360-c5 > .kt-inside-inner-col{flex-direction:column;justify-content:center;}}<\/style>\n<div class=\"wp-block-kadence-column kadence-column4590_63d360-c5 inner-column-1\"><div class=\"kt-inside-inner-col\"><style>.wp-block-kadence-advancedheading.kt-adv-heading4590_ccfd79-cd, .wp-block-kadence-advancedheading.kt-adv-heading4590_ccfd79-cd[data-kb-block=\"kb-adv-heading4590_ccfd79-cd\"]{margin-top:0px;margin-bottom:var(--global-kb-spacing-sm, 1.5rem);text-align:center;font-size:var(--global-kb-font-size-xl, 3rem);line-height:1;font-weight:700;font-style:normal;font-family:var( --global-heading-font-family, inherit );letter-spacing:-1px;}.wp-block-kadence-advancedheading.kt-adv-heading4590_ccfd79-cd mark.kt-highlight, .wp-block-kadence-advancedheading.kt-adv-heading4590_ccfd79-cd[data-kb-block=\"kb-adv-heading4590_ccfd79-cd\"] mark.kt-highlight{font-style:normal;color:#f76a0c;-webkit-box-decoration-break:clone;box-decoration-break:clone;padding-top:0px;padding-right:0px;padding-bottom:0px;padding-left:0px;}.wp-block-kadence-advancedheading.kt-adv-heading4590_ccfd79-cd img.kb-inline-image, .wp-block-kadence-advancedheading.kt-adv-heading4590_ccfd79-cd[data-kb-block=\"kb-adv-heading4590_ccfd79-cd\"] img.kb-inline-image{width:150px;vertical-align:baseline;}@media all and (max-width: 767px){.wp-block-kadence-advancedheading.kt-adv-heading4590_ccfd79-cd, .wp-block-kadence-advancedheading.kt-adv-heading4590_ccfd79-cd[data-kb-block=\"kb-adv-heading4590_ccfd79-cd\"]{font-size:var(--global-kb-font-size-lg, 2rem);}}<\/style>\n<h2 class=\"kt-adv-heading4590_ccfd79-cd wp-block-kadence-advancedheading has-theme-palette-3-color has-text-color\" data-kb-block=\"kb-adv-heading4590_ccfd79-cd\">Entidades del sector<\/h2>\n\n\n<style>.wp-block-kadence-advancedheading.kt-adv-heading4590_d525d3-8a, .wp-block-kadence-advancedheading.kt-adv-heading4590_d525d3-8a[data-kb-block=\"kb-adv-heading4590_d525d3-8a\"]{max-width:1106px;margin-right:auto;margin-left:auto;margin-top:var(--global-kb-spacing-md, 2rem);margin-bottom:0px;text-align:center;font-size:var(--global-kb-font-size-md, 1.25rem);line-height:1;font-style:normal;letter-spacing:0px;}.wp-block-kadence-advancedheading.kt-adv-heading4590_d525d3-8a mark.kt-highlight, .wp-block-kadence-advancedheading.kt-adv-heading4590_d525d3-8a[data-kb-block=\"kb-adv-heading4590_d525d3-8a\"] mark.kt-highlight{font-style:normal;color:#f76a0c;-webkit-box-decoration-break:clone;box-decoration-break:clone;padding-top:0px;padding-right:0px;padding-bottom:0px;padding-left:0px;}.wp-block-kadence-advancedheading.kt-adv-heading4590_d525d3-8a img.kb-inline-image, .wp-block-kadence-advancedheading.kt-adv-heading4590_d525d3-8a[data-kb-block=\"kb-adv-heading4590_d525d3-8a\"] img.kb-inline-image{width:150px;vertical-align:baseline;}@media all and (max-width: 767px){.wp-block-kadence-advancedheading.kt-adv-heading4590_d525d3-8a, .wp-block-kadence-advancedheading.kt-adv-heading4590_d525d3-8a[data-kb-block=\"kb-adv-heading4590_d525d3-8a\"]{font-size:var(--global-kb-font-size-sm, 0.9rem);}}<\/style>\n<p class=\"kt-adv-heading4590_d525d3-8a wp-block-kadence-advancedheading has-theme-palette-3-color has-text-color\" data-kb-block=\"kb-adv-heading4590_d525d3-8a\">En este apartado veras entidades de con un enfoque en la educaci\u00f3n<\/p>\n<\/div><\/div>\n\n<\/div><\/div>\n\n<style>.kb-row-layout-id4590_d89fed-15 > .kt-row-column-wrap{align-content:start;}:where(.kb-row-layout-id4590_d89fed-15 > .kt-row-column-wrap) > .wp-block-kadence-column{justify-content:start;}.kb-row-layout-id4590_d89fed-15 > .kt-row-column-wrap{column-gap:var(--global-kb-gap-md, 2rem);row-gap:var(--global-kb-gap-md, 2rem);max-width:var( --global-content-width, 1290px );padding-left:var(--global-content-edge-padding);padding-right:var(--global-content-edge-padding);padding-top:var(--global-kb-spacing-sm, 1.5rem);padding-bottom:var(--global-kb-spacing-md, 2rem);grid-template-columns:repeat(2, minmax(0, 1fr));}.kb-row-layout-id4590_d89fed-15 > .kt-row-layout-overlay{opacity:0.00;}@media all and (max-width: 1024px){.kb-row-layout-id4590_d89fed-15 > .kt-row-column-wrap{grid-template-columns:repeat(2, minmax(0, 1fr));}}@media all and (max-width: 767px){.kb-row-layout-id4590_d89fed-15 > .kt-row-column-wrap{grid-template-columns:minmax(0, 1fr);}}<\/style><div class=\"kb-row-layout-wrap kb-row-layout-id4590_d89fed-15 alignnone wp-block-kadence-rowlayout\"><div class=\"kt-row-column-wrap kt-has-2-columns kt-row-layout-equal kt-tab-layout-inherit kt-mobile-layout-row kt-row-valign-top kb-theme-content-width\">\n<style>.kadence-column4590_73d3b4-aa > .kt-inside-inner-col,.kadence-column4590_73d3b4-aa > .kt-inside-inner-col:before{border-top-left-radius:0px;border-top-right-radius:0px;border-bottom-right-radius:0px;border-bottom-left-radius:0px;}.kadence-column4590_73d3b4-aa > .kt-inside-inner-col{column-gap:var(--global-kb-gap-sm, 1rem);}.kadence-column4590_73d3b4-aa > .kt-inside-inner-col{flex-direction:column;}.kadence-column4590_73d3b4-aa > .kt-inside-inner-col > .aligncenter{width:100%;}.kadence-column4590_73d3b4-aa > .kt-inside-inner-col:before{opacity:0.3;}.kadence-column4590_73d3b4-aa{position:relative;}@media all and (max-width: 1024px){.kadence-column4590_73d3b4-aa > .kt-inside-inner-col{flex-direction:column;justify-content:center;}}@media all and (max-width: 767px){.kadence-column4590_73d3b4-aa > .kt-inside-inner-col{flex-direction:column;justify-content:center;}}<\/style>\n<div class=\"wp-block-kadence-column kadence-column4590_73d3b4-aa\"><div class=\"kt-inside-inner-col\">\n<div class=\"wp-block-uagb-image uagb-block-faa7701c wp-block-uagb-image--layout-overlay wp-block-uagb-image--effect-zoomin wp-block-uagb-image--align-none\"><figure class=\"wp-block-uagb-image__figure\"><img decoding=\"async\" srcset=\"https:\/\/intenalco.edu.co\/nuevo-portal\/wp-content\/uploads\/2026\/05\/MINEDUCACION-scaled.webp ,https:\/\/intenalco.edu.co\/nuevo-portal\/wp-content\/uploads\/2026\/05\/MINEDUCACION-scaled.webp 780w, https:\/\/intenalco.edu.co\/nuevo-portal\/wp-content\/uploads\/2026\/05\/MINEDUCACION-1024x675.webp 360w\" sizes=\"auto, (max-width: 480px) 150px\" src=\"https:\/\/intenalco.edu.co\/nuevo-portal\/wp-content\/uploads\/2026\/05\/MINEDUCACION-scaled.webp\" alt=\"\" class=\"uag-image-4591\" width=\"500\" height=\"320\" title=\"MINEDUCACION\" loading=\"lazy\" role=\"img\"\/><div class=\"wp-block-uagb-image--layout-overlay__color-wrapper\"><\/div><div class=\"wp-block-uagb-image--layout-overlay__inner top-center\"><h6 class=\"uagb-image-heading\"><strong> <\/strong><\/h6><figcaption class=\"uagb-image-caption\">Compete al Ministerio de Educaci\u00f3n Nacional, entre otros objetivos, la operaci\u00f3n del sistema de aseguramiento de la calidad de la educaci\u00f3n superior, la pertinencia de los programas, la evaluaci\u00f3n permanente y sistem\u00e1tica, la eficiencia y transparencia de la gesti\u00f3n para facilitar la modernizaci\u00f3n de las instituciones de educaci\u00f3n superior, implementar un modelo administrativo por resultados y la asignaci\u00f3n de recursos con racionalidad de los mismos.<br>El Sistema de Aseguramiento de la Calidad de la Educaci\u00f3n Superior ha venido avanzando en la consolidaci\u00f3n y armonizaci\u00f3n de sus componentes, entre los que se encuentran todos aquellos organismos que participan en las diferentes etapas y procesos para la generaci\u00f3n de una cultura de evaluaci\u00f3n permanente en las \u00e1reas fundamentales en que se desenvuelve la din\u00e1mica educativa; y las pol\u00edticas, planes y programas espec\u00edficos que se han dise\u00f1ado para dinamizar e interrelacionar los resultados de los procesos de informaci\u00f3n y evaluaci\u00f3n que emiten esos organismos.<\/figcaption><\/div><\/figure><\/div>\n<\/div><\/div>\n\n\n<style>.kadence-column4590_95c12f-2f > .kt-inside-inner-col,.kadence-column4590_95c12f-2f > .kt-inside-inner-col:before{border-top-left-radius:0px;border-top-right-radius:0px;border-bottom-right-radius:0px;border-bottom-left-radius:0px;}.kadence-column4590_95c12f-2f > .kt-inside-inner-col{column-gap:var(--global-kb-gap-sm, 1rem);}.kadence-column4590_95c12f-2f > .kt-inside-inner-col{flex-direction:column;}.kadence-column4590_95c12f-2f > .kt-inside-inner-col > .aligncenter{width:100%;}.kadence-column4590_95c12f-2f > .kt-inside-inner-col:before{opacity:0.3;}.kadence-column4590_95c12f-2f{position:relative;}@media all and (max-width: 1024px){.kadence-column4590_95c12f-2f > .kt-inside-inner-col{flex-direction:column;justify-content:center;}}@media all and (max-width: 767px){.kadence-column4590_95c12f-2f > .kt-inside-inner-col{flex-direction:column;justify-content:center;}}<\/style>\n<div class=\"wp-block-kadence-column kadence-column4590_95c12f-2f\"><div class=\"kt-inside-inner-col\">\n<div class=\"wp-block-uagb-image uagb-block-8addc53b wp-block-uagb-image--layout-overlay wp-block-uagb-image--effect-static wp-block-uagb-image--align-none\"><figure class=\"wp-block-uagb-image__figure\"><img decoding=\"async\" srcset=\"https:\/\/intenalco.edu.co\/nuevo-portal\/wp-content\/uploads\/2026\/05\/2018-11-30-211016.868032EscudosAlcaldiaSecretariasYDepartamentos-19-e1778189778260-1024x642.webp ,https:\/\/intenalco.edu.co\/nuevo-portal\/wp-content\/uploads\/2026\/05\/2018-11-30-211016.868032EscudosAlcaldiaSecretariasYDepartamentos-19-e1778189778260.webp 780w, https:\/\/intenalco.edu.co\/nuevo-portal\/wp-content\/uploads\/2026\/05\/2018-11-30-211016.868032EscudosAlcaldiaSecretariasYDepartamentos-19-e1778189778260-1024x642.webp 360w\" sizes=\"auto, (max-width: 480px) 150px\" src=\"https:\/\/intenalco.edu.co\/nuevo-portal\/wp-content\/uploads\/2026\/05\/2018-11-30-211016.868032EscudosAlcaldiaSecretariasYDepartamentos-19-e1778189778260-1024x642.webp\" alt=\"\" class=\"uag-image-4597\" width=\"400\" height=\"310\" title=\"2018-11-30-211016.868032EscudosAlcaldiaSecretariasYDepartamentos-19\" loading=\"lazy\" role=\"img\"\/><div class=\"wp-block-uagb-image--layout-overlay__color-wrapper\"><\/div><div class=\"wp-block-uagb-image--layout-overlay__inner top-center\"><h6 class=\"uagb-image-heading\"> <\/h6><figcaption class=\"uagb-image-caption\">Las Secretar\u00edas Regionales de Educaci\u00f3n, desarrollan e impulsan el mejoramiento del servicio social educativo, liderando la gesti\u00f3n con calidad, eficiencia y la ampliaci\u00f3n permanente de la cobertura en todo el territorio departamental, distrital y municipal, para incrementar la econom\u00eda del conocimiento al servicio de la productividad y competitividad intelectual del hombre, satisfaciendo las expectativas departamentales y municipales de la descentralizaci\u00f3n, coordinaci\u00f3n y subsidiaridad a fin de lograr acciones conjuntas para consolidar la autonom\u00eda escolar y un adecuado acceso y permanencia de la poblaci\u00f3n escolar al sistema educativo.<\/figcaption><\/div><\/figure><\/div>\n<\/div><\/div>\n\n\n<style>.kadence-column4590_6020fc-7f > .kt-inside-inner-col,.kadence-column4590_6020fc-7f > .kt-inside-inner-col:before{border-top-left-radius:0px;border-top-right-radius:0px;border-bottom-right-radius:0px;border-bottom-left-radius:0px;}.kadence-column4590_6020fc-7f > .kt-inside-inner-col{column-gap:var(--global-kb-gap-sm, 1rem);}.kadence-column4590_6020fc-7f > .kt-inside-inner-col{flex-direction:column;}.kadence-column4590_6020fc-7f > .kt-inside-inner-col > .aligncenter{width:100%;}.kadence-column4590_6020fc-7f > .kt-inside-inner-col:before{opacity:0.3;}.kadence-column4590_6020fc-7f{position:relative;}@media all and (max-width: 1024px){.kadence-column4590_6020fc-7f > .kt-inside-inner-col{flex-direction:column;justify-content:center;}}@media all and (max-width: 767px){.kadence-column4590_6020fc-7f > .kt-inside-inner-col{flex-direction:column;justify-content:center;}}<\/style>\n<div class=\"wp-block-kadence-column kadence-column4590_6020fc-7f\"><div class=\"kt-inside-inner-col\">\n<div class=\"wp-block-uagb-image uagb-block-ec053112 wp-block-uagb-image--layout-overlay wp-block-uagb-image--effect-zoomin wp-block-uagb-image--align-none\"><figure class=\"wp-block-uagb-image__figure\"><img decoding=\"async\" srcset=\"https:\/\/intenalco.edu.co\/nuevo-portal\/wp-content\/uploads\/2026\/05\/ICFES-e1778189762135.webp ,https:\/\/intenalco.edu.co\/nuevo-portal\/wp-content\/uploads\/2026\/05\/ICFES-e1778189762135.webp 780w, https:\/\/intenalco.edu.co\/nuevo-portal\/wp-content\/uploads\/2026\/05\/ICFES-e1778189762135-1024x277.webp 360w\" sizes=\"auto, (max-width: 480px) 150px\" src=\"https:\/\/intenalco.edu.co\/nuevo-portal\/wp-content\/uploads\/2026\/05\/ICFES-e1778189762135.webp\" alt=\"\" class=\"uag-image-4599\" width=\"1280\" height=\"346\" title=\"ICFES\" loading=\"lazy\" role=\"img\"\/><div class=\"wp-block-uagb-image--layout-overlay__color-wrapper\"><\/div><div class=\"wp-block-uagb-image--layout-overlay__inner top-center\"><h6 class=\"uagb-image-heading\"><strong> <\/strong><\/h6><figcaption class=\"uagb-image-caption\">El Instituto Colombiano para el Fomento de la Educaci\u00f3n Superior por sus antiguas siglas ICFES, es una entidad adscrita al Ministerio de Educaci\u00f3n Nacional la cual est\u00e1 encargada de promover y evaluar la educaci\u00f3n colombiana en todos sus niveles a trav\u00e9s de las pruebas de Estado Saber aplicadas a los grados 3\u00b0, 5\u00b0, 7\u00b0, 9\u00b0 y 11\u00b0 en el caso de la educaci\u00f3n b\u00e1sica y media, y las pruebas Saber TyT (t\u00e9cnicos y tecn\u00f3logos) y Saber Pro (profesionales) en el caso de la educaci\u00f3n superior<\/figcaption><\/div><\/figure><\/div>\n<\/div><\/div>\n\n\n<style>.kadence-column4590_37c678-67 > .kt-inside-inner-col,.kadence-column4590_37c678-67 > .kt-inside-inner-col:before{border-top-left-radius:0px;border-top-right-radius:0px;border-bottom-right-radius:0px;border-bottom-left-radius:0px;}.kadence-column4590_37c678-67 > .kt-inside-inner-col{column-gap:var(--global-kb-gap-sm, 1rem);}.kadence-column4590_37c678-67 > .kt-inside-inner-col{flex-direction:column;}.kadence-column4590_37c678-67 > .kt-inside-inner-col > .aligncenter{width:100%;}.kadence-column4590_37c678-67 > .kt-inside-inner-col:before{opacity:0.3;}.kadence-column4590_37c678-67{position:relative;}@media all and (max-width: 1024px){.kadence-column4590_37c678-67 > .kt-inside-inner-col{flex-direction:column;justify-content:center;}}@media all and (max-width: 767px){.kadence-column4590_37c678-67 > .kt-inside-inner-col{flex-direction:column;justify-content:center;}}<\/style>\n<div class=\"wp-block-kadence-column kadence-column4590_37c678-67\"><div class=\"kt-inside-inner-col\">\n<div class=\"wp-block-uagb-image uagb-block-6726ed56 wp-block-uagb-image--layout-overlay wp-block-uagb-image--effect-zoomin wp-block-uagb-image--align-none\"><figure class=\"wp-block-uagb-image__figure\"><img decoding=\"async\" srcset=\"https:\/\/intenalco.edu.co\/nuevo-portal\/wp-content\/uploads\/2026\/05\/ItfipLogo.webp ,https:\/\/intenalco.edu.co\/nuevo-portal\/wp-content\/uploads\/2026\/05\/ItfipLogo.webp 780w, https:\/\/intenalco.edu.co\/nuevo-portal\/wp-content\/uploads\/2026\/05\/ItfipLogo.webp 360w\" sizes=\"auto, (max-width: 480px) 150px\" src=\"https:\/\/intenalco.edu.co\/nuevo-portal\/wp-content\/uploads\/2026\/05\/ItfipLogo.webp\" alt=\"\" class=\"uag-image-4601\" width=\"500\" height=\"150\" title=\"ItfipLogo\" loading=\"lazy\" role=\"img\"\/><div class=\"wp-block-uagb-image--layout-overlay__color-wrapper\"><\/div><div class=\"wp-block-uagb-image--layout-overlay__inner top-center\"><h6 class=\"uagb-image-heading\"> <\/h6><figcaption class=\"uagb-image-caption\">El Instituto Tolimense de Formaci\u00f3n T\u00e9cnica Profesional ITFIP fue creado mediante el Decreto No. 3462 de diciembre 24 de 1.980 expedido por el Ministerio de Educaci\u00f3n Nacional. En cumplimiento de la Ley 24 de 1.988 se organiza como un establecimiento p\u00fablico del orden nacional denominado: Instituto Tolimense de Formaci\u00f3n T\u00e9cnica Profesional \u201cITFIP\u201d adscrito al Ministerio de Educaci\u00f3n Nacional como Establecimiento de Educaci\u00f3n Superior de car\u00e1cter T\u00e9cnico Profesional.<\/figcaption><\/div><\/figure><\/div>\n<\/div><\/div>\n\n<\/div><\/div>","protected":false},"excerpt":{"rendered":"<p>Entidades del sector En este apartado veras entidades de con un enfoque en la educaci\u00f3n<\/p>\n","protected":false},"author":1,"featured_media":0,"parent":0,"menu_order":0,"comment_status":"closed","ping_status":"closed","template":"","meta":{"_uag_custom_page_level_css":"","_kadence_starter_templates_imported_post":false,"_kad_post_transparent":"","_kad_post_title":"","_kad_post_layout":"","_kad_post_sidebar_id":"","_kad_post_content_style":"","_kad_post_vertical_padding":"","_kad_post_feature":"","_kad_post_feature_position":"","_kad_post_header":false,"_kad_post_footer":false,"_kad_post_classname":"","footnotes":""},"class_list":["post-4590","page","type-page","status-publish","hentry"],"uagb_featured_image_src":{"full":false,"thumbnail":false,"medium":false,"medium_large":false,"large":false,"1536x1536":false,"2048x2048":false},"uagb_author_info":{"display_name":"auxsistemas05","author_link":"https:\/\/intenalco.edu.co\/nuevo-portal\/author\/auxsistemas05\/"},"uagb_comment_info":0,"uagb_excerpt":"Entidades del sector En este apartado veras entidades de con un enfoque en la educaci\u00f3n","_links":{"self":[{"href":"https:\/\/intenalco.edu.co\/nuevo-portal\/wp-json\/wp\/v2\/pages\/4590","targetHints":{"allow":["GET"]}}],"collection":[{"href":"https:\/\/intenalco.edu.co\/nuevo-portal\/wp-json\/wp\/v2\/pages"}],"about":[{"href":"https:\/\/intenalco.edu.co\/nuevo-portal\/wp-json\/wp\/v2\/types\/page"}],"author":[{"embeddable":true,"href":"https:\/\/intenalco.edu.co\/nuevo-portal\/wp-json\/wp\/v2\/users\/1"}],"replies":[{"embeddable":true,"href":"https:\/\/intenalco.edu.co\/nuevo-portal\/wp-json\/wp\/v2\/comments?post=4590"}],"version-history":[{"count":37,"href":"https:\/\/intenalco.edu.co\/nuevo-portal\/wp-json\/wp\/v2\/pages\/4590\/revisions"}],"predecessor-version":[{"id":4633,"href":"https:\/\/intenalco.edu.co\/nuevo-portal\/wp-json\/wp\/v2\/pages\/4590\/revisions\/4633"}],"wp:attachment":[{"href":"https:\/\/intenalco.edu.co\/nuevo-portal\/wp-json\/wp\/v2\/media?parent=4590"}],"curies":[{"name":"wp","href":"https:\/\/api.w.org\/{rel}","templated":true}]}}