{"id":4792,"date":"2026-05-13T09:01:44","date_gmt":"2026-05-13T14:01:44","guid":{"rendered":"https:\/\/intenalco.edu.co\/nuevo-portal\/?page_id=4792"},"modified":"2026-05-13T11:00:19","modified_gmt":"2026-05-13T16:00:19","slug":"grupos-etnicos-y-culturales","status":"publish","type":"page","link":"https:\/\/intenalco.edu.co\/nuevo-portal\/grupos-etnicos-y-culturales\/","title":{"rendered":"Grupos \u00e9tnicos y culturales"},"content":{"rendered":"<style>.kb-row-layout-wrap.wp-block-kadence-rowlayout.kb-row-layout-id4792_fbcd49-82{margin-bottom:var(--global-kb-spacing-md, 2rem);}.kb-row-layout-id4792_fbcd49-82 > .kt-row-column-wrap{align-content:start;}:where(.kb-row-layout-id4792_fbcd49-82 > .kt-row-column-wrap) > .wp-block-kadence-column{justify-content:start;}.kb-row-layout-id4792_fbcd49-82 > .kt-row-column-wrap{column-gap:var(--global-kb-gap-md, 2rem);row-gap:var(--global-kb-gap-md, 2rem);max-width:1140%;margin-left:auto;margin-right:auto;padding-top:var(--global-kb-spacing-md, 2rem);padding-bottom:var(--global-kb-spacing-3xl, 6.5rem);grid-template-columns:minmax(0, 1fr);}.kb-row-layout-id4792_fbcd49-82{background-image:url('https:\/\/intenalco.edu.co\/nuevo-portal\/wp-content\/uploads\/2026\/04\/imginfra1-scaled.webp');background-size:cover;background-position:64% 47%;background-attachment:scroll;background-repeat:no-repeat;}.kb-row-layout-id4792_fbcd49-82 > .kt-row-layout-overlay{opacity:0.80;background-color:var(--global-palette8, #F7FAFC);}@media all and (max-width: 1024px){.kb-row-layout-id4792_fbcd49-82 > .kt-row-column-wrap{grid-template-columns:minmax(0, 1fr);}}@media all and (max-width: 767px){.kb-row-layout-id4792_fbcd49-82 > .kt-row-column-wrap{padding-bottom:var(--global-kb-spacing-xl, 4rem);grid-template-columns:minmax(0, 1fr);}}<\/style><div class=\"kb-row-layout-wrap kb-row-layout-id4792_fbcd49-82 alignfull kt-row-has-bg wp-block-kadence-rowlayout\"><div class=\"kt-row-layout-overlay kt-row-overlay-normal\"><\/div><div class=\"kt-row-column-wrap kt-has-2-columns kt-row-layout-row kt-tab-layout-inherit kt-mobile-layout-row kt-row-valign-top\">\n<style>.kadence-column4792_11a7c4-27 > .kt-inside-inner-col,.kadence-column4792_11a7c4-27 > .kt-inside-inner-col:before{border-top-left-radius:0px;border-top-right-radius:0px;border-bottom-right-radius:0px;border-bottom-left-radius:0px;}.kadence-column4792_11a7c4-27 > .kt-inside-inner-col{column-gap:var(--global-kb-gap-sm, 1rem);}.kadence-column4792_11a7c4-27 > .kt-inside-inner-col{flex-direction:column;}.kadence-column4792_11a7c4-27 > .kt-inside-inner-col > .aligncenter{width:100%;}.kadence-column4792_11a7c4-27 > .kt-inside-inner-col:before{opacity:0.3;}.kadence-column4792_11a7c4-27{position:relative;}@media all and (max-width: 1024px){.kadence-column4792_11a7c4-27 > .kt-inside-inner-col{flex-direction:column;justify-content:center;}}@media all and (max-width: 767px){.kadence-column4792_11a7c4-27 > .kt-inside-inner-col{flex-direction:column;justify-content:center;}}<\/style>\n<div class=\"wp-block-kadence-column kadence-column4792_11a7c4-27\"><div class=\"kt-inside-inner-col\"><div class=\"breadcrumbs align wp-elements-509a5c14646158ba4c1176f49101eb9f wp-block-bcn-breadcrumb-trail has-text-color has-theme-palette-3-color has-background has-small-font-size\" vocab=\"https:\/\/schema.org\/\" typeof=\"BreadcrumbList\">\n\t<span><\/span>\n\t<span property=\"itemListElement\" typeof=\"ListItem\"><a property=\"item\" style=\"text-decoration: none\" typeof=\"WebPage\" title=\"Ir a Intenalco.\" href=\"https:\/\/intenalco.edu.co\/nuevo-portal\" class=\"home\" ><span style=\"color: #6c955c\" property=\"name\">Inicio<\/span><\/a><meta property=\"position\" content=\"1\"><\/span> &gt; <span property=\"itemListElement\" typeof=\"ListItem\"><a property=\"item\" typeof=\"WebPage\" title=\"Ir a Blog.\" href=\"https:\/\/intenalco.edu.co\/nuevo-portal\/blog\/\" class=\"post-root post post-post\" aria-current=\"page\"><span property=\"name\">Blog<\/span><\/a><meta property=\"position\" content=\"2\"><\/span><\/div>\n<\/div><\/div>\n\n\n<style>.kadence-column4792_fccd0c-c3 > .kt-inside-inner-col{padding-top:var(--global-kb-spacing-xs, 1rem);padding-right:var(--global-kb-spacing-3xl, 6.5rem);padding-bottom:var(--global-kb-spacing-xs, 1rem);padding-left:var(--global-kb-spacing-3xl, 6.5rem);}.kadence-column4792_fccd0c-c3 > .kt-inside-inner-col,.kadence-column4792_fccd0c-c3 > .kt-inside-inner-col:before{border-top-left-radius:0px;border-top-right-radius:0px;border-bottom-right-radius:0px;border-bottom-left-radius:0px;}.kadence-column4792_fccd0c-c3 > .kt-inside-inner-col{column-gap:var(--global-kb-gap-sm, 1rem);}.kadence-column4792_fccd0c-c3 > .kt-inside-inner-col{flex-direction:column;}.kadence-column4792_fccd0c-c3 > .kt-inside-inner-col > .aligncenter{width:100%;}.kadence-column4792_fccd0c-c3 > .kt-inside-inner-col:before{opacity:0.3;}.kadence-column4792_fccd0c-c3{position:relative;}@media all and (max-width: 1024px){.kadence-column4792_fccd0c-c3 > .kt-inside-inner-col{padding-top:0px;padding-right:0px;padding-bottom:0px;padding-left:0px;flex-direction:column;justify-content:center;}}@media all and (max-width: 767px){.kadence-column4792_fccd0c-c3 > .kt-inside-inner-col{flex-direction:column;justify-content:center;}}<\/style>\n<div class=\"wp-block-kadence-column kadence-column4792_fccd0c-c3 inner-column-1\"><div class=\"kt-inside-inner-col\"><style>.wp-block-kadence-advancedheading.kt-adv-heading4792_536bc3-7d, .wp-block-kadence-advancedheading.kt-adv-heading4792_536bc3-7d[data-kb-block=\"kb-adv-heading4792_536bc3-7d\"]{margin-top:0px;margin-bottom:var(--global-kb-spacing-sm, 1.5rem);text-align:center;font-size:var(--global-kb-font-size-xl, 3rem);line-height:1;font-weight:700;font-style:normal;font-family:var( --global-heading-font-family, inherit );letter-spacing:-1px;}.wp-block-kadence-advancedheading.kt-adv-heading4792_536bc3-7d mark.kt-highlight, .wp-block-kadence-advancedheading.kt-adv-heading4792_536bc3-7d[data-kb-block=\"kb-adv-heading4792_536bc3-7d\"] mark.kt-highlight{font-style:normal;color:#f76a0c;-webkit-box-decoration-break:clone;box-decoration-break:clone;padding-top:0px;padding-right:0px;padding-bottom:0px;padding-left:0px;}.wp-block-kadence-advancedheading.kt-adv-heading4792_536bc3-7d img.kb-inline-image, .wp-block-kadence-advancedheading.kt-adv-heading4792_536bc3-7d[data-kb-block=\"kb-adv-heading4792_536bc3-7d\"] img.kb-inline-image{width:150px;vertical-align:baseline;}@media all and (max-width: 767px){.wp-block-kadence-advancedheading.kt-adv-heading4792_536bc3-7d, .wp-block-kadence-advancedheading.kt-adv-heading4792_536bc3-7d[data-kb-block=\"kb-adv-heading4792_536bc3-7d\"]{font-size:var(--global-kb-font-size-lg, 2rem);}}<\/style>\n<h2 class=\"kt-adv-heading4792_536bc3-7d wp-block-kadence-advancedheading has-theme-palette-3-color has-text-color\" data-kb-block=\"kb-adv-heading4792_536bc3-7d\">Atenci\u00f3n alternativa para grupos \u00e9tnicos y culturales<\/h2>\n\n\n<style>.wp-block-kadence-advancedheading.kt-adv-heading4792_b632db-ac, .wp-block-kadence-advancedheading.kt-adv-heading4792_b632db-ac[data-kb-block=\"kb-adv-heading4792_b632db-ac\"]{max-width:1106px;margin-right:auto;margin-left:auto;margin-top:var(--global-kb-spacing-md, 2rem);margin-bottom:0px;text-align:center;font-size:var(--global-kb-font-size-md, 1.25rem);line-height:1;font-style:normal;letter-spacing:0px;}.wp-block-kadence-advancedheading.kt-adv-heading4792_b632db-ac mark.kt-highlight, .wp-block-kadence-advancedheading.kt-adv-heading4792_b632db-ac[data-kb-block=\"kb-adv-heading4792_b632db-ac\"] mark.kt-highlight{font-style:normal;color:#f76a0c;-webkit-box-decoration-break:clone;box-decoration-break:clone;padding-top:0px;padding-right:0px;padding-bottom:0px;padding-left:0px;}.wp-block-kadence-advancedheading.kt-adv-heading4792_b632db-ac img.kb-inline-image, .wp-block-kadence-advancedheading.kt-adv-heading4792_b632db-ac[data-kb-block=\"kb-adv-heading4792_b632db-ac\"] img.kb-inline-image{width:150px;vertical-align:baseline;}@media all and (max-width: 767px){.wp-block-kadence-advancedheading.kt-adv-heading4792_b632db-ac, .wp-block-kadence-advancedheading.kt-adv-heading4792_b632db-ac[data-kb-block=\"kb-adv-heading4792_b632db-ac\"]{font-size:var(--global-kb-font-size-sm, 0.9rem);}}<\/style>\n<p class=\"kt-adv-heading4792_b632db-ac wp-block-kadence-advancedheading has-theme-palette-3-color has-text-color\" data-kb-block=\"kb-adv-heading4792_b632db-ac\">Consulta los protocolos de atenci\u00f3n de distintos grupos \u00e9tnicos y culturales<\/p>\n<\/div><\/div>\n\n<\/div><\/div>\n\n<style>.kb-row-layout-id4792_a72923-dc > .kt-row-column-wrap{align-content:start;}:where(.kb-row-layout-id4792_a72923-dc > .kt-row-column-wrap) > .wp-block-kadence-column{justify-content:start;}.kb-row-layout-id4792_a72923-dc > .kt-row-column-wrap{column-gap:var(--global-kb-gap-md, 2rem);row-gap:var(--global-kb-gap-md, 2rem);max-width:var( --global-content-width, 1290px );padding-left:var(--global-content-edge-padding);padding-right:var(--global-content-edge-padding);padding-top:var(--global-kb-spacing-sm, 1.5rem);padding-bottom:var(--global-kb-spacing-sm, 1.5rem);}.kb-row-layout-id4792_a72923-dc > .kt-row-column-wrap > div:not(.added-for-specificity){grid-column:initial;}.kb-row-layout-id4792_a72923-dc > .kt-row-column-wrap{grid-template-columns:repeat(3, minmax(0, 1fr));}.kb-row-layout-id4792_a72923-dc > .kt-row-layout-overlay{opacity:0.30;}@media all and (max-width: 1024px){.kb-row-layout-id4792_a72923-dc > .kt-row-column-wrap > div:not(.added-for-specificity){grid-column:initial;}}@media all and (max-width: 1024px){.kb-row-layout-id4792_a72923-dc > .kt-row-column-wrap{grid-template-columns:repeat(3, minmax(0, 1fr));}}@media all and (max-width: 767px){.kb-row-layout-id4792_a72923-dc > .kt-row-column-wrap > div:not(.added-for-specificity){grid-column:initial;}.kb-row-layout-id4792_a72923-dc > .kt-row-column-wrap{grid-template-columns:minmax(0, 1fr);}}<\/style><div class=\"kb-row-layout-wrap kb-row-layout-id4792_a72923-dc alignnone wp-block-kadence-rowlayout\"><div class=\"kt-row-column-wrap kt-has-3-columns kt-row-layout-equal kt-tab-layout-inherit kt-mobile-layout-row kt-row-valign-top kb-theme-content-width\">\n<style>.kadence-column4792_247478-3c > .kt-inside-inner-col{display:flex;}.kadence-column4792_247478-3c > .kt-inside-inner-col,.kadence-column4792_247478-3c > .kt-inside-inner-col:before{border-top-left-radius:0px;border-top-right-radius:0px;border-bottom-right-radius:0px;border-bottom-left-radius:0px;}.kadence-column4792_247478-3c > .kt-inside-inner-col{column-gap:var(--global-kb-gap-sm, 1rem);}.kadence-column4792_247478-3c > .kt-inside-inner-col{flex-direction:column;align-items:center;}.kadence-column4792_247478-3c > .kt-inside-inner-col > .kb-image-is-ratio-size{align-self:stretch;}.kadence-column4792_247478-3c > .kt-inside-inner-col > .wp-block-kadence-advancedgallery{align-self:stretch;}.kadence-column4792_247478-3c > .kt-inside-inner-col > .aligncenter{width:100%;}.kadence-column4792_247478-3c > .kt-inside-inner-col:before{opacity:0.3;}.kadence-column4792_247478-3c{position:relative;}@media all and (max-width: 1024px){.kadence-column4792_247478-3c > .kt-inside-inner-col{flex-direction:column;justify-content:center;align-items:center;}}@media all and (max-width: 767px){.kadence-column4792_247478-3c > .kt-inside-inner-col{flex-direction:column;justify-content:center;align-items:center;}}<\/style>\n<div class=\"wp-block-kadence-column kadence-column4792_247478-3c\"><div class=\"kt-inside-inner-col\"><style>.kb-image4792_6b3887-d3 .kb-image-has-overlay:after{opacity:0.3;}<\/style>\n<figure class=\"wp-block-kadence-image kb-image4792_6b3887-d3 size-full\"><img loading=\"lazy\" decoding=\"async\" width=\"696\" height=\"269\" src=\"https:\/\/intenalco.edu.co\/nuevo-portal\/wp-content\/uploads\/2026\/05\/cultura-wayuu.webp\" alt=\"\" class=\"kb-img wp-image-4802\" srcset=\"https:\/\/intenalco.edu.co\/nuevo-portal\/wp-content\/uploads\/2026\/05\/cultura-wayuu.webp 696w, https:\/\/intenalco.edu.co\/nuevo-portal\/wp-content\/uploads\/2026\/05\/cultura-wayuu-300x116.webp 300w\" sizes=\"auto, (max-width: 696px) 100vw, 696px\" \/><\/figure>\n\n\n<style>.wp-block-kadence-advancedheading.kt-adv-heading4792_896e6e-d1, .wp-block-kadence-advancedheading.kt-adv-heading4792_896e6e-d1[data-kb-block=\"kb-adv-heading4792_896e6e-d1\"]{text-align:center;font-size:var(--global-kb-font-size-md, 1.25rem);font-weight:700;font-style:normal;font-family:var( --global-heading-font-family, inherit );}.wp-block-kadence-advancedheading.kt-adv-heading4792_896e6e-d1 mark.kt-highlight, .wp-block-kadence-advancedheading.kt-adv-heading4792_896e6e-d1[data-kb-block=\"kb-adv-heading4792_896e6e-d1\"] mark.kt-highlight{font-style:normal;color:#f76a0c;-webkit-box-decoration-break:clone;box-decoration-break:clone;padding-top:0px;padding-right:0px;padding-bottom:0px;padding-left:0px;}.wp-block-kadence-advancedheading.kt-adv-heading4792_896e6e-d1 img.kb-inline-image, .wp-block-kadence-advancedheading.kt-adv-heading4792_896e6e-d1[data-kb-block=\"kb-adv-heading4792_896e6e-d1\"] img.kb-inline-image{width:150px;vertical-align:baseline;}<\/style>\n<h2 class=\"kt-adv-heading4792_896e6e-d1 wp-block-kadence-advancedheading\" data-kb-block=\"kb-adv-heading4792_896e6e-d1\"><a href=\"https:\/\/www.intenalco.edu.co\/archivospublicos\/atencion.etnias\/Decreto%20Antenci%C3%B3n%20en%20Lenguas%20Nativas%20-%20en%20Lengua%20Wayuu%20-%20Intenalco.pdf\">DECRETO ATENCI\u00d3N LENGUAS NATIVAS EN LENGUA WAYUU<\/a><\/h2>\n<\/div><\/div>\n\n\n<style>.kadence-column4792_43edec-cc > .kt-inside-inner-col{display:flex;}.kadence-column4792_43edec-cc > .kt-inside-inner-col,.kadence-column4792_43edec-cc > .kt-inside-inner-col:before{border-top-left-radius:0px;border-top-right-radius:0px;border-bottom-right-radius:0px;border-bottom-left-radius:0px;}.kadence-column4792_43edec-cc > .kt-inside-inner-col{column-gap:var(--global-kb-gap-sm, 1rem);}.kadence-column4792_43edec-cc > .kt-inside-inner-col{flex-direction:column;align-items:center;}.kadence-column4792_43edec-cc > .kt-inside-inner-col > .kb-image-is-ratio-size{align-self:stretch;}.kadence-column4792_43edec-cc > .kt-inside-inner-col > .wp-block-kadence-advancedgallery{align-self:stretch;}.kadence-column4792_43edec-cc > .kt-inside-inner-col > .aligncenter{width:100%;}.kadence-column4792_43edec-cc > .kt-inside-inner-col:before{opacity:0.3;}.kadence-column4792_43edec-cc{position:relative;}@media all and (max-width: 1024px){.kadence-column4792_43edec-cc > .kt-inside-inner-col{flex-direction:column;justify-content:center;align-items:center;}}@media all and (max-width: 767px){.kadence-column4792_43edec-cc > .kt-inside-inner-col{flex-direction:column;justify-content:center;align-items:center;}}<\/style>\n<div class=\"wp-block-kadence-column kadence-column4792_43edec-cc\"><div class=\"kt-inside-inner-col\"><style>.kb-image4792_229ec8-86.kb-image-is-ratio-size, .kb-image4792_229ec8-86 .kb-image-is-ratio-size{max-width:214px;width:100%;}.wp-block-kadence-column > .kt-inside-inner-col > .kb-image4792_229ec8-86.kb-image-is-ratio-size, .wp-block-kadence-column > .kt-inside-inner-col > .kb-image4792_229ec8-86 .kb-image-is-ratio-size{align-self:unset;}.kb-image4792_229ec8-86{max-width:214px;}.image-is-svg.kb-image4792_229ec8-86{-webkit-flex:0 1 100%;flex:0 1 100%;}.image-is-svg.kb-image4792_229ec8-86 img{width:100%;}.kb-image4792_229ec8-86 .kb-image-has-overlay:after{opacity:0.3;}<\/style>\n<figure class=\"wp-block-kadence-image kb-image4792_229ec8-86 size-full\"><img loading=\"lazy\" decoding=\"async\" width=\"500\" height=\"352\" src=\"https:\/\/intenalco.edu.co\/nuevo-portal\/wp-content\/uploads\/2026\/05\/etnias-colombia.webp\" class=\"kb-img wp-image-4800\" srcset=\"https:\/\/intenalco.edu.co\/nuevo-portal\/wp-content\/uploads\/2026\/05\/etnias-colombia.webp 500w, https:\/\/intenalco.edu.co\/nuevo-portal\/wp-content\/uploads\/2026\/05\/etnias-colombia-300x211.webp 300w\" sizes=\"auto, (max-width: 500px) 100vw, 500px\" \/><\/figure>\n\n\n<style>.wp-block-kadence-advancedheading.kt-adv-heading4792_332718-85, .wp-block-kadence-advancedheading.kt-adv-heading4792_332718-85[data-kb-block=\"kb-adv-heading4792_332718-85\"]{text-align:center;font-size:var(--global-kb-font-size-md, 1.25rem);font-weight:700;font-style:normal;font-family:var( --global-heading-font-family, inherit );}.wp-block-kadence-advancedheading.kt-adv-heading4792_332718-85 mark.kt-highlight, .wp-block-kadence-advancedheading.kt-adv-heading4792_332718-85[data-kb-block=\"kb-adv-heading4792_332718-85\"] mark.kt-highlight{font-style:normal;color:#f76a0c;-webkit-box-decoration-break:clone;box-decoration-break:clone;padding-top:0px;padding-right:0px;padding-bottom:0px;padding-left:0px;}.wp-block-kadence-advancedheading.kt-adv-heading4792_332718-85 img.kb-inline-image, .wp-block-kadence-advancedheading.kt-adv-heading4792_332718-85[data-kb-block=\"kb-adv-heading4792_332718-85\"] img.kb-inline-image{width:150px;vertical-align:baseline;}<\/style>\n<h2 class=\"kt-adv-heading4792_332718-85 wp-block-kadence-advancedheading\" data-kb-block=\"kb-adv-heading4792_332718-85\"><a href=\"https:\/\/www.intenalco.edu.co\/archivospublicos\/atencion.etnias\/Protocolo%20de%20Atencion%20PQRSDF%20en%20Lenguas%20Nativas.pdf\">PROTOCOLO DE ATENCI\u00d3N PQRSDF EN LENGUAS NATIVAS<\/a><\/h2>\n<\/div><\/div>\n\n\n<style>.kadence-column4792_9e71e1-10 > .kt-inside-inner-col{display:flex;}.kadence-column4792_9e71e1-10 > .kt-inside-inner-col,.kadence-column4792_9e71e1-10 > .kt-inside-inner-col:before{border-top-left-radius:0px;border-top-right-radius:0px;border-bottom-right-radius:0px;border-bottom-left-radius:0px;}.kadence-column4792_9e71e1-10 > .kt-inside-inner-col{column-gap:var(--global-kb-gap-sm, 1rem);}.kadence-column4792_9e71e1-10 > .kt-inside-inner-col{flex-direction:column;align-items:center;}.kadence-column4792_9e71e1-10 > .kt-inside-inner-col > .kb-image-is-ratio-size{align-self:stretch;}.kadence-column4792_9e71e1-10 > .kt-inside-inner-col > .wp-block-kadence-advancedgallery{align-self:stretch;}.kadence-column4792_9e71e1-10 > .kt-inside-inner-col > .aligncenter{width:100%;}.kadence-column4792_9e71e1-10 > .kt-inside-inner-col:before{opacity:0.3;}.kadence-column4792_9e71e1-10{position:relative;}@media all and (max-width: 1024px){.kadence-column4792_9e71e1-10 > .kt-inside-inner-col{flex-direction:column;justify-content:center;align-items:center;}}@media all and (max-width: 767px){.kadence-column4792_9e71e1-10 > .kt-inside-inner-col{flex-direction:column;justify-content:center;align-items:center;}}<\/style>\n<div class=\"wp-block-kadence-column kadence-column4792_9e71e1-10\"><div class=\"kt-inside-inner-col\"><style>.kb-image4792_2ab1b7-60.kb-image-is-ratio-size, .kb-image4792_2ab1b7-60 .kb-image-is-ratio-size{max-width:2000px;width:100%;}.wp-block-kadence-column > .kt-inside-inner-col > .kb-image4792_2ab1b7-60.kb-image-is-ratio-size, .wp-block-kadence-column > .kt-inside-inner-col > .kb-image4792_2ab1b7-60 .kb-image-is-ratio-size{align-self:unset;}.kb-image4792_2ab1b7-60{max-width:2000px;}.image-is-svg.kb-image4792_2ab1b7-60{-webkit-flex:0 1 100%;flex:0 1 100%;}.image-is-svg.kb-image4792_2ab1b7-60 img{width:100%;}.kb-image4792_2ab1b7-60:not(.kb-image-is-ratio-size) .kb-img, .kb-image4792_2ab1b7-60.kb-image-is-ratio-size{padding-bottom:var(--global-kb-spacing-xs, 1rem);}.kb-image4792_2ab1b7-60 .kb-image-has-overlay:after{opacity:0.3;}<\/style>\n<figure class=\"wp-block-kadence-image kb-image4792_2ab1b7-60 size-full\"><img loading=\"lazy\" decoding=\"async\" width=\"690\" height=\"232\" src=\"https:\/\/intenalco.edu.co\/nuevo-portal\/wp-content\/uploads\/2026\/05\/lenguas-afro-palenquera-y-kriol-colombia.webp\" alt=\"\" class=\"kb-img wp-image-4801\" srcset=\"https:\/\/intenalco.edu.co\/nuevo-portal\/wp-content\/uploads\/2026\/05\/lenguas-afro-palenquera-y-kriol-colombia.webp 690w, https:\/\/intenalco.edu.co\/nuevo-portal\/wp-content\/uploads\/2026\/05\/lenguas-afro-palenquera-y-kriol-colombia-300x101.webp 300w\" sizes=\"auto, (max-width: 690px) 100vw, 690px\" \/><\/figure>\n\n\n<style>.wp-block-kadence-advancedheading.kt-adv-heading4792_a9b50b-6e, .wp-block-kadence-advancedheading.kt-adv-heading4792_a9b50b-6e[data-kb-block=\"kb-adv-heading4792_a9b50b-6e\"]{text-align:center;font-size:var(--global-kb-font-size-md, 1.25rem);font-weight:700;font-style:normal;font-family:var( --global-heading-font-family, inherit );}.wp-block-kadence-advancedheading.kt-adv-heading4792_a9b50b-6e mark.kt-highlight, .wp-block-kadence-advancedheading.kt-adv-heading4792_a9b50b-6e[data-kb-block=\"kb-adv-heading4792_a9b50b-6e\"] mark.kt-highlight{font-style:normal;color:#f76a0c;-webkit-box-decoration-break:clone;box-decoration-break:clone;padding-top:0px;padding-right:0px;padding-bottom:0px;padding-left:0px;}.wp-block-kadence-advancedheading.kt-adv-heading4792_a9b50b-6e img.kb-inline-image, .wp-block-kadence-advancedheading.kt-adv-heading4792_a9b50b-6e[data-kb-block=\"kb-adv-heading4792_a9b50b-6e\"] img.kb-inline-image{width:150px;vertical-align:baseline;}<\/style>\n<h2 class=\"kt-adv-heading4792_a9b50b-6e wp-block-kadence-advancedheading\" data-kb-block=\"kb-adv-heading4792_a9b50b-6e\"><a href=\"https:\/\/www.intenalco.edu.co\/archivospublicos\/atencion.etnias\/Procedimiento%20Atencion%20Etnias%20-%20en%20Lengua%20Kriol%20-%20Intenalco.pdf\">PROCEDIMIENTO ATENCI\u00d3N ETNIAS EN LENGUAJE KRIOL<\/a><\/h2>\n<\/div><\/div>\n\n<\/div><\/div>","protected":false},"excerpt":{"rendered":"<p>Atenci\u00f3n alternativa para grupos \u00e9tnicos y culturales Consulta los protocolos de atenci\u00f3n de distintos grupos \u00e9tnicos y culturales DECRETO ATENCI\u00d3N LENGUAS NATIVAS EN LENGUA WAYUU PROTOCOLO DE ATENCI\u00d3N PQRSDF EN LENGUAS NATIVAS PROCEDIMIENTO ATENCI\u00d3N ETNIAS EN LENGUAJE KRIOL<\/p>\n","protected":false},"author":1,"featured_media":0,"parent":0,"menu_order":0,"comment_status":"closed","ping_status":"closed","template":"","meta":{"_uag_custom_page_level_css":"","_kadence_starter_templates_imported_post":false,"_kad_post_transparent":"","_kad_post_title":"","_kad_post_layout":"","_kad_post_sidebar_id":"","_kad_post_content_style":"","_kad_post_vertical_padding":"","_kad_post_feature":"","_kad_post_feature_position":"","_kad_post_header":false,"_kad_post_footer":false,"_kad_post_classname":"","footnotes":""},"class_list":["post-4792","page","type-page","status-publish","hentry"],"uagb_featured_image_src":{"full":false,"thumbnail":false,"medium":false,"medium_large":false,"large":false,"1536x1536":false,"2048x2048":false},"uagb_author_info":{"display_name":"auxsistemas05","author_link":"https:\/\/intenalco.edu.co\/nuevo-portal\/author\/auxsistemas05\/"},"uagb_comment_info":0,"uagb_excerpt":"Atenci\u00f3n alternativa para grupos \u00e9tnicos y culturales Consulta los protocolos de atenci\u00f3n de distintos grupos \u00e9tnicos y culturales DECRETO ATENCI\u00d3N LENGUAS NATIVAS EN LENGUA WAYUU PROTOCOLO DE ATENCI\u00d3N PQRSDF EN LENGUAS NATIVAS PROCEDIMIENTO ATENCI\u00d3N ETNIAS EN LENGUAJE KRIOL","_links":{"self":[{"href":"https:\/\/intenalco.edu.co\/nuevo-portal\/wp-json\/wp\/v2\/pages\/4792","targetHints":{"allow":["GET"]}}],"collection":[{"href":"https:\/\/intenalco.edu.co\/nuevo-portal\/wp-json\/wp\/v2\/pages"}],"about":[{"href":"https:\/\/intenalco.edu.co\/nuevo-portal\/wp-json\/wp\/v2\/types\/page"}],"author":[{"embeddable":true,"href":"https:\/\/intenalco.edu.co\/nuevo-portal\/wp-json\/wp\/v2\/users\/1"}],"replies":[{"embeddable":true,"href":"https:\/\/intenalco.edu.co\/nuevo-portal\/wp-json\/wp\/v2\/comments?post=4792"}],"version-history":[{"count":14,"href":"https:\/\/intenalco.edu.co\/nuevo-portal\/wp-json\/wp\/v2\/pages\/4792\/revisions"}],"predecessor-version":[{"id":4811,"href":"https:\/\/intenalco.edu.co\/nuevo-portal\/wp-json\/wp\/v2\/pages\/4792\/revisions\/4811"}],"wp:attachment":[{"href":"https:\/\/intenalco.edu.co\/nuevo-portal\/wp-json\/wp\/v2\/media?parent=4792"}],"curies":[{"name":"wp","href":"https:\/\/api.w.org\/{rel}","templated":true}]}}