{"id":4813,"date":"2026-05-13T11:31:31","date_gmt":"2026-05-13T16:31:31","guid":{"rendered":"https:\/\/intenalco.edu.co\/nuevo-portal\/?page_id=4813"},"modified":"2026-05-13T13:09:11","modified_gmt":"2026-05-13T18:09:11","slug":"seguimiento-solicitudes","status":"publish","type":"page","link":"https:\/\/intenalco.edu.co\/nuevo-portal\/seguimiento-solicitudes\/","title":{"rendered":"Seguimiento solicitudes"},"content":{"rendered":"<style>.kb-row-layout-id4813_650471-15 > .kt-row-column-wrap{align-content:start;}:where(.kb-row-layout-id4813_650471-15 > .kt-row-column-wrap) > .wp-block-kadence-column{justify-content:start;}.kb-row-layout-id4813_650471-15 > .kt-row-column-wrap{column-gap:var(--global-kb-gap-md, 2rem);row-gap:var(--global-kb-gap-md, 2rem);max-width:1140%;margin-left:auto;margin-right:auto;padding-top:var(--global-kb-spacing-md, 2rem);padding-bottom:var(--global-kb-spacing-3xl, 6.5rem);grid-template-columns:minmax(0, 1fr);}.kb-row-layout-id4813_650471-15{background-image:url('https:\/\/intenalco.edu.co\/nuevo-portal\/wp-content\/uploads\/2026\/04\/imginfra1-scaled.webp');background-size:cover;background-position:73% 33%;background-attachment:scroll;background-repeat:no-repeat;}.kb-row-layout-id4813_650471-15 > .kt-row-layout-overlay{opacity:0.80;background-color:var(--global-palette8, #F7FAFC);}@media all and (max-width: 1024px){.kb-row-layout-id4813_650471-15 > .kt-row-column-wrap{grid-template-columns:minmax(0, 1fr);}}@media all and (max-width: 767px){.kb-row-layout-id4813_650471-15 > .kt-row-column-wrap{padding-bottom:var(--global-kb-spacing-xl, 4rem);grid-template-columns:minmax(0, 1fr);}}<\/style><div class=\"kb-row-layout-wrap kb-row-layout-id4813_650471-15 alignfull kt-row-has-bg wp-block-kadence-rowlayout\"><div class=\"kt-row-layout-overlay kt-row-overlay-normal\"><\/div><div class=\"kt-row-column-wrap kt-has-2-columns kt-row-layout-row kt-tab-layout-inherit kt-mobile-layout-row kt-row-valign-top\">\n<style>.kadence-column4813_ab35da-71 > .kt-inside-inner-col,.kadence-column4813_ab35da-71 > .kt-inside-inner-col:before{border-top-left-radius:0px;border-top-right-radius:0px;border-bottom-right-radius:0px;border-bottom-left-radius:0px;}.kadence-column4813_ab35da-71 > .kt-inside-inner-col{column-gap:var(--global-kb-gap-sm, 1rem);}.kadence-column4813_ab35da-71 > .kt-inside-inner-col{flex-direction:column;}.kadence-column4813_ab35da-71 > .kt-inside-inner-col > .aligncenter{width:100%;}.kadence-column4813_ab35da-71 > .kt-inside-inner-col:before{opacity:0.3;}.kadence-column4813_ab35da-71{position:relative;}@media all and (max-width: 1024px){.kadence-column4813_ab35da-71 > .kt-inside-inner-col{flex-direction:column;justify-content:center;}}@media all and (max-width: 767px){.kadence-column4813_ab35da-71 > .kt-inside-inner-col{flex-direction:column;justify-content:center;}}<\/style>\n<div class=\"wp-block-kadence-column kadence-column4813_ab35da-71\"><div class=\"kt-inside-inner-col\"><div class=\"breadcrumbs align wp-elements-509a5c14646158ba4c1176f49101eb9f wp-block-bcn-breadcrumb-trail has-text-color has-theme-palette-3-color has-background has-small-font-size\" vocab=\"https:\/\/schema.org\/\" typeof=\"BreadcrumbList\">\n\t<span><\/span>\n\t<span property=\"itemListElement\" typeof=\"ListItem\"><a property=\"item\" style=\"text-decoration: none\" typeof=\"WebPage\" title=\"Ir a Intenalco.\" href=\"https:\/\/intenalco.edu.co\/nuevo-portal\" class=\"home\" ><span style=\"color: #6c955c\" property=\"name\">Inicio<\/span><\/a><meta property=\"position\" content=\"1\"><\/span> &gt; <span property=\"itemListElement\" typeof=\"ListItem\"><a property=\"item\" typeof=\"WebPage\" title=\"Ir a Blog.\" href=\"https:\/\/intenalco.edu.co\/nuevo-portal\/blog\/\" class=\"post-root post post-post\" aria-current=\"page\"><span property=\"name\">Blog<\/span><\/a><meta property=\"position\" content=\"2\"><\/span><\/div>\n<\/div><\/div>\n\n\n<style>.kadence-column4813_fed142-51 > .kt-inside-inner-col{padding-top:var(--global-kb-spacing-xs, 1rem);padding-right:var(--global-kb-spacing-3xl, 6.5rem);padding-bottom:var(--global-kb-spacing-xs, 1rem);padding-left:var(--global-kb-spacing-3xl, 6.5rem);}.kadence-column4813_fed142-51 > .kt-inside-inner-col,.kadence-column4813_fed142-51 > .kt-inside-inner-col:before{border-top-left-radius:0px;border-top-right-radius:0px;border-bottom-right-radius:0px;border-bottom-left-radius:0px;}.kadence-column4813_fed142-51 > .kt-inside-inner-col{column-gap:var(--global-kb-gap-sm, 1rem);}.kadence-column4813_fed142-51 > .kt-inside-inner-col{flex-direction:column;}.kadence-column4813_fed142-51 > .kt-inside-inner-col > .aligncenter{width:100%;}.kadence-column4813_fed142-51 > .kt-inside-inner-col:before{opacity:0.3;}.kadence-column4813_fed142-51{position:relative;}@media all and (max-width: 1024px){.kadence-column4813_fed142-51 > .kt-inside-inner-col{padding-top:0px;padding-right:0px;padding-bottom:0px;padding-left:0px;flex-direction:column;justify-content:center;}}@media all and (max-width: 767px){.kadence-column4813_fed142-51 > .kt-inside-inner-col{flex-direction:column;justify-content:center;}}<\/style>\n<div class=\"wp-block-kadence-column kadence-column4813_fed142-51 inner-column-1\"><div class=\"kt-inside-inner-col\"><style>.wp-block-kadence-advancedheading.kt-adv-heading4813_4741bf-bc, .wp-block-kadence-advancedheading.kt-adv-heading4813_4741bf-bc[data-kb-block=\"kb-adv-heading4813_4741bf-bc\"]{margin-top:0px;margin-bottom:var(--global-kb-spacing-sm, 1.5rem);text-align:center;font-size:var(--global-kb-font-size-xl, 3rem);line-height:1;font-weight:700;font-style:normal;font-family:var( --global-heading-font-family, inherit );letter-spacing:-1px;}.wp-block-kadence-advancedheading.kt-adv-heading4813_4741bf-bc mark.kt-highlight, .wp-block-kadence-advancedheading.kt-adv-heading4813_4741bf-bc[data-kb-block=\"kb-adv-heading4813_4741bf-bc\"] mark.kt-highlight{font-style:normal;color:#f76a0c;-webkit-box-decoration-break:clone;box-decoration-break:clone;padding-top:0px;padding-right:0px;padding-bottom:0px;padding-left:0px;}.wp-block-kadence-advancedheading.kt-adv-heading4813_4741bf-bc img.kb-inline-image, .wp-block-kadence-advancedheading.kt-adv-heading4813_4741bf-bc[data-kb-block=\"kb-adv-heading4813_4741bf-bc\"] img.kb-inline-image{width:150px;vertical-align:baseline;}@media all and (max-width: 767px){.wp-block-kadence-advancedheading.kt-adv-heading4813_4741bf-bc, .wp-block-kadence-advancedheading.kt-adv-heading4813_4741bf-bc[data-kb-block=\"kb-adv-heading4813_4741bf-bc\"]{font-size:var(--global-kb-font-size-lg, 2rem);}}<\/style>\n<h2 class=\"kt-adv-heading4813_4741bf-bc wp-block-kadence-advancedheading has-theme-palette-3-color has-text-color\" data-kb-block=\"kb-adv-heading4813_4741bf-bc\">Seguimiento solicitudes<\/h2>\n\n\n<style>.wp-block-kadence-advancedheading.kt-adv-heading4813_eacaa9-17, .wp-block-kadence-advancedheading.kt-adv-heading4813_eacaa9-17[data-kb-block=\"kb-adv-heading4813_eacaa9-17\"]{max-width:1106px;margin-right:auto;margin-left:auto;margin-top:var(--global-kb-spacing-md, 2rem);margin-bottom:0px;text-align:center;font-size:var(--global-kb-font-size-md, 1.25rem);line-height:1;font-style:normal;letter-spacing:0px;}.wp-block-kadence-advancedheading.kt-adv-heading4813_eacaa9-17 mark.kt-highlight, .wp-block-kadence-advancedheading.kt-adv-heading4813_eacaa9-17[data-kb-block=\"kb-adv-heading4813_eacaa9-17\"] mark.kt-highlight{font-style:normal;color:#f76a0c;-webkit-box-decoration-break:clone;box-decoration-break:clone;padding-top:0px;padding-right:0px;padding-bottom:0px;padding-left:0px;}.wp-block-kadence-advancedheading.kt-adv-heading4813_eacaa9-17 img.kb-inline-image, .wp-block-kadence-advancedheading.kt-adv-heading4813_eacaa9-17[data-kb-block=\"kb-adv-heading4813_eacaa9-17\"] img.kb-inline-image{width:150px;vertical-align:baseline;}@media all and (max-width: 767px){.wp-block-kadence-advancedheading.kt-adv-heading4813_eacaa9-17, .wp-block-kadence-advancedheading.kt-adv-heading4813_eacaa9-17[data-kb-block=\"kb-adv-heading4813_eacaa9-17\"]{font-size:var(--global-kb-font-size-sm, 0.9rem);}}<\/style>\n<p class=\"kt-adv-heading4813_eacaa9-17 wp-block-kadence-advancedheading has-theme-palette-3-color has-text-color\" data-kb-block=\"kb-adv-heading4813_eacaa9-17\">Medios por los cuales se hacen seguimiento a las solicitudes<\/p>\n<\/div><\/div>\n\n<\/div><\/div>\n\n<style>.kb-row-layout-id4813_21e19a-d8 > .kt-row-column-wrap{align-content:start;}:where(.kb-row-layout-id4813_21e19a-d8 > .kt-row-column-wrap) > .wp-block-kadence-column{justify-content:start;}.kb-row-layout-id4813_21e19a-d8 > .kt-row-column-wrap{column-gap:var(--global-kb-gap-md, 2rem);row-gap:var(--global-kb-gap-md, 2rem);max-width:var( --global-content-width, 1290px );padding-left:var(--global-content-edge-padding);padding-right:var(--global-content-edge-padding);padding-top:var(--global-kb-spacing-sm, 1.5rem);padding-bottom:var(--global-kb-spacing-sm, 1.5rem);grid-template-columns:repeat(2, minmax(0, 1fr));}.kb-row-layout-id4813_21e19a-d8 > .kt-row-layout-overlay{opacity:0.30;}@media all and (max-width: 1024px){.kb-row-layout-id4813_21e19a-d8 > .kt-row-column-wrap{grid-template-columns:repeat(2, minmax(0, 1fr));}}@media all and (max-width: 767px){.kb-row-layout-id4813_21e19a-d8 > .kt-row-column-wrap{grid-template-columns:minmax(0, 1fr);}}<\/style><div class=\"kb-row-layout-wrap kb-row-layout-id4813_21e19a-d8 alignnone wp-block-kadence-rowlayout\"><div class=\"kt-row-column-wrap kt-has-2-columns kt-row-layout-equal kt-tab-layout-inherit kt-mobile-layout-row kt-row-valign-top kb-theme-content-width\">\n<style>.kadence-column4813_70801e-2f > .kt-inside-inner-col{padding-top:var(--global-kb-spacing-xs, 1rem);padding-right:var(--global-kb-spacing-xs, 1rem);padding-bottom:var(--global-kb-spacing-xs, 1rem);padding-left:var(--global-kb-spacing-xs, 1rem);}.kadence-column4813_70801e-2f > .kt-inside-inner-col{border-top:2px solid var(--global-palette1, #3182CE);border-right:2px solid var(--global-palette1, #3182CE);border-bottom:2px solid var(--global-palette1, #3182CE);border-left:2px solid var(--global-palette1, #3182CE);}.kadence-column4813_70801e-2f > .kt-inside-inner-col,.kadence-column4813_70801e-2f > .kt-inside-inner-col:before{border-top-left-radius:12px;border-top-right-radius:12px;border-bottom-right-radius:12px;border-bottom-left-radius:12px;}.kadence-column4813_70801e-2f > .kt-inside-inner-col{column-gap:var(--global-kb-gap-sm, 1rem);}.kadence-column4813_70801e-2f > .kt-inside-inner-col{flex-direction:column;}.kadence-column4813_70801e-2f > .kt-inside-inner-col > .aligncenter{width:100%;}.kadence-column4813_70801e-2f > .kt-inside-inner-col:before{opacity:0.3;}.kadence-column4813_70801e-2f{position:relative;}@media all and (max-width: 1024px){.kadence-column4813_70801e-2f > .kt-inside-inner-col{border-top:2px solid var(--global-palette1, #3182CE);border-right:2px solid var(--global-palette1, #3182CE);border-bottom:2px solid var(--global-palette1, #3182CE);border-left:2px solid var(--global-palette1, #3182CE);flex-direction:column;justify-content:center;}}@media all and (max-width: 767px){.kadence-column4813_70801e-2f > .kt-inside-inner-col{border-top:2px solid var(--global-palette1, #3182CE);border-right:2px solid var(--global-palette1, #3182CE);border-bottom:2px solid var(--global-palette1, #3182CE);border-left:2px solid var(--global-palette1, #3182CE);flex-direction:column;justify-content:center;}}<\/style>\n<div class=\"wp-block-kadence-column kadence-column4813_70801e-2f\"><div class=\"kt-inside-inner-col\"><style>.wp-block-kadence-advancedheading.kt-adv-heading4813_f84f8a-41, .wp-block-kadence-advancedheading.kt-adv-heading4813_f84f8a-41[data-kb-block=\"kb-adv-heading4813_f84f8a-41\"]{text-align:center;font-style:normal;}.wp-block-kadence-advancedheading.kt-adv-heading4813_f84f8a-41 mark.kt-highlight, .wp-block-kadence-advancedheading.kt-adv-heading4813_f84f8a-41[data-kb-block=\"kb-adv-heading4813_f84f8a-41\"] mark.kt-highlight{font-style:normal;color:#f76a0c;-webkit-box-decoration-break:clone;box-decoration-break:clone;padding-top:0px;padding-right:0px;padding-bottom:0px;padding-left:0px;}.wp-block-kadence-advancedheading.kt-adv-heading4813_f84f8a-41 img.kb-inline-image, .wp-block-kadence-advancedheading.kt-adv-heading4813_f84f8a-41[data-kb-block=\"kb-adv-heading4813_f84f8a-41\"] img.kb-inline-image{width:150px;vertical-align:baseline;}<\/style>\n<p class=\"kt-adv-heading4813_f84f8a-41 wp-block-kadence-advancedheading\" data-kb-block=\"kb-adv-heading4813_f84f8a-41\">Cada vez que recibimos una Solicitud de PQRSDF por cualquiera de los medios de atenci\u00f3n,<br>La funcionaria de la ventanilla de atenci\u00f3n al ciudadano, ingresa la PQR a nuestro\u00a0<strong>Sistema SEVENET<br><\/strong>y el sistema asigna un\u00a0<strong>N\u00famero de RADICADO<\/strong>.<\/p>\n\n\n\n<div class=\"wp-block-uagb-image uagb-block-0921ec99 wp-block-uagb-image--layout-default wp-block-uagb-image--effect-zoomin wp-block-uagb-image--align-none\"><figure class=\"wp-block-uagb-image__figure\"><img decoding=\"async\" srcset=\"https:\/\/intenalco.edu.co\/nuevo-portal\/wp-content\/uploads\/2026\/05\/logoSevenet.webp ,https:\/\/intenalco.edu.co\/nuevo-portal\/wp-content\/uploads\/2026\/05\/logoSevenet.webp 780w, https:\/\/intenalco.edu.co\/nuevo-portal\/wp-content\/uploads\/2026\/05\/logoSevenet.webp 360w\" sizes=\"auto, (max-width: 480px) 150px\" src=\"https:\/\/intenalco.edu.co\/nuevo-portal\/wp-content\/uploads\/2026\/05\/logoSevenet.webp\" alt=\"\" class=\"uag-image-4814\" width=\"226\" height=\"151\" title=\"logoSevenet\" loading=\"lazy\" role=\"img\"\/><\/figure><\/div>\n<\/div><\/div>\n\n\n<style>.kadence-column4813_031242-dd > .kt-inside-inner-col{padding-top:var(--global-kb-spacing-xs, 1rem);padding-right:var(--global-kb-spacing-xs, 1rem);padding-bottom:var(--global-kb-spacing-xxs, 0.5rem);padding-left:var(--global-kb-spacing-xs, 1rem);}.kadence-column4813_031242-dd > .kt-inside-inner-col{border-top:2px solid var(--global-palette1, #3182CE);border-right:2px solid var(--global-palette1, #3182CE);border-bottom:2px solid var(--global-palette1, #3182CE);border-left:2px solid var(--global-palette1, #3182CE);}.kadence-column4813_031242-dd > .kt-inside-inner-col,.kadence-column4813_031242-dd > .kt-inside-inner-col:before{border-top-left-radius:12px;border-top-right-radius:12px;border-bottom-right-radius:12px;border-bottom-left-radius:12px;}.kadence-column4813_031242-dd > .kt-inside-inner-col{column-gap:var(--global-kb-gap-sm, 1rem);}.kadence-column4813_031242-dd > .kt-inside-inner-col{flex-direction:column;}.kadence-column4813_031242-dd > .kt-inside-inner-col > .aligncenter{width:100%;}.kadence-column4813_031242-dd > .kt-inside-inner-col:before{opacity:0.3;}.kadence-column4813_031242-dd{position:relative;}@media all and (max-width: 1024px){.kadence-column4813_031242-dd > .kt-inside-inner-col{border-top:2px solid var(--global-palette1, #3182CE);border-right:2px solid var(--global-palette1, #3182CE);border-bottom:2px solid var(--global-palette1, #3182CE);border-left:2px solid var(--global-palette1, #3182CE);flex-direction:column;justify-content:center;}}@media all and (max-width: 767px){.kadence-column4813_031242-dd > .kt-inside-inner-col{border-top:2px solid var(--global-palette1, #3182CE);border-right:2px solid var(--global-palette1, #3182CE);border-bottom:2px solid var(--global-palette1, #3182CE);border-left:2px solid var(--global-palette1, #3182CE);flex-direction:column;justify-content:center;}}<\/style>\n<div class=\"wp-block-kadence-column kadence-column4813_031242-dd\"><div class=\"kt-inside-inner-col\"><style>.wp-block-kadence-advancedheading.kt-adv-heading4813_4b9f12-0e, .wp-block-kadence-advancedheading.kt-adv-heading4813_4b9f12-0e[data-kb-block=\"kb-adv-heading4813_4b9f12-0e\"]{text-align:center;font-style:normal;}.wp-block-kadence-advancedheading.kt-adv-heading4813_4b9f12-0e mark.kt-highlight, .wp-block-kadence-advancedheading.kt-adv-heading4813_4b9f12-0e[data-kb-block=\"kb-adv-heading4813_4b9f12-0e\"] mark.kt-highlight{font-style:normal;color:#f76a0c;-webkit-box-decoration-break:clone;box-decoration-break:clone;padding-top:0px;padding-right:0px;padding-bottom:0px;padding-left:0px;}.wp-block-kadence-advancedheading.kt-adv-heading4813_4b9f12-0e img.kb-inline-image, .wp-block-kadence-advancedheading.kt-adv-heading4813_4b9f12-0e[data-kb-block=\"kb-adv-heading4813_4b9f12-0e\"] img.kb-inline-image{width:150px;vertical-align:baseline;}<\/style>\n<p class=\"kt-adv-heading4813_4b9f12-0e wp-block-kadence-advancedheading\" data-kb-block=\"kb-adv-heading4813_4b9f12-0e\">La funcionaria de la ventanilla de atenci\u00f3n al ciudadano, le enviar\u00e1 un correo electr\u00f3nico en donde se le informa su n\u00famero de radicado asignado.<br>El correo que recepcionamos, es el que usted mismo diligenci\u00f3 en nuestro <strong>Formulario de PQRSDF<\/strong><\/p>\n\n\n\n<div class=\"wp-block-uagb-image uagb-block-5452d624 wp-block-uagb-image--layout-default wp-block-uagb-image--effect-zoomin wp-block-uagb-image--align-none\"><figure class=\"wp-block-uagb-image__figure\"><a class=\"\" href=\"https:\/\/intenalco.edu.co\/nuevo-portal\/pqrsdf\/\" target=\"\" rel=\"noopener\"><img decoding=\"async\" srcset=\"https:\/\/intenalco.edu.co\/nuevo-portal\/wp-content\/uploads\/2026\/05\/pqrsdfLogo.png ,https:\/\/intenalco.edu.co\/nuevo-portal\/wp-content\/uploads\/2026\/05\/pqrsdfLogo.png 780w, https:\/\/intenalco.edu.co\/nuevo-portal\/wp-content\/uploads\/2026\/05\/pqrsdfLogo.png 360w\" sizes=\"auto, (max-width: 480px) 150px\" src=\"https:\/\/intenalco.edu.co\/nuevo-portal\/wp-content\/uploads\/2026\/05\/pqrsdfLogo.png\" alt=\"\" class=\"uag-image-4818\" width=\"157\" height=\"157\" title=\"pqrsdfLogo\" loading=\"lazy\" role=\"img\"\/><\/a><\/figure><\/div>\n<\/div><\/div>\n\n<\/div><\/div>\n\n<style>.kb-row-layout-id4813_acb220-73 > .kt-row-column-wrap{align-content:start;}:where(.kb-row-layout-id4813_acb220-73 > .kt-row-column-wrap) > .wp-block-kadence-column{justify-content:start;}.kb-row-layout-id4813_acb220-73 > .kt-row-column-wrap{column-gap:var(--global-kb-gap-md, 2rem);row-gap:var(--global-kb-gap-md, 2rem);max-width:var( --global-content-width, 1290px );padding-left:var(--global-content-edge-padding);padding-right:var(--global-content-edge-padding);padding-top:var(--global-kb-spacing-sm, 1.5rem);padding-bottom:var(--global-kb-spacing-sm, 1.5rem);grid-template-columns:minmax(0, 1fr);}.kb-row-layout-id4813_acb220-73 > .kt-row-layout-overlay{opacity:0.30;}@media all and (max-width: 1024px){.kb-row-layout-id4813_acb220-73 > .kt-row-column-wrap{grid-template-columns:minmax(0, 1fr);}}@media all and (max-width: 767px){.kb-row-layout-id4813_acb220-73 > .kt-row-column-wrap{grid-template-columns:minmax(0, 1fr);}}<\/style><div class=\"kb-row-layout-wrap kb-row-layout-id4813_acb220-73 alignnone wp-block-kadence-rowlayout\"><div class=\"kt-row-column-wrap kt-has-1-columns kt-row-layout-equal kt-tab-layout-inherit kt-mobile-layout-row kt-row-valign-top kb-theme-content-width\">\n<style>.kadence-column4813_0086e4-e1 > .kt-inside-inner-col,.kadence-column4813_0086e4-e1 > .kt-inside-inner-col:before{border-top-left-radius:0px;border-top-right-radius:0px;border-bottom-right-radius:0px;border-bottom-left-radius:0px;}.kadence-column4813_0086e4-e1 > .kt-inside-inner-col{column-gap:var(--global-kb-gap-sm, 1rem);}.kadence-column4813_0086e4-e1 > .kt-inside-inner-col{flex-direction:column;}.kadence-column4813_0086e4-e1 > .kt-inside-inner-col > .aligncenter{width:100%;}.kadence-column4813_0086e4-e1 > .kt-inside-inner-col:before{opacity:0.3;}.kadence-column4813_0086e4-e1{position:relative;}@media all and (max-width: 1024px){.kadence-column4813_0086e4-e1 > .kt-inside-inner-col{flex-direction:column;justify-content:center;}}@media all and (max-width: 767px){.kadence-column4813_0086e4-e1 > .kt-inside-inner-col{flex-direction:column;justify-content:center;}}<\/style>\n<div class=\"wp-block-kadence-column kadence-column4813_0086e4-e1\"><div class=\"kt-inside-inner-col\"><style>.wp-block-kadence-advancedheading.kt-adv-heading4813_3ed0fd-60, .wp-block-kadence-advancedheading.kt-adv-heading4813_3ed0fd-60[data-kb-block=\"kb-adv-heading4813_3ed0fd-60\"]{text-align:center;font-size:var(--global-kb-font-size-md, 1.25rem);font-style:normal;}.wp-block-kadence-advancedheading.kt-adv-heading4813_3ed0fd-60 mark.kt-highlight, .wp-block-kadence-advancedheading.kt-adv-heading4813_3ed0fd-60[data-kb-block=\"kb-adv-heading4813_3ed0fd-60\"] mark.kt-highlight{font-style:normal;color:#f76a0c;-webkit-box-decoration-break:clone;box-decoration-break:clone;padding-top:0px;padding-right:0px;padding-bottom:0px;padding-left:0px;}.wp-block-kadence-advancedheading.kt-adv-heading4813_3ed0fd-60 img.kb-inline-image, .wp-block-kadence-advancedheading.kt-adv-heading4813_3ed0fd-60[data-kb-block=\"kb-adv-heading4813_3ed0fd-60\"] img.kb-inline-image{width:150px;vertical-align:baseline;}<\/style>\n<p class=\"kt-adv-heading4813_3ed0fd-60 wp-block-kadence-advancedheading\" data-kb-block=\"kb-adv-heading4813_3ed0fd-60\">Para hacer seguimiento a su solicitud puede hacerlo: <strong>Referenciando su N\u00famero de Radicado<\/strong><br>De forma Presencial: Avenida 4 Norte # 34 AN \u2013 18 \u2022 Barrio Prados del Norte \u2022 Santiago de Cali<br>Telef\u00f3nicamente<br>P.B.X: (+57) 2 \u2013 655 33 33 ext. 101<br>o Por Correo Electr\u00f3nico<br>atencionalciudadano@intenalco.edu.co<\/p>\n<\/div><\/div>\n\n<\/div><\/div>","protected":false},"excerpt":{"rendered":"<p>Seguimiento solicitudes Medios por los cuales se hacen seguimiento a las solicitudes Cada vez que recibimos una Solicitud de PQRSDF por cualquiera de los medios de atenci\u00f3n,La funcionaria de la ventanilla de atenci\u00f3n al ciudadano, ingresa la PQR a nuestro\u00a0Sistema SEVENETy el sistema asigna un\u00a0N\u00famero de RADICADO. La funcionaria de la ventanilla de atenci\u00f3n al&#8230;<\/p>\n","protected":false},"author":1,"featured_media":0,"parent":0,"menu_order":0,"comment_status":"closed","ping_status":"closed","template":"","meta":{"_uag_custom_page_level_css":"","_kadence_starter_templates_imported_post":false,"_kad_post_transparent":"","_kad_post_title":"","_kad_post_layout":"","_kad_post_sidebar_id":"","_kad_post_content_style":"","_kad_post_vertical_padding":"","_kad_post_feature":"","_kad_post_feature_position":"","_kad_post_header":false,"_kad_post_footer":false,"_kad_post_classname":"","footnotes":""},"class_list":["post-4813","page","type-page","status-publish","hentry"],"uagb_featured_image_src":{"full":false,"thumbnail":false,"medium":false,"medium_large":false,"large":false,"1536x1536":false,"2048x2048":false},"uagb_author_info":{"display_name":"auxsistemas05","author_link":"https:\/\/intenalco.edu.co\/nuevo-portal\/author\/auxsistemas05\/"},"uagb_comment_info":0,"uagb_excerpt":"Seguimiento solicitudes Medios por los cuales se hacen seguimiento a las solicitudes Cada vez que recibimos una Solicitud de PQRSDF por cualquiera de los medios de atenci\u00f3n,La funcionaria de la ventanilla de atenci\u00f3n al ciudadano, ingresa la PQR a nuestro\u00a0Sistema SEVENETy el sistema asigna un\u00a0N\u00famero de RADICADO. La funcionaria de la ventanilla de atenci\u00f3n al...","_links":{"self":[{"href":"https:\/\/intenalco.edu.co\/nuevo-portal\/wp-json\/wp\/v2\/pages\/4813","targetHints":{"allow":["GET"]}}],"collection":[{"href":"https:\/\/intenalco.edu.co\/nuevo-portal\/wp-json\/wp\/v2\/pages"}],"about":[{"href":"https:\/\/intenalco.edu.co\/nuevo-portal\/wp-json\/wp\/v2\/types\/page"}],"author":[{"embeddable":true,"href":"https:\/\/intenalco.edu.co\/nuevo-portal\/wp-json\/wp\/v2\/users\/1"}],"replies":[{"embeddable":true,"href":"https:\/\/intenalco.edu.co\/nuevo-portal\/wp-json\/wp\/v2\/comments?post=4813"}],"version-history":[{"count":12,"href":"https:\/\/intenalco.edu.co\/nuevo-portal\/wp-json\/wp\/v2\/pages\/4813\/revisions"}],"predecessor-version":[{"id":4827,"href":"https:\/\/intenalco.edu.co\/nuevo-portal\/wp-json\/wp\/v2\/pages\/4813\/revisions\/4827"}],"wp:attachment":[{"href":"https:\/\/intenalco.edu.co\/nuevo-portal\/wp-json\/wp\/v2\/media?parent=4813"}],"curies":[{"name":"wp","href":"https:\/\/api.w.org\/{rel}","templated":true}]}}