{"id":1227,"date":"2020-12-04T14:24:31","date_gmt":"2020-12-04T14:24:31","guid":{"rendered":"https:\/\/intenalco.edu.co\/portal\/?page_id=1227"},"modified":"2026-01-26T10:55:26","modified_gmt":"2026-01-26T10:55:26","slug":"directorio-docentes","status":"publish","type":"page","link":"https:\/\/intenalco.edu.co\/portal\/directorio-docentes\/","title":{"rendered":"Directorio Docentes"},"content":{"rendered":"<div id=\"pauDonde\"><a href=\"https:\/\/intenalco.edu.co\/portal\">Inicio<\/a> &raquo; <span class=\"current\">P\u00e1gina<\/span><\/div> <br> \t\t<div data-elementor-type=\"wp-page\" data-elementor-id=\"1227\" class=\"elementor elementor-1227\" data-elementor-settings=\"[]\">\n\t\t\t\t\t\t<div class=\"elementor-inner\">\n\t\t\t\t\t\t\t<div class=\"elementor-section-wrap\">\n\t\t\t\t\t\t\t<section class=\"elementor-section elementor-top-section elementor-element elementor-element-38fb5c2 elementor-section-boxed elementor-section-height-default elementor-section-height-default\" data-id=\"38fb5c2\" data-element_type=\"section\">\n\t\t\t\t\t\t<div class=\"elementor-container elementor-column-gap-default\">\n\t\t\t\t\t\t\t<div class=\"elementor-row\">\n\t\t\t\t\t<div class=\"elementor-column elementor-col-100 elementor-top-column elementor-element elementor-element-4e608cf\" data-id=\"4e608cf\" data-element_type=\"column\">\n\t\t\t<div class=\"elementor-column-wrap elementor-element-populated\">\n\t\t\t\t\t\t\t<div class=\"elementor-widget-wrap\">\n\t\t\t\t\t\t<div class=\"elementor-element elementor-element-0e020ef elementor-widget elementor-widget-text-editor\" data-id=\"0e020ef\" data-element_type=\"widget\" data-widget_type=\"text-editor.default\">\n\t\t\t\t<div class=\"elementor-widget-container\">\n\t\t\t\t\t<div class=\"elementor-text-editor elementor-clearfix\"><h1 style=\"margin-bottom: 0px; text-align: center; padding-left: 160px;\">Directorio de Correo<\/h1>\n<h1 style=\"margin-bottom: 0px; text-align: center; padding-left: 160px;\">Docentes<\/h1>\n<p style=\"margin-bottom: 0px; text-align: center; padding-left: 160px;\"><img loading=\"lazy\" style=\"margin: 0px; padding: 0px; outline: 0px;\" src=\"http:\/\/www.intenalco.edu.co\/css\/images\/imagen-contacto-email-biblioteca.png\" width=\"152\" height=\"95\" \/>\n\n<br><br>\n<input onclick=\"window.history.back()\" type=\"button\" value=\"Retornar\" >\n<br><br>\n<\/p>\n\n\n&nbsp;\n<p style=\"margin-bottom: 0px; text-align: center; padding-left: 160px;\"><iframe loading=\"lazy\" src=\"https:\/\/docs.google.com\/spreadsheets\/d\/e\/2PACX-1vSY8PF1YhK7eltMW8i8bmdYzG3pTob0yIOnzs-3B01vImksTiTOMuQ-KTBMUGe4TShrDFooIxylm9oI\/pubhtml?gid=0&amp;single=true&amp;widget=true&amp;headers=false\" width=\"700\" height=\"2200\"><\/iframe><\/p>\n<p style=\"margin-bottom: 0px; color: #828282; font-family: Verdana, Arial, Helvetica, sans-serif; font-size: 12px; font-style: normal; font-weight: 400; background-color: #ffffff; text-align: center; padding-left: 160px;\" align=\"center\"><img loading=\"lazy\" class=\"alignnone wp-image-13615 size-full\" src=\"https:\/\/intenalco.edu.co\/portal\/wp-content\/uploads\/2025\/08\/ROBOT-WEBMASTER.png\" alt=\"\" width=\"408\" height=\"215\" srcset=\"https:\/\/intenalco.edu.co\/portal\/wp-content\/uploads\/2025\/08\/ROBOT-WEBMASTER.png 408w, https:\/\/intenalco.edu.co\/portal\/wp-content\/uploads\/2025\/08\/ROBOT-WEBMASTER-300x158.png 300w\" sizes=\"(max-width: 408px) 100vw, 408px\" \/><\/p>\n<p class=\"extensiones\" style=\"margin-bottom: 0px; color: #828282; font-family: Verdana, Arial, Helvetica, sans-serif; font-size: 12px; font-style: normal; font-weight: 400; background-color: #ffffff; text-align: center; padding-left: 160px;\" align=\"center\"><span class=\"Estilo25\" style=\"font-size: 14px;\"><span class=\"Estilo26\"><strong style=\"display: inline-block !important;\">Webmaster<\/strong><\/span><\/span><\/p>\n<p class=\"extensiones\" style=\"margin-bottom: 0px; color: #828282; font-family: Verdana, Arial, Helvetica, sans-serif; font-size: 12px; font-style: normal; font-weight: 400; background-color: #ffffff; text-align: center; padding-left: 160px;\" align=\"center\"><span class=\"Estilo25\" style=\"font-size: 14px;\"><span class=\"Estilo26\">Ing. Andr\u00e9s Felipe Liloy L\u00f3pez<br style=\"margin: 0px; padding: 0px; outline: 0px;\" \/><strong style=\"display: inline-block !important;\">andres.liloy@intenalco.edu.co<\/strong><br style=\"margin: 0px; padding: 0px; outline: 0px;\" \/>Administrador Web y Correos<br style=\"margin: 0px; padding: 0px; outline: 0px;\" \/><\/span><\/span><strong>Whatsapp. <\/strong>312 &#8211; 258 40 31<\/p><\/div>\n\t\t\t\t<\/div>\n\t\t\t\t<\/div>\n\t\t\t\t\t\t<\/div>\n\t\t\t\t\t<\/div>\n\t\t<\/div>\n\t\t\t\t\t\t\t\t<\/div>\n\t\t\t\t\t<\/div>\n\t\t<\/section>\n\t\t\t\t\t\t<\/div>\n\t\t\t\t\t\t<\/div>\n\t\t\t\t\t<\/div>\n\t\t ","protected":false},"excerpt":{"rendered":"<p>Inicio &raquo; P\u00e1gina Directorio de Correo Docentes &nbsp; Webmaster Ing. Andr\u00e9s Felipe Liloy L\u00f3pezandres.liloy@intenalco.edu.coAdministrador Web y CorreosWhatsapp. 312 &#8211; 258 40 31<\/p>\n","protected":false},"author":4,"featured_media":0,"parent":0,"menu_order":0,"comment_status":"closed","ping_status":"closed","template":"","meta":[],"_links":{"self":[{"href":"https:\/\/intenalco.edu.co\/portal\/wp-json\/wp\/v2\/pages\/1227"}],"collection":[{"href":"https:\/\/intenalco.edu.co\/portal\/wp-json\/wp\/v2\/pages"}],"about":[{"href":"https:\/\/intenalco.edu.co\/portal\/wp-json\/wp\/v2\/types\/page"}],"author":[{"embeddable":true,"href":"https:\/\/intenalco.edu.co\/portal\/wp-json\/wp\/v2\/users\/4"}],"replies":[{"embeddable":true,"href":"https:\/\/intenalco.edu.co\/portal\/wp-json\/wp\/v2\/comments?post=1227"}],"version-history":[{"count":35,"href":"https:\/\/intenalco.edu.co\/portal\/wp-json\/wp\/v2\/pages\/1227\/revisions"}],"predecessor-version":[{"id":13649,"href":"https:\/\/intenalco.edu.co\/portal\/wp-json\/wp\/v2\/pages\/1227\/revisions\/13649"}],"wp:attachment":[{"href":"https:\/\/intenalco.edu.co\/portal\/wp-json\/wp\/v2\/media?parent=1227"}],"curies":[{"name":"wp","href":"https:\/\/api.w.org\/{rel}","templated":true}]}}