{"id":1234,"date":"2020-12-04T14:29:15","date_gmt":"2020-12-04T14:29:15","guid":{"rendered":"https:\/\/intenalco.edu.co\/portal\/?page_id=1234"},"modified":"2025-11-04T06:08:43","modified_gmt":"2025-11-04T06:08:43","slug":"noticias","status":"publish","type":"page","link":"https:\/\/intenalco.edu.co\/portal\/noticias\/","title":{"rendered":"Noticias"},"content":{"rendered":"<div id=\"pauDonde\"><a href=\"https:\/\/intenalco.edu.co\/portal\">Inicio<\/a> &raquo; <span class=\"current\">P\u00e1gina<\/span><\/div> <br> \t\t<div data-elementor-type=\"wp-page\" data-elementor-id=\"1234\" class=\"elementor elementor-1234\" data-elementor-settings=\"[]\">\n\t\t\t\t\t\t<div class=\"elementor-inner\">\n\t\t\t\t\t\t\t<div class=\"elementor-section-wrap\">\n\t\t\t\t\t\t\t<section class=\"elementor-section elementor-top-section elementor-element elementor-element-f7c5090 elementor-section-boxed elementor-section-height-default elementor-section-height-default\" data-id=\"f7c5090\" data-element_type=\"section\">\n\t\t\t\t\t\t<div class=\"elementor-container elementor-column-gap-default\">\n\t\t\t\t\t\t\t<div class=\"elementor-row\">\n\t\t\t\t\t<div class=\"elementor-column elementor-col-100 elementor-top-column elementor-element elementor-element-1738d8c\" data-id=\"1738d8c\" data-element_type=\"column\">\n\t\t\t<div class=\"elementor-column-wrap elementor-element-populated\">\n\t\t\t\t\t\t\t<div class=\"elementor-widget-wrap\">\n\t\t\t\t\t\t<div class=\"elementor-element elementor-element-dd9cda7 elementor-widget elementor-widget-text-editor\" data-id=\"dd9cda7\" data-element_type=\"widget\" data-widget_type=\"text-editor.default\">\n\t\t\t\t<div class=\"elementor-widget-container\">\n\t\t\t\t\t<div class=\"elementor-text-editor elementor-clearfix\"><p style=\"margin-bottom: 10px; color: #828282; font-family: Tahoma, Geneva, sans-serif; font-size: 13px; font-style: normal; font-weight: 400;\" align=\"center\"><img loading=\"lazy\" style=\"margin: 0px; padding: 0px; outline: 0px; border-width: 0px; border-style: initial;\" src=\"http:\/\/www.intenalco.edu.co\/css\/images\/noticias.png\" width=\"700\" height=\"250\" \/><\/p><p style=\"margin-bottom: 10px; color: #828282; font-family: Tahoma, Geneva, sans-serif; font-size: 13px; font-style: normal; font-weight: 400;\" align=\"center\"><span style=\"color: #ff8000;\"><b style=\"margin: 0px; padding: 0px; outline: 0px;\"><span style=\"font-family: Geneva, Arial, Helvetica, san-serif; font-size: x-large;\">\u00bfQU\u00c9 PASA? EN NUESTRAS REDES SOCIALES<\/span><\/b><\/span><\/p><\/div>\n\t\t\t\t<\/div>\n\t\t\t\t<\/div>\n\t\t\t\t<section class=\"elementor-section elementor-inner-section elementor-element elementor-element-ba90ce7 elementor-section-boxed elementor-section-height-default elementor-section-height-default\" data-id=\"ba90ce7\" data-element_type=\"section\">\n\t\t\t\t\t\t<div class=\"elementor-container elementor-column-gap-default\">\n\t\t\t\t\t\t\t<div class=\"elementor-row\">\n\t\t\t\t\t<div class=\"elementor-column elementor-col-50 elementor-inner-column elementor-element elementor-element-dada29d\" data-id=\"dada29d\" data-element_type=\"column\">\n\t\t\t<div class=\"elementor-column-wrap elementor-element-populated\">\n\t\t\t\t\t\t\t<div class=\"elementor-widget-wrap\">\n\t\t\t\t\t\t<div class=\"elementor-element elementor-element-0151602 elementor-shape-rounded elementor-grid-0 elementor-widget elementor-widget-social-icons\" data-id=\"0151602\" data-element_type=\"widget\" data-widget_type=\"social-icons.default\">\n\t\t\t\t<div class=\"elementor-widget-container\">\n\t\t\t\t\t<div class=\"elementor-social-icons-wrapper elementor-grid\">\n\t\t\t\t\t\t\t<div class=\"elementor-grid-item\">\n\t\t\t\t\t<a class=\"elementor-icon elementor-social-icon elementor-social-icon-facebook elementor-repeater-item-68d4cf9\" href=\"https:\/\/www.facebook.com\/intenalcoes\/\" target=\"_blank\">\n\t\t\t\t\t\t<span class=\"elementor-screen-only\">Facebook<\/span>\n\t\t\t\t\t\t<i class=\"fab fa-facebook\"><\/i>\t\t\t\t\t<\/a>\n\t\t\t\t<\/div>\n\t\t\t\t\t\t\t<div class=\"elementor-grid-item\">\n\t\t\t\t\t<a class=\"elementor-icon elementor-social-icon elementor-social-icon-twitter elementor-repeater-item-db20b06\" href=\"https:\/\/twitter.com\/Intenalcoes?ref_src=twsrc%5Etfw%7Ctwcamp%5Eembeddedtimeline%7Ctwterm%5Eprofile%3AIntenalcoes&#038;ref_url=http%3A%2F%2Fwww.intenalco.edu.co%2Fnoticias.php\" target=\"_blank\">\n\t\t\t\t\t\t<span class=\"elementor-screen-only\">Twitter<\/span>\n\t\t\t\t\t\t<i class=\"fab fa-twitter\"><\/i>\t\t\t\t\t<\/a>\n\t\t\t\t<\/div>\n\t\t\t\t\t<\/div>\n\t\t\t\t<\/div>\n\t\t\t\t<\/div>\n\t\t\t\t\t\t<\/div>\n\t\t\t\t\t<\/div>\n\t\t<\/div>\n\t\t\t\t<div class=\"elementor-column elementor-col-50 elementor-inner-column elementor-element elementor-element-1bd660f\" data-id=\"1bd660f\" data-element_type=\"column\">\n\t\t\t<div class=\"elementor-column-wrap elementor-element-populated\">\n\t\t\t\t\t\t\t<div class=\"elementor-widget-wrap\">\n\t\t\t\t\t\t<div class=\"elementor-element elementor-element-0408046 elementor-widget elementor-widget-text-editor\" data-id=\"0408046\" data-element_type=\"widget\" data-widget_type=\"text-editor.default\">\n\t\t\t\t<div class=\"elementor-widget-container\">\n\t\t\t\t\t<div class=\"elementor-text-editor elementor-clearfix\"><h2 style=\"text-align: center;\"><span style=\"color: #008000;\">Redes Sociales<\/span><\/h2><\/div>\n\t\t\t\t<\/div>\n\t\t\t\t<\/div>\n\t\t\t\t\t\t<\/div>\n\t\t\t\t\t<\/div>\n\t\t<\/div>\n\t\t\t\t\t\t\t\t<\/div>\n\t\t\t\t\t<\/div>\n\t\t<\/section>\n\t\t\t\t<section class=\"elementor-section elementor-inner-section elementor-element elementor-element-b849ffd elementor-section-boxed elementor-section-height-default elementor-section-height-default\" data-id=\"b849ffd\" data-element_type=\"section\">\n\t\t\t\t\t\t<div class=\"elementor-container elementor-column-gap-default\">\n\t\t\t\t\t\t\t<div class=\"elementor-row\">\n\t\t\t\t\t<div class=\"elementor-column elementor-col-50 elementor-inner-column elementor-element elementor-element-22a9373\" data-id=\"22a9373\" data-element_type=\"column\">\n\t\t\t<div class=\"elementor-column-wrap elementor-element-populated\">\n\t\t\t\t\t\t\t<div class=\"elementor-widget-wrap\">\n\t\t\t\t\t\t<div class=\"elementor-element elementor-element-5995974 elementor-widget elementor-widget-facebook-page\" data-id=\"5995974\" data-element_type=\"widget\" data-widget_type=\"facebook-page.default\">\n\t\t\t\t<div class=\"elementor-widget-container\">\n\t\t\t<div class=\"elementor-facebook-widget fb-page\" data-href=\"https:\/\/www.facebook.com\/intenalcoes\/\" data-tabs=\"timeline\" data-height=\"500px\" data-width=\"500px\" data-small-header=\"false\" data-hide-cover=\"false\" data-show-facepile=\"true\" data-hide-cta=\"false\" style=\"min-height: 1px;height:500px\"><\/div>\t\t<\/div>\n\t\t\t\t<\/div>\n\t\t\t\t\t\t<\/div>\n\t\t\t\t\t<\/div>\n\t\t<\/div>\n\t\t\t\t<div class=\"elementor-column elementor-col-50 elementor-inner-column elementor-element elementor-element-584dc98\" data-id=\"584dc98\" data-element_type=\"column\">\n\t\t\t<div class=\"elementor-column-wrap elementor-element-populated\">\n\t\t\t\t\t\t\t<div class=\"elementor-widget-wrap\">\n\t\t\t\t\t\t<div class=\"elementor-element elementor-element-75039f1 elementor-widget elementor-widget-text-editor\" data-id=\"75039f1\" data-element_type=\"widget\" data-widget_type=\"text-editor.default\">\n\t\t\t\t<div class=\"elementor-widget-container\">\n\t\t\t\t\t<div class=\"elementor-text-editor elementor-clearfix\"><p style=\"margin-bottom: 10px; color: #333333; font-family: Arial, Helvetica, sans-serif; font-size: 13px; font-style: normal; font-weight: 400; text-align: -webkit-center; background-color: #;\">Intenalco recibe con agrado la visita del Sr. GERHARD FRIEDRICH WOLHELM THYBEN, consul de Alemania. Hecho que aporta a los procesos de Internacionalizaci\u00f3n que se adelantan en la instituci\u00f3n.<br style=\"margin: 0px; padding: 0px; outline: 0px;\" \/><br style=\"margin: 0px; padding: 0px; outline: 0px;\" \/><a style=\"color: #333333; cursor: pointer;\" href=\"http:\/\/www.intenalco.edu.co\/anuncio.actual\/Visita%20Consul%20de%20Alemania.pdf\" target=\"_blank\" rel=\"noopener\"><img loading=\"lazy\" style=\"margin: 0px 0px 10px 10px; padding: 10px; outline: 0px; width: 604.438px; border: 1px solid #cccccc;\" src=\"http:\/\/www.intenalco.edu.co\/images\/consul.alemania.png\" alt=\"Foto Consul de Alemania con el Sr. Rector y Profesional de la ORI en visita realizada a Intenalco\" width=\"415\" height=\"270\" border=\"0\" \/><\/a><\/p><p><span style=\"color: #333333; font-family: Arial, Helvetica, sans-serif; font-size: 13px; font-style: normal; font-weight: 400; text-align: -webkit-center; background-color: #;\">El Ministerio de Educaci\u00f3n Nacional MEN &#8211; Borrador de Pol\u00edtica P\u00fablica sobre Internacionalizaci\u00f3n de la Educaci\u00f3n Terciaria en Colombia 2016 \u2013 2026. Link de Convocatoria para su fortalecimiento:<\/span><br style=\"margin: 0px; padding: 0px; outline: 0px; color: #333333; font-family: Arial, Helvetica, sans-serif; font-size: 13px; text-align: -webkit-center; background-color: #;\" \/><a style=\"background-color: #; color: #333333; cursor: pointer; font-family: Arial, Helvetica, sans-serif; font-size: 13px; font-style: normal; font-weight: 400; text-align: -webkit-center;\" href=\"http:\/\/www.mineducacion.gov.co\/1759\/articles-362794_recurso_1.pdf\" target=\"_blank\" rel=\"noopener\"><span style=\"color: #0000ff;\">http:\/\/www.mineducacion.gov.co\/1759\/w3-article-362794.html<\/span><\/a><\/p><\/div>\n\t\t\t\t<\/div>\n\t\t\t\t<\/div>\n\t\t\t\t\t\t<\/div>\n\t\t\t\t\t<\/div>\n\t\t<\/div>\n\t\t\t\t\t\t\t\t<\/div>\n\t\t\t\t\t<\/div>\n\t\t<\/section>\n\t\t\t\t\t\t<\/div>\n\t\t\t\t\t<\/div>\n\t\t<\/div>\n\t\t\t\t\t\t\t\t<\/div>\n\t\t\t\t\t<\/div>\n\t\t<\/section>\n\t\t\t\t<section class=\"elementor-section elementor-top-section elementor-element elementor-element-e4ac2c2 elementor-section-boxed elementor-section-height-default elementor-section-height-default\" data-id=\"e4ac2c2\" data-element_type=\"section\">\n\t\t\t\t\t\t<div class=\"elementor-container elementor-column-gap-default\">\n\t\t\t\t\t\t\t<div class=\"elementor-row\">\n\t\t\t\t\t<div class=\"elementor-column elementor-col-100 elementor-top-column elementor-element elementor-element-e1c9ac5\" data-id=\"e1c9ac5\" data-element_type=\"column\">\n\t\t\t<div class=\"elementor-column-wrap elementor-element-populated\">\n\t\t\t\t\t\t\t<div class=\"elementor-widget-wrap\">\n\t\t\t\t\t\t<div class=\"elementor-element elementor-element-b2f1cb6 elementor-widget elementor-widget-image\" data-id=\"b2f1cb6\" data-element_type=\"widget\" data-widget_type=\"image.default\">\n\t\t\t\t<div class=\"elementor-widget-container\">\n\t\t\t\t\t<div class=\"elementor-image\">\n\t\t\t\t\t\t\t\t\t\t\t<a href=\"https:\/\/intenalco.edu.co\/portal\/boletines-informativos\/\">\n\t\t\t\t\t\t\t<img width=\"622\" height=\"137\" src=\"https:\/\/intenalco.edu.co\/portal\/wp-content\/uploads\/2025\/11\/boton-boletin.png\" class=\"attachment-large size-large\" alt=\"\" loading=\"lazy\" srcset=\"https:\/\/intenalco.edu.co\/portal\/wp-content\/uploads\/2025\/11\/boton-boletin.png 622w, https:\/\/intenalco.edu.co\/portal\/wp-content\/uploads\/2025\/11\/boton-boletin-300x66.png 300w\" sizes=\"(max-width: 622px) 100vw, 622px\" \/>\t\t\t\t\t\t\t\t<\/a>\n\t\t\t\t\t\t\t\t\t\t\t<\/div>\n\t\t\t\t<\/div>\n\t\t\t\t<\/div>\n\t\t\t\t<div class=\"elementor-element elementor-element-a5521fc elementor-widget elementor-widget-text-editor\" data-id=\"a5521fc\" data-element_type=\"widget\" data-widget_type=\"text-editor.default\">\n\t\t\t\t<div class=\"elementor-widget-container\">\n\t\t\t\t\t<div class=\"elementor-text-editor elementor-clearfix\"><p style=\"text-align: center;\">Ver todas las publicaciones del Bolet\u00edn Institucional<\/p><\/div>\n\t\t\t\t<\/div>\n\t\t\t\t<\/div>\n\t\t\t\t<div class=\"elementor-element elementor-element-5a9156c elementor-widget elementor-widget-html\" data-id=\"5a9156c\" data-element_type=\"widget\" data-widget_type=\"html.default\">\n\t\t\t\t<div class=\"elementor-widget-container\">\n\t\t\t<center><input type=\"button\" value=\"Regresar\" onClick=\"history.go(-1);\"><\/center>\r\n\t\t<\/div>\n\t\t\t\t<\/div>\n\t\t\t\t\t\t<\/div>\n\t\t\t\t\t<\/div>\n\t\t<\/div>\n\t\t\t\t\t\t\t\t<\/div>\n\t\t\t\t\t<\/div>\n\t\t<\/section>\n\t\t\t\t\t\t<\/div>\n\t\t\t\t\t\t<\/div>\n\t\t\t\t\t<\/div>\n\t\t ","protected":false},"excerpt":{"rendered":"<p>Inicio &raquo; P\u00e1gina \u00bfQU\u00c9 PASA? EN NUESTRAS REDES SOCIALES Facebook Twitter Redes Sociales Intenalco recibe con agrado la visita del Sr. GERHARD FRIEDRICH WOLHELM THYBEN, consul de Alemania. Hecho que aporta a los procesos de Internacionalizaci\u00f3n que se adelantan en la instituci\u00f3n. El Ministerio de Educaci\u00f3n Nacional MEN &#8211; Borrador de Pol\u00edtica P\u00fablica sobre Internacionalizaci\u00f3n&#8230;<\/p>\n","protected":false},"author":3,"featured_media":0,"parent":0,"menu_order":0,"comment_status":"closed","ping_status":"closed","template":"","meta":[],"_links":{"self":[{"href":"https:\/\/intenalco.edu.co\/portal\/wp-json\/wp\/v2\/pages\/1234"}],"collection":[{"href":"https:\/\/intenalco.edu.co\/portal\/wp-json\/wp\/v2\/pages"}],"about":[{"href":"https:\/\/intenalco.edu.co\/portal\/wp-json\/wp\/v2\/types\/page"}],"author":[{"embeddable":true,"href":"https:\/\/intenalco.edu.co\/portal\/wp-json\/wp\/v2\/users\/3"}],"replies":[{"embeddable":true,"href":"https:\/\/intenalco.edu.co\/portal\/wp-json\/wp\/v2\/comments?post=1234"}],"version-history":[{"count":15,"href":"https:\/\/intenalco.edu.co\/portal\/wp-json\/wp\/v2\/pages\/1234\/revisions"}],"predecessor-version":[{"id":15364,"href":"https:\/\/intenalco.edu.co\/portal\/wp-json\/wp\/v2\/pages\/1234\/revisions\/15364"}],"wp:attachment":[{"href":"https:\/\/intenalco.edu.co\/portal\/wp-json\/wp\/v2\/media?parent=1234"}],"curies":[{"name":"wp","href":"https:\/\/api.w.org\/{rel}","templated":true}]}}