{"id":1277,"date":"2020-12-04T15:40:36","date_gmt":"2020-12-04T15:40:36","guid":{"rendered":"https:\/\/intenalco.edu.co\/portal\/?page_id=1277"},"modified":"2026-01-26T10:48:17","modified_gmt":"2026-01-26T10:48:17","slug":"autoevaluacion","status":"publish","type":"page","link":"https:\/\/intenalco.edu.co\/portal\/autoevaluacion\/","title":{"rendered":"Autoevaluaci\u00f3n"},"content":{"rendered":"<div id=\"pauDonde\"><a href=\"https:\/\/intenalco.edu.co\/portal\">Inicio<\/a> &raquo; <span class=\"current\">P\u00e1gina<\/span><\/div> <br> \t\t<div data-elementor-type=\"wp-page\" data-elementor-id=\"1277\" class=\"elementor elementor-1277\" data-elementor-settings=\"[]\">\n\t\t\t\t\t\t<div class=\"elementor-inner\">\n\t\t\t\t\t\t\t<div class=\"elementor-section-wrap\">\n\t\t\t\t\t\t\t<section class=\"elementor-section elementor-top-section elementor-element elementor-element-a1534e6 elementor-section-boxed elementor-section-height-default elementor-section-height-default\" data-id=\"a1534e6\" data-element_type=\"section\">\n\t\t\t\t\t\t<div class=\"elementor-container elementor-column-gap-default\">\n\t\t\t\t\t\t\t<div class=\"elementor-row\">\n\t\t\t\t\t<div class=\"elementor-column elementor-col-100 elementor-top-column elementor-element elementor-element-a3ac38a\" data-id=\"a3ac38a\" data-element_type=\"column\">\n\t\t\t<div class=\"elementor-column-wrap elementor-element-populated\">\n\t\t\t\t\t\t\t<div class=\"elementor-widget-wrap\">\n\t\t\t\t\t\t<div class=\"elementor-element elementor-element-9daebf3 elementor-widget elementor-widget-text-editor\" data-id=\"9daebf3\" data-element_type=\"widget\" data-widget_type=\"text-editor.default\">\n\t\t\t\t<div class=\"elementor-widget-container\">\n\t\t\t\t\t<div class=\"elementor-text-editor elementor-clearfix\"><p style=\"margin-bottom: 0px; color: #828282; font-family: Tahoma, Geneva, sans-serif; font-size: 13px; font-style: normal; font-weight: 400;\" align=\"center\"><img loading=\"lazy\" style=\"margin: 0px; padding: 0px; outline: 0px;\" src=\"http:\/\/www.intenalco.edu.co\/css\/images\/encabezado.autoevaluacion.png\" width=\"711\" height=\"341\" \/><\/p><p style=\"margin-bottom: 0px; color: #828282; font-family: Tahoma, Geneva, sans-serif; font-size: 13px; font-style: normal; font-weight: 400;\" align=\"center\">\u00a0<\/p><p style=\"margin-bottom: 0px; color: #828282; font-family: Tahoma, Geneva, sans-serif; font-size: 13px; font-style: normal; font-weight: 400;\" align=\"center\">La autoevaluaci\u00f3n Institucional es un compromiso de todos.<\/p><p style=\"margin-bottom: 0px; color: #828282; font-family: Tahoma, Geneva, sans-serif; font-size: 13px; font-style: normal; font-weight: 400;\" align=\"center\">\u00a0<\/p><p style=\"margin-bottom: 0px; color: #828282; font-family: Tahoma, Geneva, sans-serif; font-size: 13px; font-style: normal; font-weight: 400;\" align=\"center\">Documento Gu\u00eda Publicada por el Ministerio de Educaci\u00f3n Nacional para la<br style=\"margin: 0px; padding: 0px; outline: 0px;\" \/>Construcci\u00f3n de Documentos Maestros de Registro Calificado<br style=\"margin: 0px; padding: 0px; outline: 0px;\" \/><br style=\"margin: 0px; padding: 0px; outline: 0px;\" \/><\/p><p style=\"margin-bottom: 0px; color: #828282; font-family: Tahoma, Geneva, sans-serif; font-size: 13px; font-style: normal; font-weight: 400;\" align=\"center\"><a style=\"color: #0252aa; cursor: pointer;\" href=\"http:\/\/www.intenalco.edu.co\/autoevaluacion\/articles-357283_guia.pdf\" target=\"_blank\" rel=\"noopener\"><img loading=\"lazy\" style=\"margin: 0px; padding: 0px; outline: 0px; border-width: 0px; border-style: initial;\" src=\"http:\/\/www.intenalco.edu.co\/images\/guia.regristro.calificado.png\" width=\"315\" height=\"111\" border=\"0\" \/><\/a><\/p><p style=\"margin-bottom: 0px; color: #828282; font-family: Tahoma, Geneva, sans-serif; font-size: 13px; font-style: normal; font-weight: 400;\" align=\"center\">\u00a0<\/p><p style=\"margin-bottom: 0px; color: #828282; font-family: Tahoma, Geneva, sans-serif; font-size: 13px; font-style: normal; font-weight: 400;\" align=\"center\">Mayores Informes<\/p><p style=\"margin-bottom: 0px; color: #828282; font-family: Tahoma, Geneva, sans-serif; font-size: 13px; font-style: normal; font-weight: 400;\" align=\"center\">autoevaluacion@intenalco.edu.co<\/p><p style=\"margin-bottom: 0px; color: #828282; font-family: Tahoma, Geneva, sans-serif; font-size: 13px; font-style: normal; font-weight: 400;\" align=\"center\">Coordinaci\u00f3n de Autoevaluaci\u00f3n Institucional<\/p><p style=\"margin-bottom: 0px; color: #828282; font-family: Tahoma, Geneva, sans-serif; font-size: 13px; font-style: normal; font-weight: 400;\" align=\"center\">\u00a0<\/p><p style=\"margin-bottom: 0px; color: #828282; font-family: Tahoma, Geneva, sans-serif; font-size: 13px; font-style: normal; font-weight: 400;\" align=\"center\">\u00a0<\/p><p style=\"margin-bottom: 0px; color: #828282; font-family: Tahoma, Geneva, sans-serif; font-size: 13px; font-style: normal; font-weight: 400;\" align=\"center\"><img loading=\"lazy\" style=\"margin: 0px; padding: 0px; outline: 0px;\" src=\"http:\/\/www.intenalco.edu.co\/autoevaluacion\/5to.boletin-autoevaluacion.jpg\" width=\"800\" height=\"1035\" border=\"1\" \/><\/p><p style=\"margin-bottom: 0px; color: #828282; font-family: Tahoma, Geneva, sans-serif; font-size: 13px; font-style: normal; font-weight: 400;\" align=\"center\">\u00a0<\/p><p style=\"margin-bottom: 0px; color: #828282; font-family: Tahoma, Geneva, sans-serif; font-size: 13px; font-style: normal; font-weight: 400;\" align=\"center\"><img loading=\"lazy\" style=\"margin: 0px; padding: 0px; outline: 0px;\" src=\"http:\/\/www.intenalco.edu.co\/autoevaluacion\/4to.boletin-autoevaluacion.jpg\" width=\"800\" height=\"1039\" border=\"1\" \/><\/p><p style=\"margin-bottom: 0px; color: #828282; font-family: Tahoma, Geneva, sans-serif; font-size: 13px; font-style: normal; font-weight: 400;\" align=\"center\">\u00a0<\/p><p style=\"margin-bottom: 0px; color: #828282; font-family: Tahoma, Geneva, sans-serif; font-size: 13px; font-style: normal; font-weight: 400;\" align=\"center\"><img loading=\"lazy\" style=\"margin: 0px; padding: 0px; outline: 0px;\" src=\"http:\/\/www.intenalco.edu.co\/autoevaluacion\/3er.boletin-autoevaluacion.jpg\" width=\"800\" height=\"1037\" border=\"1\" \/><\/p><p style=\"margin-bottom: 0px; color: #828282; font-family: Tahoma, Geneva, sans-serif; font-size: 13px; font-style: normal; font-weight: 400;\" align=\"center\">\u00a0<\/p><p style=\"margin-bottom: 0px; color: #828282; font-family: Tahoma, Geneva, sans-serif; font-size: 13px; font-style: normal; font-weight: 400;\" align=\"center\"><img loading=\"lazy\" style=\"margin: 0px; padding: 0px; outline: 0px;\" src=\"http:\/\/www.intenalco.edu.co\/autoevaluacion\/2do.boletin-autoevaluacion.jpg\" width=\"800\" height=\"1035\" border=\"1\" \/><\/p><p style=\"margin-bottom: 0px; color: #828282; font-family: Tahoma, Geneva, sans-serif; font-size: 13px; font-style: normal; font-weight: 400;\" align=\"center\">\u00a0<\/p><p style=\"margin-bottom: 0px; color: #828282; font-family: Tahoma, Geneva, sans-serif; font-size: 13px; font-style: normal; font-weight: 400;\" align=\"center\"><img loading=\"lazy\" style=\"margin: 0px; padding: 0px; outline: 0px;\" src=\"http:\/\/www.intenalco.edu.co\/autoevaluacion\/1er.boletin-autoevaluacion.jpg\" width=\"800\" height=\"1035\" border=\"1\" \/><\/p><\/div>\n\t\t\t\t<\/div>\n\t\t\t\t<\/div>\n\t\t\t\t\t\t<\/div>\n\t\t\t\t\t<\/div>\n\t\t<\/div>\n\t\t\t\t\t\t\t\t<\/div>\n\t\t\t\t\t<\/div>\n\t\t<\/section>\n\t\t\t\t\t\t<\/div>\n\t\t\t\t\t\t<\/div>\n\t\t\t\t\t<\/div>\n\t\t ","protected":false},"excerpt":{"rendered":"<p>Inicio &raquo; P\u00e1gina \u00a0 La autoevaluaci\u00f3n Institucional es un compromiso de todos. \u00a0 Documento Gu\u00eda Publicada por el Ministerio de Educaci\u00f3n Nacional para laConstrucci\u00f3n de Documentos Maestros de Registro Calificado \u00a0 Mayores Informes autoevaluacion@intenalco.edu.co Coordinaci\u00f3n de Autoevaluaci\u00f3n Institucional \u00a0 \u00a0 \u00a0 \u00a0 \u00a0 \u00a0<\/p>\n","protected":false},"author":4,"featured_media":0,"parent":0,"menu_order":0,"comment_status":"closed","ping_status":"closed","template":"","meta":[],"_links":{"self":[{"href":"https:\/\/intenalco.edu.co\/portal\/wp-json\/wp\/v2\/pages\/1277"}],"collection":[{"href":"https:\/\/intenalco.edu.co\/portal\/wp-json\/wp\/v2\/pages"}],"about":[{"href":"https:\/\/intenalco.edu.co\/portal\/wp-json\/wp\/v2\/types\/page"}],"author":[{"embeddable":true,"href":"https:\/\/intenalco.edu.co\/portal\/wp-json\/wp\/v2\/users\/4"}],"replies":[{"embeddable":true,"href":"https:\/\/intenalco.edu.co\/portal\/wp-json\/wp\/v2\/comments?post=1277"}],"version-history":[{"count":3,"href":"https:\/\/intenalco.edu.co\/portal\/wp-json\/wp\/v2\/pages\/1277\/revisions"}],"predecessor-version":[{"id":1280,"href":"https:\/\/intenalco.edu.co\/portal\/wp-json\/wp\/v2\/pages\/1277\/revisions\/1280"}],"wp:attachment":[{"href":"https:\/\/intenalco.edu.co\/portal\/wp-json\/wp\/v2\/media?parent=1277"}],"curies":[{"name":"wp","href":"https:\/\/api.w.org\/{rel}","templated":true}]}}