{"id":1285,"date":"2020-12-04T15:51:04","date_gmt":"2020-12-04T15:51:04","guid":{"rendered":"https:\/\/intenalco.edu.co\/portal\/?page_id=1285"},"modified":"2026-01-30T15:38:50","modified_gmt":"2026-01-30T15:38:50","slug":"consulta-ciudadana","status":"publish","type":"page","link":"https:\/\/intenalco.edu.co\/portal\/consulta-ciudadana\/","title":{"rendered":"Consulta Ciudadana"},"content":{"rendered":"<div id=\"pauDonde\"><a href=\"https:\/\/intenalco.edu.co\/portal\">Inicio<\/a> &raquo; <span class=\"current\">P\u00e1gina<\/span><\/div> <br> \t\t<div data-elementor-type=\"wp-page\" data-elementor-id=\"1285\" class=\"elementor elementor-1285\" data-elementor-settings=\"[]\">\n\t\t\t\t\t\t<div class=\"elementor-inner\">\n\t\t\t\t\t\t\t<div class=\"elementor-section-wrap\">\n\t\t\t\t\t\t\t<section class=\"elementor-section elementor-top-section elementor-element elementor-element-b272164 elementor-section-boxed elementor-section-height-default elementor-section-height-default\" data-id=\"b272164\" data-element_type=\"section\">\n\t\t\t\t\t\t<div class=\"elementor-container elementor-column-gap-default\">\n\t\t\t\t\t\t\t<div class=\"elementor-row\">\n\t\t\t\t\t<div class=\"elementor-column elementor-col-100 elementor-top-column elementor-element elementor-element-8d69860\" data-id=\"8d69860\" data-element_type=\"column\">\n\t\t\t<div class=\"elementor-column-wrap elementor-element-populated\">\n\t\t\t\t\t\t\t<div class=\"elementor-widget-wrap\">\n\t\t\t\t\t\t<div class=\"elementor-element elementor-element-2039a7a elementor-widget elementor-widget-text-editor\" data-id=\"2039a7a\" data-element_type=\"widget\" data-widget_type=\"text-editor.default\">\n\t\t\t\t<div class=\"elementor-widget-container\">\n\t\t\t\t\t<div class=\"elementor-text-editor elementor-clearfix\"><p class=\"A A Estilo19\" style=\"margin-bottom: 0px; font-family: verdana; font-weight: bold; color: #f7923b; font-size: x-large; font-style: normal;\" align=\"center\">CONSULTA CIUDADANA<\/p><p align=\"center\"><img loading=\"lazy\" class=\"alignnone wp-image-16306 size-full\" src=\"https:\/\/intenalco.edu.co\/portal\/wp-content\/uploads\/2026\/01\/participacion-ciudadana-2026.png\" alt=\"\" width=\"748\" height=\"168\" srcset=\"https:\/\/intenalco.edu.co\/portal\/wp-content\/uploads\/2026\/01\/participacion-ciudadana-2026.png 748w, https:\/\/intenalco.edu.co\/portal\/wp-content\/uploads\/2026\/01\/participacion-ciudadana-2026-300x67.png 300w\" sizes=\"(max-width: 748px) 100vw, 748px\" \/><\/p><p style=\"margin-bottom: 0px; color: #828282; font-family: Tahoma, Geneva, sans-serif; font-size: 13px; font-style: normal; font-weight: 400;\" align=\"center\">Espacio de participaci\u00f3n ciudadana en donde todos podemos aportar en la construcci\u00f3n de nuestros planes de acci\u00f3n.<\/p><p style=\"margin-bottom: 0px; color: #828282; font-family: Tahoma, Geneva, sans-serif; font-size: 13px; font-style: normal; font-weight: 400;\" align=\"center\"><strong>Lea cada uno de los planes y participe con su aporte,<\/strong><\/p><p style=\"margin-bottom: 0px; color: #828282; font-family: Tahoma, Geneva, sans-serif; font-size: 13px; font-style: normal; font-weight: 400;\" align=\"center\"><span class=\"Estilo21\" style=\"font-size: 14px; font-weight: bold; color: #ff3300;\">hasta el pr\u00f3ximo s\u00e1bado, 31 de enero de 2026. 11:59 p.m.<\/span><\/p><p style=\"margin-bottom: 0px; color: #828282; font-family: Tahoma, Geneva, sans-serif; font-size: 13px; font-style: normal; font-weight: 400;\" align=\"center\"><span class=\"Estilo21\" style=\"font-size: 14px; font-weight: bold; color: #ff3300;\">\u00a0<\/span><\/p><p style=\"margin-bottom: 0px; color: #828282; font-family: Tahoma, Geneva, sans-serif; font-size: 13px; font-style: normal; font-weight: 400;\" align=\"center\">PRESENTAMOS LOS PLANES DE ACCI\u00d3N DE INTENALCO PARA EL A\u00d1O 2026<\/p><p style=\"margin-bottom: 0px; color: #828282; font-family: Tahoma, Geneva, sans-serif; font-size: 13px; font-style: normal; font-weight: 400;\" align=\"center\"><img loading=\"lazy\" style=\"margin: 0px; padding: 0px; outline: 0px;\" src=\"http:\/\/www.intenalco.edu.co\/images\/plan01.png\" width=\"315\" height=\"111\" border=\"0\" \/><\/p><p style=\"margin-bottom: 0px; color: #828282; font-family: Tahoma, Geneva, sans-serif; font-size: 13px; font-style: normal; font-weight: 400;\" align=\"center\"><a style=\"color: #0252aa; cursor: pointer;\" href=\"https:\/\/www.intenalco.edu.co\/archivospublicos\/planeacion\/2026\/1.%20PLAN%20DE%20ACCION%202026.xls\"><img loading=\"lazy\" class=\"alignnone\" style=\"margin: 0px; padding: 0px; outline: 0px; border-width: 0px; border-style: initial;\" src=\"http:\/\/www.intenalco.edu.co\/css\/images\/excel1.gif\" alt=\"\" width=\"38\" height=\"38\" border=\"0\" \/><\/a> Descargue el PLan de Acci\u00f3n 2026 en Excel<\/p><p style=\"margin-bottom: 0px; color: #828282; font-family: Tahoma, Geneva, sans-serif; font-size: 13px; font-style: normal; font-weight: 400;\" align=\"center\"><strong>\u00bfQu\u00e9 iniciativas o sugerencias tiene con respecto a este Plan de Acci\u00f3n 2026?<\/strong><\/p><p style=\"margin-bottom: 0px; color: #828282; font-family: Tahoma, Geneva, sans-serif; font-size: 13px; font-style: normal; font-weight: 400;\" align=\"center\">\u00a0<\/p><\/div>\n\t\t\t\t<\/div>\n\t\t\t\t<\/div>\n\t\t\t\t\t\t<\/div>\n\t\t\t\t\t<\/div>\n\t\t<\/div>\n\t\t\t\t\t\t\t\t<\/div>\n\t\t\t\t\t<\/div>\n\t\t<\/section>\n\t\t\t\t<section class=\"elementor-section elementor-top-section elementor-element elementor-element-6396da8 elementor-section-boxed elementor-section-height-default elementor-section-height-default\" data-id=\"6396da8\" data-element_type=\"section\">\n\t\t\t\t\t\t<div class=\"elementor-container elementor-column-gap-default\">\n\t\t\t\t\t\t\t<div class=\"elementor-row\">\n\t\t\t\t\t<div class=\"elementor-column elementor-col-100 elementor-top-column elementor-element elementor-element-c1ed263\" data-id=\"c1ed263\" data-element_type=\"column\">\n\t\t\t<div class=\"elementor-column-wrap elementor-element-populated\">\n\t\t\t\t\t\t\t<div class=\"elementor-widget-wrap\">\n\t\t\t\t\t\t<div class=\"elementor-element elementor-element-0f1deb5 elementor-button-align-center elementor-widget elementor-widget-form\" data-id=\"0f1deb5\" data-element_type=\"widget\" data-settings=\"{&quot;button_width&quot;:&quot;33&quot;,&quot;step_next_label&quot;:&quot;Next&quot;,&quot;step_previous_label&quot;:&quot;Previous&quot;,&quot;step_type&quot;:&quot;number_text&quot;,&quot;step_icon_shape&quot;:&quot;circle&quot;}\" data-widget_type=\"form.default\">\n\t\t\t\t<div class=\"elementor-widget-container\">\n\t\t\t\t\t<form class=\"elementor-form\" method=\"post\" name=\"New Form\">\n\t\t\t<input type=\"hidden\" name=\"post_id\" value=\"1285\"\/>\n\t\t\t<input type=\"hidden\" name=\"form_id\" value=\"0f1deb5\"\/>\n\n\t\t\t\n\t\t\t<div class=\"elementor-form-fields-wrapper elementor-labels-above\">\n\t\t\t\t\t\t\t\t<div class=\"elementor-field-type-text elementor-field-group elementor-column elementor-field-group-name elementor-col-50\">\n\t\t\t\t\t<label for=\"form-field-name\" class=\"elementor-field-label\">Nombre<\/label><input size=\"1\" type=\"text\" name=\"form_fields[name]\" id=\"form-field-name\" class=\"elementor-field elementor-size-sm  elementor-field-textual\" placeholder=\"Nombre\">\t\t\t\t<\/div>\n\t\t\t\t\t\t\t\t<div class=\"elementor-field-type-email elementor-field-group elementor-column elementor-field-group-email elementor-col-50 elementor-field-required\">\n\t\t\t\t\t<label for=\"form-field-email\" class=\"elementor-field-label\">Correo<\/label><input size=\"1\" type=\"email\" name=\"form_fields[email]\" id=\"form-field-email\" class=\"elementor-field elementor-size-sm  elementor-field-textual\" placeholder=\"Correo\" required=\"required\" aria-required=\"true\">\t\t\t\t<\/div>\n\t\t\t\t\t\t\t\t<div class=\"elementor-field-type-textarea elementor-field-group elementor-column elementor-field-group-message elementor-col-100\">\n\t\t\t\t\t<label for=\"form-field-message\" class=\"elementor-field-label\">Mensaje<\/label><textarea class=\"elementor-field-textual elementor-field  elementor-size-sm\" name=\"form_fields[message]\" id=\"form-field-message\" rows=\"4\" placeholder=\"Escribe tu aporte ...\"><\/textarea>\t\t\t\t<\/div>\n\t\t\t\t\t\t\t\t<div class=\"elementor-field-group elementor-column elementor-field-type-submit elementor-col-33 e-form__buttons\">\n\t\t\t\t\t<button type=\"submit\" class=\"elementor-button elementor-size-sm\">\n\t\t\t\t\t\t<span >\n\t\t\t\t\t\t\t\t\t\t\t\t\t\t\t<span class=\" elementor-button-icon\">\n\t\t\t\t\t\t\t\t\t\t\t\t\t\t\t\t\t\t\t\t\t\t\t\t\t\t<\/span>\n\t\t\t\t\t\t\t\t\t\t\t\t\t\t\t\t\t\t\t\t\t\t<span class=\"elementor-button-text\">Enviar<\/span>\n\t\t\t\t\t\t\t\t\t\t\t\t\t<\/span>\n\t\t\t\t\t<\/button>\n\t\t\t\t<\/div>\n\t\t\t<\/div>\n\t\t<\/form>\n\t\t\t\t<\/div>\n\t\t\t\t<\/div>\n\t\t\t\t\t\t<\/div>\n\t\t\t\t\t<\/div>\n\t\t<\/div>\n\t\t\t\t\t\t\t\t<\/div>\n\t\t\t\t\t<\/div>\n\t\t<\/section>\n\t\t\t\t<section class=\"elementor-section elementor-top-section elementor-element elementor-element-e44413c elementor-section-boxed elementor-section-height-default elementor-section-height-default\" data-id=\"e44413c\" data-element_type=\"section\">\n\t\t\t\t\t\t<div class=\"elementor-container elementor-column-gap-default\">\n\t\t\t\t\t\t\t<div class=\"elementor-row\">\n\t\t\t\t\t<div class=\"elementor-column elementor-col-100 elementor-top-column elementor-element elementor-element-7187997\" data-id=\"7187997\" data-element_type=\"column\">\n\t\t\t<div class=\"elementor-column-wrap elementor-element-populated\">\n\t\t\t\t\t\t\t<div class=\"elementor-widget-wrap\">\n\t\t\t\t\t\t<div class=\"elementor-element elementor-element-8805e23 elementor-widget elementor-widget-spacer\" data-id=\"8805e23\" data-element_type=\"widget\" data-widget_type=\"spacer.default\">\n\t\t\t\t<div class=\"elementor-widget-container\">\n\t\t\t\t\t<div class=\"elementor-spacer\">\n\t\t\t<div class=\"elementor-spacer-inner\"><\/div>\n\t\t<\/div>\n\t\t\t\t<\/div>\n\t\t\t\t<\/div>\n\t\t\t\t\t\t<\/div>\n\t\t\t\t\t<\/div>\n\t\t<\/div>\n\t\t\t\t\t\t\t\t<\/div>\n\t\t\t\t\t<\/div>\n\t\t<\/section>\n\t\t\t\t<section class=\"elementor-section elementor-top-section elementor-element elementor-element-b7bdef1 elementor-section-boxed elementor-section-height-default elementor-section-height-default\" data-id=\"b7bdef1\" data-element_type=\"section\">\n\t\t\t\t\t\t<div class=\"elementor-container elementor-column-gap-default\">\n\t\t\t\t\t\t\t<div class=\"elementor-row\">\n\t\t\t\t\t<div class=\"elementor-column elementor-col-100 elementor-top-column elementor-element elementor-element-29a2bd9\" data-id=\"29a2bd9\" data-element_type=\"column\">\n\t\t\t<div class=\"elementor-column-wrap elementor-element-populated\">\n\t\t\t\t\t\t\t<div class=\"elementor-widget-wrap\">\n\t\t\t\t\t\t<div class=\"elementor-element elementor-element-2c8c236 elementor-widget elementor-widget-text-editor\" data-id=\"2c8c236\" data-element_type=\"widget\" data-widget_type=\"text-editor.default\">\n\t\t\t\t<div class=\"elementor-widget-container\">\n\t\t\t\t\t<div class=\"elementor-text-editor elementor-clearfix\"><p style=\"margin-bottom: 0px; color: #828282; font-family: Tahoma, Geneva, sans-serif; font-size: 13px; font-style: normal; font-weight: 400;\" align=\"center\"><img loading=\"lazy\" class=\"alignnone size-medium wp-image-10428\" src=\"https:\/\/intenalco.edu.co\/portal\/wp-content\/uploads\/2024\/01\/plan02-300x106.png\" alt=\"\" width=\"300\" height=\"106\" srcset=\"https:\/\/intenalco.edu.co\/portal\/wp-content\/uploads\/2024\/01\/plan02-300x106.png 300w, https:\/\/intenalco.edu.co\/portal\/wp-content\/uploads\/2024\/01\/plan02.png 315w\" sizes=\"(max-width: 300px) 100vw, 300px\" \/><\/p><p style=\"margin-bottom: 0px; color: #828282; font-family: Tahoma, Geneva, sans-serif; font-size: 13px; font-style: normal; font-weight: 400;\" align=\"center\"><a style=\"color: #0252aa; cursor: pointer;\" href=\"https:\/\/www.intenalco.edu.co\/archivospublicos\/planeacion\/2026\/14.%20Programa%20de%20Transparencia%20y%20Etica%20Publica%202026.pdf\" target=\"_blank\" rel=\"noopener\"><img loading=\"lazy\" class=\"alignnone\" style=\"margin: 0px; padding: 0px; outline: 0px; border-width: 0px; border-style: initial;\" src=\"http:\/\/www.intenalco.edu.co\/css\/images\/pdf.png\" alt=\"\" width=\"64\" height=\"64\" border=\"0\" \/><\/a>Lea el Programa de Transparencia y \u00c9tica P\u00fablica 2026<\/p><p style=\"margin-bottom: 0px; color: #828282; font-family: Tahoma, Geneva, sans-serif; font-size: 13px; font-style: normal; font-weight: 400;\" align=\"center\"><span style=\"font-size: 13px; font-style: normal; font-weight: bolder;\">\u00bfQu\u00e9 iniciativas o sugerencias tiene con respecto a este Programa de Transparencia y \u00c9tica P\u00fablica 2026?<\/span><\/p><\/div>\n\t\t\t\t<\/div>\n\t\t\t\t<\/div>\n\t\t\t\t\t\t<\/div>\n\t\t\t\t\t<\/div>\n\t\t<\/div>\n\t\t\t\t\t\t\t\t<\/div>\n\t\t\t\t\t<\/div>\n\t\t<\/section>\n\t\t\t\t<section class=\"elementor-section elementor-top-section elementor-element elementor-element-ae01372 elementor-section-boxed elementor-section-height-default elementor-section-height-default\" data-id=\"ae01372\" data-element_type=\"section\">\n\t\t\t\t\t\t<div class=\"elementor-container elementor-column-gap-default\">\n\t\t\t\t\t\t\t<div class=\"elementor-row\">\n\t\t\t\t\t<div class=\"elementor-column elementor-col-100 elementor-top-column elementor-element elementor-element-aabf096\" data-id=\"aabf096\" data-element_type=\"column\">\n\t\t\t<div class=\"elementor-column-wrap elementor-element-populated\">\n\t\t\t\t\t\t\t<div class=\"elementor-widget-wrap\">\n\t\t\t\t\t\t<div class=\"elementor-element elementor-element-bb53697 elementor-button-align-center elementor-widget elementor-widget-form\" data-id=\"bb53697\" data-element_type=\"widget\" data-settings=\"{&quot;button_width&quot;:&quot;33&quot;,&quot;step_next_label&quot;:&quot;Next&quot;,&quot;step_previous_label&quot;:&quot;Previous&quot;,&quot;step_type&quot;:&quot;number_text&quot;,&quot;step_icon_shape&quot;:&quot;circle&quot;}\" data-widget_type=\"form.default\">\n\t\t\t\t<div class=\"elementor-widget-container\">\n\t\t\t\t\t<form class=\"elementor-form\" method=\"post\" name=\"New Form\">\n\t\t\t<input type=\"hidden\" name=\"post_id\" value=\"1285\"\/>\n\t\t\t<input type=\"hidden\" name=\"form_id\" value=\"bb53697\"\/>\n\n\t\t\t\n\t\t\t<div class=\"elementor-form-fields-wrapper elementor-labels-above\">\n\t\t\t\t\t\t\t\t<div class=\"elementor-field-type-text elementor-field-group elementor-column elementor-field-group-name elementor-col-50\">\n\t\t\t\t\t<label for=\"form-field-name\" class=\"elementor-field-label\">Nombre<\/label><input size=\"1\" type=\"text\" name=\"form_fields[name]\" id=\"form-field-name\" class=\"elementor-field elementor-size-sm  elementor-field-textual\" placeholder=\"Nombre\">\t\t\t\t<\/div>\n\t\t\t\t\t\t\t\t<div class=\"elementor-field-type-email elementor-field-group elementor-column elementor-field-group-email elementor-col-50 elementor-field-required\">\n\t\t\t\t\t<label for=\"form-field-email\" class=\"elementor-field-label\">Correo<\/label><input size=\"1\" type=\"email\" name=\"form_fields[email]\" id=\"form-field-email\" class=\"elementor-field elementor-size-sm  elementor-field-textual\" placeholder=\"Correo\" required=\"required\" aria-required=\"true\">\t\t\t\t<\/div>\n\t\t\t\t\t\t\t\t<div class=\"elementor-field-type-textarea elementor-field-group elementor-column elementor-field-group-message elementor-col-100\">\n\t\t\t\t\t<label for=\"form-field-message\" class=\"elementor-field-label\">Mensaje<\/label><textarea class=\"elementor-field-textual elementor-field  elementor-size-sm\" name=\"form_fields[message]\" id=\"form-field-message\" rows=\"4\" placeholder=\"Escribe tu aporte ...\"><\/textarea>\t\t\t\t<\/div>\n\t\t\t\t\t\t\t\t<div class=\"elementor-field-group elementor-column elementor-field-type-submit elementor-col-33 e-form__buttons\">\n\t\t\t\t\t<button type=\"submit\" class=\"elementor-button elementor-size-sm\">\n\t\t\t\t\t\t<span >\n\t\t\t\t\t\t\t\t\t\t\t\t\t\t\t<span class=\" elementor-button-icon\">\n\t\t\t\t\t\t\t\t\t\t\t\t\t\t\t\t\t\t\t\t\t\t\t\t\t\t<\/span>\n\t\t\t\t\t\t\t\t\t\t\t\t\t\t\t\t\t\t\t\t\t\t<span class=\"elementor-button-text\">Enviar<\/span>\n\t\t\t\t\t\t\t\t\t\t\t\t\t<\/span>\n\t\t\t\t\t<\/button>\n\t\t\t\t<\/div>\n\t\t\t<\/div>\n\t\t<\/form>\n\t\t\t\t<\/div>\n\t\t\t\t<\/div>\n\t\t\t\t<div class=\"elementor-element elementor-element-a2a5b1d elementor-widget elementor-widget-text-editor\" data-id=\"a2a5b1d\" data-element_type=\"widget\" data-widget_type=\"text-editor.default\">\n\t\t\t\t<div class=\"elementor-widget-container\">\n\t\t\t\t\t<div class=\"elementor-text-editor elementor-clearfix\"><\/div>\n\t\t\t\t<\/div>\n\t\t\t\t<\/div>\n\t\t\t\t\t\t<\/div>\n\t\t\t\t\t<\/div>\n\t\t<\/div>\n\t\t\t\t\t\t\t\t<\/div>\n\t\t\t\t\t<\/div>\n\t\t<\/section>\n\t\t\t\t\t\t<\/div>\n\t\t\t\t\t\t<\/div>\n\t\t\t\t\t<\/div>\n\t\t ","protected":false},"excerpt":{"rendered":"<p>Inicio &raquo; P\u00e1gina CONSULTA CIUDADANA Espacio de participaci\u00f3n ciudadana en donde todos podemos aportar en la construcci\u00f3n de nuestros planes de acci\u00f3n. Lea cada uno de los planes y participe con su aporte, hasta el pr\u00f3ximo s\u00e1bado, 31 de enero de 2026. 11:59 p.m. \u00a0 PRESENTAMOS LOS PLANES DE ACCI\u00d3N DE INTENALCO PARA EL A\u00d1O&#8230;<\/p>\n","protected":false},"author":4,"featured_media":0,"parent":0,"menu_order":0,"comment_status":"closed","ping_status":"closed","template":"","meta":[],"_links":{"self":[{"href":"https:\/\/intenalco.edu.co\/portal\/wp-json\/wp\/v2\/pages\/1285"}],"collection":[{"href":"https:\/\/intenalco.edu.co\/portal\/wp-json\/wp\/v2\/pages"}],"about":[{"href":"https:\/\/intenalco.edu.co\/portal\/wp-json\/wp\/v2\/types\/page"}],"author":[{"embeddable":true,"href":"https:\/\/intenalco.edu.co\/portal\/wp-json\/wp\/v2\/users\/4"}],"replies":[{"embeddable":true,"href":"https:\/\/intenalco.edu.co\/portal\/wp-json\/wp\/v2\/comments?post=1285"}],"version-history":[{"count":127,"href":"https:\/\/intenalco.edu.co\/portal\/wp-json\/wp\/v2\/pages\/1285\/revisions"}],"predecessor-version":[{"id":16325,"href":"https:\/\/intenalco.edu.co\/portal\/wp-json\/wp\/v2\/pages\/1285\/revisions\/16325"}],"wp:attachment":[{"href":"https:\/\/intenalco.edu.co\/portal\/wp-json\/wp\/v2\/media?parent=1285"}],"curies":[{"name":"wp","href":"https:\/\/api.w.org\/{rel}","templated":true}]}}