{"id":1306,"date":"2020-12-04T16:19:17","date_gmt":"2020-12-04T16:19:17","guid":{"rendered":"https:\/\/intenalco.edu.co\/portal\/?page_id=1306"},"modified":"2026-01-26T10:59:52","modified_gmt":"2026-01-26T10:59:52","slug":"investigacion","status":"publish","type":"page","link":"https:\/\/intenalco.edu.co\/portal\/investigacion\/","title":{"rendered":"Investigaci\u00f3n"},"content":{"rendered":"<div id=\"pauDonde\"><a href=\"https:\/\/intenalco.edu.co\/portal\">Inicio<\/a> &raquo; <span class=\"current\">P\u00e1gina<\/span><\/div> <br> \t\t<div data-elementor-type=\"wp-page\" data-elementor-id=\"1306\" class=\"elementor elementor-1306\" data-elementor-settings=\"[]\">\n\t\t\t\t\t\t<div class=\"elementor-inner\">\n\t\t\t\t\t\t\t<div class=\"elementor-section-wrap\">\n\t\t\t\t\t\t\t<section class=\"elementor-section elementor-top-section elementor-element elementor-element-278e427 elementor-section-boxed elementor-section-height-default elementor-section-height-default\" data-id=\"278e427\" data-element_type=\"section\">\n\t\t\t\t\t\t<div class=\"elementor-container elementor-column-gap-default\">\n\t\t\t\t\t\t\t<div class=\"elementor-row\">\n\t\t\t\t\t<div class=\"elementor-column elementor-col-100 elementor-top-column elementor-element elementor-element-e5f909f\" data-id=\"e5f909f\" data-element_type=\"column\">\n\t\t\t<div class=\"elementor-column-wrap elementor-element-populated\">\n\t\t\t\t\t\t\t<div class=\"elementor-widget-wrap\">\n\t\t\t\t\t\t<section class=\"elementor-section elementor-inner-section elementor-element elementor-element-478b639 elementor-section-boxed elementor-section-height-default elementor-section-height-default\" data-id=\"478b639\" data-element_type=\"section\">\n\t\t\t\t\t\t<div class=\"elementor-container elementor-column-gap-default\">\n\t\t\t\t\t\t\t<div class=\"elementor-row\">\n\t\t\t\t\t<div class=\"elementor-column elementor-col-50 elementor-inner-column elementor-element elementor-element-927816a\" data-id=\"927816a\" data-element_type=\"column\">\n\t\t\t<div class=\"elementor-column-wrap elementor-element-populated\">\n\t\t\t\t\t\t\t<div class=\"elementor-widget-wrap\">\n\t\t\t\t\t\t<div class=\"elementor-element elementor-element-a05d1a0 elementor-widget elementor-widget-text-editor\" data-id=\"a05d1a0\" data-element_type=\"widget\" data-widget_type=\"text-editor.default\">\n\t\t\t\t<div class=\"elementor-widget-container\">\n\t\t\t\t\t<div class=\"elementor-text-editor elementor-clearfix\"><p style=\"color: #000000; font-family: 'Times New Roman'; font-size: medium; font-style: normal; font-weight: 400;\"><span class=\"Estilo1\" style=\"color: #ffffff;\">. .. . . . . . .\u00a0<img loading=\"lazy\" style=\"border: 1px solid #dddddd;\" src=\"http:\/\/www.intenalco.edu.co\/css\/images\/icono.investigacion.png\" alt=\"\" width=\"161\" height=\"79\" \/><\/span><\/p><ul id=\"menu\" style=\"background-color: #2961a9; margin-bottom: 0px; margin-left: 0px; width: 300px; list-style-type: none; border-radius: 5px; box-shadow: #888888 1px 1px 3px; color: #000000; font-family: 'Times New Roman'; font-size: medium; font-style: normal; font-weight: 400;\"><li style=\"border-bottom: 1px solid #ffffff;\"><a style=\"display: block; color: #ffffff; font-family: Helvetica, Arial, sans-serif; font-size: 13px; padding: 3px 5px; text-shadow: #325179 1px 1px 1px;\" href=\"https:\/\/intenalco.edu.co\/portal\/investigacion-contenido\/\" target=\"mainFrame\">Inicio<\/a><\/li><li style=\"border-bottom: 1px solid #ffffff;\">Organigrama<\/li><li style=\"border-bottom: 1px solid #ffffff;\">Objetivos de la Investigaci\u00f3n<\/li><li style=\"border-bottom: 1px solid #ffffff;\">Normatividad<br \/><ul id=\"open\" style=\"background-color: #6594d1; margin-left: 0px; width: 300px; list-style-type: none;\"><li style=\"border-width: initial; border-style: none;\"><a style=\"display: block; color: #ffffff; font-family: Helvetica, Arial, sans-serif; font-size: 13px; padding: 3px 5px; text-shadow: #325179 1px 1px 1px; background-color: #6594d1;\" href=\"http:\/\/www.intenalco.edu.co\/investigacion\/normativa\/RESOLUCION%20317%20PROYECTOS%20DE%20INVESTIGACION%20%202019.pdf\" target=\"mainFrame\">\u2022 Resoluci\u00f3n No.317-2019<\/a><\/li><li style=\"border-width: initial; border-style: none;\"><a style=\"display: block; color: #ffffff; font-family: Helvetica, Arial, sans-serif; font-size: 13px; padding: 3px 5px; text-shadow: #325179 1px 1px 1px; background-color: #6594d1;\" href=\"http:\/\/www.intenalco.edu.co\/investigacion\/normativa\/ACUERDO%2005%20DE%202016%20INSTITULAC.pdf\" target=\"mainFrame\">\u2022 Acuerdo No.05-2016<\/a><\/li><li style=\"border-width: initial; border-style: none;\"><a style=\"display: block; color: #ffffff; font-family: Helvetica, Arial, sans-serif; font-size: 13px; padding: 3px 5px; text-shadow: #325179 1px 1px 1px; background-color: #6594d1;\" href=\"http:\/\/www.intenalco.edu.co\/investigacion\/normativa\/ACUERDO%2006%20DE%202016%20LINEAS%20DE%20INVESTIGACION.pdf\" target=\"mainFrame\">\u2022 Acuerdo No.06-2016<\/a><\/li><\/ul><\/li><li style=\"border-bottom: 1px solid #ffffff;\">L\u00edneas de Investigac\u00f3n<\/li><li style=\"border-bottom: 1px solid #ffffff;\">Proyectos<\/li><li style=\"border-bottom: 1px solid #ffffff;\">Convocatoria<\/li><li style=\"border-bottom: 1px solid #ffffff;\">Descargas<\/li><li style=\"border-width: initial; border-style: none;\"><a style=\"display: block; color: #ffffff; font-family: Helvetica, Arial, sans-serif; font-size: 13px; padding: 3px 5px; text-shadow: #325179 1px 1px 1px;\" href=\"http:\/\/www.intenalco.edu.co\/portal\" target=\"_parent\">Salir<\/a><\/li><\/ul><p style=\"color: #000000; font-family: 'Times New Roman'; font-size: medium; font-style: normal; font-weight: 400;\"><span class=\"Estilo1\" style=\"color: #ffffff;\">. . . . &#8230; . .\u00a0<\/span><img loading=\"lazy\" src=\"http:\/\/www.intenalco.edu.co\/investigacion\/ideas.jpg\" alt=\"\" width=\"172\" height=\"214\" \/><\/p><\/div>\n\t\t\t\t<\/div>\n\t\t\t\t<\/div>\n\t\t\t\t\t\t<\/div>\n\t\t\t\t\t<\/div>\n\t\t<\/div>\n\t\t\t\t<div class=\"elementor-column elementor-col-50 elementor-inner-column elementor-element elementor-element-81e7cb5\" data-id=\"81e7cb5\" data-element_type=\"column\">\n\t\t\t<div class=\"elementor-column-wrap elementor-element-populated\">\n\t\t\t\t\t\t\t<div class=\"elementor-widget-wrap\">\n\t\t\t\t\t\t<div class=\"elementor-element elementor-element-d15186e elementor-widget elementor-widget-text-editor\" data-id=\"d15186e\" data-element_type=\"widget\" data-widget_type=\"text-editor.default\">\n\t\t\t\t<div class=\"elementor-widget-container\">\n\t\t\t\t\t<div class=\"elementor-text-editor elementor-clearfix\"><h1 style=\"color: #000000; font-family: 'Times New Roman'; font-style: normal; text-align: -webkit-center;\"><img loading=\"lazy\" src=\"http:\/\/www.intenalco.edu.co\/investigacion\/proyectos.png\" width=\"590\" height=\"224\" \/><\/h1><p style=\"color: #000000; font-family: 'Times New Roman'; font-size: medium; font-style: normal; font-weight: 400; text-align: -webkit-center;\"><span style=\"font-family: Geneva, Arial, Helvetica, san-serif; font-size: x-large;\">PROYECTOS DE INVESTIGACI\u00d3N<\/span><\/p><center style=\"color: #000000; font-family: 'Times New Roman'; font-size: medium;\"><table border=\"1\" width=\"839\" cellspacing=\"0\" cellpadding=\"10\"><tbody><tr><td colspan=\"2\" height=\"51\"><span class=\"Estilo9\" style=\"font-family: Arial, Helvetica, sans-serif; font-weight: bold;\">NOMBRE DEL PROYECTO No. 01<\/span><\/td><td bgcolor=\"#E4E4E4\" width=\"513\"><div align=\"justify\"><span class=\"Estilo8\" style=\"font-family: Verdana, Arial, Helvetica, sans-serif;\">\u201cRuta de diagn\u00f3stico, tratamiento y seguimiento de las enfermedades hu\u00e9rfanas en Santiago de Cali\u201d.<\/span><\/div><\/td><\/tr><tr><td width=\"213\" height=\"51\"><p class=\"Estilo7\" style=\"font-size: 14px; font-family: Arial, Helvetica, sans-serif; font-weight: bold;\" align=\"right\">PRESENTADO POR:<\/p><\/td><td colspan=\"2\"><p class=\"Estilo8\" style=\"font-family: Verdana, Arial, Helvetica, sans-serif;\" align=\"justify\">Alexander Rodr\u00edguez Trujillo, James Herm\u00ednzul Bedoya Cort\u00e9s, Juan Diego L\u00f3pez M\u00fanera.<\/p><p class=\"Estilo8\" style=\"font-family: Verdana, Arial, Helvetica, sans-serif;\" align=\"justify\"><strong class=\"Estilo7\" style=\"font-size: 14px; font-family: Arial, Helvetica, sans-serif;\">DURACI\u00d3N:<\/strong>\u00a018 meses<\/p><\/td><\/tr><tr><td colspan=\"2\" height=\"51\"><p class=\"Estilo7\" style=\"font-size: 14px; font-family: Arial, Helvetica, sans-serif; font-weight: bold;\" align=\"right\">APROBACI\u00d3N<\/p><\/td><td><div align=\"justify\"><span class=\"Estilo11\" style=\"font-family: Verdana, Arial, Helvetica, sans-serif; font-size: 14px;\">Resoluci\u00f3n No. 317 de 2019<\/span><\/div><\/td><\/tr><\/tbody><\/table><p><img loading=\"lazy\" style=\"margin: 0px 0px 10px 10px; padding: 10px; border: 1px solid #dddddd;\" src=\"http:\/\/www.intenalco.edu.co\/investigacion\/foto-proyecto-01.jpeg\" width=\"500\" height=\"324\" \/><\/p><table border=\"1\" width=\"839\" cellspacing=\"0\" cellpadding=\"10\"><tbody><tr><td colspan=\"2\" height=\"51\"><span class=\"Estilo9\" style=\"font-family: Arial, Helvetica, sans-serif; font-weight: bold;\">NOMBRE DEL PROYECTO No. 02<\/span><\/td><td bgcolor=\"#E4E4E4\" width=\"513\"><div align=\"justify\"><span class=\"Estilo8\" style=\"font-family: Verdana, Arial, Helvetica, sans-serif;\">Caracterizaci\u00f3n social de los estudiantes afrodescendientes y sus expectativas de ocupaci\u00f3n laboral.<\/span><\/div><\/td><\/tr><tr><td width=\"213\" height=\"51\"><p class=\"Estilo7\" style=\"font-size: 14px; font-family: Arial, Helvetica, sans-serif; font-weight: bold;\" align=\"right\">PRESENTADO POR:<\/p><\/td><td colspan=\"2\"><p class=\"Estilo8\" style=\"font-family: Verdana, Arial, Helvetica, sans-serif;\" align=\"justify\">Luis Carlos Granja Escobar, Pedro Jos\u00e9 J\u00e1come Ortiz, Marta Lucia Hinestroza, Danilo Oliveros.<\/p><p class=\"Estilo8\" style=\"font-family: Verdana, Arial, Helvetica, sans-serif;\" align=\"justify\"><span class=\"Estilo7\" style=\"font-size: 14px; font-family: Arial, Helvetica, sans-serif; font-weight: bold;\">DURACI\u00d3N:<\/span>\u00a018 meses<\/p><\/td><\/tr><tr><td colspan=\"2\" height=\"51\"><p class=\"Estilo7\" style=\"font-size: 14px; font-family: Arial, Helvetica, sans-serif; font-weight: bold;\" align=\"right\">APROBACI\u00d3N<\/p><\/td><td><div align=\"justify\"><span class=\"Estilo11\" style=\"font-family: Verdana, Arial, Helvetica, sans-serif; font-size: 14px;\">Resoluci\u00f3n No. 317 de 2019<\/span><\/div><\/td><\/tr><\/tbody><\/table><p>\u00a0<\/p><table border=\"1\" width=\"839\" cellspacing=\"0\" cellpadding=\"10\"><tbody><tr><td colspan=\"2\" height=\"51\"><span class=\"Estilo9\" style=\"font-family: Arial, Helvetica, sans-serif; font-weight: bold;\">NOMBRE DEL PROYECTO NO. 03<\/span><\/td><td bgcolor=\"#E4E4E4\" width=\"513\"><div align=\"justify\"><span class=\"Estilo8\" style=\"font-family: Verdana, Arial, Helvetica, sans-serif;\">Impacto Social de Egresados de los Programas de Salud Ocupacional y Seguridad y Salud en el Trabajo Intenalco Cali<\/span><\/div><\/td><\/tr><tr><td width=\"213\" height=\"51\"><p class=\"Estilo7\" style=\"font-size: 14px; font-family: Arial, Helvetica, sans-serif; font-weight: bold;\" align=\"right\">PRESENTADO POR:<\/p><\/td><td colspan=\"2\"><p class=\"Estilo8\" style=\"font-family: Verdana, Arial, Helvetica, sans-serif;\" align=\"justify\">Pedro Nel Beitia Cardona, Jos\u00e9 Jairo Vergara, Luis Fernando D\u00edaz, Roberto Mill\u00e1n.<\/p><p class=\"Estilo8\" style=\"font-family: Verdana, Arial, Helvetica, sans-serif;\" align=\"justify\"><span class=\"Estilo7\" style=\"font-size: 14px; font-family: Arial, Helvetica, sans-serif; font-weight: bold;\">DURACI\u00d3N:<\/span>\u00a012 meses<\/p><\/td><\/tr><tr><td colspan=\"2\" height=\"51\"><p class=\"Estilo7\" style=\"font-size: 14px; font-family: Arial, Helvetica, sans-serif; font-weight: bold;\" align=\"right\">APROBACI\u00d3N<\/p><\/td><td><div align=\"justify\"><span class=\"Estilo11\" style=\"font-family: Verdana, Arial, Helvetica, sans-serif; font-size: 14px;\">Resoluci\u00f3n No. 317 de 2019<\/span><\/div><\/td><\/tr><\/tbody><\/table><p>\u00a0<\/p><table border=\"1\" width=\"839\" cellspacing=\"0\" cellpadding=\"10\"><tbody><tr><td colspan=\"2\" height=\"51\"><span class=\"Estilo9\" style=\"font-family: Arial, Helvetica, sans-serif; font-weight: bold;\">NOMBRE DEL PROYECTO NO. 04<\/span><\/td><td bgcolor=\"#E4E4E4\" width=\"513\"><div align=\"justify\"><span class=\"Estilo8\" style=\"font-family: Verdana, Arial, Helvetica, sans-serif;\">Impacto Social de Egresados de los Programas de Costos y Contabilidad<\/span><\/div><\/td><\/tr><tr><td width=\"213\" height=\"51\"><p class=\"Estilo7\" style=\"font-size: 14px; font-family: Arial, Helvetica, sans-serif; font-weight: bold;\" align=\"right\">PRESENTADO POR:<\/p><\/td><td colspan=\"2\"><p class=\"Estilo8\" style=\"font-family: Verdana, Arial, Helvetica, sans-serif;\" align=\"justify\">Jair Rojas Villegas, Balmiro Giraldo Ospina, Deolimar Segura.<\/p><p class=\"Estilo8\" style=\"font-family: Verdana, Arial, Helvetica, sans-serif;\" align=\"justify\"><span class=\"Estilo7\" style=\"font-size: 14px; font-family: Arial, Helvetica, sans-serif; font-weight: bold;\">DURACI\u00d3N:<\/span>\u00a012 meses<\/p><\/td><\/tr><tr><td colspan=\"2\" height=\"51\"><p class=\"Estilo7\" style=\"font-size: 14px; font-family: Arial, Helvetica, sans-serif; font-weight: bold;\" align=\"right\">APROBACI\u00d3N<\/p><\/td><td><div align=\"justify\"><span class=\"Estilo11\" style=\"font-family: Verdana, Arial, Helvetica, sans-serif; font-size: 14px;\">Resoluci\u00f3n No. 317 de 2019<\/span><\/div><\/td><\/tr><\/tbody><\/table><p>\u00a0<\/p><table border=\"1\" width=\"839\" cellspacing=\"0\" cellpadding=\"10\"><tbody><tr><td colspan=\"2\" height=\"51\"><span class=\"Estilo9\" style=\"font-family: Arial, Helvetica, sans-serif; font-weight: bold;\">NOMBRE DEL PROYECTO NO. 05<\/span><\/td><td bgcolor=\"#E4E4E4\" width=\"513\"><div align=\"justify\"><span class=\"Estilo8\" style=\"font-family: Verdana, Arial, Helvetica, sans-serif;\">Impacto Social de Egresados de los Programas de Mercadeo<\/span><\/div><\/td><\/tr><tr><td width=\"213\" height=\"51\"><p class=\"Estilo7\" style=\"font-size: 14px; font-family: Arial, Helvetica, sans-serif; font-weight: bold;\" align=\"right\">PRESENTADO POR:<\/p><\/td><td colspan=\"2\"><p class=\"Estilo8\" style=\"font-family: Verdana, Arial, Helvetica, sans-serif;\" align=\"justify\">Jessica Erazo P\u00e9rez, Andrea Giraldo, Jhon Jairo Cort\u00e9s Murillo, Harrison S\u00e1nchez.<\/p><p class=\"Estilo8\" style=\"font-family: Verdana, Arial, Helvetica, sans-serif;\" align=\"justify\"><span class=\"Estilo7\" style=\"font-size: 14px; font-family: Arial, Helvetica, sans-serif; font-weight: bold;\">DURACI\u00d3N:<\/span>\u00a012 meses<\/p><\/td><\/tr><tr><td colspan=\"2\" height=\"51\"><p class=\"Estilo7\" style=\"font-size: 14px; font-family: Arial, Helvetica, sans-serif; font-weight: bold;\" align=\"right\">APROBACI\u00d3N<\/p><\/td><td><div align=\"justify\"><span class=\"Estilo11\" style=\"font-family: Verdana, Arial, Helvetica, sans-serif; font-size: 14px;\">Resoluci\u00f3n No. 317 de 2019<\/span><\/div><\/td><\/tr><\/tbody><\/table><p><img loading=\"lazy\" style=\"margin: 0px 0px 10px 10px; padding: 10px; border: 1px solid #dddddd;\" src=\"http:\/\/www.intenalco.edu.co\/investigacion\/foto-proyecto-05.jpeg\" width=\"502\" height=\"310\" \/><\/p><table border=\"1\" width=\"839\" cellspacing=\"0\" cellpadding=\"10\"><tbody><tr><td colspan=\"2\" height=\"51\"><span class=\"Estilo9\" style=\"font-family: Arial, Helvetica, sans-serif; font-weight: bold;\">NOMBRE DEL PROYECTO NO. 06<\/span><\/td><td bgcolor=\"#E4E4E4\" width=\"513\"><div align=\"justify\"><span class=\"Estilo8\" style=\"font-family: Verdana, Arial, Helvetica, sans-serif;\">Caracterizaci\u00f3n de los Trabajo de Grado de los estudiantes de Intenalco en los \u00faltimos a\u00f1os 5 a\u00f1os.<\/span><\/div><\/td><\/tr><tr><td width=\"213\" height=\"51\"><p class=\"Estilo7\" style=\"font-size: 14px; font-family: Arial, Helvetica, sans-serif; font-weight: bold;\" align=\"right\">PRESENTADO POR:<\/p><\/td><td colspan=\"2\"><p class=\"Estilo8\" style=\"font-family: Verdana, Arial, Helvetica, sans-serif;\" align=\"justify\">Mar\u00eda Constanza Cano Quintero.<\/p><p class=\"Estilo8\" style=\"font-family: Verdana, Arial, Helvetica, sans-serif;\" align=\"justify\"><span class=\"Estilo7\" style=\"font-size: 14px; font-family: Arial, Helvetica, sans-serif; font-weight: bold;\">DURACI\u00d3N:<\/span>\u00a018 meses<\/p><\/td><\/tr><tr><td colspan=\"2\" height=\"51\"><p class=\"Estilo7\" style=\"font-size: 14px; font-family: Arial, Helvetica, sans-serif; font-weight: bold;\" align=\"right\">APROBACI\u00d3N<\/p><\/td><td><div align=\"justify\"><span class=\"Estilo11\" style=\"font-family: Verdana, Arial, Helvetica, sans-serif; font-size: 14px;\">Resoluci\u00f3n No. 317 de 2019<\/span><\/div><\/td><\/tr><\/tbody><\/table><p>\u00a0<\/p><table border=\"1\" width=\"839\" cellspacing=\"0\" cellpadding=\"10\"><tbody><tr><td colspan=\"2\" height=\"51\"><span class=\"Estilo9\" style=\"font-family: Arial, Helvetica, sans-serif; font-weight: bold;\">NOMBRE DEL PROYECTO NO. 07<\/span><\/td><td bgcolor=\"#E4E4E4\" width=\"513\"><div align=\"justify\"><span class=\"Estilo8\" style=\"font-family: Verdana, Arial, Helvetica, sans-serif;\">Fortalecimiento y Desarrollo del Emprendimiento Empresarial en Intenalco Educaci\u00f3n Superior<\/span><\/div><\/td><\/tr><tr><td width=\"213\" height=\"51\"><p class=\"Estilo7\" style=\"font-size: 14px; font-family: Arial, Helvetica, sans-serif; font-weight: bold;\" align=\"right\">PRESENTADO POR:<\/p><\/td><td colspan=\"2\"><p class=\"Estilo8\" style=\"font-family: Verdana, Arial, Helvetica, sans-serif;\" align=\"justify\">Germ\u00e1n Casta\u00f1o, Armando Trujillo Beltr\u00e1n, Jos\u00e9 Helmer Pino G\u00e1lvis.<\/p><p class=\"Estilo8\" style=\"font-family: Verdana, Arial, Helvetica, sans-serif;\" align=\"justify\"><span class=\"Estilo7\" style=\"font-size: 14px; font-family: Arial, Helvetica, sans-serif; font-weight: bold;\">DURACI\u00d3N:<\/span>\u00a018 meses<\/p><\/td><\/tr><tr><td colspan=\"2\" height=\"51\"><p class=\"Estilo7\" style=\"font-size: 14px; font-family: Arial, Helvetica, sans-serif; font-weight: bold;\" align=\"right\">APROBACI\u00d3N<\/p><\/td><td><div align=\"justify\"><span class=\"Estilo11\" style=\"font-family: Verdana, Arial, Helvetica, sans-serif; font-size: 14px;\">Resoluci\u00f3n No. 317 de 2019<\/span><\/div><\/td><\/tr><\/tbody><\/table><\/center><\/div>\n\t\t\t\t<\/div>\n\t\t\t\t<\/div>\n\t\t\t\t\t\t<\/div>\n\t\t\t\t\t<\/div>\n\t\t<\/div>\n\t\t\t\t\t\t\t\t<\/div>\n\t\t\t\t\t<\/div>\n\t\t<\/section>\n\t\t\t\t\t\t<\/div>\n\t\t\t\t\t<\/div>\n\t\t<\/div>\n\t\t\t\t\t\t\t\t<\/div>\n\t\t\t\t\t<\/div>\n\t\t<\/section>\n\t\t\t\t\t\t<\/div>\n\t\t\t\t\t\t<\/div>\n\t\t\t\t\t<\/div>\n\t\t ","protected":false},"excerpt":{"rendered":"<p>Inicio &raquo; P\u00e1gina . .. . . . . . .\u00a0 Inicio Organigrama Objetivos de la Investigaci\u00f3n Normatividad \u2022 Resoluci\u00f3n No.317-2019 \u2022 Acuerdo No.05-2016 \u2022 Acuerdo No.06-2016 L\u00edneas de Investigac\u00f3n Proyectos Convocatoria Descargas Salir . . . . &#8230; . .\u00a0 PROYECTOS DE INVESTIGACI\u00d3N NOMBRE DEL PROYECTO No. 01 \u201cRuta de diagn\u00f3stico, tratamiento y seguimiento&#8230;<\/p>\n","protected":false},"author":4,"featured_media":0,"parent":0,"menu_order":0,"comment_status":"closed","ping_status":"closed","template":"","meta":[],"_links":{"self":[{"href":"https:\/\/intenalco.edu.co\/portal\/wp-json\/wp\/v2\/pages\/1306"}],"collection":[{"href":"https:\/\/intenalco.edu.co\/portal\/wp-json\/wp\/v2\/pages"}],"about":[{"href":"https:\/\/intenalco.edu.co\/portal\/wp-json\/wp\/v2\/types\/page"}],"author":[{"embeddable":true,"href":"https:\/\/intenalco.edu.co\/portal\/wp-json\/wp\/v2\/users\/4"}],"replies":[{"embeddable":true,"href":"https:\/\/intenalco.edu.co\/portal\/wp-json\/wp\/v2\/comments?post=1306"}],"version-history":[{"count":12,"href":"https:\/\/intenalco.edu.co\/portal\/wp-json\/wp\/v2\/pages\/1306\/revisions"}],"predecessor-version":[{"id":11453,"href":"https:\/\/intenalco.edu.co\/portal\/wp-json\/wp\/v2\/pages\/1306\/revisions\/11453"}],"wp:attachment":[{"href":"https:\/\/intenalco.edu.co\/portal\/wp-json\/wp\/v2\/media?parent=1306"}],"curies":[{"name":"wp","href":"https:\/\/api.w.org\/{rel}","templated":true}]}}