{"id":1373,"date":"2020-12-09T13:41:17","date_gmt":"2020-12-09T13:41:17","guid":{"rendered":"https:\/\/intenalco.edu.co\/portal\/?page_id=1373"},"modified":"2026-01-26T10:49:54","modified_gmt":"2026-01-26T10:49:54","slug":"calidad-formatos","status":"publish","type":"page","link":"https:\/\/intenalco.edu.co\/portal\/calidad-formatos\/","title":{"rendered":"Calidad Formatos"},"content":{"rendered":"<div id=\"pauDonde\"><a href=\"https:\/\/intenalco.edu.co\/portal\">Inicio<\/a> &raquo; <span class=\"current\">P\u00e1gina<\/span><\/div> <br> \t\t<div data-elementor-type=\"wp-page\" data-elementor-id=\"1373\" class=\"elementor elementor-1373\" data-elementor-settings=\"[]\">\n\t\t\t\t\t\t<div class=\"elementor-inner\">\n\t\t\t\t\t\t\t<div class=\"elementor-section-wrap\">\n\t\t\t\t\t\t\t<section class=\"elementor-section elementor-top-section elementor-element elementor-element-9198c9e elementor-section-boxed elementor-section-height-default elementor-section-height-default\" data-id=\"9198c9e\" data-element_type=\"section\">\n\t\t\t\t\t\t<div class=\"elementor-container elementor-column-gap-default\">\n\t\t\t\t\t\t\t<div class=\"elementor-row\">\n\t\t\t\t\t<div class=\"elementor-column elementor-col-100 elementor-top-column elementor-element elementor-element-7beb32e\" data-id=\"7beb32e\" data-element_type=\"column\">\n\t\t\t<div class=\"elementor-column-wrap elementor-element-populated\">\n\t\t\t\t\t\t\t<div class=\"elementor-widget-wrap\">\n\t\t\t\t\t\t<div class=\"elementor-element elementor-element-1cc9991 elementor-widget elementor-widget-image\" data-id=\"1cc9991\" data-element_type=\"widget\" data-widget_type=\"image.default\">\n\t\t\t\t<div class=\"elementor-widget-container\">\n\t\t\t\t\t<div class=\"elementor-image\">\n\t\t\t\t\t\t\t\t\t\t<img width=\"1024\" height=\"197\" src=\"https:\/\/intenalco.edu.co\/portal\/wp-content\/uploads\/2023\/11\/cabezotepp-1024x197.png\" class=\"attachment-large size-large\" alt=\"\" loading=\"lazy\" srcset=\"https:\/\/intenalco.edu.co\/portal\/wp-content\/uploads\/2023\/11\/cabezotepp-1024x197.png 1024w, https:\/\/intenalco.edu.co\/portal\/wp-content\/uploads\/2023\/11\/cabezotepp-300x58.png 300w, https:\/\/intenalco.edu.co\/portal\/wp-content\/uploads\/2023\/11\/cabezotepp-768x147.png 768w, https:\/\/intenalco.edu.co\/portal\/wp-content\/uploads\/2023\/11\/cabezotepp-1536x295.png 1536w, https:\/\/intenalco.edu.co\/portal\/wp-content\/uploads\/2023\/11\/cabezotepp-2048x393.png 2048w\" sizes=\"(max-width: 1024px) 100vw, 1024px\" \/>\t\t\t\t\t\t\t\t\t\t\t<\/div>\n\t\t\t\t<\/div>\n\t\t\t\t<\/div>\n\t\t\t\t<div class=\"elementor-element elementor-element-f25b5e3 elementor-widget elementor-widget-text-editor\" data-id=\"f25b5e3\" data-element_type=\"widget\" data-widget_type=\"text-editor.default\">\n\t\t\t\t<div class=\"elementor-widget-container\">\n\t\t\t\t\t<div class=\"elementor-text-editor elementor-clearfix\"><p style=\"margin-bottom: 0px; color: #828282; font-family: Tahoma, Geneva, sans-serif; font-size: 13px; font-style: normal; font-weight: 400;\" align=\"center\"><span style=\"color: #0080c0; font-family: Geneva, Arial, Helvetica, san-serif;\"><b class=\"Estilo2\" style=\"margin: 0px; padding: 0px; outline: 0px; color: #008080;\"><span style=\"font-size: x-large;\">FORMATOS DE CALIDAD<\/span><\/b><\/span><\/p><p style=\"margin-bottom: 0px; color: #828282; font-family: Tahoma, Geneva, sans-serif; font-size: 13px; font-style: normal; font-weight: 400;\" align=\"center\"><span style=\"color: #0080c0; font-family: Geneva, Arial, Helvetica, san-serif;\"><b class=\"Estilo2\" style=\"margin: 0px; padding: 0px; outline: 0px; color: #008080;\"><span style=\"font-size: x-large;\">USO VIGENTE<\/span><\/b><\/span><\/p><p style=\"margin-bottom: 0px; color: #828282; font-family: Tahoma, Geneva, sans-serif; font-size: 13px; font-style: normal; font-weight: 400;\" align=\"center\"><span style=\"color: #0080c0; font-family: Geneva, Arial, Helvetica, san-serif;\"><b class=\"Estilo2\" style=\"margin: 0px; padding: 0px; outline: 0px; color: #008080;\"><span style=\"font-size: x-large;\">ORGANIZADOS POR PROCESO<\/span><\/b><\/span><\/p><p>\u00a0<\/p><table style=\"margin-bottom: 0px;\" border=\"1\" width=\"429\" cellspacing=\"0\" cellpadding=\"10\"><tbody><tr><th style=\"padding: 0px;\" scope=\"row\" width=\"23\" height=\"33\"><div class=\"Estilo9\" style=\"font-size: 14px;\" align=\"center\">1<\/div><\/th><td style=\"padding: 0px;\" width=\"390\"><div class=\"Estilo9\" style=\"font-size: 14px;\" align=\"left\"><a style=\"color: #0252aa; cursor: pointer;\" href=\"https:\/\/intenalco.edu.co\/portal\/calidad-atencion-al-ciudadano\/\">ATENCI\u00d3N AL CIUDADANO<\/a><\/div><\/td><\/tr><tr><th style=\"padding: 0px;\" scope=\"row\" height=\"39\"><div class=\"Estilo9\" style=\"font-size: 14px;\" align=\"center\">2<\/div><\/th><td style=\"padding: 0px;\"><div class=\"Estilo9\" style=\"font-size: 14px;\" align=\"left\"><a style=\"color: #0252aa; cursor: pointer;\" href=\"https:\/\/intenalco.edu.co\/portal\/calidad-bienestar-institucional\/\">BIENESTAR INSTITUCIONAL<\/a><\/div><\/td><\/tr><tr><th style=\"padding: 0px;\" scope=\"row\" height=\"36\"><div class=\"Estilo9\" style=\"font-size: 14px;\" align=\"center\">3<\/div><\/th><td style=\"padding: 0px;\"><a class=\"Estilo9\" style=\"color: #0252aa; cursor: pointer; font-size: 14px;\" href=\"https:\/\/intenalco.edu.co\/portal\/calidad-control-interno\/\">CONTROL INTERNO<\/a><\/td><\/tr><tr><th style=\"padding: 0px;\" scope=\"row\" height=\"33\"><div class=\"Estilo9\" style=\"font-size: 14px;\" align=\"center\">4<\/div><\/th><td style=\"padding: 0px;\"><div class=\"Estilo9\" style=\"font-size: 14px;\" align=\"left\"><a style=\"color: #0252aa; cursor: pointer;\" href=\"https:\/\/intenalco.edu.co\/portal\/calidad-direccionamiento-estrategico\/\">DIRECCIONAMIENTO ESTRAT\u00c9GICO<\/a><\/div><\/td><\/tr><tr><th style=\"padding: 0px;\" scope=\"row\" height=\"33\"><div class=\"Estilo9\" style=\"font-size: 14px;\" align=\"center\">5<\/div><\/th><td style=\"padding: 0px;\"><div class=\"Estilo9\" style=\"font-size: 14px;\" align=\"left\"><a style=\"color: #0252aa; cursor: pointer;\" href=\"https:\/\/intenalco.edu.co\/portal\/calidad-gestion-academica\/\">GESTI\u00d3N ACAD\u00c9MICA<\/a><\/div><\/td><\/tr><tr><th style=\"padding: 0px;\" scope=\"row\" height=\"33\"><div class=\"Estilo9\" style=\"font-size: 14px;\" align=\"center\">6<\/div><\/th><td style=\"padding: 0px;\"><div class=\"Estilo9\" style=\"font-size: 14px;\" align=\"left\"><a style=\"color: #0252aa; cursor: pointer;\" href=\"https:\/\/intenalco.edu.co\/portal\/calidad-direccion-administrativa-y-financiera\/\">GESTI\u00d3N ADMINISTRATIVA Y FINANCIERA<\/a><\/div><\/td><\/tr><tr><th style=\"padding: 0px;\" scope=\"row\" height=\"34\"><div class=\"Estilo9\" style=\"font-size: 14px;\" align=\"center\">7<\/div><\/th><td style=\"padding: 0px;\"><div class=\"Estilo9\" style=\"font-size: 14px;\" align=\"left\"><a style=\"color: #0252aa; cursor: pointer;\" href=\"https:\/\/intenalco.edu.co\/portal\/calidad-gestion-de-extension-y-proyecccion-social\/\">GESTI\u00d3N DE EXTENSI\u00d3N Y PROYECCCI\u00d3N SOCIAL<\/a><\/div><\/td><\/tr><tr><th style=\"padding: 0px;\" scope=\"row\" height=\"33\"><div class=\"Estilo9\" style=\"font-size: 14px;\" align=\"center\">8<\/div><\/th><td style=\"padding: 0px;\"><div class=\"Estilo9\" style=\"font-size: 14px;\" align=\"left\"><a style=\"color: #0252aa; cursor: pointer;\" href=\"https:\/\/intenalco.edu.co\/portal\/calidad-gestion-de-mejoramiento-continuo\/\">GESTI\u00d3N DE MEJORAMIENTO CONTINUO<\/a><\/div><\/td><\/tr><tr><th style=\"padding: 0px;\" scope=\"row\" height=\"35\"><div class=\"Estilo9\" style=\"font-size: 14px;\" align=\"center\">9<\/div><\/th><td style=\"padding: 0px;\"><div class=\"Estilo9\" style=\"font-size: 14px;\" align=\"left\"><a style=\"color: #0252aa; cursor: pointer;\" href=\"https:\/\/intenalco.edu.co\/portal\/calidad-gestion-documental\/\">GESTI\u00d3N DOCUMENTAL<\/a><\/div><\/td><\/tr><tr><th style=\"padding: 0px;\" scope=\"row\" height=\"35\"><div class=\"Estilo9\" style=\"font-size: 14px;\" align=\"center\">10<\/div><\/th><td style=\"padding: 0px;\"><div class=\"Estilo9\" style=\"font-size: 14px;\" align=\"left\"><a style=\"color: #0252aa; cursor: pointer;\" href=\"https:\/\/intenalco.edu.co\/portal\/calidad-gestion-investigativa\/\">GESTI\u00d3N INVESTIGATIVA<\/a><\/div><\/td><\/tr><tr><th style=\"padding: 0px;\" scope=\"row\" height=\"34\"><div class=\"Estilo9\" style=\"font-size: 14px;\" align=\"center\">11<\/div><\/th><td style=\"padding: 0px;\"><div class=\"Estilo9\" style=\"font-size: 14px;\" align=\"left\"><a style=\"color: #0252aa; cursor: pointer;\" href=\"https:\/\/intenalco.edu.co\/portal\/calidad-gestion-juridica-y-contratacion\/\">GESTI\u00d3N JURIDICA Y CONTRATACI\u00d3N<\/a><\/div><\/td><\/tr><tr><th style=\"padding: 0px;\" scope=\"row\" height=\"33\"><div class=\"Estilo9\" style=\"font-size: 14px;\" align=\"center\">12<\/div><\/th><td style=\"padding: 0px;\"><div class=\"Estilo9\" style=\"font-size: 14px;\" align=\"left\"><a style=\"color: #0252aa; cursor: pointer;\" href=\"https:\/\/intenalco.edu.co\/portal\/calidad-gestion-de-talento-humano\/\">GESTI\u00d3N TALENTO HUMANO<\/a><\/div><\/td><\/tr><tr><th style=\"padding: 0px;\" scope=\"row\" height=\"37\"><div class=\"Estilo9\" style=\"font-size: 14px;\" align=\"center\">13<\/div><\/th><td style=\"padding: 0px;\"><div class=\"Estilo9\" style=\"font-size: 14px;\" align=\"left\"><a style=\"color: #0252aa; cursor: pointer;\" href=\"https:\/\/intenalco.edu.co\/portal\/calidad-registro-y-control-academico\/\">REGISTRO Y CONTROL ACAD\u00c9MICO<\/a><\/div><\/td><\/tr><tr><th style=\"padding: 0px;\" scope=\"row\" height=\"34\"><div class=\"Estilo9\" style=\"font-size: 14px;\" align=\"center\">14<\/div><\/th><td style=\"padding: 0px;\"><div class=\"Estilo9\" style=\"font-size: 14px;\" align=\"left\"><a style=\"color: #0252aa; cursor: pointer;\" href=\"https:\/\/intenalco.edu.co\/portal\/calidad-tecnologia-de-la-informacion\/\">TECNOLOG\u00cdAS DE LA INFORMACI\u00d3N<\/a><\/div><\/td><\/tr><\/tbody><\/table><p>\u00a0<\/p><\/div>\n\t\t\t\t<\/div>\n\t\t\t\t<\/div>\n\t\t\t\t\t\t<\/div>\n\t\t\t\t\t<\/div>\n\t\t<\/div>\n\t\t\t\t\t\t\t\t<\/div>\n\t\t\t\t\t<\/div>\n\t\t<\/section>\n\t\t\t\t\t\t<\/div>\n\t\t\t\t\t\t<\/div>\n\t\t\t\t\t<\/div>\n\t\t ","protected":false},"excerpt":{"rendered":"<p>Inicio &raquo; P\u00e1gina FORMATOS DE CALIDAD USO VIGENTE ORGANIZADOS POR PROCESO \u00a0 1 ATENCI\u00d3N AL CIUDADANO 2 BIENESTAR INSTITUCIONAL 3 CONTROL INTERNO 4 DIRECCIONAMIENTO ESTRAT\u00c9GICO 5 GESTI\u00d3N ACAD\u00c9MICA 6 GESTI\u00d3N ADMINISTRATIVA Y FINANCIERA 7 GESTI\u00d3N DE EXTENSI\u00d3N Y PROYECCCI\u00d3N SOCIAL 8 GESTI\u00d3N DE MEJORAMIENTO CONTINUO 9 GESTI\u00d3N DOCUMENTAL 10 GESTI\u00d3N INVESTIGATIVA 11 GESTI\u00d3N JURIDICA Y&#8230;<\/p>\n","protected":false},"author":4,"featured_media":0,"parent":0,"menu_order":0,"comment_status":"closed","ping_status":"closed","template":"","meta":[],"_links":{"self":[{"href":"https:\/\/intenalco.edu.co\/portal\/wp-json\/wp\/v2\/pages\/1373"}],"collection":[{"href":"https:\/\/intenalco.edu.co\/portal\/wp-json\/wp\/v2\/pages"}],"about":[{"href":"https:\/\/intenalco.edu.co\/portal\/wp-json\/wp\/v2\/types\/page"}],"author":[{"embeddable":true,"href":"https:\/\/intenalco.edu.co\/portal\/wp-json\/wp\/v2\/users\/4"}],"replies":[{"embeddable":true,"href":"https:\/\/intenalco.edu.co\/portal\/wp-json\/wp\/v2\/comments?post=1373"}],"version-history":[{"count":12,"href":"https:\/\/intenalco.edu.co\/portal\/wp-json\/wp\/v2\/pages\/1373\/revisions"}],"predecessor-version":[{"id":10174,"href":"https:\/\/intenalco.edu.co\/portal\/wp-json\/wp\/v2\/pages\/1373\/revisions\/10174"}],"wp:attachment":[{"href":"https:\/\/intenalco.edu.co\/portal\/wp-json\/wp\/v2\/media?parent=1373"}],"curies":[{"name":"wp","href":"https:\/\/api.w.org\/{rel}","templated":true}]}}