{"id":1507,"date":"2020-12-10T17:07:22","date_gmt":"2020-12-10T17:07:22","guid":{"rendered":"https:\/\/intenalco.edu.co\/portal\/?page_id=1507"},"modified":"2021-04-14T20:34:24","modified_gmt":"2021-04-14T20:34:24","slug":"intenalco-ninos-fotos","status":"publish","type":"page","link":"https:\/\/intenalco.edu.co\/portal\/intenalco-ninos-fotos\/","title":{"rendered":"Intenalco Ni\u00f1os Fotos"},"content":{"rendered":"<div id=\"pauDonde\"><a href=\"https:\/\/intenalco.edu.co\/portal\">Inicio<\/a> &raquo; <span class=\"current\">P\u00e1gina<\/span><\/div> <br> \t\t<div data-elementor-type=\"wp-page\" data-elementor-id=\"1507\" class=\"elementor elementor-1507\" data-elementor-settings=\"[]\">\n\t\t\t\t\t\t<div class=\"elementor-inner\">\n\t\t\t\t\t\t\t<div class=\"elementor-section-wrap\">\n\t\t\t\t\t\t\t<section class=\"elementor-section elementor-top-section elementor-element elementor-element-978019f elementor-section-stretched elementor-section-full_width elementor-section-height-default elementor-section-height-default\" data-id=\"978019f\" data-element_type=\"section\" data-settings=\"{&quot;stretch_section&quot;:&quot;section-stretched&quot;,&quot;background_background&quot;:&quot;classic&quot;}\">\n\t\t\t\t\t\t<div class=\"elementor-container elementor-column-gap-default\">\n\t\t\t\t\t\t\t<div class=\"elementor-row\">\n\t\t\t\t\t<div class=\"elementor-column elementor-col-50 elementor-top-column elementor-element elementor-element-acbb746\" data-id=\"acbb746\" data-element_type=\"column\" data-settings=\"{&quot;background_background&quot;:&quot;classic&quot;}\">\n\t\t\t<div class=\"elementor-column-wrap elementor-element-populated\">\n\t\t\t\t\t\t\t<div class=\"elementor-widget-wrap\">\n\t\t\t\t\t\t<div class=\"elementor-element elementor-element-a30f393 elementor-widget elementor-widget-text-editor\" data-id=\"a30f393\" data-element_type=\"widget\" data-widget_type=\"text-editor.default\">\n\t\t\t\t<div class=\"elementor-widget-container\">\n\t\t\t\t\t<div class=\"elementor-text-editor elementor-clearfix\"><h1 style=\"text-align: left; padding-left: 40px;\"><span style=\"color: #ffffff;\"><strong>Intenalco Infantil<\/strong><\/span><\/h1>\n<h3 style=\"text-align: left; padding-left: 40px;\"><span style=\"color: #ffffff;\">Fotos<\/span><\/h3><\/div>\n\t\t\t\t<\/div>\n\t\t\t\t<\/div>\n\t\t\t\t\t\t<\/div>\n\t\t\t\t\t<\/div>\n\t\t<\/div>\n\t\t\t\t<div class=\"elementor-column elementor-col-50 elementor-top-column elementor-element elementor-element-456f989\" data-id=\"456f989\" data-element_type=\"column\">\n\t\t\t<div class=\"elementor-column-wrap elementor-element-populated\">\n\t\t\t\t\t\t\t<div class=\"elementor-widget-wrap\">\n\t\t\t\t\t\t<div class=\"elementor-element elementor-element-24b0db8 elementor-widget elementor-widget-text-editor\" data-id=\"24b0db8\" data-element_type=\"widget\" data-widget_type=\"text-editor.default\">\n\t\t\t\t<div class=\"elementor-widget-container\">\n\t\t\t\t\t<div class=\"elementor-text-editor elementor-clearfix\"><\/div>\n\t\t\t\t<\/div>\n\t\t\t\t<\/div>\n\t\t\t\t<div class=\"elementor-element elementor-element-6d000e1 elementor-widget elementor-widget-text-editor\" data-id=\"6d000e1\" data-element_type=\"widget\" data-widget_type=\"text-editor.default\">\n\t\t\t\t<div class=\"elementor-widget-container\">\n\t\t\t\t\t<div class=\"elementor-text-editor elementor-clearfix\"><\/div>\n\t\t\t\t<\/div>\n\t\t\t\t<\/div>\n\t\t\t\t\t\t<\/div>\n\t\t\t\t\t<\/div>\n\t\t<\/div>\n\t\t\t\t\t\t\t\t<\/div>\n\t\t\t\t\t<\/div>\n\t\t<\/section>\n\t\t\t\t<section class=\"elementor-section elementor-top-section elementor-element elementor-element-9658f06 elementor-section-boxed elementor-section-height-default elementor-section-height-default\" data-id=\"9658f06\" data-element_type=\"section\">\n\t\t\t\t\t\t<div class=\"elementor-container elementor-column-gap-default\">\n\t\t\t\t\t\t\t<div class=\"elementor-row\">\n\t\t\t\t\t<div class=\"elementor-column elementor-col-100 elementor-top-column elementor-element elementor-element-bcbf5dd\" data-id=\"bcbf5dd\" data-element_type=\"column\">\n\t\t\t<div class=\"elementor-column-wrap elementor-element-populated\">\n\t\t\t\t\t\t\t<div class=\"elementor-widget-wrap\">\n\t\t\t\t\t\t<div class=\"elementor-element elementor-element-2ded1c0 elementor-widget elementor-widget-text-editor\" data-id=\"2ded1c0\" data-element_type=\"widget\" data-widget_type=\"text-editor.default\">\n\t\t\t\t<div class=\"elementor-widget-container\">\n\t\t\t\t\t<div class=\"elementor-text-editor elementor-clearfix\"><h2 class=\"clr-6 p4\" style=\"background: #; font-size: 40px; margin-bottom: 0px; padding-bottom: 13px; vertical-align: top; line-height: 50px; color: #000000; font-weight: bold; font-family: 'Cabin Sketch', cursive; letter-spacing: -1px; font-style: normal;\">D\u00eda de los Ni\u00f1os &#8211; Halloween<\/h2>\n<div class=\"pag\" style=\"background: #; font-size: 14px; vertical-align: top; position: relative; color: #838180; font-family: Georgia, 'Times New Roman', Times, serif; font-style: normal; font-weight: 400;\">\n<div class=\"img-pags\" style=\"background: transparent; font-size: 14px; vertical-align: top; position: relative; left: 0px; z-index: 1; overflow: hidden; width: 580px; height: 996px;\">\n<ul class=\"pagination\" style=\"background: transparent; font-size: 14px; margin-bottom: 0px; margin-left: 0px; vertical-align: top; list-style-image: none; list-style-type: none; position: relative; width: 580px; height: 996px; left: 0px;\">\n \t<li class=\"\" style=\"background: transparent; font-size: 14px; margin-right: 20px; vertical-align: top; width: 270px; height: 249px; display: block; position: absolute; left: 0px; top: 0px;\"><a style=\"background-image: initial; background-position: initial; background-size: initial; background-repeat: initial; background-attachment: initial; background-origin: initial; background-clip: initial; font-size: 14px; vertical-align: top; cursor: pointer; position: relative; display: block;\" href=\"http:\/\/www.intenalco.edu.co\/infantil\/fotos.php#\"><span style=\"background: transparent; font-size: 14px; vertical-align: top; display: block;\"><img loading=\"lazy\" class=\"img-border\" style=\"background: transparent; margin: 0px; padding: 0px; outline: 0px; vertical-align: top; box-shadow: #c1c1c1 0px 0px 5px; display: inline-block; border: 10px solid #ffffff;\" src=\"http:\/\/www.intenalco.edu.co\/infantil\/fotos\/halloween2013\/01.jpg\" alt=\"\" width=\"250\" height=\"200\" \/><span class=\"text-2\" style=\"background: transparent; font-size: 16px; margin-top: 7px; margin-left: 11px; vertical-align: top; line-height: 25px; color: #000000; font-style: italic; font-weight: normal; display: block;\">01<\/span><\/span><\/a><\/li>\n \t<li class=\"\" style=\"background: transparent; font-size: 14px; margin-right: 20px; vertical-align: top; width: 270px; height: 249px; display: block; position: absolute; left: 0px; top: 249px;\"><a style=\"background-image: initial; background-position: initial; background-size: initial; background-repeat: initial; background-attachment: initial; background-origin: initial; background-clip: initial; font-size: 14px; vertical-align: top; cursor: pointer; position: relative; display: block;\" href=\"http:\/\/www.intenalco.edu.co\/infantil\/fotos.php#\"><span style=\"background: transparent; font-size: 14px; vertical-align: top; display: block;\"><img loading=\"lazy\" class=\"img-border\" style=\"background: transparent; margin: 0px; padding: 0px; outline: 0px; vertical-align: top; box-shadow: #c1c1c1 0px 0px 5px; display: inline-block; border: 10px solid #ffffff;\" src=\"http:\/\/www.intenalco.edu.co\/infantil\/fotos\/halloween2013\/02.jpg\" alt=\"\" width=\"250\" height=\"180\" \/><span class=\"text-2\" style=\"background: transparent; font-size: 16px; margin-top: 7px; margin-left: 11px; vertical-align: top; line-height: 25px; color: #000000; font-style: italic; font-weight: normal; display: block;\">02<\/span><\/span><\/a><\/li>\n \t<li class=\"active current\" style=\"background: transparent; font-size: 14px; margin-right: 20px; vertical-align: top; width: 270px; height: 249px; display: block; position: absolute; left: 0px; top: 498px;\"><a style=\"background-image: initial; background-position: initial; background-size: initial; background-repeat: initial; background-attachment: initial; background-origin: initial; background-clip: initial; font-size: 14px; vertical-align: top; cursor: pointer; position: relative; display: block;\" href=\"http:\/\/www.intenalco.edu.co\/infantil\/fotos.php#\"><span style=\"background: transparent; font-size: 14px; vertical-align: top; display: block;\"><img loading=\"lazy\" class=\"img-border\" style=\"background: transparent; margin: 0px; padding: 0px; outline: 0px; vertical-align: top; box-shadow: #c1c1c1 0px 0px 5px; display: inline-block; border: 10px solid #c4e7ef;\" src=\"http:\/\/www.intenalco.edu.co\/infantil\/fotos\/halloween2013\/03.jpg\" alt=\"\" width=\"250\" height=\"180\" \/><span class=\"text-2\" style=\"background: transparent; font-size: 16px; margin-top: 7px; margin-left: 11px; vertical-align: top; line-height: 25px; color: #000000; font-style: italic; font-weight: normal; display: block;\">03<\/span><\/span><\/a><\/li>\n \t<li style=\"background: transparent; font-size: 14px; margin-right: 20px; vertical-align: top; width: 270px; height: 249px; display: block; position: absolute; left: 0px; top: 747px;\"><a style=\"background-image: initial; background-position: initial; background-size: initial; background-repeat: initial; background-attachment: initial; background-origin: initial; background-clip: initial; font-size: 14px; vertical-align: top; cursor: pointer; position: relative; display: block;\" href=\"http:\/\/www.intenalco.edu.co\/infantil\/fotos.php#\"><span style=\"background: transparent; font-size: 14px; vertical-align: top; display: block;\"><img loading=\"lazy\" class=\"img-border\" style=\"background: transparent; margin: 0px; padding: 0px; outline: 0px; vertical-align: top; box-shadow: #c1c1c1 0px 0px 5px; display: inline-block; border: 10px solid #ffffff;\" src=\"http:\/\/www.intenalco.edu.co\/infantil\/fotos\/halloween2013\/04.jpg\" alt=\"\" width=\"250\" height=\"200\" \/><span class=\"text-2\" style=\"background: transparent; font-size: 16px; margin-top: 7px; margin-left: 11px; vertical-align: top; line-height: 25px; color: #000000; font-style: italic; font-weight: normal; display: block;\">04<\/span><\/span><\/a><\/li>\n \t<li style=\"background: transparent; font-size: 14px; margin-right: 20px; vertical-align: top; width: 270px; height: 249px; display: block; position: absolute; left: 290px; top: 0px;\"><a style=\"background-image: initial; background-position: initial; background-size: initial; background-repeat: initial; background-attachment: initial; background-origin: initial; background-clip: initial; font-size: 14px; vertical-align: top; cursor: pointer; position: relative; display: block;\" href=\"http:\/\/www.intenalco.edu.co\/infantil\/fotos.php#\"><span style=\"background: transparent; font-size: 14px; vertical-align: top; display: block;\"><img loading=\"lazy\" class=\"img-border\" style=\"background: transparent; margin: 0px; padding: 0px; outline: 0px; vertical-align: top; box-shadow: #c1c1c1 0px 0px 5px; display: inline-block; border: 10px solid #ffffff;\" src=\"http:\/\/www.intenalco.edu.co\/infantil\/fotos\/halloween2013\/05.jpg\" alt=\"\" width=\"250\" height=\"200\" \/><span class=\"text-2\" style=\"background: transparent; font-size: 16px; margin-top: 7px; margin-left: 11px; vertical-align: top; line-height: 25px; color: #000000; font-style: italic; font-weight: normal; display: block;\">05<\/span><\/span><\/a><\/li>\n \t<li style=\"background: transparent; font-size: 14px; margin-right: 20px; vertical-align: top; width: 270px; height: 249px; display: block; position: absolute; left: 290px; top: 249px;\"><a style=\"background-image: initial; background-position: initial; background-size: initial; background-repeat: initial; background-attachment: initial; background-origin: initial; background-clip: initial; font-size: 14px; vertical-align: top; cursor: pointer; position: relative; display: block;\" href=\"http:\/\/www.intenalco.edu.co\/infantil\/fotos.php#\"><span style=\"background: transparent; font-size: 14px; vertical-align: top; display: block;\"><img loading=\"lazy\" class=\"img-border\" style=\"background: transparent; margin: 0px; padding: 0px; outline: 0px; vertical-align: top; box-shadow: #c1c1c1 0px 0px 5px; display: inline-block; border: 10px solid #ffffff;\" src=\"http:\/\/www.intenalco.edu.co\/infantil\/fotos\/halloween2013\/06.jpg\" alt=\"\" width=\"250\" height=\"180\" \/><span class=\"text-2\" style=\"background: transparent; font-size: 16px; margin-top: 7px; margin-left: 11px; vertical-align: top; line-height: 25px; color: #000000; font-style: italic; font-weight: normal; display: block;\">06<\/span><\/span><\/a><\/li>\n \t<li style=\"background: transparent; font-size: 14px; margin-right: 20px; vertical-align: top; width: 270px; height: 249px; display: block; position: absolute; left: 290px; top: 498px;\"><a style=\"background-image: initial; background-position: initial; background-size: initial; background-repeat: initial; background-attachment: initial; background-origin: initial; background-clip: initial; font-size: 14px; vertical-align: top; cursor: pointer; position: relative; display: block;\" href=\"http:\/\/www.intenalco.edu.co\/infantil\/fotos.php#\"><span style=\"background: transparent; font-size: 14px; vertical-align: top; display: block;\"><img loading=\"lazy\" class=\"img-border\" style=\"background: transparent; margin: 0px; padding: 0px; outline: 0px; vertical-align: top; box-shadow: #c1c1c1 0px 0px 5px; display: inline-block; border: 10px solid #ffffff;\" src=\"http:\/\/www.intenalco.edu.co\/infantil\/fotos\/halloween2013\/07.jpg\" alt=\"\" width=\"250\" height=\"180\" \/><span class=\"text-2\" style=\"background: transparent; font-size: 16px; margin-top: 7px; margin-left: 11px; vertical-align: top; line-height: 25px; color: #000000; font-style: italic; font-weight: normal; display: block;\">07<\/span><\/span><\/a><\/li>\n \t<li style=\"background: transparent; font-size: 14px; margin-right: 20px; vertical-align: top; width: 270px; height: 249px; display: block; position: absolute; left: 290px; top: 747px;\"><a style=\"background-image: initial; background-position: initial; background-size: initial; background-repeat: initial; background-attachment: initial; background-origin: initial; background-clip: initial; font-size: 14px; vertical-align: top; cursor: pointer; position: relative; display: block;\" href=\"http:\/\/www.intenalco.edu.co\/infantil\/fotos.php#\"><span style=\"background: transparent; font-size: 14px; vertical-align: top; display: block;\"><img loading=\"lazy\" class=\"img-border\" style=\"background: transparent; margin: 0px; padding: 0px; outline: 0px; vertical-align: top; box-shadow: #c1c1c1 0px 0px 5px; display: inline-block; border: 10px solid #c4e7ef;\" src=\"http:\/\/www.intenalco.edu.co\/infantil\/fotos\/halloween2013\/09.jpg\" alt=\"\" width=\"250\" height=\"200\" \/><span class=\"text-2\" style=\"background: transparent; font-size: 16px; margin-top: 7px; margin-left: 11px; vertical-align: top; line-height: 25px; color: #000000; font-style: italic; font-weight: normal; display: block;\">08<\/span><\/span><\/a><\/li>\n<\/ul>\n<\/div>\n<\/div><\/div>\n\t\t\t\t<\/div>\n\t\t\t\t<\/div>\n\t\t\t\t\t\t<\/div>\n\t\t\t\t\t<\/div>\n\t\t<\/div>\n\t\t\t\t\t\t\t\t<\/div>\n\t\t\t\t\t<\/div>\n\t\t<\/section>\n\t\t\t\t\t\t<\/div>\n\t\t\t\t\t\t<\/div>\n\t\t\t\t\t<\/div>\n\t\t ","protected":false},"excerpt":{"rendered":"<p>Inicio &raquo; P\u00e1gina Intenalco Infantil Fotos D\u00eda de los Ni\u00f1os &#8211; Halloween 01 02 03 04 05 06 07 08<\/p>\n","protected":false},"author":3,"featured_media":0,"parent":0,"menu_order":0,"comment_status":"closed","ping_status":"closed","template":"","meta":[],"_links":{"self":[{"href":"https:\/\/intenalco.edu.co\/portal\/wp-json\/wp\/v2\/pages\/1507"}],"collection":[{"href":"https:\/\/intenalco.edu.co\/portal\/wp-json\/wp\/v2\/pages"}],"about":[{"href":"https:\/\/intenalco.edu.co\/portal\/wp-json\/wp\/v2\/types\/page"}],"author":[{"embeddable":true,"href":"https:\/\/intenalco.edu.co\/portal\/wp-json\/wp\/v2\/users\/3"}],"replies":[{"embeddable":true,"href":"https:\/\/intenalco.edu.co\/portal\/wp-json\/wp\/v2\/comments?post=1507"}],"version-history":[{"count":5,"href":"https:\/\/intenalco.edu.co\/portal\/wp-json\/wp\/v2\/pages\/1507\/revisions"}],"predecessor-version":[{"id":2493,"href":"https:\/\/intenalco.edu.co\/portal\/wp-json\/wp\/v2\/pages\/1507\/revisions\/2493"}],"wp:attachment":[{"href":"https:\/\/intenalco.edu.co\/portal\/wp-json\/wp\/v2\/media?parent=1507"}],"curies":[{"name":"wp","href":"https:\/\/api.w.org\/{rel}","templated":true}]}}