{"id":2729,"date":"2021-05-12T22:31:41","date_gmt":"2021-05-12T22:31:41","guid":{"rendered":"https:\/\/intenalco.edu.co\/portal\/?page_id=2729"},"modified":"2026-01-26T10:58:17","modified_gmt":"2026-01-26T10:58:17","slug":"gruposetnicosculturales","status":"publish","type":"page","link":"https:\/\/intenalco.edu.co\/portal\/gruposetnicosculturales\/","title":{"rendered":"Grupos Etnicos Culturales"},"content":{"rendered":"<div id=\"pauDonde\"><a href=\"https:\/\/intenalco.edu.co\/portal\">Inicio<\/a> &raquo; <span class=\"current\">P\u00e1gina<\/span><\/div> <br> \t\t<div data-elementor-type=\"wp-page\" data-elementor-id=\"2729\" class=\"elementor elementor-2729\" data-elementor-settings=\"[]\">\n\t\t\t\t\t\t<div class=\"elementor-inner\">\n\t\t\t\t\t\t\t<div class=\"elementor-section-wrap\">\n\t\t\t\t\t\t\t<section class=\"elementor-section elementor-top-section elementor-element elementor-element-7c8b693 elementor-section-boxed elementor-section-height-default elementor-section-height-default\" data-id=\"7c8b693\" data-element_type=\"section\">\n\t\t\t\t\t\t<div class=\"elementor-container elementor-column-gap-default\">\n\t\t\t\t\t\t\t<div class=\"elementor-row\">\n\t\t\t\t\t<div class=\"elementor-column elementor-col-100 elementor-top-column elementor-element elementor-element-a949b62\" data-id=\"a949b62\" data-element_type=\"column\">\n\t\t\t<div class=\"elementor-column-wrap elementor-element-populated\">\n\t\t\t\t\t\t\t<div class=\"elementor-widget-wrap\">\n\t\t\t\t\t\t<div class=\"elementor-element elementor-element-9e40649 elementor-widget elementor-widget-text-editor\" data-id=\"9e40649\" data-element_type=\"widget\" data-widget_type=\"text-editor.default\">\n\t\t\t\t<div class=\"elementor-widget-container\">\n\t\t\t\t\t<div class=\"elementor-text-editor elementor-clearfix\"><p><b class=\"Estilo2\" style=\"margin: 0px; padding: 0px; outline: 0px; color: #008080; font-family: Geneva, Arial, Helvetica, san-serif; font-size: 13px; text-align: -webkit-center; background-color: #ffffff;\"><span style=\"font-size: x-large;\">Atenci\u00f3n Alternativa para Grupos \u00c9tnicos y Culturales<\/span><\/b><\/p><\/div>\n\t\t\t\t<\/div>\n\t\t\t\t<\/div>\n\t\t\t\t\t\t<\/div>\n\t\t\t\t\t<\/div>\n\t\t<\/div>\n\t\t\t\t\t\t\t\t<\/div>\n\t\t\t\t\t<\/div>\n\t\t<\/section>\n\t\t\t\t<section class=\"elementor-section elementor-top-section elementor-element elementor-element-ab6832a elementor-section-boxed elementor-section-height-default elementor-section-height-default\" data-id=\"ab6832a\" data-element_type=\"section\">\n\t\t\t\t\t\t<div class=\"elementor-container elementor-column-gap-default\">\n\t\t\t\t\t\t\t<div class=\"elementor-row\">\n\t\t\t\t\t<div class=\"elementor-column elementor-col-100 elementor-top-column elementor-element elementor-element-261149a\" data-id=\"261149a\" data-element_type=\"column\">\n\t\t\t<div class=\"elementor-column-wrap elementor-element-populated\">\n\t\t\t\t\t\t\t<div class=\"elementor-widget-wrap\">\n\t\t\t\t\t\t<div class=\"elementor-element elementor-element-c47df09 elementor-widget elementor-widget-text-editor\" data-id=\"c47df09\" data-element_type=\"widget\" data-widget_type=\"text-editor.default\">\n\t\t\t\t<div class=\"elementor-widget-container\">\n\t\t\t\t\t<div class=\"elementor-text-editor elementor-clearfix\"><p style=\"margin-bottom: 0px; color: #828282; font-family: Tahoma, Geneva, sans-serif; font-size: 13px; font-style: normal; font-weight: 400; text-align: -webkit-center; background-color: #ffffff;\"><img loading=\"lazy\" style=\"margin: 0px; padding: 0px; outline: 0px;\" src=\"https:\/\/www.intenalco.edu.co\/css\/images\/etnias-colombia.jpg\" width=\"500\" height=\"352\" \/><\/p><table style=\"margin-bottom: 0px; color: #828282; font-family: Tahoma, Geneva, sans-serif; font-size: 13px; font-style: normal; font-weight: 400; background-color: #ffffff;\" border=\"1\" width=\"773\" cellspacing=\"0\" cellpadding=\"10\"><tbody><tr><td style=\"padding: 0px;\" colspan=\"2\" bgcolor=\"#C6ECD9\" height=\"40\"><span class=\"Estilo20\" style=\"font-size: 18px; color: #333333; font-weight: bold;\">PROTOCOLO<\/span><\/td><\/tr><tr><td style=\"padding: 0px;\" width=\"669\" height=\"51\"><span class=\"Estilo22\" style=\"font-size: 14px; color: #575757;\">PROTOCOLO DE ATENCI\u00d3N PQRSDF EN LENGUAS NATIVAS<\/span><\/td><td style=\"padding: 0px;\" width=\"58\"><div align=\"center\"><a style=\"color: #0252aa; cursor: pointer;\" href=\"https:\/\/www.intenalco.edu.co\/archivospublicos\/atencion.etnias\/Protocolo%20de%20Atencion%20PQRSDF%20en%20Lenguas%20Nativas.pdf\" target=\"_blank\" rel=\"noopener\"><img loading=\"lazy\" style=\"margin: 0px; padding: 0px; outline: 0px; border-width: 0px; border-style: initial;\" src=\"https:\/\/www.intenalco.edu.co\/css\/images\/pdf.png\" width=\"64\" height=\"64\" border=\"0\" \/><\/a><\/div><\/td><\/tr><\/tbody><\/table><p style=\"margin-bottom: 0px; color: #828282; font-family: Tahoma, Geneva, sans-serif; font-size: 13px; font-style: normal; font-weight: 400; text-align: -webkit-center; background-color: #ffffff;\"><img loading=\"lazy\" style=\"margin: 0px; padding: 0px; outline: 0px;\" src=\"https:\/\/www.intenalco.edu.co\/css\/images\/lenguas-afro-palenquera-y-kriol-colombia.png\" width=\"690\" height=\"232\" \/><\/p><table style=\"margin-bottom: 0px; color: #828282; font-family: Tahoma, Geneva, sans-serif; font-size: 13px; font-style: normal; font-weight: 400; background-color: #ffffff;\" border=\"1\" width=\"773\" cellspacing=\"0\" cellpadding=\"10\"><tbody><tr><td style=\"padding: 0px;\" colspan=\"2\" bgcolor=\"#C6ECD9\" height=\"40\"><span class=\"Estilo20\" style=\"font-size: 18px; color: #333333; font-weight: bold;\">En Lenguaje KRIOL<\/span><\/td><\/tr><tr><td style=\"padding: 0px;\" width=\"669\" height=\"51\"><span class=\"Estilo22\" style=\"font-size: 14px; color: #575757;\">PROCEDIMIENTO ATENCI\u00d3N ETNIAS EN LENGUAJE KRIOL<\/span><\/td><td style=\"padding: 0px;\" width=\"58\"><div align=\"center\"><a style=\"color: #0252aa; cursor: pointer;\" href=\"https:\/\/www.intenalco.edu.co\/archivospublicos\/atencion.etnias\/Procedimiento%20Atencion%20Etnias%20-%20en%20Lengua%20Kriol%20-%20Intenalco.pdf\" target=\"_blank\" rel=\"noopener\"><img loading=\"lazy\" style=\"margin: 0px; padding: 0px; outline: 0px; border-width: 0px; border-style: initial;\" src=\"https:\/\/www.intenalco.edu.co\/css\/images\/pdf.png\" width=\"64\" height=\"64\" border=\"0\" \/><\/a><\/div><\/td><\/tr><\/tbody><\/table><p style=\"margin-bottom: 0px; color: #828282; font-family: Tahoma, Geneva, sans-serif; font-size: 13px; font-style: normal; font-weight: 400; text-align: -webkit-center; background-color: #ffffff;\"><img loading=\"lazy\" style=\"margin: 0px; padding: 0px; outline: 0px;\" src=\"https:\/\/www.intenalco.edu.co\/css\/images\/cultura-wayuu.jpg\" width=\"696\" height=\"269\" \/><\/p><table style=\"margin-bottom: 0px; color: #828282; font-family: Tahoma, Geneva, sans-serif; font-size: 13px; font-style: normal; font-weight: 400; background-color: #ffffff;\" border=\"1\" width=\"773\" cellspacing=\"0\" cellpadding=\"10\"><tbody><tr><td style=\"padding: 0px;\" colspan=\"2\" bgcolor=\"#C6ECD9\" height=\"40\"><span class=\"Estilo20\" style=\"font-size: 18px; color: #333333; font-weight: bold;\">En Lenguaje WAYUU<\/span><\/td><\/tr><tr><td style=\"padding: 0px;\" width=\"669\" height=\"51\"><span class=\"Estilo22\" style=\"font-size: 14px; color: #575757;\">DECRETO ATENCI\u00d3N LENGUAS NATIVAS EN LENGUA WAYUU<\/span><\/td><td style=\"padding: 0px;\" width=\"58\"><a style=\"color: #0252aa; cursor: pointer;\" href=\"https:\/\/www.intenalco.edu.co\/archivospublicos\/atencion.etnias\/Decreto%20Antenci%C3%B3n%20en%20Lenguas%20Nativas%20-%20en%20Lengua%20Wayuu%20-%20Intenalco.pdf\" target=\"_blank\" rel=\"noopener\"><img loading=\"lazy\" style=\"margin: 0px; padding: 0px; outline: 0px; border-width: 0px; border-style: initial;\" src=\"https:\/\/www.intenalco.edu.co\/css\/images\/pdf.png\" width=\"64\" height=\"64\" border=\"0\" \/><\/a><\/td><\/tr><\/tbody><\/table><\/div>\n\t\t\t\t<\/div>\n\t\t\t\t<\/div>\n\t\t\t\t\t\t<\/div>\n\t\t\t\t\t<\/div>\n\t\t<\/div>\n\t\t\t\t\t\t\t\t<\/div>\n\t\t\t\t\t<\/div>\n\t\t<\/section>\n\t\t\t\t\t\t<\/div>\n\t\t\t\t\t\t<\/div>\n\t\t\t\t\t<\/div>\n\t\t ","protected":false},"excerpt":{"rendered":"<p>Inicio &raquo; P\u00e1gina Atenci\u00f3n Alternativa para Grupos \u00c9tnicos y Culturales PROTOCOLO PROTOCOLO DE ATENCI\u00d3N PQRSDF EN LENGUAS NATIVAS En Lenguaje KRIOL PROCEDIMIENTO ATENCI\u00d3N ETNIAS EN LENGUAJE KRIOL En Lenguaje WAYUU DECRETO ATENCI\u00d3N LENGUAS NATIVAS EN LENGUA WAYUU<\/p>\n","protected":false},"author":4,"featured_media":0,"parent":0,"menu_order":0,"comment_status":"closed","ping_status":"closed","template":"","meta":[],"_links":{"self":[{"href":"https:\/\/intenalco.edu.co\/portal\/wp-json\/wp\/v2\/pages\/2729"}],"collection":[{"href":"https:\/\/intenalco.edu.co\/portal\/wp-json\/wp\/v2\/pages"}],"about":[{"href":"https:\/\/intenalco.edu.co\/portal\/wp-json\/wp\/v2\/types\/page"}],"author":[{"embeddable":true,"href":"https:\/\/intenalco.edu.co\/portal\/wp-json\/wp\/v2\/users\/4"}],"replies":[{"embeddable":true,"href":"https:\/\/intenalco.edu.co\/portal\/wp-json\/wp\/v2\/comments?post=2729"}],"version-history":[{"count":8,"href":"https:\/\/intenalco.edu.co\/portal\/wp-json\/wp\/v2\/pages\/2729\/revisions"}],"predecessor-version":[{"id":11218,"href":"https:\/\/intenalco.edu.co\/portal\/wp-json\/wp\/v2\/pages\/2729\/revisions\/11218"}],"wp:attachment":[{"href":"https:\/\/intenalco.edu.co\/portal\/wp-json\/wp\/v2\/media?parent=2729"}],"curies":[{"name":"wp","href":"https:\/\/api.w.org\/{rel}","templated":true}]}}