{"id":2741,"date":"2021-05-12T22:39:16","date_gmt":"2021-05-12T22:39:16","guid":{"rendered":"https:\/\/intenalco.edu.co\/portal\/?page_id=2741"},"modified":"2026-01-26T10:47:49","modified_gmt":"2026-01-26T10:47:49","slug":"accesibilidad-medios-electronicos","status":"publish","type":"page","link":"https:\/\/intenalco.edu.co\/portal\/accesibilidad-medios-electronicos\/","title":{"rendered":"Accesibilidad Medios Electronicos"},"content":{"rendered":"<div id=\"pauDonde\"><a href=\"https:\/\/intenalco.edu.co\/portal\">Inicio<\/a> &raquo; <span class=\"current\">P\u00e1gina<\/span><\/div> <br> \t\t<div data-elementor-type=\"wp-page\" data-elementor-id=\"2741\" class=\"elementor elementor-2741\" data-elementor-settings=\"[]\">\n\t\t\t\t\t\t<div class=\"elementor-inner\">\n\t\t\t\t\t\t\t<div class=\"elementor-section-wrap\">\n\t\t\t\t\t\t\t<section class=\"elementor-section elementor-top-section elementor-element elementor-element-b69087d elementor-section-boxed elementor-section-height-default elementor-section-height-default\" data-id=\"b69087d\" data-element_type=\"section\">\n\t\t\t\t\t\t<div class=\"elementor-container elementor-column-gap-default\">\n\t\t\t\t\t\t\t<div class=\"elementor-row\">\n\t\t\t\t\t<div class=\"elementor-column elementor-col-100 elementor-top-column elementor-element elementor-element-840765a\" data-id=\"840765a\" data-element_type=\"column\">\n\t\t\t<div class=\"elementor-column-wrap elementor-element-populated\">\n\t\t\t\t\t\t\t<div class=\"elementor-widget-wrap\">\n\t\t\t\t\t\t<div class=\"elementor-element elementor-element-55de733 elementor-widget elementor-widget-image\" data-id=\"55de733\" data-element_type=\"widget\" data-widget_type=\"image.default\">\n\t\t\t\t<div class=\"elementor-widget-container\">\n\t\t\t\t\t<div class=\"elementor-image\">\n\t\t\t\t\t\t\t\t\t\t<img width=\"768\" height=\"384\" src=\"https:\/\/intenalco.edu.co\/portal\/wp-content\/uploads\/2024\/02\/Cabezote-bienestar-1-768x384.png\" class=\"attachment-medium_large size-medium_large\" alt=\"\" loading=\"lazy\" srcset=\"https:\/\/intenalco.edu.co\/portal\/wp-content\/uploads\/2024\/02\/Cabezote-bienestar-1-768x384.png 768w, https:\/\/intenalco.edu.co\/portal\/wp-content\/uploads\/2024\/02\/Cabezote-bienestar-1-300x150.png 300w, https:\/\/intenalco.edu.co\/portal\/wp-content\/uploads\/2024\/02\/Cabezote-bienestar-1-1024x512.png 1024w, https:\/\/intenalco.edu.co\/portal\/wp-content\/uploads\/2024\/02\/Cabezote-bienestar-1-1536x768.png 1536w, https:\/\/intenalco.edu.co\/portal\/wp-content\/uploads\/2024\/02\/Cabezote-bienestar-1-1300x650.png 1300w, https:\/\/intenalco.edu.co\/portal\/wp-content\/uploads\/2024\/02\/Cabezote-bienestar-1.png 1600w\" sizes=\"(max-width: 768px) 100vw, 768px\" \/>\t\t\t\t\t\t\t\t\t\t\t<\/div>\n\t\t\t\t<\/div>\n\t\t\t\t<\/div>\n\t\t\t\t\t\t<\/div>\n\t\t\t\t\t<\/div>\n\t\t<\/div>\n\t\t\t\t\t\t\t\t<\/div>\n\t\t\t\t\t<\/div>\n\t\t<\/section>\n\t\t\t\t<section class=\"elementor-section elementor-top-section elementor-element elementor-element-c36a055 elementor-section-boxed elementor-section-height-default elementor-section-height-default\" data-id=\"c36a055\" data-element_type=\"section\">\n\t\t\t\t\t\t<div class=\"elementor-container elementor-column-gap-default\">\n\t\t\t\t\t\t\t<div class=\"elementor-row\">\n\t\t\t\t\t<div class=\"elementor-column elementor-col-100 elementor-top-column elementor-element elementor-element-9a3995c\" data-id=\"9a3995c\" data-element_type=\"column\">\n\t\t\t<div class=\"elementor-column-wrap elementor-element-populated\">\n\t\t\t\t\t\t\t<div class=\"elementor-widget-wrap\">\n\t\t\t\t\t\t<div class=\"elementor-element elementor-element-68e4d46 elementor-widget elementor-widget-text-editor\" data-id=\"68e4d46\" data-element_type=\"widget\" data-widget_type=\"text-editor.default\">\n\t\t\t\t<div class=\"elementor-widget-container\">\n\t\t\t\t\t<div class=\"elementor-text-editor elementor-clearfix\"><p style=\"margin-bottom: 0px; color: #828282; font-family: Tahoma, Geneva, sans-serif; font-size: 13px; font-style: normal; font-weight: 400;\" align=\"center\">\u00a0<\/p><p class=\"Estilo22\" style=\"margin-bottom: 0px; color: #666666; font-size: 24px; font-weight: bold; font-family: Tahoma, Geneva, sans-serif; font-style: normal;\" align=\"center\">Accesibilidad en Medios Electr\u00f3nicos para la<\/p><p class=\"Estilo22\" style=\"margin-bottom: 0px; color: #666666; font-size: 24px; font-weight: bold; font-family: Tahoma, Geneva, sans-serif; font-style: normal;\" align=\"center\">Poblaci\u00f3n con Discapacidad<\/p><table style=\"margin-bottom: 0px;\" border=\"0\" width=\"596\" align=\"center\"><tbody><tr><td style=\"padding: 0px;\" width=\"590\" height=\"262\"><div class=\"Estilo21\" style=\"color: #666666;\" align=\"center\"><p style=\"margin-bottom: 0px;\" align=\"justify\">En cumplimiento del Art\u00edculo 8 Criterio Diferencial de Accesibilidad, de la Ley 1712 de 2014 \u00abTransparencia y Acceso a la Informaci\u00f3n P\u00fablica\u00bb, INTENALCO &#8211; Instituto T\u00e9cnico Nacional de Comercio \u00abSim\u00f3n Rodr\u00edguez\u00bb ha implementado los siguientes temas de Accesibilidad en su P\u00e1gina Web de Inicio o Home.<\/p><p style=\"margin-bottom: 0px;\" align=\"justify\">Accesible desde todos los navegadores y adaptable a todos los dispositivos de navegaci\u00f3n y conexi\u00f3n con la utilizaci\u00f3n de hojas de estilo CSS, navegaci\u00f3n por anclas, ajuste de texto alternativo desde HTML5 para las im\u00e1genes internas del home que permite a las personas invidentes entender el motivo de las im\u00e1genes que acompa\u00f1an los contenidos de la web institucional.<\/p><p style=\"margin-bottom: 0px;\" align=\"justify\">Desde el Principio Comprensible: Se tiene implementada en la parte superior del home, la barra del traductor de la p\u00e1gina web en siete idomas diferentes; en donde se destacan el idioma: ingles, espa\u00f1ol, frances y alem\u00e1n entre otros.<\/p><p style=\"margin-bottom: 0px;\" align=\"justify\">Cuenta con una Navegaci\u00f3n Coherente con saltos del TAB desde el teclado para permitir recorrer la p\u00e1gina con un sentido l\u00f3gico y ordenado.<\/p><p style=\"margin-bottom: 0px;\" align=\"justify\">Para el lenguaje de se\u00f1as nos valemos del servicio de traducci\u00f3n que ofrece el Centro de Relevo colocando el Banner con su Logo y acceso a la pagina directa de:\u00a0<a style=\"color: #0252aa; cursor: pointer;\" href=\"http:\/\/www.centroderelevo.gov.co\/\" target=\"_blank\" rel=\"noopener\">www.centroderelevo.gov.co<\/a>\u00a0Donde ofrecen la traducci\u00f3n en lenguaje de se\u00f1as en tiempo real.<\/p><p style=\"margin-bottom: 0px;\">\u00a0<\/p><\/div><\/td><\/tr><\/tbody><\/table><table style=\"margin-bottom: 0px;\" border=\"1\" width=\"597\" cellspacing=\"0\" cellpadding=\"10\"><tbody><tr><td style=\"padding: 0px;\" colspan=\"2\" bgcolor=\"#C6ECD9\" height=\"40\"><span class=\"Estilo20\" style=\"font-size: 18px; color: #333333; font-weight: bold;\">LINEAMIENTOS<\/span><\/td><\/tr><tr><td style=\"padding: 0px;\" width=\"679\" height=\"51\"><span class=\"Estilo23\" style=\"font-size: 14px; color: #575757;\">PROTOCOLO DE ACCESIBILIDAD SECTOR EDUCACI\u00d3N Vs 2.3<\/span><\/td><td style=\"padding: 0px;\" width=\"44\"><a style=\"color: #0252aa; cursor: pointer;\" href=\"https:\/\/www.mineducacion.gov.co\/1759\/articles-387769_recurso_2.pdf\" target=\"_blank\" rel=\"noopener\"><img loading=\"lazy\" style=\"margin: 0px; padding: 0px; outline: 0px; border-width: 0px; border-style: initial;\" src=\"https:\/\/www.intenalco.edu.co\/css\/images\/pdf.png\" width=\"64\" height=\"64\" border=\"0\" \/><\/a><\/td><\/tr><\/tbody><\/table><\/div>\n\t\t\t\t<\/div>\n\t\t\t\t<\/div>\n\t\t\t\t\t\t<\/div>\n\t\t\t\t\t<\/div>\n\t\t<\/div>\n\t\t\t\t\t\t\t\t<\/div>\n\t\t\t\t\t<\/div>\n\t\t<\/section>\n\t\t\t\t\t\t<\/div>\n\t\t\t\t\t\t<\/div>\n\t\t\t\t\t<\/div>\n\t\t ","protected":false},"excerpt":{"rendered":"<p>Inicio &raquo; P\u00e1gina \u00a0 Accesibilidad en Medios Electr\u00f3nicos para la Poblaci\u00f3n con Discapacidad En cumplimiento del Art\u00edculo 8 Criterio Diferencial de Accesibilidad, de la Ley 1712 de 2014 \u00abTransparencia y Acceso a la Informaci\u00f3n P\u00fablica\u00bb, INTENALCO &#8211; Instituto T\u00e9cnico Nacional de Comercio \u00abSim\u00f3n Rodr\u00edguez\u00bb ha implementado los siguientes temas de Accesibilidad en su P\u00e1gina Web&#8230;<\/p>\n","protected":false},"author":4,"featured_media":0,"parent":0,"menu_order":0,"comment_status":"closed","ping_status":"closed","template":"","meta":[],"_links":{"self":[{"href":"https:\/\/intenalco.edu.co\/portal\/wp-json\/wp\/v2\/pages\/2741"}],"collection":[{"href":"https:\/\/intenalco.edu.co\/portal\/wp-json\/wp\/v2\/pages"}],"about":[{"href":"https:\/\/intenalco.edu.co\/portal\/wp-json\/wp\/v2\/types\/page"}],"author":[{"embeddable":true,"href":"https:\/\/intenalco.edu.co\/portal\/wp-json\/wp\/v2\/users\/4"}],"replies":[{"embeddable":true,"href":"https:\/\/intenalco.edu.co\/portal\/wp-json\/wp\/v2\/comments?post=2741"}],"version-history":[{"count":10,"href":"https:\/\/intenalco.edu.co\/portal\/wp-json\/wp\/v2\/pages\/2741\/revisions"}],"predecessor-version":[{"id":11226,"href":"https:\/\/intenalco.edu.co\/portal\/wp-json\/wp\/v2\/pages\/2741\/revisions\/11226"}],"wp:attachment":[{"href":"https:\/\/intenalco.edu.co\/portal\/wp-json\/wp\/v2\/media?parent=2741"}],"curies":[{"name":"wp","href":"https:\/\/api.w.org\/{rel}","templated":true}]}}