{"id":2747,"date":"2021-05-12T22:46:58","date_gmt":"2021-05-12T22:46:58","guid":{"rendered":"https:\/\/intenalco.edu.co\/portal\/?page_id=2747"},"modified":"2026-01-26T11:43:31","modified_gmt":"2026-01-26T11:43:31","slug":"tramites","status":"publish","type":"page","link":"https:\/\/intenalco.edu.co\/portal\/tramites\/","title":{"rendered":"Tramites"},"content":{"rendered":"<div id=\"pauDonde\"><a href=\"https:\/\/intenalco.edu.co\/portal\">Inicio<\/a> &raquo; <span class=\"current\">P\u00e1gina<\/span><\/div> <br> \t\t<div data-elementor-type=\"wp-page\" data-elementor-id=\"2747\" class=\"elementor elementor-2747\" data-elementor-settings=\"[]\">\n\t\t\t\t\t\t<div class=\"elementor-inner\">\n\t\t\t\t\t\t\t<div class=\"elementor-section-wrap\">\n\t\t\t\t\t\t\t<section class=\"elementor-section elementor-top-section elementor-element elementor-element-6ee48b7 elementor-section-boxed elementor-section-height-default elementor-section-height-default\" data-id=\"6ee48b7\" data-element_type=\"section\">\n\t\t\t\t\t\t<div class=\"elementor-container elementor-column-gap-default\">\n\t\t\t\t\t\t\t<div class=\"elementor-row\">\n\t\t\t\t\t<div class=\"elementor-column elementor-col-100 elementor-top-column elementor-element elementor-element-4202ccd\" data-id=\"4202ccd\" data-element_type=\"column\">\n\t\t\t<div class=\"elementor-column-wrap elementor-element-populated\">\n\t\t\t\t\t\t\t<div class=\"elementor-widget-wrap\">\n\t\t\t\t\t\t<div class=\"elementor-element elementor-element-26e3216 elementor-widget elementor-widget-image\" data-id=\"26e3216\" data-element_type=\"widget\" data-widget_type=\"image.default\">\n\t\t\t\t<div class=\"elementor-widget-container\">\n\t\t\t\t\t<div class=\"elementor-image\">\n\t\t\t\t\t\t\t\t\t\t<img width=\"563\" height=\"224\" src=\"https:\/\/intenalco.edu.co\/portal\/wp-content\/uploads\/2025\/11\/tramites.png\" class=\"attachment-large size-large\" alt=\"\" loading=\"lazy\" srcset=\"https:\/\/intenalco.edu.co\/portal\/wp-content\/uploads\/2025\/11\/tramites.png 563w, https:\/\/intenalco.edu.co\/portal\/wp-content\/uploads\/2025\/11\/tramites-300x119.png 300w\" sizes=\"(max-width: 563px) 100vw, 563px\" \/>\t\t\t\t\t\t\t\t\t\t\t<\/div>\n\t\t\t\t<\/div>\n\t\t\t\t<\/div>\n\t\t\t\t<div class=\"elementor-element elementor-element-a0f72b1 elementor-widget elementor-widget-text-editor\" data-id=\"a0f72b1\" data-element_type=\"widget\" data-widget_type=\"text-editor.default\">\n\t\t\t\t<div class=\"elementor-widget-container\">\n\t\t\t\t\t<div class=\"elementor-text-editor elementor-clearfix\"><h3><span style=\"color: #0080c0; font-family: Geneva, Arial, Helvetica, san-serif;\"><b class=\"Estilo2\" style=\"color: #008080;\">TR\u00c1MITES DESDE LA PLATAFORMA GOV.CO<\/b><\/span><\/h3><table style=\"font-family: 'Times New Roman'; background-color: #ffffff;\" border=\"1\" width=\"500\"><tbody><tr><td colspan=\"2\"><strong>CONSULTAR TRAMITE<\/strong><\/td><\/tr><tr><td width=\"500\" height=\"51\"><blockquote><p class=\"Estilo7\" style=\"font-size: 14px;\">INSCRIPCI\u00d3N ASPIRANTES A PROGRAMAS DE PREGRADO<\/p><\/blockquote><\/td><td width=\"70\"><div align=\"center\"><a href=\"https:\/\/www.gov.co\/ficha-tramites-y-servicios\/T14128\" target=\"_blank\" rel=\"noopener\"><img loading=\"lazy\" src=\"https:\/\/www.intenalco.edu.co\/css\/images\/web_search.png\" width=\"70\" height=\"55\" border=\"0\" \/><\/a><\/div><\/td><\/tr><tr><td width=\"500\" height=\"51\"><blockquote><p class=\"Estilo7\" style=\"font-size: 14px;\">MATRICULA ASPIRANTES ADMITIDOS A PROGRAMAS DE PREGRADO<\/p><\/blockquote><\/td><td><div align=\"center\"><a href=\"https:\/\/www.gov.co\/ficha-tramites-y-servicios\/T14126\" target=\"_blank\" rel=\"noopener\"><img loading=\"lazy\" src=\"https:\/\/www.intenalco.edu.co\/css\/images\/web_search.png\" width=\"70\" height=\"55\" border=\"0\" \/><\/a><\/div><\/td><\/tr><tr><td width=\"500\" height=\"51\"><blockquote><p class=\"Estilo7\" style=\"font-size: 14px;\">RENOVACI\u00d3N DE MATR\u00cdCULA DE ESTUDIANTES<\/p><\/blockquote><\/td><td><div align=\"center\"><a href=\"https:\/\/www.gov.co\/ficha-tramites-y-servicios\/T24472\" target=\"_blank\" rel=\"noopener\"><img loading=\"lazy\" src=\"https:\/\/www.intenalco.edu.co\/css\/images\/web_search.png\" width=\"70\" height=\"55\" border=\"0\" \/><\/a><\/div><\/td><\/tr><tr><td width=\"500\" height=\"51\"><blockquote><p class=\"Estilo7\" style=\"font-size: 14px;\">CANCELACI\u00d3N DE MATR\u00cdCULA ACAD\u00c9MICA<\/p><\/blockquote><\/td><td><div align=\"center\"><a href=\"https:\/\/www.gov.co\/ficha-tramites-y-servicios\/T24401\" target=\"_blank\" rel=\"noopener\"><img loading=\"lazy\" src=\"https:\/\/www.intenalco.edu.co\/css\/images\/web_search.png\" width=\"70\" height=\"55\" border=\"0\" \/><\/a><\/div><\/td><\/tr><tr><td width=\"500\" height=\"51\"><blockquote><p class=\"Estilo7\" style=\"font-size: 14px;\">CARNETIZACI\u00d3N<\/p><\/blockquote><\/td><td><a href=\"https:\/\/www.gov.co\/ficha-tramites-y-servicios\/T33841\" target=\"_blank\" rel=\"noopener\"><img loading=\"lazy\" src=\"https:\/\/www.intenalco.edu.co\/css\/images\/web_search.png\" width=\"70\" height=\"55\" border=\"0\" \/><\/a><\/td><\/tr><tr><td width=\"500\" height=\"51\"><blockquote><p class=\"Estilo7\" style=\"font-size: 14px;\">REGISTRO DE ASIGNATURAS<\/p><\/blockquote><\/td><td><div align=\"center\"><a href=\"https:\/\/www.gov.co\/ficha-tramites-y-servicios\/T24406\" target=\"_blank\" rel=\"noopener\"><img loading=\"lazy\" src=\"https:\/\/www.intenalco.edu.co\/css\/images\/web_search.png\" width=\"70\" height=\"55\" border=\"0\" \/><\/a><\/div><\/td><\/tr><tr><td width=\"500\" height=\"51\"><blockquote><p class=\"Estilo7\" style=\"font-size: 14px;\">GRADO DE PREGRADO Y POSGRADO<\/p><\/blockquote><\/td><td><div align=\"center\"><a href=\"https:\/\/www.gov.co\/ficha-tramites-y-servicios\/T19654\" target=\"_blank\" rel=\"noopener\"><img loading=\"lazy\" src=\"https:\/\/www.intenalco.edu.co\/css\/images\/web_search.png\" width=\"70\" height=\"55\" border=\"0\" \/><\/a><\/div><\/td><\/tr><tr><td width=\"500\" height=\"51\"><blockquote><p class=\"Estilo7\" style=\"font-size: 14px;\">REINGRESO A UN PROGRAMA ACAD\u00c9MICO<\/p><\/blockquote><\/td><td><div align=\"center\"><a href=\"https:\/\/www.gov.co\/ficha-tramites-y-servicios\/T24471\" target=\"_blank\" rel=\"noopener\"><img loading=\"lazy\" src=\"https:\/\/www.intenalco.edu.co\/css\/images\/web_search.png\" width=\"70\" height=\"55\" border=\"0\" \/><\/a><\/div><\/td><\/tr><tr><td width=\"500\" height=\"51\"><blockquote><p class=\"Estilo7\" style=\"font-size: 14px;\">APLAZAMIENTO DEL SEMESTRE<\/p><\/blockquote><\/td><td><a href=\"https:\/\/www.gov.co\/ficha-tramites-y-servicios\/T33842\" target=\"_blank\" rel=\"noopener\"><img loading=\"lazy\" src=\"https:\/\/www.intenalco.edu.co\/css\/images\/web_search.png\" width=\"70\" height=\"55\" border=\"0\" \/><\/a><\/td><\/tr><tr><td width=\"500\" height=\"51\"><blockquote><p class=\"Estilo7\" style=\"font-size: 14px;\">TRANSFERENCIA DE ESTUDIANTES DE PREGRADO<\/p><\/blockquote><\/td><td><div align=\"center\"><a href=\"https:\/\/www.gov.co\/ficha-tramites-y-servicios\/T24473\" target=\"_blank\" rel=\"noopener\"><img loading=\"lazy\" src=\"https:\/\/www.intenalco.edu.co\/css\/images\/web_search.png\" width=\"70\" height=\"55\" border=\"0\" \/><\/a><\/div><\/td><\/tr><tr><td width=\"500\" height=\"51\"><blockquote><p class=\"Estilo7\" style=\"font-size: 14px;\">CONTENIDO DEL PROGRAMA ACADEMICO<\/p><\/blockquote><\/td><td><div align=\"center\"><a href=\"https:\/\/www.gov.co\/ficha-tramites-y-servicios\/T34801\" target=\"_blank\" rel=\"noopener\"><img loading=\"lazy\" src=\"https:\/\/www.intenalco.edu.co\/css\/images\/web_search.png\" width=\"70\" height=\"55\" border=\"0\" \/><\/a><\/div><\/td><\/tr><\/tbody><\/table><\/div>\n\t\t\t\t<\/div>\n\t\t\t\t<\/div>\n\t\t\t\t\t\t<\/div>\n\t\t\t\t\t<\/div>\n\t\t<\/div>\n\t\t\t\t\t\t\t\t<\/div>\n\t\t\t\t\t<\/div>\n\t\t<\/section>\n\t\t\t\t<section class=\"elementor-section elementor-top-section elementor-element elementor-element-420439e elementor-section-boxed elementor-section-height-default elementor-section-height-default\" data-id=\"420439e\" data-element_type=\"section\">\n\t\t\t\t\t\t<div class=\"elementor-container elementor-column-gap-default\">\n\t\t\t\t\t\t\t<div class=\"elementor-row\">\n\t\t\t\t\t<div class=\"elementor-column elementor-col-100 elementor-top-column elementor-element elementor-element-c0a0d6d\" data-id=\"c0a0d6d\" data-element_type=\"column\">\n\t\t\t<div class=\"elementor-column-wrap elementor-element-populated\">\n\t\t\t\t\t\t\t<div class=\"elementor-widget-wrap\">\n\t\t\t\t\t\t<div class=\"elementor-element elementor-element-28e8335 elementor-widget elementor-widget-html\" data-id=\"28e8335\" data-element_type=\"widget\" data-widget_type=\"html.default\">\n\t\t\t\t<div class=\"elementor-widget-container\">\n\t\t\t<center><input type=\"button\" value=\"Regresar\" onClick=\"history.go(-1);\"><\/center>\t\t<\/div>\n\t\t\t\t<\/div>\n\t\t\t\t\t\t<\/div>\n\t\t\t\t\t<\/div>\n\t\t<\/div>\n\t\t\t\t\t\t\t\t<\/div>\n\t\t\t\t\t<\/div>\n\t\t<\/section>\n\t\t\t\t\t\t<\/div>\n\t\t\t\t\t\t<\/div>\n\t\t\t\t\t<\/div>\n\t\t ","protected":false},"excerpt":{"rendered":"<p>Inicio &raquo; P\u00e1gina TR\u00c1MITES DESDE LA PLATAFORMA GOV.CO CONSULTAR TRAMITE INSCRIPCI\u00d3N ASPIRANTES A PROGRAMAS DE PREGRADO MATRICULA ASPIRANTES ADMITIDOS A PROGRAMAS DE PREGRADO RENOVACI\u00d3N DE MATR\u00cdCULA DE ESTUDIANTES CANCELACI\u00d3N DE MATR\u00cdCULA ACAD\u00c9MICA CARNETIZACI\u00d3N REGISTRO DE ASIGNATURAS GRADO DE PREGRADO Y POSGRADO REINGRESO A UN PROGRAMA ACAD\u00c9MICO APLAZAMIENTO DEL SEMESTRE TRANSFERENCIA DE ESTUDIANTES DE PREGRADO CONTENIDO&#8230;<\/p>\n","protected":false},"author":4,"featured_media":0,"parent":0,"menu_order":0,"comment_status":"closed","ping_status":"closed","template":"","meta":[],"_links":{"self":[{"href":"https:\/\/intenalco.edu.co\/portal\/wp-json\/wp\/v2\/pages\/2747"}],"collection":[{"href":"https:\/\/intenalco.edu.co\/portal\/wp-json\/wp\/v2\/pages"}],"about":[{"href":"https:\/\/intenalco.edu.co\/portal\/wp-json\/wp\/v2\/types\/page"}],"author":[{"embeddable":true,"href":"https:\/\/intenalco.edu.co\/portal\/wp-json\/wp\/v2\/users\/4"}],"replies":[{"embeddable":true,"href":"https:\/\/intenalco.edu.co\/portal\/wp-json\/wp\/v2\/comments?post=2747"}],"version-history":[{"count":34,"href":"https:\/\/intenalco.edu.co\/portal\/wp-json\/wp\/v2\/pages\/2747\/revisions"}],"predecessor-version":[{"id":15043,"href":"https:\/\/intenalco.edu.co\/portal\/wp-json\/wp\/v2\/pages\/2747\/revisions\/15043"}],"wp:attachment":[{"href":"https:\/\/intenalco.edu.co\/portal\/wp-json\/wp\/v2\/media?parent=2747"}],"curies":[{"name":"wp","href":"https:\/\/api.w.org\/{rel}","templated":true}]}}