{"id":2764,"date":"2021-05-13T13:21:24","date_gmt":"2021-05-13T13:21:24","guid":{"rendered":"https:\/\/intenalco.edu.co\/portal\/?page_id=2764"},"modified":"2025-11-03T09:56:52","modified_gmt":"2025-11-03T09:56:52","slug":"servicios","status":"publish","type":"page","link":"https:\/\/intenalco.edu.co\/portal\/servicios\/","title":{"rendered":"Servicios"},"content":{"rendered":"<div id=\"pauDonde\"><a href=\"https:\/\/intenalco.edu.co\/portal\">Inicio<\/a> &raquo; <span class=\"current\">P\u00e1gina<\/span><\/div> <br> \t\t<div data-elementor-type=\"wp-page\" data-elementor-id=\"2764\" class=\"elementor elementor-2764\" data-elementor-settings=\"[]\">\n\t\t\t\t\t\t<div class=\"elementor-inner\">\n\t\t\t\t\t\t\t<div class=\"elementor-section-wrap\">\n\t\t\t\t\t\t\t<section class=\"elementor-section elementor-top-section elementor-element elementor-element-0fe51ea elementor-section-boxed elementor-section-height-default elementor-section-height-default\" data-id=\"0fe51ea\" data-element_type=\"section\">\n\t\t\t\t\t\t<div class=\"elementor-container elementor-column-gap-default\">\n\t\t\t\t\t\t\t<div class=\"elementor-row\">\n\t\t\t\t\t<div class=\"elementor-column elementor-col-100 elementor-top-column elementor-element elementor-element-3280164\" data-id=\"3280164\" data-element_type=\"column\">\n\t\t\t<div class=\"elementor-column-wrap elementor-element-populated\">\n\t\t\t\t\t\t\t<div class=\"elementor-widget-wrap\">\n\t\t\t\t\t\t<div class=\"elementor-element elementor-element-1244e8e elementor-widget elementor-widget-image\" data-id=\"1244e8e\" data-element_type=\"widget\" data-widget_type=\"image.default\">\n\t\t\t\t<div class=\"elementor-widget-container\">\n\t\t\t\t\t<div class=\"elementor-image\">\n\t\t\t\t\t\t\t\t\t\t<img width=\"563\" height=\"224\" src=\"https:\/\/intenalco.edu.co\/portal\/wp-content\/uploads\/2025\/11\/servicios2.png\" class=\"attachment-large size-large\" alt=\"\" loading=\"lazy\" srcset=\"https:\/\/intenalco.edu.co\/portal\/wp-content\/uploads\/2025\/11\/servicios2.png 563w, https:\/\/intenalco.edu.co\/portal\/wp-content\/uploads\/2025\/11\/servicios2-300x119.png 300w\" sizes=\"(max-width: 563px) 100vw, 563px\" \/>\t\t\t\t\t\t\t\t\t\t\t<\/div>\n\t\t\t\t<\/div>\n\t\t\t\t<\/div>\n\t\t\t\t<div class=\"elementor-element elementor-element-d96501c elementor-widget elementor-widget-text-editor\" data-id=\"d96501c\" data-element_type=\"widget\" data-widget_type=\"text-editor.default\">\n\t\t\t\t<div class=\"elementor-widget-container\">\n\t\t\t\t\t<div class=\"elementor-text-editor elementor-clearfix\"><p><b class=\"Estilo2\" style=\"color: #008080; font-family: Geneva, Arial, Helvetica, san-serif; font-size: medium; text-align: -webkit-center; background-color: #ffffff;\"><span style=\"font-size: x-large;\">SERVICIOS DESDE LA PLATAFORMA GOV.CO<\/span><\/b><\/p><\/div>\n\t\t\t\t<\/div>\n\t\t\t\t<\/div>\n\t\t\t\t\t\t<\/div>\n\t\t\t\t\t<\/div>\n\t\t<\/div>\n\t\t\t\t\t\t\t\t<\/div>\n\t\t\t\t\t<\/div>\n\t\t<\/section>\n\t\t\t\t<section class=\"elementor-section elementor-top-section elementor-element elementor-element-828b54a elementor-section-boxed elementor-section-height-default elementor-section-height-default\" data-id=\"828b54a\" data-element_type=\"section\">\n\t\t\t\t\t\t<div class=\"elementor-container elementor-column-gap-default\">\n\t\t\t\t\t\t\t<div class=\"elementor-row\">\n\t\t\t\t\t<div class=\"elementor-column elementor-col-100 elementor-top-column elementor-element elementor-element-4428722\" data-id=\"4428722\" data-element_type=\"column\">\n\t\t\t<div class=\"elementor-column-wrap elementor-element-populated\">\n\t\t\t\t\t\t\t<div class=\"elementor-widget-wrap\">\n\t\t\t\t\t\t<div class=\"elementor-element elementor-element-1f2679b elementor-widget elementor-widget-text-editor\" data-id=\"1f2679b\" data-element_type=\"widget\" data-widget_type=\"text-editor.default\">\n\t\t\t\t<div class=\"elementor-widget-container\">\n\t\t\t\t\t<div class=\"elementor-text-editor elementor-clearfix\"><table style=\"font-family: 'Times New Roman'; background-color: #ffffff;\" border=\"1\" width=\"768\"><tbody><tr><td colspan=\"2\"><strong>CONSULTAR SERVICIO<\/strong><\/td><\/tr><tr><td width=\"682\" height=\"51\"><blockquote><p class=\"Estilo7\" style=\"font-size: 14px;\">CERTIFICADO DE NOTAS<\/p><\/blockquote><\/td><td width=\"70\"><div align=\"center\"><a href=\"https:\/\/intenalco.edu.co\/portal\/derechos-pecunarios\/\" target=\"_blank\" rel=\"noopener\"><img loading=\"lazy\" class=\"alignnone\" src=\"https:\/\/www.intenalco.edu.co\/css\/images\/web_search.png\" alt=\"\" width=\"70\" height=\"55\" border=\"0\" \/><\/a><\/div><\/td><\/tr><tr><td height=\"63\"><blockquote class=\"Estilo7\" style=\"font-size: 14px;\"><p>DUPLICACI\u00d3NES DE DIPLOMAS Y ACTAS EN INSTITUCIONES DE EDUCACI\u00d3N SUPERIOR<\/p><\/blockquote><\/td><td><div align=\"center\"><a href=\"https:\/\/www.gov.co\/ficha-tramites-y-servicios\/T24827\" target=\"_blank\" rel=\"noopener\"><img loading=\"lazy\" class=\"alignnone\" src=\"https:\/\/www.intenalco.edu.co\/css\/images\/web_search.png\" alt=\"\" width=\"70\" height=\"55\" border=\"0\" \/><\/a><\/div><\/td><\/tr><tr><td height=\"51\"><blockquote><p class=\"Estilo7\" style=\"font-size: 14px;\">PR\u00c9STAMO BIBLIOTECARIO<\/p><\/blockquote><\/td><td><div align=\"center\"><a href=\"https:\/\/www.gov.co\/ficha-tramites-y-servicios\/T24467\" target=\"_blank\" rel=\"noopener\"><img loading=\"lazy\" src=\"https:\/\/www.intenalco.edu.co\/css\/images\/web_search.png\" width=\"70\" height=\"55\" border=\"0\" \/><\/a><\/div><\/td><\/tr><tr><td height=\"63\"><blockquote class=\"Estilo7\" style=\"font-size: 14px;\"><p>FRACCIONAMIENTO DE MATRICULA<\/p><\/blockquote><\/td><td><div align=\"center\"><a href=\"https:\/\/www.gov.co\/ficha-tramites-y-servicios\/T24927\" target=\"_blank\" rel=\"noopener\"><img loading=\"lazy\" src=\"https:\/\/www.intenalco.edu.co\/css\/images\/web_search.png\" width=\"70\" height=\"55\" border=\"0\" \/><\/a><\/div><\/td><\/tr><tr><td height=\"63\"><blockquote class=\"Estilo7\" style=\"font-size: 14px;\"><p>CERTIFICADOS Y CONSTANCIAS DE ESTUDIO<\/p><\/blockquote><\/td><td><a href=\"https:\/\/intenalco.edu.co\/portal\/derechos-pecunarios\/\" target=\"_blank\" rel=\"noopener\"><img loading=\"lazy\" class=\"alignnone\" src=\"https:\/\/www.intenalco.edu.co\/css\/images\/web_search.png\" alt=\"\" width=\"70\" height=\"55\" border=\"0\" \/><\/a><\/td><\/tr><\/tbody><\/table><\/div>\n\t\t\t\t<\/div>\n\t\t\t\t<\/div>\n\t\t\t\t\t\t<\/div>\n\t\t\t\t\t<\/div>\n\t\t<\/div>\n\t\t\t\t\t\t\t\t<\/div>\n\t\t\t\t\t<\/div>\n\t\t<\/section>\n\t\t\t\t<section class=\"elementor-section elementor-top-section elementor-element elementor-element-06f85c3 elementor-section-boxed elementor-section-height-default elementor-section-height-default\" data-id=\"06f85c3\" data-element_type=\"section\">\n\t\t\t\t\t\t<div class=\"elementor-container elementor-column-gap-default\">\n\t\t\t\t\t\t\t<div class=\"elementor-row\">\n\t\t\t\t\t<div class=\"elementor-column elementor-col-100 elementor-top-column elementor-element elementor-element-0eeedc0\" data-id=\"0eeedc0\" data-element_type=\"column\">\n\t\t\t<div class=\"elementor-column-wrap elementor-element-populated\">\n\t\t\t\t\t\t\t<div class=\"elementor-widget-wrap\">\n\t\t\t\t\t\t<div class=\"elementor-element elementor-element-d771f5b elementor-widget elementor-widget-html\" data-id=\"d771f5b\" data-element_type=\"widget\" data-widget_type=\"html.default\">\n\t\t\t\t<div class=\"elementor-widget-container\">\n\t\t\t<center><input type=\"button\" value=\"Regresar\" onClick=\"history.go(-1);\"><\/center>\t\t<\/div>\n\t\t\t\t<\/div>\n\t\t\t\t\t\t<\/div>\n\t\t\t\t\t<\/div>\n\t\t<\/div>\n\t\t\t\t\t\t\t\t<\/div>\n\t\t\t\t\t<\/div>\n\t\t<\/section>\n\t\t\t\t\t\t<\/div>\n\t\t\t\t\t\t<\/div>\n\t\t\t\t\t<\/div>\n\t\t ","protected":false},"excerpt":{"rendered":"<p>Inicio &raquo; P\u00e1gina SERVICIOS DESDE LA PLATAFORMA GOV.CO CONSULTAR SERVICIO CERTIFICADO DE NOTAS DUPLICACI\u00d3NES DE DIPLOMAS Y ACTAS EN INSTITUCIONES DE EDUCACI\u00d3N SUPERIOR PR\u00c9STAMO BIBLIOTECARIO FRACCIONAMIENTO DE MATRICULA CERTIFICADOS Y CONSTANCIAS DE ESTUDIO<\/p>\n","protected":false},"author":3,"featured_media":0,"parent":0,"menu_order":0,"comment_status":"closed","ping_status":"closed","template":"","meta":[],"_links":{"self":[{"href":"https:\/\/intenalco.edu.co\/portal\/wp-json\/wp\/v2\/pages\/2764"}],"collection":[{"href":"https:\/\/intenalco.edu.co\/portal\/wp-json\/wp\/v2\/pages"}],"about":[{"href":"https:\/\/intenalco.edu.co\/portal\/wp-json\/wp\/v2\/types\/page"}],"author":[{"embeddable":true,"href":"https:\/\/intenalco.edu.co\/portal\/wp-json\/wp\/v2\/users\/3"}],"replies":[{"embeddable":true,"href":"https:\/\/intenalco.edu.co\/portal\/wp-json\/wp\/v2\/comments?post=2764"}],"version-history":[{"count":25,"href":"https:\/\/intenalco.edu.co\/portal\/wp-json\/wp\/v2\/pages\/2764\/revisions"}],"predecessor-version":[{"id":15040,"href":"https:\/\/intenalco.edu.co\/portal\/wp-json\/wp\/v2\/pages\/2764\/revisions\/15040"}],"wp:attachment":[{"href":"https:\/\/intenalco.edu.co\/portal\/wp-json\/wp\/v2\/media?parent=2764"}],"curies":[{"name":"wp","href":"https:\/\/api.w.org\/{rel}","templated":true}]}}