{"id":2826,"date":"2021-05-13T14:40:29","date_gmt":"2021-05-13T14:40:29","guid":{"rendered":"https:\/\/intenalco.edu.co\/portal\/?page_id=2826"},"modified":"2021-05-13T14:41:07","modified_gmt":"2021-05-13T14:41:07","slug":"esquema-de-publicacion","status":"publish","type":"page","link":"https:\/\/intenalco.edu.co\/portal\/esquema-de-publicacion\/","title":{"rendered":"Esquema de Publicacion"},"content":{"rendered":"<div id=\"pauDonde\"><a href=\"https:\/\/intenalco.edu.co\/portal\">Inicio<\/a> &raquo; <span class=\"current\">P\u00e1gina<\/span><\/div> <br> \t\t<div data-elementor-type=\"wp-page\" data-elementor-id=\"2826\" class=\"elementor elementor-2826\" data-elementor-settings=\"[]\">\n\t\t\t\t\t\t<div class=\"elementor-inner\">\n\t\t\t\t\t\t\t<div class=\"elementor-section-wrap\">\n\t\t\t\t\t\t\t<section class=\"elementor-section elementor-top-section elementor-element elementor-element-e72419a elementor-section-boxed elementor-section-height-default elementor-section-height-default\" data-id=\"e72419a\" data-element_type=\"section\">\n\t\t\t\t\t\t<div class=\"elementor-container elementor-column-gap-default\">\n\t\t\t\t\t\t\t<div class=\"elementor-row\">\n\t\t\t\t\t<div class=\"elementor-column elementor-col-100 elementor-top-column elementor-element elementor-element-a101707\" data-id=\"a101707\" data-element_type=\"column\">\n\t\t\t<div class=\"elementor-column-wrap elementor-element-populated\">\n\t\t\t\t\t\t\t<div class=\"elementor-widget-wrap\">\n\t\t\t\t\t\t<div class=\"elementor-element elementor-element-b1013de elementor-widget elementor-widget-text-editor\" data-id=\"b1013de\" data-element_type=\"widget\" data-widget_type=\"text-editor.default\">\n\t\t\t\t<div class=\"elementor-widget-container\">\n\t\t\t\t\t<div class=\"elementor-text-editor elementor-clearfix\"><table style=\"margin-bottom: 0px; color: #828282; font-family: Tahoma, Geneva, sans-serif; font-size: 13px; font-style: normal; font-weight: 400; background-color: #ffffff;\" border=\"1\" width=\"564\" cellspacing=\"0\" cellpadding=\"10\" align=\"center\"><tbody><tr><td class=\"Estilo20\" style=\"padding: 0px; font-size: 18px; color: #333333; font-weight: bold;\" colspan=\"2\" bgcolor=\"#C6ECD9\" height=\"51\">ESQUEMA DE PUBLICACI\u00d3N DE LA INFORMACI\u00d3N<\/td><\/tr><tr><td class=\"Estilo7\" style=\"padding: 0px; font-size: 14px;\" width=\"474\" height=\"51\"><p class=\"extensiones\" style=\"margin-bottom: 0px;\">Esquema de Publicaci\u00f3n de la Informaci\u00f3n<\/p><\/td><td style=\"padding: 0px;\" width=\"44\"><a style=\"color: #0252aa; cursor: pointer;\" href=\"https:\/\/www.intenalco.edu.co\/archivospublicos\/gestiondocumental\/RAI%20A%20DICIEMBRE%202018%20ep.xlsx\" target=\"_blank\" rel=\"noopener\"><img loading=\"lazy\" style=\"margin: 0px; padding: 0px; outline: 0px; border-width: 0px; border-style: initial;\" src=\"http:\/\/www.intenalco.edu.co\/css\/images\/excel1.gif\" width=\"40\" height=\"40\" border=\"0\" \/><\/a><\/td><\/tr><\/tbody><\/table><p style=\"margin-bottom: 0px; color: #828282; font-family: Tahoma, Geneva, sans-serif; font-size: 13px; font-style: normal; font-weight: 400; text-align: -webkit-center; background-color: #ffffff;\">\u00a0<\/p><p style=\"margin-bottom: 0px; color: #828282; font-family: Tahoma, Geneva, sans-serif; font-size: 13px; font-style: normal; font-weight: 400; text-align: -webkit-center; background-color: #ffffff;\" align=\"center\">\u00a0<\/p><p style=\"margin-bottom: 0px; color: #828282; font-family: Tahoma, Geneva, sans-serif; font-size: 13px; font-style: normal; font-weight: 400; text-align: -webkit-center; background-color: #ffffff;\"><img loading=\"lazy\" style=\"margin: 0px; padding: 0px; outline: 0px;\" src=\"https:\/\/www.intenalco.edu.co\/css\/images\/datos-abiertos.png\" width=\"500\" height=\"211\" border=\"1\" \/><\/p><p style=\"margin-bottom: 0px; color: #828282; font-family: Tahoma, Geneva, sans-serif; font-size: 13px; font-style: normal; font-weight: 400; text-align: -webkit-center; background-color: #ffffff;\">\u00a0<\/p><p style=\"margin-bottom: 0px; color: #828282; font-family: Tahoma, Geneva, sans-serif; font-size: 13px; font-style: normal; font-weight: 400; text-align: -webkit-center; background-color: #ffffff;\">RAI &#8211; DOCUMENTAL<\/p><p style=\"margin-bottom: 0px; color: #828282; font-family: Tahoma, Geneva, sans-serif; font-size: 13px; font-style: normal; font-weight: 400; text-align: -webkit-center; background-color: #ffffff;\"><a style=\"color: #0252aa; cursor: pointer;\" href=\"https:\/\/www.datos.gov.co\/Educaci-n\/RAI-Documental\/r55v-6h7y\" target=\"_blank\" rel=\"noopener\">https:\/\/www.datos.gov.co\/Educaci-n\/RAI-Documental\/r55v-6h7y<\/a><\/p><\/div>\n\t\t\t\t<\/div>\n\t\t\t\t<\/div>\n\t\t\t\t\t\t<\/div>\n\t\t\t\t\t<\/div>\n\t\t<\/div>\n\t\t\t\t\t\t\t\t<\/div>\n\t\t\t\t\t<\/div>\n\t\t<\/section>\n\t\t\t\t\t\t<\/div>\n\t\t\t\t\t\t<\/div>\n\t\t\t\t\t<\/div>\n\t\t ","protected":false},"excerpt":{"rendered":"<p>Inicio &raquo; P\u00e1gina ESQUEMA DE PUBLICACI\u00d3N DE LA INFORMACI\u00d3N Esquema de Publicaci\u00f3n de la Informaci\u00f3n \u00a0 \u00a0 \u00a0 RAI &#8211; DOCUMENTAL https:\/\/www.datos.gov.co\/Educaci-n\/RAI-Documental\/r55v-6h7y<\/p>\n","protected":false},"author":3,"featured_media":0,"parent":0,"menu_order":0,"comment_status":"closed","ping_status":"closed","template":"","meta":[],"_links":{"self":[{"href":"https:\/\/intenalco.edu.co\/portal\/wp-json\/wp\/v2\/pages\/2826"}],"collection":[{"href":"https:\/\/intenalco.edu.co\/portal\/wp-json\/wp\/v2\/pages"}],"about":[{"href":"https:\/\/intenalco.edu.co\/portal\/wp-json\/wp\/v2\/types\/page"}],"author":[{"embeddable":true,"href":"https:\/\/intenalco.edu.co\/portal\/wp-json\/wp\/v2\/users\/3"}],"replies":[{"embeddable":true,"href":"https:\/\/intenalco.edu.co\/portal\/wp-json\/wp\/v2\/comments?post=2826"}],"version-history":[{"count":7,"href":"https:\/\/intenalco.edu.co\/portal\/wp-json\/wp\/v2\/pages\/2826\/revisions"}],"predecessor-version":[{"id":2833,"href":"https:\/\/intenalco.edu.co\/portal\/wp-json\/wp\/v2\/pages\/2826\/revisions\/2833"}],"wp:attachment":[{"href":"https:\/\/intenalco.edu.co\/portal\/wp-json\/wp\/v2\/media?parent=2826"}],"curies":[{"name":"wp","href":"https:\/\/api.w.org\/{rel}","templated":true}]}}