{"id":650,"date":"2020-12-01T21:54:52","date_gmt":"2020-12-01T21:54:52","guid":{"rendered":"https:\/\/intenalco.edu.co\/portal\/?page_id=650"},"modified":"2026-01-26T10:55:55","modified_gmt":"2026-01-26T10:55:55","slug":"egresados","status":"publish","type":"page","link":"https:\/\/intenalco.edu.co\/portal\/egresados\/","title":{"rendered":"Egresados"},"content":{"rendered":"<div id=\"pauDonde\"><a href=\"https:\/\/intenalco.edu.co\/portal\">Inicio<\/a> &raquo; <span class=\"current\">P\u00e1gina<\/span><\/div> <br> \t\t<div data-elementor-type=\"wp-page\" data-elementor-id=\"650\" class=\"elementor elementor-650\" data-elementor-settings=\"[]\">\n\t\t\t\t\t\t<div class=\"elementor-inner\">\n\t\t\t\t\t\t\t<div class=\"elementor-section-wrap\">\n\t\t\t\t\t\t\t<section class=\"elementor-section elementor-top-section elementor-element elementor-element-5275fe2 elementor-section-boxed elementor-section-height-default elementor-section-height-default\" data-id=\"5275fe2\" data-element_type=\"section\">\n\t\t\t\t\t\t<div class=\"elementor-container elementor-column-gap-default\">\n\t\t\t\t\t\t\t<div class=\"elementor-row\">\n\t\t\t\t\t<div class=\"elementor-column elementor-col-100 elementor-top-column elementor-element elementor-element-2e5470c\" data-id=\"2e5470c\" data-element_type=\"column\">\n\t\t\t<div class=\"elementor-column-wrap elementor-element-populated\">\n\t\t\t\t\t\t\t<div class=\"elementor-widget-wrap\">\n\t\t\t\t\t\t<div class=\"elementor-element elementor-element-d015915 elementor-widget elementor-widget-image\" data-id=\"d015915\" data-element_type=\"widget\" data-widget_type=\"image.default\">\n\t\t\t\t<div class=\"elementor-widget-container\">\n\t\t\t\t\t<div class=\"elementor-image\">\n\t\t\t\t\t\t\t\t\t\t<img width=\"1024\" height=\"683\" src=\"https:\/\/intenalco.edu.co\/portal\/wp-content\/uploads\/2024\/03\/IMG_5665-1024x683.jpg\" class=\"attachment-large size-large\" alt=\"\" loading=\"lazy\" srcset=\"https:\/\/intenalco.edu.co\/portal\/wp-content\/uploads\/2024\/03\/IMG_5665-1024x683.jpg 1024w, https:\/\/intenalco.edu.co\/portal\/wp-content\/uploads\/2024\/03\/IMG_5665-300x200.jpg 300w, https:\/\/intenalco.edu.co\/portal\/wp-content\/uploads\/2024\/03\/IMG_5665-768x512.jpg 768w, https:\/\/intenalco.edu.co\/portal\/wp-content\/uploads\/2024\/03\/IMG_5665-1536x1024.jpg 1536w, https:\/\/intenalco.edu.co\/portal\/wp-content\/uploads\/2024\/03\/IMG_5665-2048x1365.jpg 2048w\" sizes=\"(max-width: 1024px) 100vw, 1024px\" \/>\t\t\t\t\t\t\t\t\t\t\t<\/div>\n\t\t\t\t<\/div>\n\t\t\t\t<\/div>\n\t\t\t\t<div class=\"elementor-element elementor-element-6accb9f elementor-widget elementor-widget-heading\" data-id=\"6accb9f\" data-element_type=\"widget\" data-widget_type=\"heading.default\">\n\t\t\t\t<div class=\"elementor-widget-container\">\n\t\t\t<h2 class=\"elementor-heading-title elementor-size-default\">GRADUADOS<\/h2>\t\t<\/div>\n\t\t\t\t<\/div>\n\t\t\t\t\t\t<\/div>\n\t\t\t\t\t<\/div>\n\t\t<\/div>\n\t\t\t\t\t\t\t\t<\/div>\n\t\t\t\t\t<\/div>\n\t\t<\/section>\n\t\t\t\t<section class=\"elementor-section elementor-top-section elementor-element elementor-element-09e4be0 elementor-section-boxed elementor-section-height-default elementor-section-height-default\" data-id=\"09e4be0\" data-element_type=\"section\">\n\t\t\t\t\t\t<div class=\"elementor-container elementor-column-gap-default\">\n\t\t\t\t\t\t\t<div class=\"elementor-row\">\n\t\t\t\t\t<div class=\"elementor-column elementor-col-100 elementor-top-column elementor-element elementor-element-9572bcf\" data-id=\"9572bcf\" data-element_type=\"column\">\n\t\t\t<div class=\"elementor-column-wrap elementor-element-populated\">\n\t\t\t\t\t\t\t<div class=\"elementor-widget-wrap\">\n\t\t\t\t\t\t<div class=\"elementor-element elementor-element-aa7dfa9 elementor-aspect-ratio-169 elementor-widget elementor-widget-video\" data-id=\"aa7dfa9\" data-element_type=\"widget\" data-settings=\"{&quot;aspect_ratio&quot;:&quot;169&quot;}\" data-widget_type=\"video.default\">\n\t\t\t\t<div class=\"elementor-widget-container\">\n\t\t\t\t\t<div class=\"elementor-wrapper elementor-fit-aspect-ratio elementor-open-inline\">\n\t\t\t<iframe class=\"elementor-video-iframe\" allowfullscreen title=\"Reproductor de v\u00eddeo youtube\" src=\"https:\/\/www.youtube.com\/embed\/vpy4OGQK_Yo?feature=oembed&amp;start&amp;end&amp;wmode=opaque&amp;loop=0&amp;controls=1&amp;mute=0&amp;rel=0&amp;modestbranding=0\"><\/iframe>\t\t<\/div>\n\t\t\t\t<\/div>\n\t\t\t\t<\/div>\n\t\t\t\t<div class=\"elementor-element elementor-element-85ed303 elementor-widget elementor-widget-text-editor\" data-id=\"85ed303\" data-element_type=\"widget\" data-widget_type=\"text-editor.default\">\n\t\t\t\t<div class=\"elementor-widget-container\">\n\t\t\t\t\t<div class=\"elementor-text-editor elementor-clearfix\"><center style=\"margin: 0px; padding: 0px; outline: 0px; color: #828282; font-family: Tahoma, Geneva, sans-serif; font-size: 13px;\"><\/center><div align=\"center\"><p class=\"Estilo19\" style=\"margin-bottom: 0px; font-size: 18px; color: #999999;\">Oficina de Graduados<\/p><p class=\"Estilo19\" style=\"margin-bottom: 0px; font-size: 18px; color: #999999;\">Tel. \u00a0655 3333<br style=\"margin: 0px; padding: 0px; outline: 0px;\" \/>Mar\u00eda Constanza Cano Quintero<\/p><\/div><h1 align=\"center\">Encuesta<\/h1><p class=\"Estilo10\" style=\"margin-bottom: 0px; color: #800000; font-size: 18px;\" align=\"center\"><span class=\"Estilo11\" style=\"color: #000000; font-weight: bold;\"><span style=\"color: #ff8000;\"><b style=\"margin: 0px; padding: 0px; outline: 0px;\"><span style=\"font-family: Geneva, Arial, Helvetica, san-serif;\">PERCEPCI\u00d3N DE LA INSTITUCI\u00d3N<\/span><\/b><\/span><\/span><\/p><p style=\"margin-bottom: 0px;\" align=\"center\">Tu opini\u00f3n es importante y nos ayuda a mejorar.\u00a0<\/p><p style=\"margin-bottom: 0px;\" align=\"center\"><a style=\"color: #0252aa; cursor: pointer;\" href=\"http:\/\/bit.ly\/1X0TDdF\" target=\"_blank\" rel=\"noopener\"><img loading=\"lazy\" style=\"margin: 0px; padding: 0px; outline: 0px; border-width: 0px; border-style: initial;\" src=\"http:\/\/www.intenalco.edu.co\/css\/images\/boton.encuesta.png\" width=\"299\" height=\"96\" border=\"0\" \/><\/a><\/p><h1 align=\"center\">Vacantes<\/h1><p class=\"Estilo10\" style=\"margin-bottom: 0px; color: #800000; font-size: 18px;\" align=\"center\"><span class=\"Estilo11\" style=\"color: #000000; font-weight: bold;\"><span style=\"color: #ff8000;\"><b style=\"margin: 0px; padding: 0px; outline: 0px;\"><span style=\"font-family: Geneva, Arial, Helvetica, san-serif;\">EMPRESAS OFERTANTES<\/span><\/b><\/span><\/span><\/p><p style=\"margin-bottom: 0px;\" align=\"center\">Solicitudes disponibles para cubrir vacantes.<\/p><p style=\"margin-bottom: 0px;\" align=\"center\"><a style=\"color: #0252aa; cursor: pointer;\" href=\"https:\/\/intenalco.edu.co\/oferta_laboral\/vistas\/ver_vacantes.php\" target=\"_blank\" rel=\"noopener\"><img loading=\"lazy\" class=\"alignnone wp-image-7120 size-full\" src=\"https:\/\/intenalco.edu.co\/portal\/wp-content\/uploads\/2022\/06\/ofertas-laborales-1.png\" alt=\"\" width=\"425\" height=\"218\" srcset=\"https:\/\/intenalco.edu.co\/portal\/wp-content\/uploads\/2022\/06\/ofertas-laborales-1.png 425w, https:\/\/intenalco.edu.co\/portal\/wp-content\/uploads\/2022\/06\/ofertas-laborales-1-300x154.png 300w\" sizes=\"(max-width: 425px) 100vw, 425px\" \/><\/a><\/p><h1 align=\"center\">Formulario<\/h1><p class=\"Estilo10\" style=\"margin-bottom: 0px; color: #800000; font-size: 18px;\" align=\"center\"><span class=\"Estilo11\" style=\"color: #000000; font-weight: bold;\"><span style=\"color: #ff8000;\"><b style=\"margin: 0px; padding: 0px; outline: 0px;\"><span style=\"font-family: Geneva, Arial, Helvetica, san-serif;\">ACTUALIZACI\u00d3N DE DATOS<\/span><\/b><\/span><\/span><\/p><p style=\"margin-bottom: 0px;\" align=\"center\">Informaci\u00f3n de nuestros graduados.<\/p><div align=\"center\"><table style=\"margin-bottom: 0px;\" border=\"1\" width=\"200\" cellspacing=\"0\" cellpadding=\"10\"><tbody><tr><td style=\"padding: 0px;\"><p style=\"margin-bottom: 0px;\" align=\"center\"><strong>Formulario para Actualizar Datos<\/strong><\/p><p style=\"margin-bottom: 0px;\">\u00a0<\/p><\/td><\/tr><\/tbody><\/table><\/div><h1 align=\"center\">\u00a0<\/h1><h1 align=\"center\">Elecciones<\/h1><div style=\"text-align: center;\"><strong>\u00a0<span style=\"font-family: Geneva, Arial, Helvetica, san-serif; font-size: 18px; color: #ff8000; text-align: -webkit-center;\">REPRESENTANTE DE LOS EGRESADOS<\/span><\/strong><\/div><div style=\"text-align: center;\"><strong><span style=\"font-family: Geneva, Arial, Helvetica, san-serif; font-size: 18px; color: #ff8000; text-align: -webkit-center;\"> ANTE EL CONSEJO DIRECTIVO<\/span><\/strong><\/div><div>\u00a0<\/div><p style=\"margin-bottom: 0px; color: #828282; font-family: Tahoma, Geneva, sans-serif; font-size: 13px; font-style: normal; font-weight: 400;\" align=\"center\">Visualizar Resoluci\u00f3n para las Elecci\u00f3n del Representante.<\/p><div align=\"center\"><table style=\"margin-bottom: 0px;\" border=\"1\" width=\"376\" cellspacing=\"0\" cellpadding=\"10\"><tbody><tr><td style=\"padding: 0px;\" height=\"51\"><span class=\"Estilo7\" style=\"font-size: 14px;\">RESOLUCI\u00d3N NO. 210 DE MAYO 24 DE 2018<\/span><\/td><td style=\"padding: 0px;\"><a style=\"color: #0252aa; cursor: pointer;\" href=\"http:\/\/www.intenalco.edu.co\/anuncio.actual\/Resolucion%20No.210%20de%202018.pdf\" target=\"_blank\" rel=\"noopener\"><img loading=\"lazy\" style=\"margin: 0px; padding: 0px; outline: 0px; border-width: 0px; border-style: initial;\" src=\"http:\/\/www.intenalco.edu.co\/css\/images\/pdf.png\" width=\"64\" height=\"64\" border=\"0\" \/><\/a><\/td><\/tr><tr><td style=\"padding: 0px;\" width=\"286\" height=\"51\">RESOLUCI\u00d3N NO. 108 DE ABRIL 21 DE 2016<\/td><td style=\"padding: 0px;\" width=\"44\"><a style=\"color: #0252aa; cursor: pointer;\" href=\"http:\/\/www.intenalco.edu.co\/resoluciones\/2016\/Resolucion%20No.108%202016%20EGRESADOS.pdf\" target=\"_blank\" rel=\"noopener\"><img loading=\"lazy\" style=\"margin: 0px; padding: 0px; outline: 0px; border-width: 0px; border-style: initial;\" src=\"http:\/\/www.intenalco.edu.co\/css\/images\/pdf.png\" width=\"64\" height=\"64\" border=\"0\" \/><\/a><\/td><\/tr><tr><td style=\"padding: 0px;\" height=\"51\">ACTA DE VERIFICACI\u00d3N DE REQUISITOS<br style=\"margin: 0px; padding: 0px; outline: 0px;\" \/>ELECCI\u00d3N DE REPRESENTANTE DE LOS EGRESADOS<\/td><td style=\"padding: 0px;\"><a style=\"color: #0252aa; cursor: pointer;\" href=\"http:\/\/www.intenalco.edu.co\/resoluciones\/2016\/acta.verificacion.requisitos.pdf\" target=\"_blank\" rel=\"noopener\"><img loading=\"lazy\" style=\"margin: 0px; padding: 0px; outline: 0px; border-width: 0px; border-style: initial;\" src=\"http:\/\/www.intenalco.edu.co\/css\/images\/pdf.png\" width=\"64\" height=\"64\" border=\"0\" \/><\/a><\/td><\/tr><\/tbody><\/table><table style=\"margin-bottom: 0px;\" border=\"1\" width=\"200\" cellspacing=\"0\" cellpadding=\"10\"><tbody><tr><td style=\"padding: 0px;\"><p style=\"margin-bottom: 0px; text-align: center;\"><strong>INSCRIPCIONES<\/strong><\/p><\/td><\/tr><\/tbody><\/table><\/div><\/div>\n\t\t\t\t<\/div>\n\t\t\t\t<\/div>\n\t\t\t\t\t\t<\/div>\n\t\t\t\t\t<\/div>\n\t\t<\/div>\n\t\t\t\t\t\t\t\t<\/div>\n\t\t\t\t\t<\/div>\n\t\t<\/section>\n\t\t\t\t\t\t<\/div>\n\t\t\t\t\t\t<\/div>\n\t\t\t\t\t<\/div>\n\t\t ","protected":false},"excerpt":{"rendered":"<p>Inicio &raquo; P\u00e1gina GRADUADOS https:\/\/youtu.be\/vpy4OGQK_Yo Oficina de Graduados Tel. \u00a0655 3333Mar\u00eda Constanza Cano Quintero Encuesta PERCEPCI\u00d3N DE LA INSTITUCI\u00d3N Tu opini\u00f3n es importante y nos ayuda a mejorar.\u00a0 Vacantes EMPRESAS OFERTANTES Solicitudes disponibles para cubrir vacantes. Formulario ACTUALIZACI\u00d3N DE DATOS Informaci\u00f3n de nuestros graduados. Formulario para Actualizar Datos \u00a0 \u00a0 Elecciones \u00a0REPRESENTANTE DE LOS EGRESADOS&#8230;<\/p>\n","protected":false},"author":4,"featured_media":0,"parent":0,"menu_order":0,"comment_status":"closed","ping_status":"closed","template":"","meta":[],"_links":{"self":[{"href":"https:\/\/intenalco.edu.co\/portal\/wp-json\/wp\/v2\/pages\/650"}],"collection":[{"href":"https:\/\/intenalco.edu.co\/portal\/wp-json\/wp\/v2\/pages"}],"about":[{"href":"https:\/\/intenalco.edu.co\/portal\/wp-json\/wp\/v2\/types\/page"}],"author":[{"embeddable":true,"href":"https:\/\/intenalco.edu.co\/portal\/wp-json\/wp\/v2\/users\/4"}],"replies":[{"embeddable":true,"href":"https:\/\/intenalco.edu.co\/portal\/wp-json\/wp\/v2\/comments?post=650"}],"version-history":[{"count":57,"href":"https:\/\/intenalco.edu.co\/portal\/wp-json\/wp\/v2\/pages\/650\/revisions"}],"predecessor-version":[{"id":11403,"href":"https:\/\/intenalco.edu.co\/portal\/wp-json\/wp\/v2\/pages\/650\/revisions\/11403"}],"wp:attachment":[{"href":"https:\/\/intenalco.edu.co\/portal\/wp-json\/wp\/v2\/media?parent=650"}],"curies":[{"name":"wp","href":"https:\/\/api.w.org\/{rel}","templated":true}]}}