{"id":670,"date":"2020-12-01T21:59:04","date_gmt":"2020-12-01T21:59:04","guid":{"rendered":"https:\/\/intenalco.edu.co\/portal\/?page_id=670"},"modified":"2026-04-06T19:15:49","modified_gmt":"2026-04-06T19:15:49","slug":"informacion-grados","status":"publish","type":"page","link":"https:\/\/intenalco.edu.co\/portal\/informacion-grados\/","title":{"rendered":"Informaci\u00f3n Grados"},"content":{"rendered":"<div id=\"pauDonde\"><a href=\"https:\/\/intenalco.edu.co\/portal\">Inicio<\/a> &raquo; <span class=\"current\">P\u00e1gina<\/span><\/div> <br> \t\t<div data-elementor-type=\"wp-page\" data-elementor-id=\"670\" class=\"elementor elementor-670\" data-elementor-settings=\"[]\">\n\t\t\t\t\t\t<div class=\"elementor-inner\">\n\t\t\t\t\t\t\t<div class=\"elementor-section-wrap\">\n\t\t\t\t\t\t\t<section class=\"elementor-section elementor-top-section elementor-element elementor-element-737172f elementor-section-boxed elementor-section-height-default elementor-section-height-default\" data-id=\"737172f\" data-element_type=\"section\">\n\t\t\t\t\t\t<div class=\"elementor-container elementor-column-gap-default\">\n\t\t\t\t\t\t\t<div class=\"elementor-row\">\n\t\t\t\t\t<div class=\"elementor-column elementor-col-100 elementor-top-column elementor-element elementor-element-23114d0\" data-id=\"23114d0\" data-element_type=\"column\">\n\t\t\t<div class=\"elementor-column-wrap elementor-element-populated\">\n\t\t\t\t\t\t\t<div class=\"elementor-widget-wrap\">\n\t\t\t\t\t\t<div class=\"elementor-element elementor-element-f47ebf4 elementor-widget elementor-widget-text-editor\" data-id=\"f47ebf4\" data-element_type=\"widget\" data-widget_type=\"text-editor.default\">\n\t\t\t\t<div class=\"elementor-widget-container\">\n\t\t\t\t\t<div class=\"elementor-text-editor elementor-clearfix\"><p style=\"margin-bottom: 0px;\" align=\"center\"><img loading=\"lazy\" style=\"margin: 0px; padding: 0px; outline: 0px;\" src=\"http:\/\/www.intenalco.edu.co\/images\/encabezado-grados2.png\" width=\"581\" height=\"245\" \/><\/p><p class=\"A A\" style=\"margin-bottom: 0px; font-family: 'Arial Black', Gadget, sans-serif; font-weight: bold; color: #f7923b; font-size: 50px;\" align=\"center\"><em>Informaci\u00f3n de Grados<\/em><\/p><\/div>\n\t\t\t\t<\/div>\n\t\t\t\t<\/div>\n\t\t\t\t<div class=\"elementor-element elementor-element-eab1a0b elementor-widget elementor-widget-image\" data-id=\"eab1a0b\" data-element_type=\"widget\" data-widget_type=\"image.default\">\n\t\t\t\t<div class=\"elementor-widget-container\">\n\t\t\t\t\t<div class=\"elementor-image\">\n\t\t\t\t\t\t\t\t\t\t\t<a href=\"https:\/\/www.intenalco.edu.co\/anuncio.actual\/cronograma-grados-ventanilla-2026-1.pdf\" target=\"_blank\">\n\t\t\t\t\t\t\t<img width=\"561\" height=\"283\" src=\"https:\/\/intenalco.edu.co\/portal\/wp-content\/uploads\/2026\/01\/grados-por-ventanilla-2026-1.png\" class=\"attachment-large size-large\" alt=\"\" loading=\"lazy\" srcset=\"https:\/\/intenalco.edu.co\/portal\/wp-content\/uploads\/2026\/01\/grados-por-ventanilla-2026-1.png 561w, https:\/\/intenalco.edu.co\/portal\/wp-content\/uploads\/2026\/01\/grados-por-ventanilla-2026-1-300x151.png 300w\" sizes=\"(max-width: 561px) 100vw, 561px\" \/>\t\t\t\t\t\t\t\t<\/a>\n\t\t\t\t\t\t\t\t\t\t\t<\/div>\n\t\t\t\t<\/div>\n\t\t\t\t<\/div>\n\t\t\t\t<div class=\"elementor-element elementor-element-192ec16 elementor-widget elementor-widget-spacer\" data-id=\"192ec16\" data-element_type=\"widget\" data-widget_type=\"spacer.default\">\n\t\t\t\t<div class=\"elementor-widget-container\">\n\t\t\t\t\t<div class=\"elementor-spacer\">\n\t\t\t<div class=\"elementor-spacer-inner\"><\/div>\n\t\t<\/div>\n\t\t\t\t<\/div>\n\t\t\t\t<\/div>\n\t\t\t\t<div class=\"elementor-element elementor-element-eb8043f elementor-widget elementor-widget-heading\" data-id=\"eb8043f\" data-element_type=\"widget\" data-widget_type=\"heading.default\">\n\t\t\t\t<div class=\"elementor-widget-container\">\n\t\t\t<h2 class=\"elementor-heading-title elementor-size-default\">- \u00daltimos Grados -<\/h2>\t\t<\/div>\n\t\t\t\t<\/div>\n\t\t\t\t<div class=\"elementor-element elementor-element-9b8999b elementor-widget elementor-widget-image\" data-id=\"9b8999b\" data-element_type=\"widget\" data-widget_type=\"image.default\">\n\t\t\t\t<div class=\"elementor-widget-container\">\n\t\t\t\t\t<div class=\"elementor-image\">\n\t\t\t\t\t\t\t\t\t\t\t<a href=\"https:\/\/www.intenalco.edu.co\/anuncio.actual\/LISTADO%20DEFINITIVO%20GRADOS%20POR%20CEREMONIA%202-2025.pdf\" target=\"_blank\">\n\t\t\t\t\t\t\t<img width=\"679\" height=\"158\" src=\"https:\/\/intenalco.edu.co\/portal\/wp-content\/uploads\/2025\/10\/ultimo-listado-paz-y-salvo-y-pueden-optar-al-titulo-15-noviembre-2025.png\" class=\"attachment-large size-large\" alt=\"\" loading=\"lazy\" srcset=\"https:\/\/intenalco.edu.co\/portal\/wp-content\/uploads\/2025\/10\/ultimo-listado-paz-y-salvo-y-pueden-optar-al-titulo-15-noviembre-2025.png 679w, https:\/\/intenalco.edu.co\/portal\/wp-content\/uploads\/2025\/10\/ultimo-listado-paz-y-salvo-y-pueden-optar-al-titulo-15-noviembre-2025-300x70.png 300w\" sizes=\"(max-width: 679px) 100vw, 679px\" \/>\t\t\t\t\t\t\t\t<\/a>\n\t\t\t\t\t\t\t\t\t\t\t<\/div>\n\t\t\t\t<\/div>\n\t\t\t\t<\/div>\n\t\t\t\t<div class=\"elementor-element elementor-element-d9f1f7b elementor-widget elementor-widget-image\" data-id=\"d9f1f7b\" data-element_type=\"widget\" data-widget_type=\"image.default\">\n\t\t\t\t<div class=\"elementor-widget-container\">\n\t\t\t\t\t<div class=\"elementor-image\">\n\t\t\t\t\t\t\t\t\t\t\t<a href=\"https:\/\/intenalco.edu.co\/anuncio.actual\/_pantalla-biblioteca-grados-2026.png\" target=\"_blank\">\n\t\t\t\t\t\t\t<img width=\"768\" height=\"215\" src=\"https:\/\/intenalco.edu.co\/portal\/wp-content\/uploads\/2026\/03\/banners-2026-768x215.webp\" class=\"attachment-medium_large size-medium_large\" alt=\"\" loading=\"lazy\" srcset=\"https:\/\/intenalco.edu.co\/portal\/wp-content\/uploads\/2026\/03\/banners-2026-768x215.webp 768w, https:\/\/intenalco.edu.co\/portal\/wp-content\/uploads\/2026\/03\/banners-2026-300x84.webp 300w, https:\/\/intenalco.edu.co\/portal\/wp-content\/uploads\/2026\/03\/banners-2026-1024x287.webp 1024w, https:\/\/intenalco.edu.co\/portal\/wp-content\/uploads\/2026\/03\/banners-2026-1536x430.webp 1536w, https:\/\/intenalco.edu.co\/portal\/wp-content\/uploads\/2026\/03\/banners-2026.webp 1629w\" sizes=\"(max-width: 768px) 100vw, 768px\" \/>\t\t\t\t\t\t\t\t<\/a>\n\t\t\t\t\t\t\t\t\t\t\t<\/div>\n\t\t\t\t<\/div>\n\t\t\t\t<\/div>\n\t\t\t\t\t\t<\/div>\n\t\t\t\t\t<\/div>\n\t\t<\/div>\n\t\t\t\t\t\t\t\t<\/div>\n\t\t\t\t\t<\/div>\n\t\t<\/section>\n\t\t\t\t<section class=\"elementor-section elementor-top-section elementor-element elementor-element-21cc4ed elementor-section-boxed elementor-section-height-default elementor-section-height-default\" data-id=\"21cc4ed\" data-element_type=\"section\">\n\t\t\t\t\t\t<div class=\"elementor-container elementor-column-gap-default\">\n\t\t\t\t\t\t\t<div class=\"elementor-row\">\n\t\t\t\t\t<div class=\"elementor-column elementor-col-100 elementor-top-column elementor-element elementor-element-dc764a9\" data-id=\"dc764a9\" data-element_type=\"column\">\n\t\t\t<div class=\"elementor-column-wrap elementor-element-populated\">\n\t\t\t\t\t\t\t<div class=\"elementor-widget-wrap\">\n\t\t\t\t\t\t<div class=\"elementor-element elementor-element-110fd7d elementor-widget elementor-widget-text-editor\" data-id=\"110fd7d\" data-element_type=\"widget\" data-widget_type=\"text-editor.default\">\n\t\t\t\t<div class=\"elementor-widget-container\">\n\t\t\t\t\t<div class=\"elementor-text-editor elementor-clearfix\"><table style=\"margin-bottom: 0px;\" border=\"0\" width=\"672\" align=\"center\">\n<tbody>\n<tr>\n<td style=\"padding: 0px;\" valign=\"top\">\n<p align=\"center\"><a href=\"http:\/\/www.intenalco.edu.co\/anuncio.actual\/INSTRUCTIVO_ESTAMPILLA.pdf\" target=\"_blank\" rel=\"noopener\"><img loading=\"lazy\" class=\"alignnone wp-image-9057 size-medium\" src=\"https:\/\/intenalco.edu.co\/portal\/wp-content\/uploads\/2023\/05\/ESTAMPILLA-PRO-UCEVA-300x112.png\" alt=\"\" width=\"300\" height=\"112\" srcset=\"https:\/\/intenalco.edu.co\/portal\/wp-content\/uploads\/2023\/05\/ESTAMPILLA-PRO-UCEVA-300x112.png 300w, https:\/\/intenalco.edu.co\/portal\/wp-content\/uploads\/2023\/05\/ESTAMPILLA-PRO-UCEVA.png 353w\" sizes=\"(max-width: 300px) 100vw, 300px\" \/><\/a><\/p>\n\n<table style=\"margin-bottom: 0px;\" border=\"0\" width=\"669\" align=\"center\">\n<tbody>\n<tr>\n<td style=\"padding: 0px;\" valign=\"top\" width=\"141\" height=\"151\">\n<p style=\"margin-bottom: 0px;\" align=\"center\"><a style=\"color: #0252aa; cursor: pointer;\" href=\"http:\/\/www.intenalco.edu.co\/anuncio.actual\/derecho-a-ceremonia-11-dic.pdf\" target=\"_blank\" rel=\"noopener\"><img loading=\"lazy\" style=\"margin: 0px; padding: 0px; outline: 0px; border-width: 0px; border-style: initial;\" src=\"http:\/\/www.intenalco.edu.co\/css\/images\/derecho-a-ceremonia.png\" width=\"291\" height=\"50\" border=\"0\" \/><\/a><\/p>\n<p style=\"margin-bottom: 0px;\" align=\"center\"><\/p>\n<\/td>\n<td style=\"padding: 0px;\" rowspan=\"3\" align=\"center\" valign=\"top\" width=\"189\"><a href=\"https:\/\/www.intenalco.edu.co\/anuncio.actual\/FORMATO SOLICITUD DE GRADO 09-09-2025.pdf\" target=\"_blank\" rel=\"noopener\"><img loading=\"lazy\" class=\"alignnone\" style=\"font-style: inherit; font-weight: inherit; background-color: transparent; color: var( --e-global-color-text ); font-family: var( --e-global-typography-text-font-family ), Sans-serif; outline: 0px; border-width: 0px; border-style: initial;\" src=\"http:\/\/www.intenalco.edu.co\/css\/images\/formato-solicitud-grado-sin-fecha2.png\" alt=\"\" width=\"388\" height=\"155\" border=\"0\" \/><\/a>\n\n\n<p style=\"margin-bottom: 0px; margin-top: 10px\"><a style=\"color: #0252aa; cursor: pointer;\" href=\"http:\/\/www.intenalco.edu.co\/archivospublicos\/ACUERDO%20No.%20300.03.01.01.2015.pdf\" target=\"_blank\" rel=\"noopener\"><img loading=\"lazy\" style=\"margin: 0px; padding: 0px; outline: 0px; border-width: 0px; border-style: initial;\" src=\"http:\/\/www.intenalco.edu.co\/css\/images\/acuerdo.requisitos.grado.gif\" width=\"291\" height=\"50\" border=\"0\" \/><\/a><\/p>\n<p style=\"margin-bottom: 0px;\"><\/p>\n<\/td>\n<\/tr>\n<tr>\n<td style=\"padding: 0px;\" valign=\"top\" height=\"20\">\n<div align=\"center\">\n<p style=\"margin-bottom: 0px;\"><a style=\"color: #0252aa; cursor: pointer;\" href=\"http:\/\/bit.ly\/2cVruC6\" target=\"_blank\" rel=\"noopener\"><img loading=\"lazy\" style=\"margin: 0px; padding: 0px; outline: 0px; border-width: 0px; border-style: initial;\" src=\"http:\/\/www.intenalco.edu.co\/css\/images\/encuesta.percepcion2018.png\" width=\"297\" height=\"395\" border=\"0\" \/><\/a><\/p>\n\n<\/div><\/td>\n<\/tr>\n<\/tbody>\n<\/table>\n<\/td>\n<\/tr>\n<\/tbody>\n<\/table><\/div>\n\t\t\t\t<\/div>\n\t\t\t\t<\/div>\n\t\t\t\t\t\t<\/div>\n\t\t\t\t\t<\/div>\n\t\t<\/div>\n\t\t\t\t\t\t\t\t<\/div>\n\t\t\t\t\t<\/div>\n\t\t<\/section>\n\t\t\t\t\t\t<\/div>\n\t\t\t\t\t\t<\/div>\n\t\t\t\t\t<\/div>\n\t\t ","protected":false},"excerpt":{"rendered":"<p>Inicio &raquo; P\u00e1gina Informaci\u00f3n de Grados &#8211; \u00daltimos Grados &#8211;<\/p>\n","protected":false},"author":4,"featured_media":0,"parent":0,"menu_order":0,"comment_status":"closed","ping_status":"closed","template":"","meta":[],"_links":{"self":[{"href":"https:\/\/intenalco.edu.co\/portal\/wp-json\/wp\/v2\/pages\/670"}],"collection":[{"href":"https:\/\/intenalco.edu.co\/portal\/wp-json\/wp\/v2\/pages"}],"about":[{"href":"https:\/\/intenalco.edu.co\/portal\/wp-json\/wp\/v2\/types\/page"}],"author":[{"embeddable":true,"href":"https:\/\/intenalco.edu.co\/portal\/wp-json\/wp\/v2\/users\/4"}],"replies":[{"embeddable":true,"href":"https:\/\/intenalco.edu.co\/portal\/wp-json\/wp\/v2\/comments?post=670"}],"version-history":[{"count":353,"href":"https:\/\/intenalco.edu.co\/portal\/wp-json\/wp\/v2\/pages\/670\/revisions"}],"predecessor-version":[{"id":16806,"href":"https:\/\/intenalco.edu.co\/portal\/wp-json\/wp\/v2\/pages\/670\/revisions\/16806"}],"wp:attachment":[{"href":"https:\/\/intenalco.edu.co\/portal\/wp-json\/wp\/v2\/media?parent=670"}],"curies":[{"name":"wp","href":"https:\/\/api.w.org\/{rel}","templated":true}]}}