{"id":760,"date":"2020-12-02T15:57:15","date_gmt":"2020-12-02T15:57:15","guid":{"rendered":"https:\/\/intenalco.edu.co\/portal\/?page_id=760"},"modified":"2021-08-11T12:54:19","modified_gmt":"2021-08-11T12:54:19","slug":"tecnologia-en-gestion-empresarial","status":"publish","type":"page","link":"https:\/\/intenalco.edu.co\/portal\/tecnologia-en-gestion-empresarial\/","title":{"rendered":"Tecnolog\u00eda en Gesti\u00f3n Empresarial"},"content":{"rendered":"<div id=\"pauDonde\"><a href=\"https:\/\/intenalco.edu.co\/portal\">Inicio<\/a> &raquo; <span class=\"current\">P\u00e1gina<\/span><\/div> <br> \t\t<div data-elementor-type=\"wp-page\" data-elementor-id=\"760\" class=\"elementor elementor-760\" data-elementor-settings=\"[]\">\n\t\t\t\t\t\t<div class=\"elementor-inner\">\n\t\t\t\t\t\t\t<div class=\"elementor-section-wrap\">\n\t\t\t\t\t\t\t<section class=\"elementor-section elementor-top-section elementor-element elementor-element-9401ba5 elementor-section-boxed elementor-section-height-default elementor-section-height-default\" data-id=\"9401ba5\" data-element_type=\"section\" data-settings=\"{&quot;background_background&quot;:&quot;classic&quot;}\">\n\t\t\t\t\t\t<div class=\"elementor-container elementor-column-gap-default\">\n\t\t\t\t\t\t\t<div class=\"elementor-row\">\n\t\t\t\t\t<div class=\"elementor-column elementor-col-100 elementor-top-column elementor-element elementor-element-dc12eee\" data-id=\"dc12eee\" data-element_type=\"column\" data-settings=\"{&quot;background_background&quot;:&quot;classic&quot;}\">\n\t\t\t<div class=\"elementor-column-wrap elementor-element-populated\">\n\t\t\t\t\t\t\t<div class=\"elementor-widget-wrap\">\n\t\t\t\t\t\t<div class=\"elementor-element elementor-element-3bd86ce elementor-widget elementor-widget-image\" data-id=\"3bd86ce\" data-element_type=\"widget\" data-widget_type=\"image.default\">\n\t\t\t\t<div class=\"elementor-widget-container\">\n\t\t\t\t\t<div class=\"elementor-image\">\n\t\t\t\t\t\t\t\t\t\t<img width=\"2456\" height=\"685\" src=\"https:\/\/intenalco.edu.co\/portal\/wp-content\/uploads\/2021\/08\/TecnologiaGestionEmpresarial.jpg\" class=\"attachment-full size-full\" alt=\"\" loading=\"lazy\" srcset=\"https:\/\/intenalco.edu.co\/portal\/wp-content\/uploads\/2021\/08\/TecnologiaGestionEmpresarial.jpg 2456w, https:\/\/intenalco.edu.co\/portal\/wp-content\/uploads\/2021\/08\/TecnologiaGestionEmpresarial-300x84.jpg 300w, https:\/\/intenalco.edu.co\/portal\/wp-content\/uploads\/2021\/08\/TecnologiaGestionEmpresarial-1024x286.jpg 1024w, https:\/\/intenalco.edu.co\/portal\/wp-content\/uploads\/2021\/08\/TecnologiaGestionEmpresarial-768x214.jpg 768w, https:\/\/intenalco.edu.co\/portal\/wp-content\/uploads\/2021\/08\/TecnologiaGestionEmpresarial-1536x428.jpg 1536w, https:\/\/intenalco.edu.co\/portal\/wp-content\/uploads\/2021\/08\/TecnologiaGestionEmpresarial-2048x571.jpg 2048w\" sizes=\"(max-width: 2456px) 100vw, 2456px\" \/>\t\t\t\t\t\t\t\t\t\t\t<\/div>\n\t\t\t\t<\/div>\n\t\t\t\t<\/div>\n\t\t\t\t<section class=\"elementor-section elementor-inner-section elementor-element elementor-element-16f6bde elementor-section-boxed elementor-section-height-default elementor-section-height-default\" data-id=\"16f6bde\" data-element_type=\"section\">\n\t\t\t\t\t\t<div class=\"elementor-container elementor-column-gap-default\">\n\t\t\t\t\t\t\t<div class=\"elementor-row\">\n\t\t\t\t\t<div class=\"elementor-column elementor-col-50 elementor-inner-column elementor-element elementor-element-ec3e258\" data-id=\"ec3e258\" data-element_type=\"column\">\n\t\t\t<div class=\"elementor-column-wrap elementor-element-populated\">\n\t\t\t\t\t\t\t<div class=\"elementor-widget-wrap\">\n\t\t\t\t\t\t<div class=\"elementor-element elementor-element-d4dc005 elementor-widget elementor-widget-heading\" data-id=\"d4dc005\" data-element_type=\"widget\" data-widget_type=\"heading.default\">\n\t\t\t\t<div class=\"elementor-widget-container\">\n\t\t\t<h2 class=\"elementor-heading-title elementor-size-default\">N\u00fameros de contacto y ubicaci\u00f3n<\/h2>\t\t<\/div>\n\t\t\t\t<\/div>\n\t\t\t\t\t\t<\/div>\n\t\t\t\t\t<\/div>\n\t\t<\/div>\n\t\t\t\t<div class=\"elementor-column elementor-col-50 elementor-inner-column elementor-element elementor-element-0f47586\" data-id=\"0f47586\" data-element_type=\"column\">\n\t\t\t<div class=\"elementor-column-wrap elementor-element-populated\">\n\t\t\t\t\t\t\t<div class=\"elementor-widget-wrap\">\n\t\t\t\t\t\t<div class=\"elementor-element elementor-element-4dcde52 elementor-icon-list--layout-inline elementor-align-left elementor-mobile-align-left elementor-list-item-link-full_width elementor-widget elementor-widget-icon-list\" data-id=\"4dcde52\" data-element_type=\"widget\" data-widget_type=\"icon-list.default\">\n\t\t\t\t<div class=\"elementor-widget-container\">\n\t\t\t\t\t<ul class=\"elementor-icon-list-items elementor-inline-items\">\n\t\t\t\t\t\t\t<li class=\"elementor-icon-list-item elementor-inline-item\">\n\t\t\t\t\t\t\t\t\t\t\t<span class=\"elementor-icon-list-icon\">\n\t\t\t\t\t\t\t<i aria-hidden=\"true\" class=\"fab fa-whatsapp\"><\/i>\t\t\t\t\t\t<\/span>\n\t\t\t\t\t\t\t\t\t\t<span class=\"elementor-icon-list-text\">304 117 7536 |<\/span>\n\t\t\t\t\t\t\t\t\t<\/li>\n\t\t\t\t\t\t\t\t<li class=\"elementor-icon-list-item elementor-inline-item\">\n\t\t\t\t\t\t\t\t\t\t\t<span class=\"elementor-icon-list-icon\">\n\t\t\t\t\t\t\t<i aria-hidden=\"true\" class=\"fas fa-phone-alt\"><\/i>\t\t\t\t\t\t<\/span>\n\t\t\t\t\t\t\t\t\t\t<span class=\"elementor-icon-list-text\">350 664 9236 |<\/span>\n\t\t\t\t\t\t\t\t\t<\/li>\n\t\t\t\t\t\t\t\t<li class=\"elementor-icon-list-item elementor-inline-item\">\n\t\t\t\t\t\t\t\t\t\t\t<span class=\"elementor-icon-list-icon\">\n\t\t\t\t\t\t\t<i aria-hidden=\"true\" class=\"fas fa-map-marker-alt\"><\/i>\t\t\t\t\t\t<\/span>\n\t\t\t\t\t\t\t\t\t\t<span class=\"elementor-icon-list-text\">Avenida 4 Norte # 34 AN \u2013 18 \u00a0Barrio Prados del Norte<\/span>\n\t\t\t\t\t\t\t\t\t<\/li>\n\t\t\t\t\t\t<\/ul>\n\t\t\t\t<\/div>\n\t\t\t\t<\/div>\n\t\t\t\t\t\t<\/div>\n\t\t\t\t\t<\/div>\n\t\t<\/div>\n\t\t\t\t\t\t\t\t<\/div>\n\t\t\t\t\t<\/div>\n\t\t<\/section>\n\t\t\t\t<div class=\"elementor-element elementor-element-339914e elementor-widget elementor-widget-text-editor\" data-id=\"339914e\" data-element_type=\"widget\" data-widget_type=\"text-editor.default\">\n\t\t\t\t<div class=\"elementor-widget-container\">\n\t\t\t\t\t<div class=\"elementor-text-editor elementor-clearfix\"><p style=\"font-weight: 400;\">Duraci\u00f3n: 6 Semestres<\/p><p style=\"font-weight: 400;\">Requisitos:<\/p><ol style=\"font-weight: 400;\"><li>Fotocopia del diploma de bachillerato (autenticado)<\/li><li>Fotocopia del acta de grado (autenticado)<\/li><li>Fotocopia del documento de identidad<\/li><li>3 Fotos 3&#215;4<\/li><li>Icfes original<\/li><li>Recibo de pago de la inscripci\u00f3n<\/li><\/ol><p style=\"font-weight: 400;\"><strong>PERFIL OCUPACIONAL<\/strong><\/p><p style=\"font-weight: 400;\">El Tecn\u00f3logo en Gesti\u00f3n Empresarial puede desempe\u00f1arse en los diferentes cargos y actividades productivas<\/p><ul style=\"font-weight: 400;\"><li>Asistente de gerencia en Pymes y peque\u00f1as empresas<\/li><li>Asistente administrativo<\/li><li>Asistente o coordinador de Recursos Humanos<\/li><li>Asistente en el \u00e1rea de Calidad<\/li><li>Coordinador de compras, inventarios y servicios<\/li><li>Jefe de almac\u00e9n<\/li><li>Gestor de su propia empresa<\/li><\/ul><p style=\"font-weight: 400;\"><strong>PERFIL PROFESIONAL<\/strong><\/p><p style=\"font-weight: 400;\">El Tecn\u00f3logo en Gesti\u00f3n Empresarial puede desempe\u00f1arse en los diferentes cargos y actividades productivas<\/p><ul style=\"font-weight: 400;\"><li>Asistente de gerencia en Pymes y peque\u00f1as empresas<\/li><li>Asistente administrativo<\/li><li>Asistente o coordinador de Recursos Humanos<\/li><li>Asistente en el \u00e1rea de Calidad\u00a0<\/li><li>Coordinador de compras, inventarios y servicios<\/li><li>Jefe de almac\u00e9n<\/li><li>Gestor de su propia empresa<\/li><\/ul><\/div>\n\t\t\t\t<\/div>\n\t\t\t\t<\/div>\n\t\t\t\t\t\t<\/div>\n\t\t\t\t\t<\/div>\n\t\t<\/div>\n\t\t\t\t\t\t\t\t<\/div>\n\t\t\t\t\t<\/div>\n\t\t<\/section>\n\t\t\t\t\t\t<\/div>\n\t\t\t\t\t\t<\/div>\n\t\t\t\t\t<\/div>\n\t\t ","protected":false},"excerpt":{"rendered":"<p>Inicio &raquo; P\u00e1gina N\u00fameros de contacto y ubicaci\u00f3n 304 117 7536 | 350 664 9236 | Avenida 4 Norte # 34 AN \u2013 18 \u00a0Barrio Prados del Norte Duraci\u00f3n: 6 Semestres Requisitos: Fotocopia del diploma de bachillerato (autenticado) Fotocopia del acta de grado (autenticado) Fotocopia del documento de identidad 3 Fotos 3&#215;4 Icfes original Recibo&#8230;<\/p>\n","protected":false},"author":3,"featured_media":0,"parent":0,"menu_order":0,"comment_status":"closed","ping_status":"closed","template":"","meta":[],"_links":{"self":[{"href":"https:\/\/intenalco.edu.co\/portal\/wp-json\/wp\/v2\/pages\/760"}],"collection":[{"href":"https:\/\/intenalco.edu.co\/portal\/wp-json\/wp\/v2\/pages"}],"about":[{"href":"https:\/\/intenalco.edu.co\/portal\/wp-json\/wp\/v2\/types\/page"}],"author":[{"embeddable":true,"href":"https:\/\/intenalco.edu.co\/portal\/wp-json\/wp\/v2\/users\/3"}],"replies":[{"embeddable":true,"href":"https:\/\/intenalco.edu.co\/portal\/wp-json\/wp\/v2\/comments?post=760"}],"version-history":[{"count":5,"href":"https:\/\/intenalco.edu.co\/portal\/wp-json\/wp\/v2\/pages\/760\/revisions"}],"predecessor-version":[{"id":3203,"href":"https:\/\/intenalco.edu.co\/portal\/wp-json\/wp\/v2\/pages\/760\/revisions\/3203"}],"wp:attachment":[{"href":"https:\/\/intenalco.edu.co\/portal\/wp-json\/wp\/v2\/media?parent=760"}],"curies":[{"name":"wp","href":"https:\/\/api.w.org\/{rel}","templated":true}]}}