{"id":825,"date":"2020-12-02T20:38:05","date_gmt":"2020-12-02T20:38:05","guid":{"rendered":"https:\/\/intenalco.edu.co\/portal\/?page_id=825"},"modified":"2026-01-26T10:52:21","modified_gmt":"2026-01-26T10:52:21","slug":"codigo-etica","status":"publish","type":"page","link":"https:\/\/intenalco.edu.co\/portal\/codigo-etica\/","title":{"rendered":"C\u00f3digo \u00c9tica"},"content":{"rendered":"<div id=\"pauDonde\"><a href=\"https:\/\/intenalco.edu.co\/portal\">Inicio<\/a> &raquo; <span class=\"current\">P\u00e1gina<\/span><\/div> <br> \t\t<div data-elementor-type=\"wp-page\" data-elementor-id=\"825\" class=\"elementor elementor-825\" data-elementor-settings=\"[]\">\n\t\t\t\t\t\t<div class=\"elementor-inner\">\n\t\t\t\t\t\t\t<div class=\"elementor-section-wrap\">\n\t\t\t\t\t\t\t<section class=\"elementor-section elementor-top-section elementor-element elementor-element-a86ae83 elementor-section-boxed elementor-section-height-default elementor-section-height-default\" data-id=\"a86ae83\" data-element_type=\"section\">\n\t\t\t\t\t\t<div class=\"elementor-container elementor-column-gap-default\">\n\t\t\t\t\t\t\t<div class=\"elementor-row\">\n\t\t\t\t\t<div class=\"elementor-column elementor-col-100 elementor-top-column elementor-element elementor-element-ca5f5ce\" data-id=\"ca5f5ce\" data-element_type=\"column\">\n\t\t\t<div class=\"elementor-column-wrap elementor-element-populated\">\n\t\t\t\t\t\t\t<div class=\"elementor-widget-wrap\">\n\t\t\t\t\t\t<div class=\"elementor-element elementor-element-dce92cf elementor-widget elementor-widget-spacer\" data-id=\"dce92cf\" data-element_type=\"widget\" data-widget_type=\"spacer.default\">\n\t\t\t\t<div class=\"elementor-widget-container\">\n\t\t\t\t\t<div class=\"elementor-spacer\">\n\t\t\t<div class=\"elementor-spacer-inner\"><\/div>\n\t\t<\/div>\n\t\t\t\t<\/div>\n\t\t\t\t<\/div>\n\t\t\t\t<div class=\"elementor-element elementor-element-f7410b7 elementor-widget elementor-widget-image\" data-id=\"f7410b7\" data-element_type=\"widget\" data-widget_type=\"image.default\">\n\t\t\t\t<div class=\"elementor-widget-container\">\n\t\t\t\t\t<div class=\"elementor-image\">\n\t\t\t\t\t\t\t\t\t\t<img width=\"622\" height=\"313\" src=\"https:\/\/intenalco.edu.co\/portal\/wp-content\/uploads\/2025\/11\/codigo_de_integridad.png\" class=\"attachment-large size-large\" alt=\"\" loading=\"lazy\" srcset=\"https:\/\/intenalco.edu.co\/portal\/wp-content\/uploads\/2025\/11\/codigo_de_integridad.png 622w, https:\/\/intenalco.edu.co\/portal\/wp-content\/uploads\/2025\/11\/codigo_de_integridad-300x151.png 300w\" sizes=\"(max-width: 622px) 100vw, 622px\" \/>\t\t\t\t\t\t\t\t\t\t\t<\/div>\n\t\t\t\t<\/div>\n\t\t\t\t<\/div>\n\t\t\t\t<div class=\"elementor-element elementor-element-448ea84 elementor-widget elementor-widget-heading\" data-id=\"448ea84\" data-element_type=\"widget\" data-widget_type=\"heading.default\">\n\t\t\t\t<div class=\"elementor-widget-container\">\n\t\t\t<h2 class=\"elementor-heading-title elementor-size-default\">C\u00f3digo de Integridad<\/h2>\t\t<\/div>\n\t\t\t\t<\/div>\n\t\t\t\t\t\t<\/div>\n\t\t\t\t\t<\/div>\n\t\t<\/div>\n\t\t\t\t\t\t\t\t<\/div>\n\t\t\t\t\t<\/div>\n\t\t<\/section>\n\t\t\t\t<section class=\"elementor-section elementor-top-section elementor-element elementor-element-188fe0f elementor-section-boxed elementor-section-height-default elementor-section-height-default\" data-id=\"188fe0f\" data-element_type=\"section\">\n\t\t\t\t\t\t<div class=\"elementor-container elementor-column-gap-default\">\n\t\t\t\t\t\t\t<div class=\"elementor-row\">\n\t\t\t\t\t<div class=\"elementor-column elementor-col-100 elementor-top-column elementor-element elementor-element-a2d34f7\" data-id=\"a2d34f7\" data-element_type=\"column\">\n\t\t\t<div class=\"elementor-column-wrap elementor-element-populated\">\n\t\t\t\t\t\t\t<div class=\"elementor-widget-wrap\">\n\t\t\t\t\t\t<section class=\"elementor-section elementor-inner-section elementor-element elementor-element-c8413ee elementor-section-boxed elementor-section-height-default elementor-section-height-default\" data-id=\"c8413ee\" data-element_type=\"section\">\n\t\t\t\t\t\t<div class=\"elementor-container elementor-column-gap-default\">\n\t\t\t\t\t\t\t<div class=\"elementor-row\">\n\t\t\t\t\t<div class=\"elementor-column elementor-col-50 elementor-inner-column elementor-element elementor-element-0b4382c\" data-id=\"0b4382c\" data-element_type=\"column\">\n\t\t\t<div class=\"elementor-column-wrap elementor-element-populated\">\n\t\t\t\t\t\t\t<div class=\"elementor-widget-wrap\">\n\t\t\t\t\t\t<div class=\"elementor-element elementor-element-e8af64f elementor-widget elementor-widget-text-editor\" data-id=\"e8af64f\" data-element_type=\"widget\" data-widget_type=\"text-editor.default\">\n\t\t\t\t<div class=\"elementor-widget-container\">\n\t\t\t\t\t<div class=\"elementor-text-editor elementor-clearfix\"><p>El modelo de integridad que asume la instituci\u00f3n se constituye en la filosof\u00eda para todo aquel que se encuentre vinculado o se vincule en el futuro a Intenalco Educaci\u00f3n Superior, de tal forma que fomente una cultura de cooperaci\u00f3n, de solidaridad, de colaboraci\u00f3n y de transparencia en el manejo de los recursos p\u00fablicos.<\/p><p>A trav\u00e9s del C\u00d3DIGO DE INTEGRIDAD se generar\u00e1 un compromiso de parte de los funcionarios para obrar con transparencia, eficiencia y equidad en cada uno de los procesos y actividades propias del cumplimiento de sus funciones y de aquellas complementarias, necesarias en la implementaci\u00f3n del proceso integral.<\/p><\/div>\n\t\t\t\t<\/div>\n\t\t\t\t<\/div>\n\t\t\t\t\t\t<\/div>\n\t\t\t\t\t<\/div>\n\t\t<\/div>\n\t\t\t\t<div class=\"elementor-column elementor-col-50 elementor-inner-column elementor-element elementor-element-9a8aceb\" data-id=\"9a8aceb\" data-element_type=\"column\">\n\t\t\t<div class=\"elementor-column-wrap elementor-element-populated\">\n\t\t\t\t\t\t\t<div class=\"elementor-widget-wrap\">\n\t\t\t\t\t\t<div class=\"elementor-element elementor-element-01a9c2e elementor-widget elementor-widget-image\" data-id=\"01a9c2e\" data-element_type=\"widget\" data-widget_type=\"image.default\">\n\t\t\t\t<div class=\"elementor-widget-container\">\n\t\t\t\t\t<div class=\"elementor-image\">\n\t\t\t\t\t\t\t\t\t\t\t<a href=\"http:\/\/www.intenalco.edu.co\/archivospublicos\/CODIGO%20DE%20INTEGRIDAD.pdf\" target=\"_blank\">\n\t\t\t\t\t\t\t<img width=\"150\" height=\"150\" src=\"https:\/\/intenalco.edu.co\/portal\/wp-content\/uploads\/2020\/12\/pdf-150x150.png\" class=\"attachment-thumbnail size-thumbnail\" alt=\"\" loading=\"lazy\" srcset=\"https:\/\/intenalco.edu.co\/portal\/wp-content\/uploads\/2020\/12\/pdf-150x150.png 150w, https:\/\/intenalco.edu.co\/portal\/wp-content\/uploads\/2020\/12\/pdf-300x300.png 300w, https:\/\/intenalco.edu.co\/portal\/wp-content\/uploads\/2020\/12\/pdf.png 512w\" sizes=\"(max-width: 150px) 100vw, 150px\" \/>\t\t\t\t\t\t\t\t<\/a>\n\t\t\t\t\t\t\t\t\t\t\t<\/div>\n\t\t\t\t<\/div>\n\t\t\t\t<\/div>\n\t\t\t\t<div class=\"elementor-element elementor-element-dc7bc94 elementor-widget elementor-widget-text-editor\" data-id=\"dc7bc94\" data-element_type=\"widget\" data-widget_type=\"text-editor.default\">\n\t\t\t\t<div class=\"elementor-widget-container\">\n\t\t\t\t\t<div class=\"elementor-text-editor elementor-clearfix\"><p style=\"text-align: center;\">Ver el c\u00f3digo de Integridad de Intenalco<\/p><\/div>\n\t\t\t\t<\/div>\n\t\t\t\t<\/div>\n\t\t\t\t\t\t<\/div>\n\t\t\t\t\t<\/div>\n\t\t<\/div>\n\t\t\t\t\t\t\t\t<\/div>\n\t\t\t\t\t<\/div>\n\t\t<\/section>\n\t\t\t\t<div class=\"elementor-element elementor-element-640beeb elementor-widget elementor-widget-html\" data-id=\"640beeb\" data-element_type=\"widget\" data-widget_type=\"html.default\">\n\t\t\t\t<div class=\"elementor-widget-container\">\n\t\t\t<center><input type=\"button\" value=\"Regresar\" onClick=\"history.go(-1);\"><\/center>\t\t<\/div>\n\t\t\t\t<\/div>\n\t\t\t\t\t\t<\/div>\n\t\t\t\t\t<\/div>\n\t\t<\/div>\n\t\t\t\t\t\t\t\t<\/div>\n\t\t\t\t\t<\/div>\n\t\t<\/section>\n\t\t\t\t\t\t<\/div>\n\t\t\t\t\t\t<\/div>\n\t\t\t\t\t<\/div>\n\t\t ","protected":false},"excerpt":{"rendered":"<p>Inicio &raquo; P\u00e1gina C\u00f3digo de Integridad El modelo de integridad que asume la instituci\u00f3n se constituye en la filosof\u00eda para todo aquel que se encuentre vinculado o se vincule en el futuro a Intenalco Educaci\u00f3n Superior, de tal forma que fomente una cultura de cooperaci\u00f3n, de solidaridad, de colaboraci\u00f3n y de transparencia en el manejo&#8230;<\/p>\n","protected":false},"author":4,"featured_media":0,"parent":0,"menu_order":0,"comment_status":"closed","ping_status":"closed","template":"","meta":[],"_links":{"self":[{"href":"https:\/\/intenalco.edu.co\/portal\/wp-json\/wp\/v2\/pages\/825"}],"collection":[{"href":"https:\/\/intenalco.edu.co\/portal\/wp-json\/wp\/v2\/pages"}],"about":[{"href":"https:\/\/intenalco.edu.co\/portal\/wp-json\/wp\/v2\/types\/page"}],"author":[{"embeddable":true,"href":"https:\/\/intenalco.edu.co\/portal\/wp-json\/wp\/v2\/users\/4"}],"replies":[{"embeddable":true,"href":"https:\/\/intenalco.edu.co\/portal\/wp-json\/wp\/v2\/comments?post=825"}],"version-history":[{"count":24,"href":"https:\/\/intenalco.edu.co\/portal\/wp-json\/wp\/v2\/pages\/825\/revisions"}],"predecessor-version":[{"id":15066,"href":"https:\/\/intenalco.edu.co\/portal\/wp-json\/wp\/v2\/pages\/825\/revisions\/15066"}],"wp:attachment":[{"href":"https:\/\/intenalco.edu.co\/portal\/wp-json\/wp\/v2\/media?parent=825"}],"curies":[{"name":"wp","href":"https:\/\/api.w.org\/{rel}","templated":true}]}}