{"id":902,"date":"2020-12-03T14:37:05","date_gmt":"2020-12-03T14:37:05","guid":{"rendered":"https:\/\/intenalco.edu.co\/portal\/?page_id=902"},"modified":"2022-09-13T11:17:23","modified_gmt":"2022-09-13T11:17:23","slug":"intenalco-infantil","status":"publish","type":"page","link":"https:\/\/intenalco.edu.co\/portal\/intenalco-infantil\/","title":{"rendered":"Intenalco Infantil"},"content":{"rendered":"<div id=\"pauDonde\"><a href=\"https:\/\/intenalco.edu.co\/portal\">Inicio<\/a> &raquo; <span class=\"current\">P\u00e1gina<\/span><\/div> <br> \t\t<div data-elementor-type=\"wp-page\" data-elementor-id=\"902\" class=\"elementor elementor-902\" data-elementor-settings=\"[]\">\n\t\t\t\t\t\t<div class=\"elementor-inner\">\n\t\t\t\t\t\t\t<div class=\"elementor-section-wrap\">\n\t\t\t\t\t\t\t<section class=\"elementor-section elementor-top-section elementor-element elementor-element-1dcf2f2 elementor-section-stretched elementor-section-full_width elementor-section-height-default elementor-section-height-default\" data-id=\"1dcf2f2\" data-element_type=\"section\" data-settings=\"{&quot;stretch_section&quot;:&quot;section-stretched&quot;,&quot;background_background&quot;:&quot;classic&quot;}\">\n\t\t\t\t\t\t<div class=\"elementor-container elementor-column-gap-default\">\n\t\t\t\t\t\t\t<div class=\"elementor-row\">\n\t\t\t\t\t<div class=\"elementor-column elementor-col-50 elementor-top-column elementor-element elementor-element-f80b293\" data-id=\"f80b293\" data-element_type=\"column\" data-settings=\"{&quot;background_background&quot;:&quot;classic&quot;}\">\n\t\t\t<div class=\"elementor-column-wrap elementor-element-populated\">\n\t\t\t\t\t\t\t<div class=\"elementor-widget-wrap\">\n\t\t\t\t\t\t<div class=\"elementor-element elementor-element-6a86776 elementor-widget elementor-widget-text-editor\" data-id=\"6a86776\" data-element_type=\"widget\" data-widget_type=\"text-editor.default\">\n\t\t\t\t<div class=\"elementor-widget-container\">\n\t\t\t\t\t<div class=\"elementor-text-editor elementor-clearfix\"><h1 style=\"text-align: left; padding-left: 40px;\"><span style=\"color: #ffffff;\"><strong>Intenalco Infantil<\/strong><\/span><\/h1><h3 style=\"text-align: left; padding-left: 40px;\"><span style=\"color: #ffffff;\">Bienvenido<\/span><\/h3><\/div>\n\t\t\t\t<\/div>\n\t\t\t\t<\/div>\n\t\t\t\t\t\t<\/div>\n\t\t\t\t\t<\/div>\n\t\t<\/div>\n\t\t\t\t<div class=\"elementor-column elementor-col-50 elementor-top-column elementor-element elementor-element-9b1e0c5\" data-id=\"9b1e0c5\" data-element_type=\"column\">\n\t\t\t<div class=\"elementor-column-wrap elementor-element-populated\">\n\t\t\t\t\t\t\t<div class=\"elementor-widget-wrap\">\n\t\t\t\t\t\t<div class=\"elementor-element elementor-element-6cdb7d2 elementor-widget elementor-widget-text-editor\" data-id=\"6cdb7d2\" data-element_type=\"widget\" data-widget_type=\"text-editor.default\">\n\t\t\t\t<div class=\"elementor-widget-container\">\n\t\t\t\t\t<div class=\"elementor-text-editor elementor-clearfix\"><\/div>\n\t\t\t\t<\/div>\n\t\t\t\t<\/div>\n\t\t\t\t<div class=\"elementor-element elementor-element-30aa835 elementor-widget elementor-widget-text-editor\" data-id=\"30aa835\" data-element_type=\"widget\" data-widget_type=\"text-editor.default\">\n\t\t\t\t<div class=\"elementor-widget-container\">\n\t\t\t\t\t<div class=\"elementor-text-editor elementor-clearfix\"><\/div>\n\t\t\t\t<\/div>\n\t\t\t\t<\/div>\n\t\t\t\t\t\t<\/div>\n\t\t\t\t\t<\/div>\n\t\t<\/div>\n\t\t\t\t\t\t\t\t<\/div>\n\t\t\t\t\t<\/div>\n\t\t<\/section>\n\t\t\t\t<section class=\"elementor-section elementor-top-section elementor-element elementor-element-2c76148 elementor-section-boxed elementor-section-height-default elementor-section-height-default\" data-id=\"2c76148\" data-element_type=\"section\">\n\t\t\t\t\t\t<div class=\"elementor-container elementor-column-gap-default\">\n\t\t\t\t\t\t\t<div class=\"elementor-row\">\n\t\t\t\t\t<div class=\"elementor-column elementor-col-20 elementor-top-column elementor-element elementor-element-d9cd6e4\" data-id=\"d9cd6e4\" data-element_type=\"column\">\n\t\t\t<div class=\"elementor-column-wrap elementor-element-populated\">\n\t\t\t\t\t\t\t<div class=\"elementor-widget-wrap\">\n\t\t\t\t\t\t<div class=\"elementor-element elementor-element-258385a elementor-button-warning elementor-align-center elementor-widget elementor-widget-button\" data-id=\"258385a\" data-element_type=\"widget\" data-widget_type=\"button.default\">\n\t\t\t\t<div class=\"elementor-widget-container\">\n\t\t\t\t\t<div class=\"elementor-button-wrapper\">\n\t\t\t<a href=\"http:\/\/intenalco.edu.co\/portal\" class=\"elementor-button-link elementor-button elementor-size-sm\" role=\"button\">\n\t\t\t\t\t\t<span class=\"elementor-button-content-wrapper\">\n\t\t\t\t\t\t<span class=\"elementor-button-text\">Salir<\/span>\n\t\t<\/span>\n\t\t\t\t\t<\/a>\n\t\t<\/div>\n\t\t\t\t<\/div>\n\t\t\t\t<\/div>\n\t\t\t\t\t\t<\/div>\n\t\t\t\t\t<\/div>\n\t\t<\/div>\n\t\t\t\t<div class=\"elementor-column elementor-col-20 elementor-top-column elementor-element elementor-element-f7e7d7d\" data-id=\"f7e7d7d\" data-element_type=\"column\">\n\t\t\t<div class=\"elementor-column-wrap elementor-element-populated\">\n\t\t\t\t\t\t\t<div class=\"elementor-widget-wrap\">\n\t\t\t\t\t\t<div class=\"elementor-element elementor-element-ad215c8 elementor-button-info elementor-align-center elementor-widget elementor-widget-button\" data-id=\"ad215c8\" data-element_type=\"widget\" data-widget_type=\"button.default\">\n\t\t\t\t<div class=\"elementor-widget-container\">\n\t\t\t\t\t<div class=\"elementor-button-wrapper\">\n\t\t\t<a href=\"https:\/\/intenalco.edu.co\/portal\/intenalco-ninos-valores\/\" class=\"elementor-button-link elementor-button elementor-size-sm\" role=\"button\">\n\t\t\t\t\t\t<span class=\"elementor-button-content-wrapper\">\n\t\t\t\t\t\t<span class=\"elementor-button-text\">Valores<\/span>\n\t\t<\/span>\n\t\t\t\t\t<\/a>\n\t\t<\/div>\n\t\t\t\t<\/div>\n\t\t\t\t<\/div>\n\t\t\t\t\t\t<\/div>\n\t\t\t\t\t<\/div>\n\t\t<\/div>\n\t\t\t\t<div class=\"elementor-column elementor-col-20 elementor-top-column elementor-element elementor-element-ba4abf6\" data-id=\"ba4abf6\" data-element_type=\"column\">\n\t\t\t<div class=\"elementor-column-wrap elementor-element-populated\">\n\t\t\t\t\t\t\t<div class=\"elementor-widget-wrap\">\n\t\t\t\t\t\t<div class=\"elementor-element elementor-element-07d1123 elementor-button-success elementor-align-center elementor-widget elementor-widget-button\" data-id=\"07d1123\" data-element_type=\"widget\" data-widget_type=\"button.default\">\n\t\t\t\t<div class=\"elementor-widget-container\">\n\t\t\t\t\t<div class=\"elementor-button-wrapper\">\n\t\t\t<a href=\"http:\/\/www.juegosinfantiles.com\/?gclid=CK6QlZHK4cUCFUURHwodk3QAIw\" class=\"elementor-button-link elementor-button elementor-size-sm\" role=\"button\">\n\t\t\t\t\t\t<span class=\"elementor-button-content-wrapper\">\n\t\t\t\t\t\t<span class=\"elementor-button-text\">Juegos<\/span>\n\t\t<\/span>\n\t\t\t\t\t<\/a>\n\t\t<\/div>\n\t\t\t\t<\/div>\n\t\t\t\t<\/div>\n\t\t\t\t\t\t<\/div>\n\t\t\t\t\t<\/div>\n\t\t<\/div>\n\t\t\t\t<div class=\"elementor-column elementor-col-20 elementor-top-column elementor-element elementor-element-806a2b3\" data-id=\"806a2b3\" data-element_type=\"column\">\n\t\t\t<div class=\"elementor-column-wrap elementor-element-populated\">\n\t\t\t\t\t\t\t<div class=\"elementor-widget-wrap\">\n\t\t\t\t\t\t<div class=\"elementor-element elementor-element-a8d36b6 elementor-button-danger elementor-align-center elementor-widget elementor-widget-button\" data-id=\"a8d36b6\" data-element_type=\"widget\" data-widget_type=\"button.default\">\n\t\t\t\t<div class=\"elementor-widget-container\">\n\t\t\t\t\t<div class=\"elementor-button-wrapper\">\n\t\t\t<a href=\"https:\/\/intenalco.edu.co\/portal\/intenalco-ninos-fotos\/\" class=\"elementor-button-link elementor-button elementor-size-sm\" role=\"button\">\n\t\t\t\t\t\t<span class=\"elementor-button-content-wrapper\">\n\t\t\t\t\t\t<span class=\"elementor-button-text\">Fotos<\/span>\n\t\t<\/span>\n\t\t\t\t\t<\/a>\n\t\t<\/div>\n\t\t\t\t<\/div>\n\t\t\t\t<\/div>\n\t\t\t\t\t\t<\/div>\n\t\t\t\t\t<\/div>\n\t\t<\/div>\n\t\t\t\t<div class=\"elementor-column elementor-col-20 elementor-top-column elementor-element elementor-element-feaf5e2\" data-id=\"feaf5e2\" data-element_type=\"column\">\n\t\t\t<div class=\"elementor-column-wrap elementor-element-populated\">\n\t\t\t\t\t\t\t<div class=\"elementor-widget-wrap\">\n\t\t\t\t\t\t<div class=\"elementor-element elementor-element-18c22c0 elementor-align-center elementor-widget elementor-widget-button\" data-id=\"18c22c0\" data-element_type=\"widget\" data-widget_type=\"button.default\">\n\t\t\t\t<div class=\"elementor-widget-container\">\n\t\t\t\t\t<div class=\"elementor-button-wrapper\">\n\t\t\t<a href=\"https:\/\/intenalco.edu.co\/portal\/intenalco-ninos-que-estudiar\/\" class=\"elementor-button-link elementor-button elementor-size-sm\" role=\"button\">\n\t\t\t\t\t\t<span class=\"elementor-button-content-wrapper\">\n\t\t\t\t\t\t<span class=\"elementor-button-text\">Qu\u00e9 Estudiar<\/span>\n\t\t<\/span>\n\t\t\t\t\t<\/a>\n\t\t<\/div>\n\t\t\t\t<\/div>\n\t\t\t\t<\/div>\n\t\t\t\t\t\t<\/div>\n\t\t\t\t\t<\/div>\n\t\t<\/div>\n\t\t\t\t\t\t\t\t<\/div>\n\t\t\t\t\t<\/div>\n\t\t<\/section>\n\t\t\t\t<section class=\"elementor-section elementor-top-section elementor-element elementor-element-b3ae6fa elementor-section-boxed elementor-section-height-default elementor-section-height-default\" data-id=\"b3ae6fa\" data-element_type=\"section\">\n\t\t\t\t\t\t<div class=\"elementor-container elementor-column-gap-default\">\n\t\t\t\t\t\t\t<div class=\"elementor-row\">\n\t\t\t\t\t<div class=\"elementor-column elementor-col-100 elementor-top-column elementor-element elementor-element-855e55e\" data-id=\"855e55e\" data-element_type=\"column\">\n\t\t\t<div class=\"elementor-column-wrap elementor-element-populated\">\n\t\t\t\t\t\t\t<div class=\"elementor-widget-wrap\">\n\t\t\t\t\t\t<section class=\"elementor-section elementor-inner-section elementor-element elementor-element-4aea70f elementor-section-boxed elementor-section-height-default elementor-section-height-default\" data-id=\"4aea70f\" data-element_type=\"section\">\n\t\t\t\t\t\t<div class=\"elementor-container elementor-column-gap-default\">\n\t\t\t\t\t\t\t<div class=\"elementor-row\">\n\t\t\t\t\t<div class=\"elementor-column elementor-col-50 elementor-inner-column elementor-element elementor-element-1a47eda\" data-id=\"1a47eda\" data-element_type=\"column\">\n\t\t\t<div class=\"elementor-column-wrap elementor-element-populated\">\n\t\t\t\t\t\t\t<div class=\"elementor-widget-wrap\">\n\t\t\t\t\t\t<div class=\"elementor-element elementor-element-e9f4f98 elementor-widget elementor-widget-text-editor\" data-id=\"e9f4f98\" data-element_type=\"widget\" data-widget_type=\"text-editor.default\">\n\t\t\t\t<div class=\"elementor-widget-container\">\n\t\t\t\t\t<div class=\"elementor-text-editor elementor-clearfix\"><h2 class=\"top-1 p2\" style=\"background: #; font-size: 40px; margin-top: 44px; margin-bottom: 0px; padding-bottom: 6px; vertical-align: top; line-height: 50px; color: #ffffff; font-weight: bold; font-family: 'Cabin Sketch', cursive; letter-spacing: -1px; font-style: normal;\"><span style=\"color: #333333;\"><strong><br \/>Eventos<\/strong><\/span><\/h2><p class=\"text-1 p3\" style=\"background: #; font-size: 18px; margin-bottom: 0px; padding-bottom: 7px; vertical-align: top; line-height: 25px; color: #ffffff; font-style: italic; font-family: Georgia, 'Times New Roman', Times, serif; font-weight: 400;\"><span style=\"color: #333333;\"><strong>Invitaci\u00f3n \u201cEscribe un Cuento\u201d<\/strong><\/span><\/p><p style=\"background: #; font-size: 14px; margin-bottom: 0px; vertical-align: top; color: #838180; font-family: Georgia, 'Times New Roman', Times, serif; font-style: normal; font-weight: 400;\">Programa Organizado por\u00a0<a class=\"link\" style=\"background-image: initial; background-position: initial; background-size: initial; background-repeat: initial; background-attachment: initial; background-origin: initial; background-clip: initial; font-size: 14px; vertical-align: top; cursor: pointer; color: #dd0a00;\" href=\"http:\/\/www.intenalco.edu.co\/portal\/estudiantes\" rel=\"nofollow\">Bienestar Universitario\u00a0<\/a>para que los ni\u00f1os Intenalquinos<br \/>Escriban un Cuento!<\/p><p class=\"text-1 top-2 p3\" style=\"background: #; font-size: 18px; margin-top: 13px; margin-bottom: 0px; padding-bottom: 7px; vertical-align: top; line-height: 25px; color: #ffffff; font-style: italic; font-family: Georgia, 'Times New Roman', Times, serif; font-weight: 400;\"><span style=\"color: #333333;\">\u201cD\u00eda de los Ni\u00f1os\u201d<\/span><\/p><p style=\"background: #; font-size: 14px; margin-bottom: 0px; vertical-align: top; color: #838180; font-family: Georgia, 'Times New Roman', Times, serif; font-style: normal; font-weight: 400;\">Celebraci\u00f3n del d\u00eda de los ni\u00f1os para los hijos de los colaboradores de Intenalco.<a class=\"link\" style=\"background-image: initial; background-position: initial; background-size: initial; background-repeat: initial; background-attachment: initial; background-origin: initial; background-clip: initial; font-size: 14px; vertical-align: top; cursor: pointer; color: #dd0a00;\" href=\"https:\/\/intenalco.edu.co\/portal\/estudiantes\/\">\u00a0Fotos<\/a><\/p><p><a class=\"link-1 top-3\" style=\"background: #; font-size: 30px; margin-top: 12px; vertical-align: top; cursor: pointer; line-height: 36px; color: #dd0a00; font-weight: bold; font-family: 'Cabin Sketch', cursive; letter-spacing: -1px; display: inline-block; font-style: normal;\" href=\"http:\/\/www.intenalco.edu.co\/archivospublicos\/VOLANTE%20DE%20PRECIOS%202015v2.jpg\" target=\"_blank\" rel=\"noopener\">\u00bfQue Estudiar?<\/a><\/p><\/div>\n\t\t\t\t<\/div>\n\t\t\t\t<\/div>\n\t\t\t\t<div class=\"elementor-element elementor-element-0d7a2a8 elementor-view-default elementor-widget elementor-widget-icon\" data-id=\"0d7a2a8\" data-element_type=\"widget\" data-widget_type=\"icon.default\">\n\t\t\t\t<div class=\"elementor-widget-container\">\n\t\t\t\t\t<div class=\"elementor-icon-wrapper\">\n\t\t\t<div class=\"elementor-icon\">\n\t\t\t<i aria-hidden=\"true\" class=\"fas fa-universal-access\"><\/i>\t\t\t<\/div>\n\t\t<\/div>\n\t\t\t\t<\/div>\n\t\t\t\t<\/div>\n\t\t\t\t<div class=\"elementor-element elementor-element-1b9de48 elementor-widget elementor-widget-html\" data-id=\"1b9de48\" data-element_type=\"widget\" data-widget_type=\"html.default\">\n\t\t\t\t<div class=\"elementor-widget-container\">\n\t\t\t<center><input type=\"button\" value=\"Regresar\" onClick=\"history.go(-1);\"><\/center>\t\t<\/div>\n\t\t\t\t<\/div>\n\t\t\t\t\t\t<\/div>\n\t\t\t\t\t<\/div>\n\t\t<\/div>\n\t\t\t\t<div class=\"elementor-column elementor-col-50 elementor-inner-column elementor-element elementor-element-36e4b6c\" data-id=\"36e4b6c\" data-element_type=\"column\">\n\t\t\t<div class=\"elementor-column-wrap elementor-element-populated\">\n\t\t\t\t\t\t\t<div class=\"elementor-widget-wrap\">\n\t\t\t\t\t\t<div class=\"elementor-element elementor-element-08f035a elementor-widget elementor-widget-text-editor\" data-id=\"08f035a\" data-element_type=\"widget\" data-widget_type=\"text-editor.default\">\n\t\t\t\t<div class=\"elementor-widget-container\">\n\t\t\t\t\t<div class=\"elementor-text-editor elementor-clearfix\"><div class=\"pad-1\" style=\"background: #; font-size: 14px; padding-top: 10px; padding-bottom: 44px; padding-left: 30px; vertical-align: top; color: #838180; font-family: Georgia, 'Times New Roman', Times, serif; font-style: normal; font-weight: 400;\"><h2 class=\"p2\" style=\"background: transparent; font-size: 40px; margin-bottom: 0px; padding-bottom: 6px; vertical-align: top; line-height: 50px; color: #ffffff; font-weight: bold; font-family: 'Cabin Sketch', cursive; letter-spacing: -1px;\"><span style=\"color: #333333;\">Bienvenido a Intenalco Infantil<\/span><\/h2><p class=\"text-1\" style=\"background: transparent; font-size: 18px; margin-bottom: 0px; vertical-align: top; line-height: 25px; color: #ffffff; font-style: italic;\"><span style=\"color: #333333;\">Este es un espacio Infantil para que nuestros\u00a0<a class=\"link\" style=\"background-image: initial; background-position: initial; background-size: initial; background-repeat: initial; background-attachment: initial; background-origin: initial; background-clip: initial; font-size: 18px; vertical-align: top; cursor: pointer; color: #333333;\" href=\"http:\/\/www.intenalco.edu.co\/infantil\/FOTOS.PHP\" target=\"_blank\" rel=\"noopener\">ni\u00f1os Intenalquinos<\/a>\u00a0puedan interactuar con nuestra instituci\u00f3n<\/span>.<\/p><\/div><div class=\"block-1\" style=\"background: url('..\/images\/block-1.gif') 0px bottom repeat-x #ffffff; font-size: 14px; vertical-align: top; color: #838180; font-family: Georgia, 'Times New Roman', Times, serif; font-style: normal; font-weight: 400;\"><div class=\"block-1-shadow\" style=\"background: url('..\/images\/block-1-shadow.png') 0px 0px repeat-y; font-size: 14px; padding-top: 18px; padding-right: 30px; padding-left: 30px; vertical-align: top;\"><h2 class=\"clr-6 p4\" style=\"background: transparent; font-size: 40px; margin-bottom: 0px; padding-bottom: 13px; vertical-align: top; line-height: 50px; color: #000000; font-weight: bold; font-family: 'Cabin Sketch', cursive; letter-spacing: -1px;\">Dibujos Enviados<\/h2><div class=\"box-1\" style=\"background: transparent; font-size: 14px; margin-right: 20px; vertical-align: top; float: left;\"><p><a class=\"img-border\" style=\"background-image: initial; background-position: initial; background-size: initial; background-repeat: initial; background-attachment: initial; background-origin: initial; background-clip: initial; font-size: 14px; vertical-align: top; cursor: pointer; box-shadow: #c1c1c1 0px 0px 5px; display: inline-block; border: 10px solid #ffffff;\" href=\"http:\/\/www.intenalco.edu.co\/infantil\/index.php#\"><img style=\"background: transparent; margin: 0px; padding: 0px; border-width: 0px; border-style: initial; outline: 0px; vertical-align: top;\" src=\"http:\/\/www.intenalco.edu.co\/infantil\/images\/img1.jpg\" alt=\"\" \/><\/a><\/p><p class=\"text-2\" style=\"background: transparent; font-size: 16px; margin-top: 7px; margin-bottom: 0px; margin-left: 11px; vertical-align: top; line-height: 25px; color: #000000; font-style: italic;\">Jennifer, 10 a\u00f1os<\/p><\/div><div class=\"box-1 last\" style=\"background: transparent; font-size: 14px; margin-right: 20px; vertical-align: top; float: left;\"><p><a class=\"img-border\" style=\"background-image: initial; background-position: initial; background-size: initial; background-repeat: initial; background-attachment: initial; background-origin: initial; background-clip: initial; font-size: 14px; vertical-align: top; cursor: pointer; box-shadow: #c1c1c1 0px 0px 5px; display: inline-block; border: 10px solid #ffffff;\" href=\"http:\/\/www.intenalco.edu.co\/infantil\/index.php#\"><img style=\"background: transparent; margin: 0px; padding: 0px; border-width: 0px; border-style: initial; outline: 0px; vertical-align: top;\" src=\"http:\/\/www.intenalco.edu.co\/infantil\/images\/img2.jpg\" alt=\"\" \/><\/a><\/p><p class=\"text-2\" style=\"background: transparent; font-size: 16px; margin-top: 7px; margin-bottom: 0px; margin-left: 11px; vertical-align: top; line-height: 25px; color: #000000; font-style: italic;\">Martin, 13 a\u00f1os<\/p><\/div><div class=\"clear p5\" style=\"background: transparent; font-size: 0px; padding-bottom: 19px; vertical-align: top; clear: both; line-height: 0; width: 0px; overflow: hidden; visibility: hidden; height: 0px;\">\u00a0<\/div><div class=\"box-1\" style=\"background: transparent; font-size: 14px; margin-right: 20px; vertical-align: top; float: left;\"><p><a class=\"img-border\" style=\"background-image: initial; background-position: initial; background-size: initial; background-repeat: initial; background-attachment: initial; background-origin: initial; background-clip: initial; font-size: 14px; vertical-align: top; cursor: pointer; box-shadow: #c1c1c1 0px 0px 5px; display: inline-block; border: 10px solid #ffffff;\" href=\"http:\/\/www.intenalco.edu.co\/infantil\/index.php#\"><img style=\"background: transparent; margin: 0px; padding: 0px; border-width: 0px; border-style: initial; outline: 0px; vertical-align: top;\" src=\"http:\/\/www.intenalco.edu.co\/infantil\/images\/img3.jpg\" alt=\"\" \/><\/a><\/p><p class=\"text-2\" style=\"background: transparent; font-size: 16px; margin-top: 7px; margin-bottom: 0px; margin-left: 11px; vertical-align: top; line-height: 25px; color: #000000; font-style: italic;\">Sebastian, 14 a\u00f1os<\/p><\/div><div class=\"box-1 last\" style=\"background: transparent; font-size: 14px; margin-right: 20px; vertical-align: top; float: left;\"><p><a class=\"img-border\" style=\"background-image: initial; background-position: initial; background-size: initial; background-repeat: initial; background-attachment: initial; background-origin: initial; background-clip: initial; font-size: 14px; vertical-align: top; cursor: pointer; box-shadow: #c1c1c1 0px 0px 5px; display: inline-block; border: 10px solid #ffffff;\" href=\"http:\/\/www.intenalco.edu.co\/infantil\/index.php#\"><img style=\"background: transparent; margin: 0px; padding: 0px; border-width: 0px; border-style: initial; outline: 0px; vertical-align: top;\" src=\"http:\/\/www.intenalco.edu.co\/infantil\/images\/img4.jpg\" alt=\"\" \/><\/a><\/p><p class=\"text-2\" style=\"background: transparent; font-size: 16px; margin-top: 7px; margin-bottom: 0px; margin-left: 11px; vertical-align: top; line-height: 25px; color: #000000; font-style: italic;\">Fiona, 8 a\u00f1os<\/p><\/div><div class=\"clear\" style=\"background: transparent; font-size: 0px; vertical-align: top; clear: both; line-height: 0; width: 0px; overflow: hidden; visibility: hidden; height: 0px;\">\u00a0<\/div><div class=\"pad-2\" style=\"background: transparent; font-size: 14px; margin-top: 24px; padding-top: 22px; padding-bottom: 22px; vertical-align: top; text-align: center; overflow: hidden;\"><a class=\"link-2\" style=\"background-image: initial; background-position: initial; background-size: initial; background-repeat: initial; background-attachment: initial; background-origin: initial; background-clip: initial; font-size: 30px; vertical-align: top; cursor: pointer; line-height: 36px; color: #0072ff; font-weight: bold; font-family: 'Cabin Sketch', cursive; letter-spacing: -1px; display: inline-block;\" href=\"http:\/\/www.intenalco.edu.co\/portal\/bienestar\/\" target=\"_blank\" rel=\"noopener\">Env\u00eda tu Dibujo<\/a><\/div><\/div><\/div><\/div>\n\t\t\t\t<\/div>\n\t\t\t\t<\/div>\n\t\t\t\t\t\t<\/div>\n\t\t\t\t\t<\/div>\n\t\t<\/div>\n\t\t\t\t\t\t\t\t<\/div>\n\t\t\t\t\t<\/div>\n\t\t<\/section>\n\t\t\t\t\t\t<\/div>\n\t\t\t\t\t<\/div>\n\t\t<\/div>\n\t\t\t\t\t\t\t\t<\/div>\n\t\t\t\t\t<\/div>\n\t\t<\/section>\n\t\t\t\t\t\t<\/div>\n\t\t\t\t\t\t<\/div>\n\t\t\t\t\t<\/div>\n\t\t ","protected":false},"excerpt":{"rendered":"<p>Inicio &raquo; P\u00e1gina Intenalco Infantil Bienvenido Salir Valores Juegos Fotos Qu\u00e9 Estudiar Eventos Invitaci\u00f3n \u201cEscribe un Cuento\u201d Programa Organizado por\u00a0Bienestar Universitario\u00a0para que los ni\u00f1os IntenalquinosEscriban un Cuento! \u201cD\u00eda de los Ni\u00f1os\u201d Celebraci\u00f3n del d\u00eda de los ni\u00f1os para los hijos de los colaboradores de Intenalco.\u00a0Fotos \u00bfQue Estudiar? Bienvenido a Intenalco Infantil Este es un espacio&#8230;<\/p>\n","protected":false},"author":3,"featured_media":0,"parent":0,"menu_order":0,"comment_status":"closed","ping_status":"closed","template":"","meta":[],"_links":{"self":[{"href":"https:\/\/intenalco.edu.co\/portal\/wp-json\/wp\/v2\/pages\/902"}],"collection":[{"href":"https:\/\/intenalco.edu.co\/portal\/wp-json\/wp\/v2\/pages"}],"about":[{"href":"https:\/\/intenalco.edu.co\/portal\/wp-json\/wp\/v2\/types\/page"}],"author":[{"embeddable":true,"href":"https:\/\/intenalco.edu.co\/portal\/wp-json\/wp\/v2\/users\/3"}],"replies":[{"embeddable":true,"href":"https:\/\/intenalco.edu.co\/portal\/wp-json\/wp\/v2\/comments?post=902"}],"version-history":[{"count":27,"href":"https:\/\/intenalco.edu.co\/portal\/wp-json\/wp\/v2\/pages\/902\/revisions"}],"predecessor-version":[{"id":7719,"href":"https:\/\/intenalco.edu.co\/portal\/wp-json\/wp\/v2\/pages\/902\/revisions\/7719"}],"wp:attachment":[{"href":"https:\/\/intenalco.edu.co\/portal\/wp-json\/wp\/v2\/media?parent=902"}],"curies":[{"name":"wp","href":"https:\/\/api.w.org\/{rel}","templated":true}]}}