{"id":911,"date":"2020-12-03T15:12:29","date_gmt":"2020-12-03T15:12:29","guid":{"rendered":"https:\/\/intenalco.edu.co\/portal\/?page_id=911"},"modified":"2026-01-26T10:53:46","modified_gmt":"2026-01-26T10:53:46","slug":"contacto","status":"publish","type":"page","link":"https:\/\/intenalco.edu.co\/portal\/contacto\/","title":{"rendered":"Contacto"},"content":{"rendered":"<div id=\"pauDonde\"><a href=\"https:\/\/intenalco.edu.co\/portal\">Inicio<\/a> &raquo; <span class=\"current\">P\u00e1gina<\/span><\/div> <br> \t\t<div data-elementor-type=\"wp-page\" data-elementor-id=\"911\" class=\"elementor elementor-911\" data-elementor-settings=\"[]\">\n\t\t\t\t\t\t<div class=\"elementor-inner\">\n\t\t\t\t\t\t\t<div class=\"elementor-section-wrap\">\n\t\t\t\t\t\t\t<section class=\"elementor-section elementor-top-section elementor-element elementor-element-28a2454 elementor-section-boxed elementor-section-height-default elementor-section-height-default\" data-id=\"28a2454\" data-element_type=\"section\">\n\t\t\t\t\t\t<div class=\"elementor-container elementor-column-gap-default\">\n\t\t\t\t\t\t\t<div class=\"elementor-row\">\n\t\t\t\t\t<div class=\"elementor-column elementor-col-100 elementor-top-column elementor-element elementor-element-2e15e4b\" data-id=\"2e15e4b\" data-element_type=\"column\">\n\t\t\t<div class=\"elementor-column-wrap elementor-element-populated\">\n\t\t\t\t\t\t\t<div class=\"elementor-widget-wrap\">\n\t\t\t\t\t\t<div class=\"elementor-element elementor-element-2be43e5 elementor-widget elementor-widget-text-editor\" data-id=\"2be43e5\" data-element_type=\"widget\" data-widget_type=\"text-editor.default\">\n\t\t\t\t<div class=\"elementor-widget-container\">\n\t\t\t\t\t<div class=\"elementor-text-editor elementor-clearfix\"><p style=\"margin-bottom: 0px; color: #828282; font-family: Tahoma, Geneva, sans-serif; font-size: 13px; font-style: normal; font-weight: 400; background-color: #ffffff;\" align=\"center\"><img loading=\"lazy\" style=\"margin: 0px; padding: 0px; outline: 0px;\" src=\"https:\/\/intenalco.edu.co\/images\/canales-atencion-encabezado.png\" width=\"509\" height=\"290\"><\/p><p style=\"margin-bottom: 0px; color: #828282; font-family: Tahoma, Geneva, sans-serif; font-size: 13px; font-style: normal; font-weight: 400; background-color: #ffffff;\" align=\"center\"><br><\/p>\n<p class=\"Estilo11 Estilo20\" style=\"margin-bottom: 0px; color: #666666; font-weight: bold; font-size: large; font-family: Tahoma, Geneva, sans-serif; font-style: normal; background-color: #ffffff;\" align=\"center\">\n<\/p><h3 class=\"Estilo19\" style=\"margin-bottom: 0px; font-size: 18px; color: #ff6600; font-family: Tahoma, Geneva, sans-serif; font-style: normal; font-weight: 400; background-color: #ffffff;\" align=\"center\"><span style=\"color: #000000;\">Medios de atenci\u00f3n a la ciudadan\u00eda<\/span><\/h3>\n<p style=\"margin-bottom: 0px; color: #828282; font-family: Tahoma, Geneva, sans-serif; font-size: 13px; font-style: normal; font-weight: 400; background-color: #ffffff;\" align=\"center\"><img loading=\"lazy\" class=\"alignnone wp-image-10787 size-full\" src=\"https:\/\/intenalco.edu.co\/portal\/wp-content\/uploads\/2024\/02\/canales-de-atencion..png\" alt=\"\" width=\"856\" height=\"596\" srcset=\"https:\/\/intenalco.edu.co\/portal\/wp-content\/uploads\/2024\/02\/canales-de-atencion..png 856w, https:\/\/intenalco.edu.co\/portal\/wp-content\/uploads\/2024\/02\/canales-de-atencion.-300x209.png 300w, https:\/\/intenalco.edu.co\/portal\/wp-content\/uploads\/2024\/02\/canales-de-atencion.-768x535.png 768w\" sizes=\"(max-width: 856px) 100vw, 856px\" \/><\/p><\/div>\n\t\t\t\t<\/div>\n\t\t\t\t<\/div>\n\t\t\t\t\t\t<\/div>\n\t\t\t\t\t<\/div>\n\t\t<\/div>\n\t\t\t\t\t\t\t\t<\/div>\n\t\t\t\t\t<\/div>\n\t\t<\/section>\n\t\t\t\t<section class=\"elementor-section elementor-top-section elementor-element elementor-element-ee653a0 elementor-section-boxed elementor-section-height-default elementor-section-height-default\" data-id=\"ee653a0\" data-element_type=\"section\">\n\t\t\t\t\t\t<div class=\"elementor-container elementor-column-gap-default\">\n\t\t\t\t\t\t\t<div class=\"elementor-row\">\n\t\t\t\t\t<div class=\"elementor-column elementor-col-100 elementor-top-column elementor-element elementor-element-3154d36\" data-id=\"3154d36\" data-element_type=\"column\">\n\t\t\t<div class=\"elementor-column-wrap elementor-element-populated\">\n\t\t\t\t\t\t\t<div class=\"elementor-widget-wrap\">\n\t\t\t\t\t\t<div class=\"elementor-element elementor-element-fdfc924 elementor-widget elementor-widget-html\" data-id=\"fdfc924\" data-element_type=\"widget\" data-widget_type=\"html.default\">\n\t\t\t\t<div class=\"elementor-widget-container\">\n\t\t\t<center><input type=\"button\" value=\"Regresar\" onClick=\"history.go(-1);\"><\/center>\t\t<\/div>\n\t\t\t\t<\/div>\n\t\t\t\t\t\t<\/div>\n\t\t\t\t\t<\/div>\n\t\t<\/div>\n\t\t\t\t\t\t\t\t<\/div>\n\t\t\t\t\t<\/div>\n\t\t<\/section>\n\t\t\t\t\t\t<\/div>\n\t\t\t\t\t\t<\/div>\n\t\t\t\t\t<\/div>\n\t\t ","protected":false},"excerpt":{"rendered":"<p>Inicio &raquo; P\u00e1gina Medios de atenci\u00f3n a la ciudadan\u00eda<\/p>\n","protected":false},"author":4,"featured_media":0,"parent":0,"menu_order":0,"comment_status":"closed","ping_status":"closed","template":"","meta":[],"_links":{"self":[{"href":"https:\/\/intenalco.edu.co\/portal\/wp-json\/wp\/v2\/pages\/911"}],"collection":[{"href":"https:\/\/intenalco.edu.co\/portal\/wp-json\/wp\/v2\/pages"}],"about":[{"href":"https:\/\/intenalco.edu.co\/portal\/wp-json\/wp\/v2\/types\/page"}],"author":[{"embeddable":true,"href":"https:\/\/intenalco.edu.co\/portal\/wp-json\/wp\/v2\/users\/4"}],"replies":[{"embeddable":true,"href":"https:\/\/intenalco.edu.co\/portal\/wp-json\/wp\/v2\/comments?post=911"}],"version-history":[{"count":27,"href":"https:\/\/intenalco.edu.co\/portal\/wp-json\/wp\/v2\/pages\/911\/revisions"}],"predecessor-version":[{"id":10793,"href":"https:\/\/intenalco.edu.co\/portal\/wp-json\/wp\/v2\/pages\/911\/revisions\/10793"}],"wp:attachment":[{"href":"https:\/\/intenalco.edu.co\/portal\/wp-json\/wp\/v2\/media?parent=911"}],"curies":[{"name":"wp","href":"https:\/\/api.w.org\/{rel}","templated":true}]}}