{"id":9346,"date":"2023-06-13T05:38:50","date_gmt":"2023-06-13T05:38:50","guid":{"rendered":"https:\/\/intenalco.edu.co\/portal\/?page_id=9346"},"modified":"2025-01-21T14:58:52","modified_gmt":"2025-01-21T14:58:52","slug":"politica-de-estado-en-matricula-cero","status":"publish","type":"page","link":"https:\/\/intenalco.edu.co\/portal\/politica-de-estado-en-matricula-cero\/","title":{"rendered":"Pol\u00edtica de Estado en Matr\u00edcula Cero"},"content":{"rendered":"<div id=\"pauDonde\"><a href=\"https:\/\/intenalco.edu.co\/portal\">Inicio<\/a> &raquo; <span class=\"current\">P\u00e1gina<\/span><\/div> <br> \t\t<div data-elementor-type=\"wp-page\" data-elementor-id=\"9346\" class=\"elementor elementor-9346\" data-elementor-settings=\"[]\">\n\t\t\t\t\t\t<div class=\"elementor-inner\">\n\t\t\t\t\t\t\t<div class=\"elementor-section-wrap\">\n\t\t\t\t\t\t\t<section class=\"elementor-section elementor-top-section elementor-element elementor-element-203d9d22 elementor-section-height-min-height elementor-section-content-middle elementor-section-boxed elementor-section-height-default elementor-section-items-middle\" data-id=\"203d9d22\" data-element_type=\"section\" data-settings=\"{&quot;background_background&quot;:&quot;video&quot;,&quot;background_video_link&quot;:&quot;https:\\\/\\\/youtu.be\\\/XPw4VXsxM2o&quot;}\">\n\t\t\t\t\t\t\t\t<div class=\"elementor-background-video-container elementor-hidden-phone\">\n\t\t\t\t\t\t\t\t\t\t\t\t\t<div class=\"elementor-background-video-embed\"><\/div>\n\t\t\t\t\t\t\t\t\t\t\t\t<\/div>\n\t\t\t\t\t\t\t\t\t<div class=\"elementor-background-overlay\"><\/div>\n\t\t\t\t\t\t\t<div class=\"elementor-container elementor-column-gap-wider\">\n\t\t\t\t\t\t\t<div class=\"elementor-row\">\n\t\t\t\t\t<div class=\"elementor-column elementor-col-100 elementor-top-column elementor-element elementor-element-21b31037\" data-id=\"21b31037\" data-element_type=\"column\">\n\t\t\t<div class=\"elementor-column-wrap elementor-element-populated\">\n\t\t\t\t\t\t\t<div class=\"elementor-widget-wrap\">\n\t\t\t\t\t\t<div class=\"elementor-element elementor-element-fa2a2dd elementor-widget elementor-widget-heading\" data-id=\"fa2a2dd\" data-element_type=\"widget\" data-widget_type=\"heading.default\">\n\t\t\t\t<div class=\"elementor-widget-container\">\n\t\t\t<h2 class=\"elementor-heading-title elementor-size-default\">Pol\u00edtica de Gratuidad<\/h2>\t\t<\/div>\n\t\t\t\t<\/div>\n\t\t\t\t<div class=\"elementor-element elementor-element-17f6ca16 elementor-widget elementor-widget-heading\" data-id=\"17f6ca16\" data-element_type=\"widget\" data-widget_type=\"heading.default\">\n\t\t\t\t<div class=\"elementor-widget-container\">\n\t\t\t<p class=\"elementor-heading-title elementor-size-small\">intenalco<\/p>\t\t<\/div>\n\t\t\t\t<\/div>\n\t\t\t\t<div class=\"elementor-element elementor-element-7c8187e0 elementor-widget elementor-widget-heading\" data-id=\"7c8187e0\" data-element_type=\"widget\" data-widget_type=\"heading.default\">\n\t\t\t\t<div class=\"elementor-widget-container\">\n\t\t\t<h3 class=\"elementor-heading-title elementor-size-default\">\"Puedo Estudiar\"<\/h3>\t\t<\/div>\n\t\t\t\t<\/div>\n\t\t\t\t<div class=\"elementor-element elementor-element-134dd80f elementor-widget-divider--view-line elementor-widget elementor-widget-divider\" data-id=\"134dd80f\" data-element_type=\"widget\" data-widget_type=\"divider.default\">\n\t\t\t\t<div class=\"elementor-widget-container\">\n\t\t\t\t\t<div class=\"elementor-divider\">\n\t\t\t<span class=\"elementor-divider-separator\">\n\t\t\t\t\t\t<\/span>\n\t\t<\/div>\n\t\t\t\t<\/div>\n\t\t\t\t<\/div>\n\t\t\t\t\t\t<\/div>\n\t\t\t\t\t<\/div>\n\t\t<\/div>\n\t\t\t\t\t\t\t\t<\/div>\n\t\t\t\t\t<\/div>\n\t\t<\/section>\n\t\t\t\t<section class=\"elementor-section elementor-top-section elementor-element elementor-element-27e30f0 elementor-section-content-middle elementor-section-boxed elementor-section-height-default elementor-section-height-default\" data-id=\"27e30f0\" data-element_type=\"section\">\n\t\t\t\t\t\t<div class=\"elementor-container elementor-column-gap-no\">\n\t\t\t\t\t\t\t<div class=\"elementor-row\">\n\t\t\t\t\t<div class=\"elementor-column elementor-col-100 elementor-top-column elementor-element elementor-element-1bf5a41d\" data-id=\"1bf5a41d\" data-element_type=\"column\">\n\t\t\t<div class=\"elementor-column-wrap elementor-element-populated\">\n\t\t\t\t\t\t\t<div class=\"elementor-widget-wrap\">\n\t\t\t\t\t\t<div class=\"elementor-element elementor-element-4761bbdd elementor-widget elementor-widget-heading\" data-id=\"4761bbdd\" data-element_type=\"widget\" data-widget_type=\"heading.default\">\n\t\t\t\t<div class=\"elementor-widget-container\">\n\t\t\t<h3 class=\"elementor-heading-title elementor-size-default\">Pol\u00edtica y Requisitos<\/h3>\t\t<\/div>\n\t\t\t\t<\/div>\n\t\t\t\t<div class=\"elementor-element elementor-element-12faa9b elementor-widget elementor-widget-text-editor\" data-id=\"12faa9b\" data-element_type=\"widget\" data-widget_type=\"text-editor.default\">\n\t\t\t\t<div class=\"elementor-widget-container\">\n\t\t\t\t\t<div class=\"elementor-text-editor elementor-clearfix\"><p>Consiste en el pago por parte del Gobierno Nacional del valor de la matr\u00edcula ordinaria neta de los estudiantes de programas del nivel t\u00e9cnico profesional y tecnol\u00f3gico liquidado por INTENALCO, sin incluir otros derechos acad\u00e9micos, cobros complementarios, administrativos o similares.<\/p>\n<p><strong><span style=\"color: #008000;\">Es decir, si aplica con pol\u00edtica de gratuidad solo debe pagar: $44.272 de la inscripci\u00f3n + $10.541 por concepto de seguro. <\/span><\/strong><\/p>\n<h5><strong>Requisitos para aspirar al beneficio de la Pol\u00edtica de Gratuidad 2025:<\/strong><\/h5>\n<ol>\n<li>No tener t\u00edtulo de un programa profesional universitario.<\/li>\n<li>Matricularse en un programa T\u00e9cnico Profesional o Tecnol\u00f3gico de INTENALCO.<\/li>\n<li>Demostrar que pertenece a UNO (1) de los siguientes grupos:\n<ul>\n<li>&#8211; Estrato socioecon\u00f3mico 1, 2, 3 o sin estrato.<\/li>\n<li>&#8211; Poblaci\u00f3n ind\u00edgena.<br>&#8211; Poblaci\u00f3n Rrom.<br>&#8211; Comunidades negras, afrocolombianas, raizales y palenqueras.<br>&#8211; Poblaci\u00f3n v\u00edctima del conflicto.<br>&#8211; Poblaci\u00f3n con discapacidad.<br>&#8211; Comunidades campesinas.<br>&#8211; Poblaci\u00f3n privada de la libertad.<br>&#8211; Grupos A, B o C del Sisb\u00e9n IV, en cualquiera de sus subgrupos.<\/li>\n<\/ul>\n<\/li>\n<\/ol>\n<h5><strong>Se debe presentar alguno de los siguientes documentos que valide su condici\u00f3n: &nbsp;&nbsp;<\/strong><\/h5>\n<p style=\"padding-left: 40px;\">&#8211; El estrato socioecon\u00f3mico de acuerdo con el recibo de servicio p\u00fablico del n\u00facleo familiar del estudiante.<br>&#8211; Las poblaciones ind\u00edgenas, Rrom, comunidades negras, afrocolombianas, raizales y palenqueras, mediante certificado expedido por el Ministerio del Interior.<br>&#8211; La poblaci\u00f3n v\u00edctima del conflicto mediante la presentaci\u00f3n del certificado del Registro \u00danico de V\u00edctimas de la Unidad para la Atenci\u00f3n y Reparaci\u00f3n Integral de las V\u00edctimas-UARIV.<br>&#8211; Las comunidades campesinas mediante la presentaci\u00f3n del diploma de bachiller otorgado por una instituci\u00f3n educativa ubicada en una zona rural del pa\u00eds clasificado por el Directorio \u00danico Educativo &#8211; DUE.<br>&#8211; La poblaci\u00f3n privada de la libertad, mediate la certificaci\u00f3n expedida por el Instituto Nacional Penitenciario y Carcelario \u2013 INPEC.<br>&#8211; Sisb\u00e9n mediante la presentaci\u00f3n del certificado del Departamento Nacional de Planeaci\u00f3n.<\/p>\n<p>*Aplican t\u00e9rminos y condiciones.<\/p>\n<h5><strong>\u00bfC\u00f3mo acceder a la Pol\u00edtica de Gratuidad en INTENALCO?<\/strong><\/h5>\n<p><strong>Paso 1<\/strong>. El primer requisito es ser admitido y estar matriculado en un programa T\u00e9cnico Profesional en INTENALCO. En la parte inferior, encontrar\u00e1 el bot\u00f3n con el procedimiento de inscripci\u00f3n y matr\u00edcula.<\/p>\n<p><strong>Paso 2.<\/strong> Luego de ser admitido y estar matriculado, el Ministerio de Educaci\u00f3n Nacional seleccionar\u00e1 los beneficiarios<strong>. <\/strong><\/p>\n<h5><strong>Causales de terminaci\u00f3n del beneficio:<\/strong><\/h5>\n<ul>\n<li>&#8211; Por cumplimiento de la duraci\u00f3n del beneficio seg\u00fan el Reglamento Operativo 2025. <br>&#8211; Haber presentado informaci\u00f3n adulterada al momento de postularse a la convocatoria.<br>&#8211; Perder la calidad de estudiante (asuntos acad\u00e9micos o disciplinarios).<br>&#8211; Obtener un t\u00edtulo de profesional universitario.<br>&#8211; Por fallecimiento del (la) estudiante<\/li>\n<\/ul>\n<h5><strong>Para tener en cuenta: <\/strong><\/h5>\n<ul>\n<li>&#8211; No se necesita ning\u00fan tipo de intermediario para realizar el proceso de postulaci\u00f3n. <br>&#8211; El Ministerio de Educaci\u00f3n Nacional, conforme a la disponibilidad presupuestal fijar\u00e1 los criterios para la priorizaci\u00f3n y adjudicaci\u00f3n del beneficio con base en la vulnerabilidad socioecon\u00f3mica de los estudiantes y el cierre de brechas poblacionales y territoriales.<br>&#8211; La Pol\u00edtica de Gratuidad en la Matr\u00edcula acoger\u00e1 a los estudiantes que est\u00e9n matriculados en programas de nivel t\u00e9cnico profesional, tecnol\u00f3gico y universitario.<br>&#8211; En INTENALCO este beneficio NO aplica para el pago de la matr\u00edcula en los programas de Educaci\u00f3n para el Trabajo y Desarrollo Humano, es decir, los T\u00e9cnicos Laborales por Competencias.<\/li>\n<\/ul>\n<h5><strong>Reglamento Operativo para el a\u00f1o 2025<\/strong><\/h5>\n<p>Conozca la implementaci\u00f3n de la Pol\u00edtica para el a\u00f1o 2025 en las Instituciones de Educaci\u00f3n Superior P\u00fablicas.4<\/p><\/div>\n\t\t\t\t<\/div>\n\t\t\t\t<\/div>\n\t\t\t\t<section class=\"elementor-section elementor-inner-section elementor-element elementor-element-7786cd37 elementor-section-content-middle elementor-section-boxed elementor-section-height-default elementor-section-height-default\" data-id=\"7786cd37\" data-element_type=\"section\">\n\t\t\t\t\t\t<div class=\"elementor-container elementor-column-gap-no\">\n\t\t\t\t\t\t\t<div class=\"elementor-row\">\n\t\t\t\t\t<div class=\"elementor-column elementor-col-50 elementor-inner-column elementor-element elementor-element-3c7aea96\" data-id=\"3c7aea96\" data-element_type=\"column\" data-settings=\"{&quot;background_background&quot;:&quot;classic&quot;}\">\n\t\t\t<div class=\"elementor-column-wrap elementor-element-populated\">\n\t\t\t\t\t\t\t<div class=\"elementor-widget-wrap\">\n\t\t\t\t\t\t<div class=\"elementor-element elementor-element-3159bb33 elementor-position-top elementor-vertical-align-top elementor-widget elementor-widget-image-box\" data-id=\"3159bb33\" data-element_type=\"widget\" data-widget_type=\"image-box.default\">\n\t\t\t\t<div class=\"elementor-widget-container\">\n\t\t\t<div class=\"elementor-image-box-wrapper\"><figure class=\"elementor-image-box-img\"><img width=\"300\" height=\"300\" src=\"https:\/\/intenalco.edu.co\/portal\/wp-content\/uploads\/2023\/06\/6.png\" class=\"elementor-animation-grow attachment-full size-full\" alt=\"\" loading=\"lazy\" srcset=\"https:\/\/intenalco.edu.co\/portal\/wp-content\/uploads\/2023\/06\/6.png 300w, https:\/\/intenalco.edu.co\/portal\/wp-content\/uploads\/2023\/06\/6-150x150.png 150w\" sizes=\"(max-width: 300px) 100vw, 300px\" \/><\/figure><div class=\"elementor-image-box-content\"><h3 class=\"elementor-image-box-title\">Reglamento Operativo<\/h3><p class=\"elementor-image-box-description\">Pol\u00edtica de Gratuidad<\/p><\/div><\/div>\t\t<\/div>\n\t\t\t\t<\/div>\n\t\t\t\t<div class=\"elementor-element elementor-element-690f08e8 elementor-align-center elementor-widget elementor-widget-button\" data-id=\"690f08e8\" data-element_type=\"widget\" data-widget_type=\"button.default\">\n\t\t\t\t<div class=\"elementor-widget-container\">\n\t\t\t\t\t<div class=\"elementor-button-wrapper\">\n\t\t\t<a href=\"https:\/\/drive.google.com\/file\/d\/1MLn3QqywjJxYOcnyFSOwPbDDWR-k64E4\/view?usp=sharing\" target=\"_blank\" class=\"elementor-button-link elementor-button elementor-size-sm\" role=\"button\">\n\t\t\t\t\t\t<span class=\"elementor-button-content-wrapper\">\n\t\t\t\t\t\t<span class=\"elementor-button-text\">Consultar documento<\/span>\n\t\t<\/span>\n\t\t\t\t\t<\/a>\n\t\t<\/div>\n\t\t\t\t<\/div>\n\t\t\t\t<\/div>\n\t\t\t\t\t\t<\/div>\n\t\t\t\t\t<\/div>\n\t\t<\/div>\n\t\t\t\t<div class=\"elementor-column elementor-col-50 elementor-inner-column elementor-element elementor-element-7c25e7e0\" data-id=\"7c25e7e0\" data-element_type=\"column\" data-settings=\"{&quot;background_background&quot;:&quot;classic&quot;}\">\n\t\t\t<div class=\"elementor-column-wrap elementor-element-populated\">\n\t\t\t\t\t\t\t<div class=\"elementor-widget-wrap\">\n\t\t\t\t\t\t<div class=\"elementor-element elementor-element-b31ae9c elementor-position-top elementor-vertical-align-top elementor-widget elementor-widget-image-box\" data-id=\"b31ae9c\" data-element_type=\"widget\" data-widget_type=\"image-box.default\">\n\t\t\t\t<div class=\"elementor-widget-container\">\n\t\t\t<div class=\"elementor-image-box-wrapper\"><figure class=\"elementor-image-box-img\"><img width=\"300\" height=\"300\" src=\"https:\/\/intenalco.edu.co\/portal\/wp-content\/uploads\/2023\/06\/3.png\" class=\"elementor-animation-grow attachment-full size-full\" alt=\"\" loading=\"lazy\" srcset=\"https:\/\/intenalco.edu.co\/portal\/wp-content\/uploads\/2023\/06\/3.png 300w, https:\/\/intenalco.edu.co\/portal\/wp-content\/uploads\/2023\/06\/3-150x150.png 150w\" sizes=\"(max-width: 300px) 100vw, 300px\" \/><\/figure><div class=\"elementor-image-box-content\"><h3 class=\"elementor-image-box-title\">Procedimiento Intenalco<\/h3><p class=\"elementor-image-box-description\">Instructivo con el Procedimiento<\/p><\/div><\/div>\t\t<\/div>\n\t\t\t\t<\/div>\n\t\t\t\t<div class=\"elementor-element elementor-element-3b6be7bf elementor-align-center elementor-widget elementor-widget-button\" data-id=\"3b6be7bf\" data-element_type=\"widget\" data-widget_type=\"button.default\">\n\t\t\t\t<div class=\"elementor-widget-container\">\n\t\t\t\t\t<div class=\"elementor-button-wrapper\">\n\t\t\t<a href=\"https:\/\/www.intenalco.edu.co\/archivospublicos\/PROCEDIMIENTOS%20PARA%20PREINSCRIPCION%20-%20INSCRIPCION%20Y%20MATRICULA%20-%20ESTUDIANTES%20NUEVOS.pdf?_ga=2.28795004.1980410188.1686630132-436735162.1686630132\" target=\"_blank\" class=\"elementor-button-link elementor-button elementor-size-sm\" role=\"button\">\n\t\t\t\t\t\t<span class=\"elementor-button-content-wrapper\">\n\t\t\t\t\t\t<span class=\"elementor-button-text\">Inscripci\u00f3n y matr\u00edcula<\/span>\n\t\t<\/span>\n\t\t\t\t\t<\/a>\n\t\t<\/div>\n\t\t\t\t<\/div>\n\t\t\t\t<\/div>\n\t\t\t\t\t\t<\/div>\n\t\t\t\t\t<\/div>\n\t\t<\/div>\n\t\t\t\t\t\t\t\t<\/div>\n\t\t\t\t\t<\/div>\n\t\t<\/section>\n\t\t\t\t<div class=\"elementor-element elementor-element-429c159 elementor-button-info elementor-align-center elementor-widget elementor-widget-button\" data-id=\"429c159\" data-element_type=\"widget\" data-widget_type=\"button.default\">\n\t\t\t\t<div class=\"elementor-widget-container\">\n\t\t\t\t\t<div class=\"elementor-button-wrapper\">\n\t\t\t<a href=\"https:\/\/drive.google.com\/file\/d\/1oCa0mLYbrLSboeSYmHt-zRvnXaJU1Igl\/view?usp=sharing\" class=\"elementor-button-link elementor-button elementor-size-md\" role=\"button\">\n\t\t\t\t\t\t<span class=\"elementor-button-content-wrapper\">\n\t\t\t\t\t\t<span class=\"elementor-button-text\">DECRETO 2271 DEL 29 DE DICIEMBRE DEL 2023<\/span>\n\t\t<\/span>\n\t\t\t\t\t<\/a>\n\t\t<\/div>\n\t\t\t\t<\/div>\n\t\t\t\t<\/div>\n\t\t\t\t<div class=\"elementor-element elementor-element-798a76f elementor-widget elementor-widget-image\" data-id=\"798a76f\" data-element_type=\"widget\" data-widget_type=\"image.default\">\n\t\t\t\t<div class=\"elementor-widget-container\">\n\t\t\t\t\t<div class=\"elementor-image\">\n\t\t\t\t\t\t\t\t\t\t\t<a href=\"https:\/\/intenalco.datasae.co\/\/paquetes\/admision\/preinscripciondeadmision\/index_publico.php?accion=Nuevo\" target=\"_blank\">\n\t\t\t\t\t\t\t<img width=\"1024\" height=\"287\" src=\"https:\/\/intenalco.edu.co\/portal\/wp-content\/uploads\/2024\/02\/Banner-2024-1-2-1024x287.jpg\" class=\"attachment-large size-large\" alt=\"\" loading=\"lazy\" srcset=\"https:\/\/intenalco.edu.co\/portal\/wp-content\/uploads\/2024\/02\/Banner-2024-1-2-1024x287.jpg 1024w, https:\/\/intenalco.edu.co\/portal\/wp-content\/uploads\/2024\/02\/Banner-2024-1-2-300x84.jpg 300w, https:\/\/intenalco.edu.co\/portal\/wp-content\/uploads\/2024\/02\/Banner-2024-1-2-768x215.jpg 768w, https:\/\/intenalco.edu.co\/portal\/wp-content\/uploads\/2024\/02\/Banner-2024-1-2-1536x430.jpg 1536w, https:\/\/intenalco.edu.co\/portal\/wp-content\/uploads\/2024\/02\/Banner-2024-1-2.jpg 1629w\" sizes=\"(max-width: 1024px) 100vw, 1024px\" \/>\t\t\t\t\t\t\t\t<\/a>\n\t\t\t\t\t\t\t\t\t\t\t<\/div>\n\t\t\t\t<\/div>\n\t\t\t\t<\/div>\n\t\t\t\t\t\t<\/div>\n\t\t\t\t\t<\/div>\n\t\t<\/div>\n\t\t\t\t\t\t\t\t<\/div>\n\t\t\t\t\t<\/div>\n\t\t<\/section>\n\t\t\t\t\t\t<\/div>\n\t\t\t\t\t\t<\/div>\n\t\t\t\t\t<\/div>\n\t\t ","protected":false},"excerpt":{"rendered":"<p>Inicio &raquo; P\u00e1gina Pol\u00edtica de Gratuidad intenalco \u00abPuedo Estudiar\u00bb Pol\u00edtica y Requisitos Consiste en el pago por parte del Gobierno Nacional del valor de la matr\u00edcula ordinaria neta de los estudiantes de programas del nivel t\u00e9cnico profesional y tecnol\u00f3gico liquidado por INTENALCO, sin incluir otros derechos acad\u00e9micos, cobros complementarios, administrativos o similares. Es decir, si&#8230;<\/p>\n","protected":false},"author":4,"featured_media":0,"parent":0,"menu_order":0,"comment_status":"closed","ping_status":"closed","template":"","meta":[],"_links":{"self":[{"href":"https:\/\/intenalco.edu.co\/portal\/wp-json\/wp\/v2\/pages\/9346"}],"collection":[{"href":"https:\/\/intenalco.edu.co\/portal\/wp-json\/wp\/v2\/pages"}],"about":[{"href":"https:\/\/intenalco.edu.co\/portal\/wp-json\/wp\/v2\/types\/page"}],"author":[{"embeddable":true,"href":"https:\/\/intenalco.edu.co\/portal\/wp-json\/wp\/v2\/users\/4"}],"replies":[{"embeddable":true,"href":"https:\/\/intenalco.edu.co\/portal\/wp-json\/wp\/v2\/comments?post=9346"}],"version-history":[{"count":58,"href":"https:\/\/intenalco.edu.co\/portal\/wp-json\/wp\/v2\/pages\/9346\/revisions"}],"predecessor-version":[{"id":12496,"href":"https:\/\/intenalco.edu.co\/portal\/wp-json\/wp\/v2\/pages\/9346\/revisions\/12496"}],"wp:attachment":[{"href":"https:\/\/intenalco.edu.co\/portal\/wp-json\/wp\/v2\/media?parent=9346"}],"curies":[{"name":"wp","href":"https:\/\/api.w.org\/{rel}","templated":true}]}}