{"id":942,"date":"2020-12-03T17:04:06","date_gmt":"2020-12-03T17:04:06","guid":{"rendered":"https:\/\/intenalco.edu.co\/portal\/?page_id=942"},"modified":"2026-01-26T11:36:33","modified_gmt":"2026-01-26T11:36:33","slug":"juridico","status":"publish","type":"page","link":"https:\/\/intenalco.edu.co\/portal\/juridico\/","title":{"rendered":"Jur\u00eddico"},"content":{"rendered":"<div id=\"pauDonde\"><a href=\"https:\/\/intenalco.edu.co\/portal\">Inicio<\/a> &raquo; <span class=\"current\">P\u00e1gina<\/span><\/div> <br> \t\t<div data-elementor-type=\"wp-page\" data-elementor-id=\"942\" class=\"elementor elementor-942\" data-elementor-settings=\"[]\">\n\t\t\t\t\t\t<div class=\"elementor-inner\">\n\t\t\t\t\t\t\t<div class=\"elementor-section-wrap\">\n\t\t\t\t\t\t\t<section class=\"elementor-section elementor-top-section elementor-element elementor-element-2648da2 elementor-section-boxed elementor-section-height-default elementor-section-height-default\" data-id=\"2648da2\" data-element_type=\"section\">\n\t\t\t\t\t\t<div class=\"elementor-container elementor-column-gap-default\">\n\t\t\t\t\t\t\t<div class=\"elementor-row\">\n\t\t\t\t\t<div class=\"elementor-column elementor-col-100 elementor-top-column elementor-element elementor-element-b45d82e\" data-id=\"b45d82e\" data-element_type=\"column\">\n\t\t\t<div class=\"elementor-column-wrap elementor-element-populated\">\n\t\t\t\t\t\t\t<div class=\"elementor-widget-wrap\">\n\t\t\t\t\t\t<div class=\"elementor-element elementor-element-6057ee5 elementor-widget elementor-widget-image\" data-id=\"6057ee5\" data-element_type=\"widget\" data-widget_type=\"image.default\">\n\t\t\t\t<div class=\"elementor-widget-container\">\n\t\t\t\t\t<div class=\"elementor-image\">\n\t\t\t\t\t\t\t\t\t\t<img width=\"710\" height=\"210\" src=\"https:\/\/intenalco.edu.co\/portal\/wp-content\/uploads\/2025\/11\/notificaciones_judiciales.png\" class=\"attachment-large size-large\" alt=\"\" loading=\"lazy\" srcset=\"https:\/\/intenalco.edu.co\/portal\/wp-content\/uploads\/2025\/11\/notificaciones_judiciales.png 710w, https:\/\/intenalco.edu.co\/portal\/wp-content\/uploads\/2025\/11\/notificaciones_judiciales-300x89.png 300w\" sizes=\"(max-width: 710px) 100vw, 710px\" \/>\t\t\t\t\t\t\t\t\t\t\t<\/div>\n\t\t\t\t<\/div>\n\t\t\t\t<\/div>\n\t\t\t\t<div class=\"elementor-element elementor-element-d3da968 elementor-widget elementor-widget-text-editor\" data-id=\"d3da968\" data-element_type=\"widget\" data-widget_type=\"text-editor.default\">\n\t\t\t\t<div class=\"elementor-widget-container\">\n\t\t\t\t\t<div class=\"elementor-text-editor elementor-clearfix\"><p style=\"margin-bottom: 0px; color: #828282; font-family: Tahoma, Geneva, sans-serif; font-size: 13px; font-style: normal; font-weight: 400; background-color: #ffffff;\" align=\"center\">Si usted quiere presentar una notificaci\u00f3n judicial, lo puede hacer a trav\u00e9s del siguiente correo electr\u00f3nico:<\/p>\n<p class=\"Estilo19\" style=\"margin-bottom: 0px; font-size: 18px; color: #ff6600; font-family: Tahoma, Geneva, sans-serif; font-style: normal; font-weight: 400; background-color: #ffffff;\" align=\"center\"><strong>notificaciones.judiciales@intenalco.edu.co<\/strong><\/p>\n<p style=\"margin-bottom: 0px; color: #828282; font-family: Tahoma, Geneva, sans-serif; font-size: 13px; font-style: normal; font-weight: 400; background-color: #ffffff;\" align=\"center\">La persona encargada de gestionar estas notificaciones es el Abogado: Dr. Harold Montoya,<\/p>\n<p style=\"margin-bottom: 0px; color: #828282; font-family: Tahoma, Geneva, sans-serif; font-size: 13px; font-style: normal; font-weight: 400; background-color: #ffffff;\" align=\"center\">Departamento Jur\u00eddico Institucional, a quien puede ubicar en:<br style=\"margin: 0px; padding: 0px; outline: 0px;\"><span class=\"author\">Avenida 4 Norte # 34 AN &#8211; 18 Barrio: Prados del Norte &#8211; Cali<br>&#8211; Cuarto Piso &#8211;<br><\/span><\/p>\n<p style=\"margin-bottom: 0px; color: #828282; font-family: Tahoma, Geneva, sans-serif; font-size: 13px; font-style: normal; font-weight: 400; background-color: #ffffff;\" align=\"center\"><span class=\"author\">P.B.X: (602) 655 3333 ext. 121<br style=\"margin: 0px; padding: 0px; outline: 0px;\">Horario de atenci\u00f3n:<br>Lunes a viernes de 2:00 p. m. a 5:00 p. m.&nbsp;<\/span><\/p>\n<p><br><br><\/p>\n<p><\/p>\n<p><\/p><center><input type=\"button\" value=\"Regresar\" onclick=\"history.go(-1);\"><\/center><p><\/p><\/div>\n\t\t\t\t<\/div>\n\t\t\t\t<\/div>\n\t\t\t\t\t\t<\/div>\n\t\t\t\t\t<\/div>\n\t\t<\/div>\n\t\t\t\t\t\t\t\t<\/div>\n\t\t\t\t\t<\/div>\n\t\t<\/section>\n\t\t\t\t\t\t<\/div>\n\t\t\t\t\t\t<\/div>\n\t\t\t\t\t<\/div>\n\t\t ","protected":false},"excerpt":{"rendered":"<p>Inicio &raquo; P\u00e1gina Si usted quiere presentar una notificaci\u00f3n judicial, lo puede hacer a trav\u00e9s del siguiente correo electr\u00f3nico: notificaciones.judiciales@intenalco.edu.co La persona encargada de gestionar estas notificaciones es el Abogado: Dr. Harold Montoya, Departamento Jur\u00eddico Institucional, a quien puede ubicar en:Avenida 4 Norte # 34 AN &#8211; 18 Barrio: Prados del Norte &#8211; Cali&#8211; Cuarto&#8230;<\/p>\n","protected":false},"author":4,"featured_media":0,"parent":0,"menu_order":0,"comment_status":"closed","ping_status":"closed","template":"","meta":[],"_links":{"self":[{"href":"https:\/\/intenalco.edu.co\/portal\/wp-json\/wp\/v2\/pages\/942"}],"collection":[{"href":"https:\/\/intenalco.edu.co\/portal\/wp-json\/wp\/v2\/pages"}],"about":[{"href":"https:\/\/intenalco.edu.co\/portal\/wp-json\/wp\/v2\/types\/page"}],"author":[{"embeddable":true,"href":"https:\/\/intenalco.edu.co\/portal\/wp-json\/wp\/v2\/users\/4"}],"replies":[{"embeddable":true,"href":"https:\/\/intenalco.edu.co\/portal\/wp-json\/wp\/v2\/comments?post=942"}],"version-history":[{"count":21,"href":"https:\/\/intenalco.edu.co\/portal\/wp-json\/wp\/v2\/pages\/942\/revisions"}],"predecessor-version":[{"id":14807,"href":"https:\/\/intenalco.edu.co\/portal\/wp-json\/wp\/v2\/pages\/942\/revisions\/14807"}],"wp:attachment":[{"href":"https:\/\/intenalco.edu.co\/portal\/wp-json\/wp\/v2\/media?parent=942"}],"curies":[{"name":"wp","href":"https:\/\/api.w.org\/{rel}","templated":true}]}}