{"id":946,"date":"2020-12-03T17:14:39","date_gmt":"2020-12-03T17:14:39","guid":{"rendered":"https:\/\/intenalco.edu.co\/portal\/?page_id=946"},"modified":"2026-04-15T22:07:40","modified_gmt":"2026-04-15T22:07:40","slug":"resoluciones-programas","status":"publish","type":"page","link":"https:\/\/intenalco.edu.co\/portal\/resoluciones-programas\/","title":{"rendered":"Resoluciones Programas"},"content":{"rendered":"<div id=\"pauDonde\"><a href=\"https:\/\/intenalco.edu.co\/portal\">Inicio<\/a> &raquo; <span class=\"current\">P\u00e1gina<\/span><\/div> <br> \t\t<div data-elementor-type=\"wp-page\" data-elementor-id=\"946\" class=\"elementor elementor-946\" data-elementor-settings=\"[]\">\n\t\t\t\t\t\t<div class=\"elementor-inner\">\n\t\t\t\t\t\t\t<div class=\"elementor-section-wrap\">\n\t\t\t\t\t\t\t<section class=\"elementor-section elementor-top-section elementor-element elementor-element-f313ebc elementor-section-boxed elementor-section-height-default elementor-section-height-default\" data-id=\"f313ebc\" data-element_type=\"section\">\n\t\t\t\t\t\t<div class=\"elementor-container elementor-column-gap-default\">\n\t\t\t\t\t\t\t<div class=\"elementor-row\">\n\t\t\t\t\t<div class=\"elementor-column elementor-col-100 elementor-top-column elementor-element elementor-element-f34e881\" data-id=\"f34e881\" data-element_type=\"column\">\n\t\t\t<div class=\"elementor-column-wrap elementor-element-populated\">\n\t\t\t\t\t\t\t<div class=\"elementor-widget-wrap\">\n\t\t\t\t\t\t<div class=\"elementor-element elementor-element-a8a0d42 elementor-widget elementor-widget-image\" data-id=\"a8a0d42\" data-element_type=\"widget\" data-widget_type=\"image.default\">\n\t\t\t\t<div class=\"elementor-widget-container\">\n\t\t\t\t\t<div class=\"elementor-image\">\n\t\t\t\t\t\t\t\t\t\t<img width=\"900\" height=\"221\" src=\"https:\/\/intenalco.edu.co\/portal\/wp-content\/uploads\/2025\/03\/RESOLUCIONES-DE-LOS-PROGRAMAS-CABEZOTE.png\" class=\"attachment-large size-large\" alt=\"\" loading=\"lazy\" srcset=\"https:\/\/intenalco.edu.co\/portal\/wp-content\/uploads\/2025\/03\/RESOLUCIONES-DE-LOS-PROGRAMAS-CABEZOTE.png 900w, https:\/\/intenalco.edu.co\/portal\/wp-content\/uploads\/2025\/03\/RESOLUCIONES-DE-LOS-PROGRAMAS-CABEZOTE-300x74.png 300w, https:\/\/intenalco.edu.co\/portal\/wp-content\/uploads\/2025\/03\/RESOLUCIONES-DE-LOS-PROGRAMAS-CABEZOTE-768x189.png 768w\" sizes=\"(max-width: 900px) 100vw, 900px\" \/>\t\t\t\t\t\t\t\t\t\t\t<\/div>\n\t\t\t\t<\/div>\n\t\t\t\t<\/div>\n\t\t\t\t<div class=\"elementor-element elementor-element-ed79d87 elementor-widget elementor-widget-html\" data-id=\"ed79d87\" data-element_type=\"widget\" data-widget_type=\"html.default\">\n\t\t\t\t<div class=\"elementor-widget-container\">\n\t\t\t<center><input type=\"button\" value=\"Regresar\" onClick=\"history.go(-1);\"><\/center>\t\t<\/div>\n\t\t\t\t<\/div>\n\t\t\t\t<div class=\"elementor-element elementor-element-9500290 elementor-widget elementor-widget-spacer\" data-id=\"9500290\" data-element_type=\"widget\" data-widget_type=\"spacer.default\">\n\t\t\t\t<div class=\"elementor-widget-container\">\n\t\t\t\t\t<div class=\"elementor-spacer\">\n\t\t\t<div class=\"elementor-spacer-inner\"><\/div>\n\t\t<\/div>\n\t\t\t\t<\/div>\n\t\t\t\t<\/div>\n\t\t\t\t<div class=\"elementor-element elementor-element-b90ccd7 elementor-widget elementor-widget-text-editor\" data-id=\"b90ccd7\" data-element_type=\"widget\" data-widget_type=\"text-editor.default\">\n\t\t\t\t<div class=\"elementor-widget-container\">\n\t\t\t\t\t<div class=\"elementor-text-editor elementor-clearfix\"><p style=\"margin-bottom: 0px;\" align=\"center\"><span style=\"color: #ff8000;\"><b style=\"margin: 0px; padding: 0px; outline: 0px;\"><span style=\"font-family: Geneva, Arial, Helvetica, san-serif; font-size: x-large;\">PROGRAMAS\n<\/span><\/b><\/span><span style=\"color: #ff8000;\"><b style=\"margin: 0px; padding: 0px; outline: 0px;\"><span style=\"font-family: Geneva, Arial, Helvetica, san-serif; font-size: x-large;\">T\u00c9CNICOS PROFESIONALES\n<span style=\"color: #339966;\">VIGENTES<\/span><\/span><\/b><\/span><\/p>\n\n<table style=\"margin-bottom: 0px;\" border=\"1\" width=\"729\" cellspacing=\"0\" cellpadding=\"10\">\n<tbody>\n<tr>\n<td style=\"padding: 0px; font-size: 14px;\" width=\"639\" height=\"51\">RESOLUCI\u00d3N 016565 &#8211;\u00a0<span style=\"font-size: 14px; font-style: normal; font-weight: 400;\">T\u00c9CNICO PROFESIONAL EN PROCESOS DE MERCADEO &#8211; 02-SEP-2020<\/span><\/td>\n<td style=\"padding: 0px;\" width=\"44\"><a style=\"color: #0252aa; cursor: pointer;\" href=\"https:\/\/www.intenalco.edu.co\/resoluciones\/programas\/RESOLUCION 016565 TECNICO PROFESIONAL EN PROCESOS DE MERCADEO.pdf\" target=\"_blank\" rel=\"noopener\"><img loading=\"lazy\" style=\"margin: 0px; padding: 0px; outline: 0px; border-width: 0px; border-style: initial;\" src=\"https:\/\/www.intenalco.edu.co\/css\/images\/pdf.png\" width=\"64\" height=\"64\" border=\"0\" \/><\/a><\/td>\n<\/tr>\n<tr>\n<td style=\"padding: 0px; font-size: 14px;\" height=\"51\">RESOLUCI\u00d3N 016561 &#8211; T\u00c9CNICO PROFESIONAL EN OPERACIONES DE COMERCIO EXTERIOR &#8211; 09-SEP-2020<\/td>\n<td style=\"padding: 0px;\"><a style=\"color: #0252aa; cursor: pointer;\" href=\"https:\/\/www.intenalco.edu.co\/resoluciones\/programas\/RESOLUCION 016561 TECNICO PROFESIONAL EN OPERACIONES DE COMERCIO EXTERIOR.pdf\" target=\"_blank\" rel=\"noopener\"><img loading=\"lazy\" style=\"margin: 0px; padding: 0px; outline: 0px; border-width: 0px; border-style: initial;\" src=\"https:\/\/www.intenalco.edu.co\/css\/images\/pdf.png\" width=\"64\" height=\"64\" border=\"0\" \/><\/a><\/td>\n<\/tr>\n<tr>\n<td style=\"padding: 0px; font-size: 14px;\" height=\"51\">RESOLUCI\u00d3N 009939 &#8211; T\u00c9CNICO PROFESIONAL EN COSTOS Y CONTABILIDAD &#8211; 17-JUN-2020<\/td>\n<td style=\"padding: 0px;\"><a style=\"color: #0252aa; cursor: pointer;\" href=\"https:\/\/www.intenalco.edu.co\/resoluciones\/programas\/RESOLUCION 009939 TECNICO PROFEISONAL EN COSTOS Y CONTABILIDAD 09-09-2020.pdf\" target=\"_blank\" rel=\"noopener\"><img loading=\"lazy\" style=\"margin: 0px; padding: 0px; outline: 0px; border-width: 0px; border-style: initial;\" src=\"https:\/\/www.intenalco.edu.co\/css\/images\/pdf.png\" alt=\"\" width=\"64\" height=\"64\" border=\"0\" \/><\/a><\/td>\n<\/tr>\n<tr>\n<td style=\"padding: 0px; font-size: 14px;\" height=\"51\">RESOLUCI\u00d3N 016563 &#8211; T\u00c9CNICO PROFESIONAL EN PROCESOS ADMINISTRATIVOS &#8211; 09-SEP-2020<\/td>\n<td style=\"padding: 0px;\"><a style=\"color: #0252aa; text-decoration-line: underline; cursor: pointer;\" href=\"https:\/\/www.intenalco.edu.co\/resoluciones\/programas\/RESOLUCION 016563 TECNCICO PROFESIONAL EN PROCESOS ADMINISTRATIVOS.pdf\" target=\"_blank\" rel=\"noopener\"><img loading=\"lazy\" style=\"margin: 0px; padding: 0px; outline: 0px; border-width: 0px; border-style: initial;\" src=\"https:\/\/www.intenalco.edu.co\/css\/images\/pdf.png\" width=\"64\" height=\"64\" border=\"0\" \/><\/a><\/td>\n<\/tr>\n<tr>\n<td style=\"padding: 0px; font-size: 14px;\" height=\"51\">RESOLUCI\u00d3N 002011 &#8211; T\u00c9CNICO PROFESIONAL EN PROCESOS ADMINISTRATIVOS DE SEGURIDAD Y SALUD EN EL TRABAJO &#8211; 24-FEB-2022<\/td>\n<td style=\"padding: 0px;\"><a style=\"color: #0252aa; text-decoration-line: underline; cursor: pointer;\" href=\"https:\/\/www.intenalco.edu.co\/resoluciones\/programas\/RESOLUCION 002011 TECNICO PROFESIONAL EN PROCESOS ADMINISTRATIVOS DE SEGURIDAD Y SALULD EN EL TRABAJO 24-02-2022.pdf\" target=\"_blank\" rel=\"noopener\"><img loading=\"lazy\" style=\"margin: 0px; padding: 0px; outline: 0px; border-width: 0px; border-style: initial;\" src=\"https:\/\/www.intenalco.edu.co\/css\/images\/pdf.png\" width=\"64\" height=\"64\" border=\"0\" \/><\/a><\/td>\n<\/tr>\n<\/tbody>\n<\/table>\n<p style=\"margin-bottom: 0px;\" align=\"center\"><span style=\"color: #ff8000;\"><b style=\"margin: 0px; padding: 0px; outline: 0px;\"><span style=\"font-family: Geneva, Arial, Helvetica, san-serif; font-size: x-large;\">\nPROGRAMAS\n<\/span><\/b><\/span><span style=\"color: #ff8000;\"><b style=\"margin: 0px; padding: 0px; outline: 0px;\"><span style=\"font-family: Geneva, Arial, Helvetica, san-serif; font-size: x-large;\">TECNOL\u00d3GICOS\n<span style=\"color: #339966;\">VIGENTES<\/span><\/span><\/b><\/span><\/p>\n\n<table style=\"margin-bottom: 0px;\" border=\"1\" width=\"729\" cellspacing=\"0\" cellpadding=\"10\">\n<tbody>\n<tr>\n<td style=\"padding: 0px; font-size: 14px;\" width=\"639\" height=\"51\">RESOLUCI\u00d3N 016566 &#8211; TECNOLOG\u00cdA EN GESTI\u00d3N DE MERCADEO &#8211; 09-SEP-2020<\/td>\n<td style=\"padding: 0px;\" width=\"44\"><a style=\"color: #0252aa; cursor: pointer;\" href=\"https:\/\/www.intenalco.edu.co\/resoluciones\/programas\/Resolucion_016566_09092020-Tecnologia-en-Gestion-de-Mercadeo.pdf\" target=\"_blank\" rel=\"noopener\"><img loading=\"lazy\" style=\"margin: 0px; padding: 0px; outline: 0px; border-width: 0px; border-style: initial;\" src=\"https:\/\/www.intenalco.edu.co\/css\/images\/pdf.png\" width=\"64\" height=\"64\" border=\"0\" \/><\/a><\/td>\n<\/tr>\n<tr>\n<td style=\"padding: 0px; font-size: 14px;\" height=\"51\">RESOLUCI\u00d3N 016564 &#8211; TECNOLOG\u00cdA EN GESTI\u00d3N EMPRESARIAL &#8211; 09-SEP-2020<\/td>\n<td style=\"padding: 0px;\"><a style=\"color: #0252aa; cursor: pointer;\" href=\"https:\/\/www.intenalco.edu.co\/resoluciones\/programas\/Resolucion_016564_09092020-Tecnologia-en-Gestion-Empresarial.pdf\" target=\"_blank\" rel=\"noopener\"><img loading=\"lazy\" style=\"margin: 0px; padding: 0px; outline: 0px; border-width: 0px; border-style: initial;\" src=\"https:\/\/www.intenalco.edu.co\/css\/images\/pdf.png\" width=\"64\" height=\"64\" border=\"0\" \/><\/a><\/td>\n<\/tr>\n<tr>\n<td style=\"padding: 0px; font-size: 14px;\" height=\"51\">RESOLUCI\u00d3N 009940 &#8211; TECNOLOGIA EN GESTI\u00d3N CONTABLE Y TRIBUTARIA &#8211; 17-JUN-2020<\/td>\n<td style=\"padding: 0px;\"><a style=\"color: #0252aa; cursor: pointer;\" href=\"https:\/\/www.intenalco.edu.co\/resoluciones\/programas\/R_009940_17062020-1 RESOLUCION TECNOLOGIA EN GESTION CONTABLE Y TRIBUTARIA.pdf\" target=\"_blank\" rel=\"noopener\"><img loading=\"lazy\" style=\"margin: 0px; padding: 0px; outline: 0px; border-width: 0px; border-style: initial;\" src=\"https:\/\/www.intenalco.edu.co\/css\/images\/pdf.png\" alt=\"\" width=\"64\" height=\"64\" border=\"0\" \/><\/a><\/td>\n<\/tr>\n<tr>\n<td style=\"padding: 0px; font-size: 14px;\" height=\"51\">RESOLUCI\u00d3N 016562 &#8211; TECNOLOG\u00cdA EN GESTI\u00d3N DE COMERCIO EXTERIOR &#8211; 09-SEP-2020<\/td>\n<td style=\"padding: 0px;\"><a style=\"color: #0252aa; text-decoration-line: underline; cursor: pointer;\" href=\"https:\/\/intenalco.edu.co\/\/resoluciones\/programas\/2020-2027\/Resolucion_016562_Tecnologia-en-Comercio-Exterior.pdf\" target=\"_blank\" rel=\"noopener\"><img loading=\"lazy\" style=\"margin: 0px; padding: 0px; outline: 0px; border-width: 0px; border-style: initial;\" src=\"https:\/\/www.intenalco.edu.co\/css\/images\/pdf.png\" width=\"64\" height=\"64\" border=\"0\" \/><\/a><\/td>\n<\/tr>\n<\/tbody>\n<\/table>\n<p style=\"margin-bottom: 0px; font-size: 14px; font-style: normal; font-weight: 400;\" align=\"center\"><span style=\"font-size: 14px; color: #ff8000;\"><span style=\"font-weight: bold;\"><span style=\"font-size: x-large; font-family: Geneva, Arial, Helvetica, san-serif;\">\u00a0<\/span><\/span><\/span><\/p>\n<p style=\"margin-bottom: 0px; font-size: 14px; font-style: normal; font-weight: 400;\" align=\"center\"><span style=\"font-size: 14px; color: #ff8000;\"><span style=\"font-weight: bold;\"><span style=\"font-size: x-large; font-family: Geneva, Arial, Helvetica, san-serif;\">\u00a0<\/span><\/span><\/span><\/p>\n<p style=\"margin-bottom: 0px; font-size: 14px; font-style: normal; font-weight: 400;\" align=\"center\"><\/p>\n<p style=\"margin-bottom: 0px; font-size: 14px; font-style: normal; font-weight: 400;\" align=\"center\"><span style=\"font-size: 14px; color: #ff8000;\"><span style=\"font-weight: bold;\"><span style=\"font-size: x-large; font-family: Geneva, Arial, Helvetica, san-serif;\">\u00a0<\/span><\/span><\/span><\/p>\n<p style=\"margin-bottom: 0px; font-size: 14px; font-style: normal; font-weight: 400;\" align=\"center\"><span style=\"font-size: 14px; color: #ff8000;\"><span style=\"font-weight: bold;\"><span style=\"font-size: x-large; font-family: Geneva, Arial, Helvetica, san-serif;\">RESOLUCIONES DE PROGRAMAS<\/span><\/span><\/span><\/p>\n<p style=\"margin-bottom: 0px; font-size: 14px; font-style: normal; font-weight: 400;\" align=\"center\"><span style=\"font-size: 14px; color: #ff8000;\"><span style=\"font-weight: bold;\"><span style=\"font-size: x-large; font-family: Geneva, Arial, Helvetica, san-serif;\"><span style=\"color: #339966;\">ANTERIORES<\/span>\n<\/span><\/span><\/span><\/p>\n\n<h5 style=\"margin-bottom: 0px; font-size: 14px; font-style: normal; font-weight: 400;\" align=\"center\"><span style=\"font-size: 14px; color: #ff8000;\"><span style=\"font-weight: bold;\"><span style=\"font-size: x-large; font-family: Geneva, Arial, Helvetica, san-serif;\"><span style=\"color: #339966;\">\u00abYA NO SE ENCUENTRAN VIGENTES\u00bb<\/span><\/span><\/span><\/span><\/h5>\n<table border=\"1\" width=\"729\" cellspacing=\"0\" cellpadding=\"10\">\n<tbody>\n<tr>\n<td style=\"padding: 0px; font-size: 14px;\" width=\"771\" height=\"51\">RESOLUCION 05629 &#8211; RENOVACION DE PROCESOS IMPORTACIONES Y EXPORTACIONES 30-MAR-2016<\/td>\n<td style=\"padding: 0px;\"><a style=\"color: #0252aa; cursor: pointer;\" href=\"https:\/\/www.intenalco.edu.co\/resoluciones\/programas\/RESOLUCION%2005629%20RENOVACION%20PROC.%20IMPORTA%20Y%20EXPORTACION%2030-MAR-2016.pdf\" target=\"_blank\" rel=\"noopener\"><img loading=\"lazy\" style=\"margin: 0px; padding: 0px; outline: 0px; border-width: 0px; border-style: initial;\" src=\"https:\/\/www.intenalco.edu.co\/css\/images\/pdf.png\" width=\"64\" height=\"64\" border=\"0\" \/><\/a><\/td>\n<\/tr>\n<tr>\n<td style=\"padding: 0px; font-size: 14px;\" height=\"51\">RESOLUCION 01226 &#8211; TECNIO PROFESIONAL EN PROCESOS VIALES Y DE TRANSPORTE 28-ENE-2016<\/td>\n<td style=\"padding: 0px;\"><a style=\"color: #0252aa; cursor: pointer;\" href=\"https:\/\/www.intenalco.edu.co\/resoluciones\/programas\/RESOLUCION%2001226%20TECNIO%20PROF%20EN%20PROCESOS%20VIALES%20Y%20DE%20TRANSPORTE%2028-ENE-2016.pdf\" target=\"_blank\" rel=\"noopener\"><img loading=\"lazy\" style=\"margin: 0px; padding: 0px; outline: 0px; border-width: 0px; border-style: initial;\" src=\"https:\/\/www.intenalco.edu.co\/css\/images\/pdf.png\" width=\"64\" height=\"64\" border=\"0\" \/><\/a><\/td>\n<\/tr>\n<tr>\n<td style=\"padding: 0px; font-size: 14px;\" height=\"51\">RESOLUCION 21517 &#8211; TECNICO PROFESIONAL EN PROCESOS AGROFORESTALES 30-DIC-2015<\/td>\n<td style=\"padding: 0px;\" width=\"44\"><a style=\"color: #0252aa; cursor: pointer;\" href=\"https:\/\/www.intenalco.edu.co\/resoluciones\/programas\/RESOLUCION%2021517%20TECNI.%20PROF.%20PROCESOS%20AGROFORESTALES%2030-12-2015.pdf\" target=\"_blank\" rel=\"noopener\"><img loading=\"lazy\" style=\"margin: 0px; padding: 0px; outline: 0px; border-width: 0px; border-style: initial;\" src=\"https:\/\/www.intenalco.edu.co\/css\/images\/pdf.png\" width=\"64\" height=\"64\" border=\"0\" \/><\/a><\/td>\n<\/tr>\n<tr>\n<td style=\"padding: 0px; font-size: 14px;\" height=\"51\">RESOLUCION 16299 &#8211; APROBACION PROCESOS DE SOLDADURA 30-SEP-2015<\/td>\n<td style=\"padding: 0px;\"><a style=\"color: #0252aa; cursor: pointer;\" href=\"https:\/\/www.intenalco.edu.co\/resoluciones\/programas\/RESOLUCION 16299 APROBACION PROCESOS DE SOLDADURA 30-09-2015.pdf\" target=\"_blank\" rel=\"noopener\"><img loading=\"lazy\" style=\"margin: 0px; padding: 0px; outline: 0px; border-width: 0px; border-style: initial;\" src=\"https:\/\/www.intenalco.edu.co\/css\/images\/pdf.png\" width=\"64\" height=\"64\" border=\"0\" \/><\/a><\/td>\n<\/tr>\n<tr>\n<td style=\"padding: 0px; font-size: 14px;\" height=\"51\">RESOLUCION 19181 &#8211; TECNICO PROFESIONAL EN OPERACIONES LOGISTICA 20-OCT-2015<\/td>\n<td style=\"padding: 0px;\"><a style=\"color: #0252aa; cursor: pointer;\" href=\"https:\/\/www.intenalco.edu.co\/resoluciones\/programas\/RESOLUCION%20%2019181%20TECNICO%20PROFESIONAL%20EN%20OPERACIONES%20LOGISTICA%2020-10-2015.pdf\" target=\"_blank\" rel=\"noopener\"><img loading=\"lazy\" style=\"margin: 0px; padding: 0px; outline: 0px; border-width: 0px; border-style: initial;\" src=\"https:\/\/www.intenalco.edu.co\/css\/images\/pdf.png\" width=\"64\" height=\"64\" border=\"0\" \/><\/a><\/td>\n<\/tr>\n<tr>\n<td style=\"padding: 0px; font-size: 14px;\" height=\"51\">RESOLUCION 03933 &#8211; TECNICO PROFESIONAL EN PROCESOS ADMINISTRATIVOS DE SEGURIDAD Y SALUD EN EL TRABAJO 25-MAR-2015<\/td>\n<td style=\"padding: 0px;\"><a style=\"color: #0252aa; cursor: pointer;\" href=\"https:\/\/www.intenalco.edu.co\/resoluciones\/programas\/RESOLUCION%2003933%20TECNO%20PRO%20PROCESOS%20ADMIT%20S%20Y%20SALUD%20EN%20EL%20TRABAJO%2025-03-2015.pdf\" target=\"_blank\" rel=\"noopener\"><img loading=\"lazy\" style=\"margin: 0px; padding: 0px; outline: 0px; border-width: 0px; border-style: initial;\" src=\"https:\/\/www.intenalco.edu.co\/css\/images\/pdf.png\" width=\"64\" height=\"64\" border=\"0\" \/><\/a><\/td>\n<\/tr>\n<tr>\n<td style=\"padding: 0px; font-size: 14px;\" height=\"51\">RESOLUCION 17656 &#8211; TECNICO PROFESIONAL EN MERCADEO &#8211; 06-DIC-2013<\/td>\n<td style=\"padding: 0px;\"><a style=\"color: #0252aa; cursor: pointer;\" href=\"https:\/\/www.intenalco.edu.co\/resoluciones\/programas\/RESOLUCION%2017656%20DE%20MERCADEO%2006-12-2013.pdf\" target=\"_blank\" rel=\"noopener\"><img loading=\"lazy\" style=\"margin: 0px; padding: 0px; outline: 0px; border-width: 0px; border-style: initial;\" src=\"https:\/\/www.intenalco.edu.co\/css\/images\/pdf.png\" width=\"64\" height=\"64\" border=\"0\" \/><\/a><\/td>\n<\/tr>\n<tr>\n<td style=\"padding: 0px; font-size: 14px;\" height=\"51\">RESOLUCION 7418 &#8211; RENOVACION DEL PROGRAMA TECNICO PROFESIONAL EN GESTION EMPRESARIAL 14-JUN-2013<\/td>\n<td style=\"padding: 0px;\"><a style=\"color: #0252aa; cursor: pointer;\" href=\"https:\/\/www.intenalco.edu.co\/resoluciones\/programas\/RESOLUCION%207418%20DE%20GESTION%20EMPRESARIAL%2014-06-2013.pdf\" target=\"_blank\" rel=\"noopener\"><img loading=\"lazy\" style=\"margin: 0px; padding: 0px; outline: 0px; border-width: 0px; border-style: initial;\" src=\"https:\/\/www.intenalco.edu.co\/css\/images\/pdf.png\" width=\"64\" height=\"64\" border=\"0\" \/><\/a><\/td>\n<\/tr>\n<tr>\n<td style=\"padding: 0px; font-size: 14px;\" height=\"51\"><span style=\"font-size: 14px; font-style: normal; font-weight: 400;\">RESOLUCION 7453 &#8211; T\u00c9CNICO PROFESIONAL EN SALUD OCUPACIONAL 24-NOV-2006<\/span><\/td>\n<td style=\"padding: 0px;\"><a href=\"https:\/\/www.intenalco.edu.co\/anuncio.actual\/RESOLUCION SALUD OCUPACIONAL.pdf\" target=\"_blank\" rel=\"noopener\"><img loading=\"lazy\" src=\"https:\/\/www.intenalco.edu.co\/css\/images\/pdf.png\" width=\"64\" height=\"64\" border=\"0\" \/><\/a><\/td>\n<\/tr>\n<\/tbody>\n<\/table>\n<b style=\"margin: 0px; padding: 0px; outline: 0px;\">\u00a0<\/b>\n\n&nbsp;<\/div>\n\t\t\t\t<\/div>\n\t\t\t\t<\/div>\n\t\t\t\t<div class=\"elementor-element elementor-element-1e5181e elementor-widget elementor-widget-html\" data-id=\"1e5181e\" data-element_type=\"widget\" data-widget_type=\"html.default\">\n\t\t\t\t<div class=\"elementor-widget-container\">\n\t\t\t<center><input type=\"button\" value=\"Regresar\" onClick=\"history.go(-1);\"><\/center>\t\t<\/div>\n\t\t\t\t<\/div>\n\t\t\t\t\t\t<\/div>\n\t\t\t\t\t<\/div>\n\t\t<\/div>\n\t\t\t\t\t\t\t\t<\/div>\n\t\t\t\t\t<\/div>\n\t\t<\/section>\n\t\t\t\t\t\t<\/div>\n\t\t\t\t\t\t<\/div>\n\t\t\t\t\t<\/div>\n\t\t ","protected":false},"excerpt":{"rendered":"<p>Inicio &raquo; P\u00e1gina PROGRAMAS T\u00c9CNICOS PROFESIONALES VIGENTES RESOLUCI\u00d3N 016565 &#8211;\u00a0T\u00c9CNICO PROFESIONAL EN PROCESOS DE MERCADEO &#8211; 02-SEP-2020 RESOLUCI\u00d3N 016561 &#8211; T\u00c9CNICO PROFESIONAL EN OPERACIONES DE COMERCIO EXTERIOR &#8211; 09-SEP-2020 RESOLUCI\u00d3N 009939 &#8211; T\u00c9CNICO PROFESIONAL EN COSTOS Y CONTABILIDAD &#8211; 17-JUN-2020 RESOLUCI\u00d3N 016563 &#8211; T\u00c9CNICO PROFESIONAL EN PROCESOS ADMINISTRATIVOS &#8211; 09-SEP-2020 RESOLUCI\u00d3N 002011 &#8211; T\u00c9CNICO PROFESIONAL&#8230;<\/p>\n","protected":false},"author":4,"featured_media":0,"parent":0,"menu_order":0,"comment_status":"closed","ping_status":"closed","template":"","meta":[],"_links":{"self":[{"href":"https:\/\/intenalco.edu.co\/portal\/wp-json\/wp\/v2\/pages\/946"}],"collection":[{"href":"https:\/\/intenalco.edu.co\/portal\/wp-json\/wp\/v2\/pages"}],"about":[{"href":"https:\/\/intenalco.edu.co\/portal\/wp-json\/wp\/v2\/types\/page"}],"author":[{"embeddable":true,"href":"https:\/\/intenalco.edu.co\/portal\/wp-json\/wp\/v2\/users\/4"}],"replies":[{"embeddable":true,"href":"https:\/\/intenalco.edu.co\/portal\/wp-json\/wp\/v2\/comments?post=946"}],"version-history":[{"count":146,"href":"https:\/\/intenalco.edu.co\/portal\/wp-json\/wp\/v2\/pages\/946\/revisions"}],"predecessor-version":[{"id":16825,"href":"https:\/\/intenalco.edu.co\/portal\/wp-json\/wp\/v2\/pages\/946\/revisions\/16825"}],"wp:attachment":[{"href":"https:\/\/intenalco.edu.co\/portal\/wp-json\/wp\/v2\/media?parent=946"}],"curies":[{"name":"wp","href":"https:\/\/api.w.org\/{rel}","templated":true}]}}